{"id":100,"date":"2016-04-01T11:10:06","date_gmt":"2016-04-01T13:10:06","guid":{"rendered":"http:\/\/www.maxeville.fr\/?page_id=100"},"modified":"2023-02-06T10:58:35","modified_gmt":"2023-02-06T09:58:35","slug":"nancy-metropole","status":"publish","type":"page","link":"https:\/\/maxeville.fr\/index.php\/ma-ville\/nancy-metropole\/","title":{"rendered":"Nancy M\u00e9tropole"},"content":{"rendered":"<h5>Du District urbain de Nancy \u00e0 la M\u00e9tropole du Grand Nancy<\/h5>\n<h3>Historique<\/h3>\n<p>Fin des ann\u00e9es 1950, quinze ans apr\u00e8s la guerre, la France conna\u00eet un d\u00e9veloppement sans pr\u00e9c\u00e9dent. Dans l&#8217;agglom\u00e9ration comme ailleurs, l&#8217;\u00e9volution du paysage urbain et social s&#8217;acc\u00e9l\u00e8re. La n\u00e9cessit\u00e9 de g\u00e9rer certains services publics au sein d&#8217;un p\u00e9rim\u00e8tre qui d\u00e9passe celui des villes centres appara\u00eet rapidement. C&#8217;est dans ce contexte que na\u00eet le District urbain de Nancy, une des toutes premi\u00e8res intercommunalit\u00e9s de France, le 12 octobre 1959.&nbsp;Il rassemble alors 12 communes autour de deux premi\u00e8res comp\u00e9tences : l&#8217;alimentation en eau potable et le traitement des eaux us\u00e9es, pour lesquelles il se dote d\u2019une administration autonome. Les services du District b\u00e9n\u00e9ficient de ressources propres d\u00e8s 1973 gr\u00e2ce \u00e0 l&#8217;instauration de la fiscalit\u00e9 directe et se dotent d\u2019un nouvel outil en 1975 : l&#8217;Agence d&#8217;Urbanisme de l&#8217;Agglom\u00e9ration Nanc\u00e9ienne. En 1988, la cr\u00e9ation d&#8217;un nouveau si\u00e8ge social, viaduc Kennedy, au c\u0153ur de l&#8217;agglom\u00e9ration, marque l&#8217;entr\u00e9e de la collectivit\u00e9 dans une nouvelle \u00e8re.<\/p>\n<p>Devenu une des structures intercommunales les plus compl\u00e8tes de France, le District se transforme en Communaut\u00e9 urbaine du Grand Nancy en 1996 et rassemble d\u00e9sormais 20 communes.<\/p>\n<p>La fin des ann\u00e9es 1990 et le d\u00e9but des ann\u00e9es 2000 sont marqu\u00e9es par des r\u00e9alisations majeures : nouvelles infrastructures de voirie, poursuite des am\u00e9nagements de la Meurthe, cr\u00e9ation d&#8217;une ligne de Tram (2000),&nbsp; pi\u00e9tonisation de la Place Stanislas (2005), arriv\u00e9e du TGV en gare de Nancy (2007). Cet essor s&#8217;inscrit dans une d\u00e9marche de d\u00e9veloppement durable aujourd\u2019hui int\u00e9gr\u00e9e \u00e0 l&#8217;ensemble des missions du Grand Nancy.<\/p>\n<p>Les ann\u00e9es 2000 sont aussi celles de la r\u00e9flexion prospective avec l&#8217;\u00e9laboration de son Projet d&#8217;agglom\u00e9ration durable ou la cr\u00e9ation du Sillon Lorrain, 1er p\u00f4le m\u00e9tropolitain fran\u00e7ais cr\u00e9\u00e9 en 2012, qui rassemble les agglom\u00e9rations d&#8217;\u00c9pinal, de Metz, de Nancy et de Thionville autour de la cr\u00e9ation d&#8217;une grande m\u00e9tropole lorraine. Une approche r\u00e9solument tourn\u00e9e vers l&#8217;avenir pour un territoire de 266 000 habitants au destin commun, ouvert sur l&#8217;Europe et qui place l&#8217;humain au c\u0153ur de ses pr\u00e9occupations.<\/p>\n<h5>Le Grand Nancy parmi les 15 m\u00e9tropoles de France<\/h5>\n<p>Depuis 1er&nbsp;juillet 2016, le Grand Nancy a int\u00e9gr\u00e9&nbsp;le r\u00e9seau des m\u00e9tropoles en France. Une reconnaissance nationale et l&#8217;aboutissement de plus d&#8217;un demi-si\u00e8cle de pratique intercommunale. Obtenue par d\u00e9cret le 22 avril 2016, la transformation en M\u00e9tropole est un atout pour le Grand Nancy, qui dispose ainsi de tous les outils pour le d\u00e9veloppement de la croissance \u00e9conomique et de l\u2019attractivit\u00e9 de son territoire. Au sein de la nouvelle r\u00e9gion Grand Est, la M\u00e9tropole du Grand Nancy a pour vocation de devenir une m\u00e9tropole d&#8217;\u00e9quilibre en compl\u00e9mentarit\u00e9 de l&#8217;Eurom\u00e9tropole de Strasbourg, avec l\u2019ambition d\u2019une forte ouverture europ\u00e9enne.<\/p>\n<p>Pour le Pr\u00e9sident du Grand Nancy Andr\u00e9 Rossinot, &#8220;la transformation de la Communaut\u00e9 urbaine en M\u00e9tropole n&#8217;est pas une fin en soi, mais une nouvelle \u00e9tape importante. Nous allons construire tous ensemble un projet m\u00e9tropolitain en favorisant les effervescences intellectuelle, \u00e9conomique et culturelle. Il nous faut f\u00e9d\u00e9rer les talents au-del\u00e0 des p\u00e9rim\u00e8tres, stimuler l&#8217;intelligence collective, \u00eatre ouvert \u00e0 l\u2019exp\u00e9rimentation pour que notre M\u00e9tropole fasse irruption dans la R\u00e9gion Grand Est et dans l\u2019espace transfrontalier europ\u00e9en&#8221;.<\/p>\n<h5>Signature du Pacte m\u00e9tropolitain d&#8217;innovation \u00c9tat-M\u00e9tropole du Grand Nancy<\/h5>\n<p>Le Premier Ministre Manuel Valls, le Pr\u00e9sident de la M\u00e9tropole du Grand Nancy Andr\u00e9 Rossinot et le Ministre de l&#8217;am\u00e9nagement du territoire Jean-Michel Baylet ont sign\u00e9 ce vendredi 2 d\u00e9cembre le Pacte m\u00e9tropolitain d&#8217;innovation \u00c9tat-M\u00e9tropole du Grand Nancy.<\/p>\n<p>Sign\u00e9 \u00e0 Lyon le 6 juillet 2016 par le Premier Ministre et les 15 m\u00e9tropoles fran\u00e7aises r\u00e9unies au sein de France urbaine, le Pacte \u00c9tat-M\u00e9tropoles d\u00e9cline les engagements destin\u00e9s \u00e0 soutenir et conforter les m\u00e9tropoles dans leur d\u00e9veloppement, leurs d\u00e9marches innovantes et leur r\u00f4le dans l&#8217;alliance des territoires. Le Pacte vise \u00e0 leur donner les moyens de relever les d\u00e9fis auxquels elles sont confront\u00e9es, \u00e0 augmenter leur rayonnement et \u00e0 en faire de v\u00e9ritables moteurs du d\u00e9veloppement territorial du pays. Il pr\u00e9voit quinze Pactes m\u00e9tropolitains d\u2019innovation et une mise en r\u00e9seau des quinze m\u00e9tropoles.<\/p>\n<p>Cr\u00e9ative, innovante et entrepreneuriale, la M\u00e9tropole du Grand Nancy profite d&#8217;un \u00e9cosyst\u00e8me qui diffuse et irrigue au-del\u00e0 de ses fronti\u00e8res, renforce la comp\u00e9titivit\u00e9 des entreprises r\u00e9gionales et fran\u00e7aises, et assoit une coop\u00e9ration transfrontali\u00e8re, europ\u00e9enne et internationale tant acad\u00e9mique qu&#8217;\u00e9conomique.&nbsp;C&#8217;est cet \u00e9cosyst\u00e8me d&#8217;innovation, qu&#8217;elle soit technologique, sociale ou soci\u00e9tale, que la M\u00e9tropole souhaite conforter par ce Pacte.<\/p>\n<p>Le Pacte repose sur deux volets&nbsp;: un engagement pour l&#8217;innovation, intitul\u00e9 &#8220;\u00c9cosyst\u00e8me d\u2019innovation par l&#8217;ing\u00e9nierie syst\u00e9mique&#8221;, et un engagement pour le territoire, \u00e0 savoir la coop\u00e9ration territoriale \u00e0 l&#8217;\u00e9chelle du Sud-Meurthe-et-Moselle. Pour cela la M\u00e9tropole du Grand Nancy privil\u00e9gie un travail de coop\u00e9ration au sein d&#8217;un syndicat mixte de SCoT dont elle est membre, sans n\u00e9gliger une action \u00e0 l\u2019\u00e9chelle de l&#8217;ensemble de la Lorraine du sud, qui correspond \u00e0 son aire m\u00e9tropolitaine.<\/p>\n<p><strong>Source<\/strong> :&nbsp;<a href=\"https:\/\/www.grandnancy.eu\/accueil\/\" target=\"_blank\" rel=\"noopener noreferrer\">M\u00e9tropole du Grand Nancy<\/a><\/p>\n<div style=\"padding-bottom:20px; padding-top:10px;\" class=\"hupso-share-buttons\"><!-- Hupso Share Buttons - https:\/\/www.hupso.com\/share\/ --><a class=\"hupso_toolbar\" href=\"https:\/\/www.hupso.com\/share\/\"><img src=\"https:\/\/static.hupso.com\/share\/buttons\/lang\/fr\/share-medium.png\" style=\"border:0px; padding-top: 5px; float:left;\" alt=\"Share Button\"\/><\/a><script type=\"text\/javascript\">var hupso_services_t=new Array();var hupso_background_t=\"#EAF4FF\";var hupso_border_t=\"#66CCFF\";var hupso_toolbar_size_t=\"medium\";var hupso_image_folder_url = \"\";var hupso_url_t=\"\";var hupso_title_t=\"Nancy%20M%C3%A9tropole\";<\/script><script type=\"text\/javascript\" src=\"https:\/\/static.hupso.com\/share\/js\/share_toolbar.js\"><\/script><!-- Hupso Share Buttons --><\/div>","protected":false},"excerpt":{"rendered":"<p>Du District urbain de Nancy \u00e0 la M\u00e9tropole du Grand Nancy Historique Fin des ann\u00e9es 1950, quinze ans apr\u00e8s la guerre, la France conna\u00eet un d\u00e9veloppement sans pr\u00e9c\u00e9dent&#8230;.<\/p>\n","protected":false},"author":1,"featured_media":13230,"parent":73,"menu_order":20,"comment_status":"closed","ping_status":"closed","template":"","meta":[],"_links":{"self":[{"href":"https:\/\/maxeville.fr\/index.php\/wp-json\/wp\/v2\/pages\/100"}],"collection":[{"href":"https:\/\/maxeville.fr\/index.php\/wp-json\/wp\/v2\/pages"}],"about":[{"href":"https:\/\/maxeville.fr\/index.php\/wp-json\/wp\/v2\/types\/page"}],"author":[{"embeddable":true,"href":"https:\/\/maxeville.fr\/index.php\/wp-json\/wp\/v2\/users\/1"}],"replies":[{"embeddable":true,"href":"https:\/\/maxeville.fr\/index.php\/wp-json\/wp\/v2\/comments?post=100"}],"version-history":[{"count":8,"href":"https:\/\/maxeville.fr\/index.php\/wp-json\/wp\/v2\/pages\/100\/revisions"}],"predecessor-version":[{"id":13236,"href":"https:\/\/maxeville.fr\/index.php\/wp-json\/wp\/v2\/pages\/100\/revisions\/13236"}],"up":[{"embeddable":true,"href":"https:\/\/maxeville.fr\/index.php\/wp-json\/wp\/v2\/pages\/73"}],"wp:featuredmedia":[{"embeddable":true,"href":"https:\/\/maxeville.fr\/index.php\/wp-json\/wp\/v2\/media\/13230"}],"wp:attachment":[{"href":"https:\/\/maxeville.fr\/index.php\/wp-json\/wp\/v2\/media?parent=100"}],"curies":[{"name":"wp","href":"https:\/\/api.w.org\/{rel}","templated":true}]}}