{"id":1001,"date":"2016-09-15T14:34:33","date_gmt":"2016-09-15T12:34:33","guid":{"rendered":"http:\/\/www.maxeville.fr\/?page_id=1001"},"modified":"2026-01-07T10:09:17","modified_gmt":"2026-01-07T09:09:17","slug":"loisirs-seniors","status":"publish","type":"page","link":"https:\/\/maxeville.fr\/index.php\/mes-loisirs\/loisirs-seniors\/","title":{"rendered":"Loisirs seniors"},"content":{"rendered":"<hr \/>\n<h5>Les animations, les activit\u00e9s<\/h5>\n<p>Retrait\u00e9, personne \u00e2g\u00e9e&#8230; ne riment pas forc\u00e9ment avec s\u00e9dentarit\u00e9 !Il n\u2019y a d\u2019\u00e2ge, ni pour voyager, ni pour s\u2019amuser\u2026 <b>Les loisirs font partie int\u00e9grante de la vie sociale<\/b>.<\/p>\n<p>\u00e0 Max\u00e9ville de nombreuses activit\u00e9s et sorties sont mises en place !<\/p>\n<p>Retrouvez toutes les informations relatives aux loisirs pour les s\u00e9niors dans le nouveau <a href=\"https:\/\/maxeville.fr\/wp-content\/uploads\/2025\/12\/GUIDE-SENIORS-2025-web.pdf\">guide des s\u00e9niors<\/a>, \u00e9dit\u00e9 en d\u00e9cembre 2025.<\/p>\n<h5>Les voyages, les sorties<\/h5>\n<p>La Commune de Max\u00e9ville qui a le souci du \u00ab\u00a0bien-vivre\u00a0\u00bb de ses a\u00een\u00e9s propose ponctuellement, via le P\u00f4le S\u00e9niors, des <b>S\u00e9jours ANCV<\/b> (organisme dont la mission est de favoriser l\u2019acc\u00e8s aux vacances pour tous) et des <b>Sorties<\/b> sur une ou plusieurs journ\u00e9es, \u00e0 des prix souvent attractifs.<\/p>\n<div style=\"padding-bottom:20px; padding-top:10px;\" class=\"hupso-share-buttons\"><!-- Hupso Share Buttons - https:\/\/www.hupso.com\/share\/ --><a class=\"hupso_toolbar\" href=\"https:\/\/www.hupso.com\/share\/\"><img src=\"https:\/\/static.hupso.com\/share\/buttons\/lang\/fr\/share-medium.png\" style=\"border:0px; padding-top: 5px; float:left;\" alt=\"Share Button\"\/><\/a><script type=\"text\/javascript\">var hupso_services_t=new Array();var hupso_background_t=\"#EAF4FF\";var hupso_border_t=\"#66CCFF\";var hupso_toolbar_size_t=\"medium\";var hupso_image_folder_url = \"\";var hupso_url_t=\"\";var hupso_title_t=\"Loisirs%20seniors\";<\/script><script type=\"text\/javascript\" src=\"https:\/\/static.hupso.com\/share\/js\/share_toolbar.js\"><\/script><!-- Hupso Share Buttons --><\/div>","protected":false},"excerpt":{"rendered":"<p>Les animations, les activit\u00e9s Retrait\u00e9, personne \u00e2g\u00e9e&#8230; ne riment pas forc\u00e9ment avec s\u00e9dentarit\u00e9 !Il n\u2019y a d\u2019\u00e2ge, ni pour voyager, ni pour s\u2019amuser\u2026 Les loisirs font partie int\u00e9grante&#8230;<\/p>\n","protected":false},"author":1,"featured_media":0,"parent":391,"menu_order":12,"comment_status":"closed","ping_status":"closed","template":"","meta":[],"_links":{"self":[{"href":"https:\/\/maxeville.fr\/index.php\/wp-json\/wp\/v2\/pages\/1001"}],"collection":[{"href":"https:\/\/maxeville.fr\/index.php\/wp-json\/wp\/v2\/pages"}],"about":[{"href":"https:\/\/maxeville.fr\/index.php\/wp-json\/wp\/v2\/types\/page"}],"author":[{"embeddable":true,"href":"https:\/\/maxeville.fr\/index.php\/wp-json\/wp\/v2\/users\/1"}],"replies":[{"embeddable":true,"href":"https:\/\/maxeville.fr\/index.php\/wp-json\/wp\/v2\/comments?post=1001"}],"version-history":[{"count":12,"href":"https:\/\/maxeville.fr\/index.php\/wp-json\/wp\/v2\/pages\/1001\/revisions"}],"predecessor-version":[{"id":18931,"href":"https:\/\/maxeville.fr\/index.php\/wp-json\/wp\/v2\/pages\/1001\/revisions\/18931"}],"up":[{"embeddable":true,"href":"https:\/\/maxeville.fr\/index.php\/wp-json\/wp\/v2\/pages\/391"}],"wp:attachment":[{"href":"https:\/\/maxeville.fr\/index.php\/wp-json\/wp\/v2\/media?parent=1001"}],"curies":[{"name":"wp","href":"https:\/\/api.w.org\/{rel}","templated":true}]}}