{"id":10242,"date":"2021-05-20T12:02:05","date_gmt":"2021-05-20T10:02:05","guid":{"rendered":"https:\/\/maxeville.fr\/?page_id=10242"},"modified":"2021-05-20T12:02:06","modified_gmt":"2021-05-20T10:02:06","slug":"traitement-des-donnees-personnelles","status":"publish","type":"page","link":"https:\/\/maxeville.fr\/index.php\/traitement-des-donnees-personnelles\/","title":{"rendered":"Traitement des donn\u00e9es personnelles"},"content":{"rendered":"\n<h1 class=\"wp-block-heading\"><\/h1>\n\n\n\n<p>Les informations personnelles que vous nous communiquez par l\u2019envoi d\u2019un courrier \u00e9lectronique, par connexion \u00e0 un service en ligne, par renseignement d\u2019un formulaire ou par tout autre moyen&nbsp;<strong>sont strictement confidentielles et destin\u00e9es au traitement de vos demandes par les services de la ville de Max\u00e9ville. Elles ne sont transmises \u00e0 aucun tiers ni \u00e0 titre on\u00e9reux ni \u00e0 titre gratuit.<\/strong>&nbsp;Conform\u00e9ment \u00e0 la loi n\u00b0 78-17 du 6 janvier 1978 modifi\u00e9e en 2004 et au R\u00e8glement G\u00e9n\u00e9ral sur la Protection des donn\u00e9es (RGPD) 2016\/679 du Parlement europ\u00e9en et du Conseil du 27 avril 2016, vous b\u00e9n\u00e9ficiez d\u2019un droit d\u2019acc\u00e8s, de rectification ou de suppression aux informations qui vous concernent, que vous pouvez exercer en vous adressant \u00e0 :<\/p>\n\n\n\n<p>La D\u00e9l\u00e9gu\u00e9e \u00e0 la Protection des Donn\u00e9es<br>M\u00e9tropole du&nbsp;Grand Nancy,<br>22-24, viaduc Kennedy c.o. n\u00b080036<br>54035 NANCY Cedex.<\/p>\n\n\n\n<p>ou directement par courrier \u00e9lectronique \u00e0 l\u2019adresse :&nbsp;<strong>cnil(at)grandnancy.eu<\/strong><\/p>\n<div style=\"padding-bottom:20px; padding-top:10px;\" class=\"hupso-share-buttons\"><!-- Hupso Share Buttons - https:\/\/www.hupso.com\/share\/ --><a class=\"hupso_toolbar\" href=\"https:\/\/www.hupso.com\/share\/\"><img src=\"https:\/\/static.hupso.com\/share\/buttons\/lang\/fr\/share-medium.png\" style=\"border:0px; padding-top: 5px; float:left;\" alt=\"Share Button\"\/><\/a><script type=\"text\/javascript\">var hupso_services_t=new Array();var hupso_background_t=\"#EAF4FF\";var hupso_border_t=\"#66CCFF\";var hupso_toolbar_size_t=\"medium\";var hupso_image_folder_url = \"\";var hupso_url_t=\"\";var hupso_title_t=\"Traitement%20des%20donn%C3%A9es%20personnelles\";<\/script><script type=\"text\/javascript\" src=\"https:\/\/static.hupso.com\/share\/js\/share_toolbar.js\"><\/script><!-- Hupso Share Buttons --><\/div>","protected":false},"excerpt":{"rendered":"<p>Les informations personnelles que vous nous communiquez par l\u2019envoi d\u2019un courrier \u00e9lectronique, par connexion \u00e0 un service en ligne, par renseignement d\u2019un formulaire ou par tout autre moyen&nbsp;sont&#8230;<\/p>\n","protected":false},"author":1,"featured_media":0,"parent":0,"menu_order":0,"comment_status":"closed","ping_status":"closed","template":"","meta":[],"_links":{"self":[{"href":"https:\/\/maxeville.fr\/index.php\/wp-json\/wp\/v2\/pages\/10242"}],"collection":[{"href":"https:\/\/maxeville.fr\/index.php\/wp-json\/wp\/v2\/pages"}],"about":[{"href":"https:\/\/maxeville.fr\/index.php\/wp-json\/wp\/v2\/types\/page"}],"author":[{"embeddable":true,"href":"https:\/\/maxeville.fr\/index.php\/wp-json\/wp\/v2\/users\/1"}],"replies":[{"embeddable":true,"href":"https:\/\/maxeville.fr\/index.php\/wp-json\/wp\/v2\/comments?post=10242"}],"version-history":[{"count":1,"href":"https:\/\/maxeville.fr\/index.php\/wp-json\/wp\/v2\/pages\/10242\/revisions"}],"predecessor-version":[{"id":10243,"href":"https:\/\/maxeville.fr\/index.php\/wp-json\/wp\/v2\/pages\/10242\/revisions\/10243"}],"wp:attachment":[{"href":"https:\/\/maxeville.fr\/index.php\/wp-json\/wp\/v2\/media?parent=10242"}],"curies":[{"name":"wp","href":"https:\/\/api.w.org\/{rel}","templated":true}]}}