{"id":10244,"date":"2021-05-20T12:03:21","date_gmt":"2021-05-20T10:03:21","guid":{"rendered":"https:\/\/maxeville.fr\/?page_id=10244"},"modified":"2021-05-20T12:03:22","modified_gmt":"2021-05-20T10:03:22","slug":"gestion-des-cookies","status":"publish","type":"page","link":"https:\/\/maxeville.fr\/index.php\/gestion-des-cookies\/","title":{"rendered":"Gestion des cookies"},"content":{"rendered":"\n<p>Lorsque vous vous connectez \u00e0 notre site, nous pouvons \u00eatre amen\u00e9s, sous r\u00e9serve de vos choix, \u00e0 installer des cookies dans votre terminal nous permettant de reconna\u00eetre le navigateur de votre terminal pendant la dur\u00e9e de validit\u00e9 du cookie concern\u00e9. Les cookies que nous \u00e9mettons sont utilis\u00e9s afin d\u2019\u00e9tablir des&nbsp;<strong>statistiques de fr\u00e9quentation anonymes<\/strong>&nbsp;de notre site afin d\u2019am\u00e9liorer l\u2019int\u00e9r\u00eat de nos contenus et l\u2019ergonomie de nos services. Ils ne recueillent&nbsp;<strong>pas d\u2019informations nominatives vous concernant<\/strong>&nbsp;et ne servent pas \u00e0 vous adresser de la publicit\u00e9 cibl\u00e9e.<\/p>\n\n\n\n<p>Conform\u00e9ment \u00e0 la loi Informatique et Libert\u00e9s, vous pouvez vous opposer \u00e0 l\u2019enregistrement des Cookies sur votre navigateur. Si vous souhaitez vous opposer au d\u00e9p\u00f4t de ces Cookies, nous vous proposons de choisir ou non leurs activations.<\/p>\n\n\n\n<hr class=\"wp-block-separator\"\/>\n\n\n\n<p><strong>Les diff\u00e9rentes politiques de confidentialit\u00e9s<\/strong>&nbsp;des tiers utilisant des cookies :<\/p>\n\n\n\n<p>&gt; Google Analytics (universal) \u2013&nbsp;<a href=\"https:\/\/support.google.com\/analytics\/answer\/6004245\">Politique de confidentialit\u00e9<\/a><\/p>\n\n\n\n<p>&gt; YouTube \u2013&nbsp;<a href=\"https:\/\/policies.google.com\/privacy\">Politique de confidentialit\u00e9<\/a><\/p>\n\n\n\n<p>&gt; Twitter \u2013&nbsp;<a rel=\"noreferrer noopener\" href=\"https:\/\/help.twitter.com\/fr\/rules-and-policies\/twitter-cookies\" target=\"_blank\">Politique de confidentialit\u00e9<\/a><\/p>\n\n\n\n<p>&gt; Facebook (r\u00e9gies publicitaires&nbsp;<em>Facebook Pixel<\/em>) \u2013&nbsp;<a rel=\"noreferrer noopener\" href=\"https:\/\/www.facebook.com\/business\/help\/742478679120153?id=1205376682832142\" target=\"_blank\">Politique de confidentialit\u00e9<\/a><\/p>\n\n\n\n<hr class=\"wp-block-separator\"\/>\n\n\n\n<p><em>La configuration de chaque navigateur est diff\u00e9rente, la gestion des cookies est d\u00e9crite dans le menu d\u2019aide de votre navigateur, qui vous permettra de savoir de quelle mani\u00e8re modifier vos souhaits en mati\u00e8re de cookies. Pour quelques navigateurs r\u00e9pandus, voici la proc\u00e9dure :<\/em><\/p>\n\n\n\n<ul><li>Pour Internet Explorer\u2122 : Ouvrez le menu Outils ou le bouton de menu en haut \u00e0 droite (ressemble \u00e0 un rouage), s\u00e9lectionnez&nbsp;<strong>Options internet<\/strong>, cliquez sur l\u2019onglet&nbsp;<strong>Confidentialit\u00e9<\/strong>, bouton&nbsp;<strong>avanc\u00e9<\/strong>&nbsp;puis choisissez les options souhait\u00e9es.<br>&nbsp;<\/li><li>Pour Firefox\u2122 :Ouvrez le menu Outils, s\u00e9lectionnez Options , cliquez sur l\u2019onglet Vie priv\u00e9e. S\u00e9lectionnez&nbsp;<strong>Utiliser les param\u00e8tres personnalis\u00e9s pour l\u2019historique<\/strong>&nbsp;pour&nbsp;<strong>R\u00e9gles de conservation<\/strong>&nbsp;puis choisissez les options souhait\u00e9es.<br>&nbsp;<\/li><li>Pour Chrome\u2122 :Ouvrez le menu de configuration (ressemble \u00e0 une cl\u00e9 \u00e0 molettes), puis s\u00e9lectionnez Param\u00e8tres , cliquez&nbsp;<strong>en bas sur Param\u00e8tres avanc\u00e9s<\/strong>&nbsp;ensuite sur&nbsp;<strong>Param\u00e8tres de contenu<\/strong>&nbsp;et enfin choisissez les options<br>&nbsp;<\/li><li>Pour Safari\u2122 :Choisissez Safari ,&nbsp;<strong>Pr\u00e9f\u00e9rences<\/strong>&nbsp;puis cliquez sur&nbsp;<strong>Confidentialit\u00e9&nbsp;<\/strong>, dans&nbsp;<strong>Cookies et donn\u00e9es des sites web<\/strong>&nbsp;choisissez les options souhait\u00e9es<\/li><\/ul>\n\n\n\n<h4 class=\"wp-block-heading\">POUR ALLER PLUS LOIN<\/h4>\n\n\n\n<p>Si vous souhaitez plus d\u2019informations sur la protection des donn\u00e9es personnelles et vos droits en la mati\u00e8re, vous pouvez : consulter le site de la CNIL :&nbsp;<a rel=\"noreferrer noopener\" href=\"https:\/\/www.cnil.fr\/\" target=\"_blank\">www.cnil.fr<\/a><\/p>\n<div style=\"padding-bottom:20px; padding-top:10px;\" class=\"hupso-share-buttons\"><!-- Hupso Share Buttons - https:\/\/www.hupso.com\/share\/ --><a class=\"hupso_toolbar\" href=\"https:\/\/www.hupso.com\/share\/\"><img src=\"https:\/\/static.hupso.com\/share\/buttons\/lang\/fr\/share-medium.png\" style=\"border:0px; padding-top: 5px; float:left;\" alt=\"Share Button\"\/><\/a><script type=\"text\/javascript\">var hupso_services_t=new Array();var hupso_background_t=\"#EAF4FF\";var hupso_border_t=\"#66CCFF\";var hupso_toolbar_size_t=\"medium\";var hupso_image_folder_url = \"\";var hupso_url_t=\"\";var hupso_title_t=\"Gestion%20des%20cookies\";<\/script><script type=\"text\/javascript\" src=\"https:\/\/static.hupso.com\/share\/js\/share_toolbar.js\"><\/script><!-- Hupso Share Buttons --><\/div>","protected":false},"excerpt":{"rendered":"<p>Lorsque vous vous connectez \u00e0 notre site, nous pouvons \u00eatre amen\u00e9s, sous r\u00e9serve de vos choix, \u00e0 installer des cookies dans votre terminal nous permettant de reconna\u00eetre le&#8230;<\/p>\n","protected":false},"author":1,"featured_media":0,"parent":0,"menu_order":0,"comment_status":"closed","ping_status":"closed","template":"","meta":[],"_links":{"self":[{"href":"https:\/\/maxeville.fr\/index.php\/wp-json\/wp\/v2\/pages\/10244"}],"collection":[{"href":"https:\/\/maxeville.fr\/index.php\/wp-json\/wp\/v2\/pages"}],"about":[{"href":"https:\/\/maxeville.fr\/index.php\/wp-json\/wp\/v2\/types\/page"}],"author":[{"embeddable":true,"href":"https:\/\/maxeville.fr\/index.php\/wp-json\/wp\/v2\/users\/1"}],"replies":[{"embeddable":true,"href":"https:\/\/maxeville.fr\/index.php\/wp-json\/wp\/v2\/comments?post=10244"}],"version-history":[{"count":1,"href":"https:\/\/maxeville.fr\/index.php\/wp-json\/wp\/v2\/pages\/10244\/revisions"}],"predecessor-version":[{"id":10245,"href":"https:\/\/maxeville.fr\/index.php\/wp-json\/wp\/v2\/pages\/10244\/revisions\/10245"}],"wp:attachment":[{"href":"https:\/\/maxeville.fr\/index.php\/wp-json\/wp\/v2\/media?parent=10244"}],"curies":[{"name":"wp","href":"https:\/\/api.w.org\/{rel}","templated":true}]}}