{"id":104,"date":"2016-04-01T11:10:21","date_gmt":"2016-04-01T13:10:21","guid":{"rendered":"http:\/\/www.maxeville.fr\/?page_id=104"},"modified":"2021-01-11T11:30:34","modified_gmt":"2021-01-11T10:30:34","slug":"ville-de-maxeville","status":"publish","type":"page","link":"https:\/\/maxeville.fr\/index.php\/ma-ville\/ville-de-maxeville\/","title":{"rendered":"La ville de Max\u00e9ville"},"content":{"rendered":"<hr \/>\n<h5>Les origines du nom \u00ab Max\u00e9ville \u00bb<\/h5>\n<p>Vous doutiez-vous que le nom de la commune de Max\u00e9ville changea plusieurs fois avant de se fixer d\u00e9finitivement suivant son orthographe actuelle ?<\/p>\n<p>Ainsi, d\u2019apr\u00e8s A. Vautrin, <i>Histoire de Max\u00e9ville<\/i>, citant Lepage, <i>Le dictionnaire topographique<\/i>, la commune se serait appel\u00e9e : Marcheville en 1224, Marcinvilla en 1402, Marainville en 1525, Marcheville en 1596, et Maxenville en 1600. A. Vautrin cite \u00e9galement Pfister, tome I, p. 575, <i>Histoire de Nancy<\/i>, qui nous apprend qu\u2019en 1620, ce qui n\u2019\u00e9tait encore qu\u2019un village s\u2019appelait alors Maxainville. Quelques recherches suppl\u00e9mentaires permettent de d\u00e9couvrir encore d\u2019autres anciens noms. Ainsi, le site <i>Les pages de Guy Marchal<\/i>, consacr\u00e9 \u00e0 la Lorraine, rel\u00e8ve en outre que Max\u00e9ville se serait appel\u00e9e \u00e9galement Maxevilla et Mach\u00e9ville. La page Wikipedia consacr\u00e9e \u00e0 la ville nous apprend que jusqu\u2019\u00e0 une \u00e9poque r\u00e9cente, les habitants appel\u00e8rent leur ville de ce dernier nom. On a peine \u00e0 croire, \u00e9galement, que cette commune aujourd\u2019hui largement urbanis\u00e9e et si\u00e8ge d\u2019activit\u00e9s industrielles de pointe \u00e9tait autrefois un tranquille village de vignerons et de mara\u00eechers\u2026<\/p>\n<div class=\"entry-content clearfix\">\n<h5>Pr\u00e9histoire (-3M ou -5M &gt;\u00a0-3200)<\/h5>\n<p>On note une activit\u00e9 humaine sur le site de Max\u00e9ville, au Grand Revaux, depuis\u00a0 le pal\u00e9olithique (Voir Gu\u00e9rin : <em>Soci\u00e9t\u00e9 d\u2019arch\u00e9ologie lorraine<\/em>). D\u2019autres objets plus r\u00e9cents (n\u00e9olithique, \u00e2ge du bronze) ont \u00e9t\u00e9 d\u00e9couverts \u00e0 \u00ab La Fourasse \u00bb et des objets datant de l\u2019\u00e2ge du fer ont \u00e9t\u00e9 retrouv\u00e9s non loin de la Meurthe.<\/p>\n<h5>Antiquit\u00e9\u00a0(-3200 &gt;\u00a0476)<\/h5>\n<p>Apr\u00e8s le I<sup>er<\/sup> si\u00e8cle, le territoire qui allait devenir la Lorraine fut\u00a0 englob\u00e9, avec la r\u00e9gion de Tr\u00e8ves, au sein de la Gaule Belgique (qui comptait d\u00e9j\u00e0, outre l\u2019essentiel de la Belgique actuelle, le Luxembourg actuel, une bonne part des actuels Picardie et Nord-Pas-De-Calais, une partie des Pays-Bas, ainsi que la r\u00e9gion de Reims). Le territoire lorrain \u00e9tait occup\u00e9 par deux tribus celtiques : les M\u00e9diomatrices et les Leuques. Les Leuques occupaient les vall\u00e9es de la Meurthe et son bassin. Ils se trouvaient donc sur le territoire o\u00f9 allait na\u00eetre Max\u00e9ville. Durant l\u2019\u00e9poque de Halstatt (700 \u00e0 500 avant J.-C.), l\u2019industrie du fer se d\u00e9veloppa autour de la for\u00eat de la Haye.<\/p>\n<p><img decoding=\"async\" loading=\"lazy\" class=\"aligncenter\" src=\"https:\/\/upload.wikimedia.org\/wikipedia\/commons\/5\/5b\/La_carte_des_mediomatriques.jpg\" alt=\"Carte Lorraine dans l'Antiquit\u00e9\" width=\"500\" height=\"278\" \/><\/p>\n<h5>La Haute-Lotharingie : anc\u00eatre de la Lorraine actuelle<\/h5>\n<p>En 843, par le trait\u00e9 de Verdun, l\u2019Empire Carolingien est partag\u00e9 entre les trois arri\u00e8re-petits-fils de Charlemagne. Lothaire Ier devient roi d\u2019un vaste territoire s\u2019\u00e9tendant de l\u2019Italie \u00e0 la Mer du Nord. Ce territoire est \u00e0 nouveau d\u00e9coup\u00e9 par le trait\u00e9 de Pr\u00fcm en 855, entre les trois fils de Lothaire Ier. Lothaire II h\u00e9rite de la partie Nord : la Lotharingie. Ce territoire comprenait la Basse-Lotharingie, ou Basse-Lorraine, qui deviendra le duch\u00e9 de Lothier et la Haute-Lotharingie ou Haute-Lorraine, qui deviendra le duch\u00e9 de Lorraine.<\/p>\n<p>Initialement, le duch\u00e9 de Lorraine comprenait grosso modo les territoires de la Lorraine fran\u00e7aise actuelle, de la Lorraine belge actuelle (Gaume et Pays d\u2019Arlon), du Sud de l\u2019actuel Grand Duch\u00e9 de Luxembourg (Gutland, Terres Rouges, Vall\u00e9e de la Moselle), de la r\u00e9gion de Tr\u00e8ves et de l\u2019actuel Land allemand de la Sarre. Mais, par la suite, le territoire se r\u00e9duira jusqu\u2019\u00e0 correspondre \u00e0 celui de la seule r\u00e9gion Lorraine actuelle.<\/p>\n<p>Un premier partage eut lieu en 870 (Trait\u00e9 de Meerseen) entre les deux oncles de Lothaire II, apr\u00e8s la mort de ce dernier. Le partage d\u00e9finitif fut effectu\u00e9 en 959 par l\u2019abb\u00e9 Brunon, archev\u00eaque de Cologne et duc de Lotharingie.<\/p>\n<p>Ces diff\u00e9rents partages aboutissent \u00e0 un nouvel affaiblissement du pouvoir royal. Inversement, les seigneurs sont de riches propri\u00e9taires terriens, se faisant souvent la guerre \u00e0 cause de conflits de possession. C\u2019est le temps de la f\u00e9odalit\u00e9.<\/p>\n<h5>Les seigneurs de Max\u00e9ville<\/h5>\n<p><span style=\"color: #777777;\">A Max\u00e9ville, une seigneurie s\u2019\u00e9tablira sur plusieurs g\u00e9n\u00e9rations, jusqu\u2019en 1776 (le dernier seigneur de Max\u00e9ville s\u2019appelait Jean-Yves Coulon).<\/span><\/p>\n<p>Une histoire d\u2019emprisonnement du duc de Lorraine Ferry III dans une tour par des seigneurs de Max\u00e9ville, tout d\u2019abord per\u00e7ue comme authentique, fut longuement critiqu\u00e9e, notamment par Dom Calmet, dans son histoire de la Lorraine. Elle fut ensuite r\u00e9habilit\u00e9e par des \u00e9tudes ult\u00e9rieures, notamment de trois imprimeurs-libraires : Grimblot, Thomas et Raybois. Actuellement, son authenticit\u00e9 ne fait plus gu\u00e8re de doute. Souhaitant s\u2019appuyer sur la bourgeoisie urbaine pour affermir son emprise sur ses suzerains, Ferry III accorda des franchises aux principales villes de son Duch\u00e9 : Nancy, Neufch\u00e2teau et Longwy. Cette politique lui attira de solides rancunes. Alors qu\u2019il revenait d\u2019une chasse dans les bois de Laxou, Adrian des Armoises, seigneur de Max\u00e9ville, le captura et l\u2019enferma dans son ch\u00e2teau. Des ann\u00e9es plus tard, il parvint \u00e0 faire porter sa bague \u00e0 la duchesse Marguerite par l\u2019interm\u00e9diaire d\u2019un charpentier qui avait \u00e9t\u00e9 charg\u00e9 d\u2019entretenir le toit de sa prison. Celle-ci envoya une troupe de soldats lib\u00e9rer son \u00e9poux. Adrian des Armoises lib\u00e9ra le duc sans combattre.<\/p>\n<\/div>\n<div style=\"padding-bottom:20px; padding-top:10px;\" class=\"hupso-share-buttons\"><!-- Hupso Share Buttons - https:\/\/www.hupso.com\/share\/ --><a class=\"hupso_toolbar\" href=\"https:\/\/www.hupso.com\/share\/\"><img src=\"https:\/\/static.hupso.com\/share\/buttons\/lang\/fr\/share-medium.png\" style=\"border:0px; padding-top: 5px; float:left;\" alt=\"Share Button\"\/><\/a><script type=\"text\/javascript\">var hupso_services_t=new Array();var hupso_background_t=\"#EAF4FF\";var hupso_border_t=\"#66CCFF\";var hupso_toolbar_size_t=\"medium\";var hupso_image_folder_url = \"\";var hupso_url_t=\"\";var hupso_title_t=\"La%20ville%20de%20Max%C3%A9ville\";<\/script><script type=\"text\/javascript\" src=\"https:\/\/static.hupso.com\/share\/js\/share_toolbar.js\"><\/script><!-- Hupso Share Buttons --><\/div>","protected":false},"excerpt":{"rendered":"<p>Les origines du nom \u00ab Max\u00e9ville \u00bb Vous doutiez-vous que le nom de la commune de Max\u00e9ville changea plusieurs fois avant de se fixer d\u00e9finitivement suivant son orthographe&#8230;<\/p>\n","protected":false},"author":1,"featured_media":0,"parent":73,"menu_order":21,"comment_status":"closed","ping_status":"closed","template":"","meta":[],"_links":{"self":[{"href":"https:\/\/maxeville.fr\/index.php\/wp-json\/wp\/v2\/pages\/104"}],"collection":[{"href":"https:\/\/maxeville.fr\/index.php\/wp-json\/wp\/v2\/pages"}],"about":[{"href":"https:\/\/maxeville.fr\/index.php\/wp-json\/wp\/v2\/types\/page"}],"author":[{"embeddable":true,"href":"https:\/\/maxeville.fr\/index.php\/wp-json\/wp\/v2\/users\/1"}],"replies":[{"embeddable":true,"href":"https:\/\/maxeville.fr\/index.php\/wp-json\/wp\/v2\/comments?post=104"}],"version-history":[{"count":26,"href":"https:\/\/maxeville.fr\/index.php\/wp-json\/wp\/v2\/pages\/104\/revisions"}],"predecessor-version":[{"id":9612,"href":"https:\/\/maxeville.fr\/index.php\/wp-json\/wp\/v2\/pages\/104\/revisions\/9612"}],"up":[{"embeddable":true,"href":"https:\/\/maxeville.fr\/index.php\/wp-json\/wp\/v2\/pages\/73"}],"wp:attachment":[{"href":"https:\/\/maxeville.fr\/index.php\/wp-json\/wp\/v2\/media?parent=104"}],"curies":[{"name":"wp","href":"https:\/\/api.w.org\/{rel}","templated":true}]}}