{"id":106,"date":"2016-04-01T11:10:28","date_gmt":"2016-04-01T13:10:28","guid":{"rendered":"http:\/\/www.maxeville.fr\/?page_id=106"},"modified":"2021-02-01T11:26:56","modified_gmt":"2021-02-01T10:26:56","slug":"les-brasseries","status":"publish","type":"page","link":"https:\/\/maxeville.fr\/index.php\/ma-ville\/les-brasseries\/","title":{"rendered":"Les Brasseries"},"content":{"rendered":"<h5>Les Brasseries R\u00e9unies de Max\u00e9ville puis les Vins de la Craffe<\/h5>\n<p>La premi\u00e8re brasserie de Max\u00e9ville voit le jour en 1854 et est cr\u00e9\u00e9 par les fr\u00e8res Betting, puis une deuxi\u00e8me dirig\u00e9e par Nicolas Galland ouvre ses portes en 1870, c&#8217;est la brasserie Viennoise puis Grande Brasserie de l&#8217;Est. En 1898, ces \u00e9tablissements d\u00e9cident de fusionner sous le nom des Grandes Brasseries R\u00e9unies de Max\u00e9ville.<\/p>\n<p>L&#8217;entreprise va vivre alors quelques d\u00e9cennies de grande prosp\u00e9rit\u00e9, en employant plus de 300 personnes et en \u00e9coulant annuellement 150 000 hectolitres d&#8217;une bi\u00e8re d&#8217;une grande renomm\u00e9e (m\u00eame \u00e0 l&#8217;exportation).&nbsp; &nbsp; La Guerre de 39-45 fut fatale aux brasseries, avec l&#8217;arr\u00eat de la production en 1942.<\/p>\n<h5>De la bi\u00e8re au vin<\/h5>\n<p>A partir de 1950, les entrep\u00f4ts des brasseries sont rachet\u00e9s par les vins de la Craffe, (on peut encore y voir la statue de ma\u00eetre Crafon, le personnage publicitaire des Vins de la Craffe, dans les Caves).<\/p>\n<p>C\u2019est l\u00e0 que se faisaient les op\u00e9rations de mise en bouteille, d\u2019encapsulage, d\u2019\u00e9tiquetage, d\u2019encaissage, de d\u00e9chargement et de chargement de camions. Il y avait \u00e9galement les laboratoires de d\u00e9gustation et de surveillance de la qualit\u00e9 des vins.<\/p>\n<hr>\n\n\n<figure class=\"wp-block-gallery aligncenter columns-1 is-cropped wp-block-gallery-1 is-layout-flex\"><ul class=\"blocks-gallery-grid\"><li class=\"blocks-gallery-item\"><figure><img decoding=\"async\" loading=\"lazy\" width=\"1024\" height=\"680\" src=\"https:\/\/maxeville.fr\/wp-content\/uploads\/2021\/02\/DSC_0372-1024x680.jpg\" alt=\"\" data-id=\"9736\" data-full-url=\"https:\/\/maxeville.fr\/wp-content\/uploads\/2021\/02\/DSC_0372-scaled.jpg\" data-link=\"https:\/\/maxeville.fr\/dsc_0372\/\" class=\"wp-image-9736\" srcset=\"https:\/\/maxeville.fr\/wp-content\/uploads\/2021\/02\/DSC_0372-1024x680.jpg 1024w, https:\/\/maxeville.fr\/wp-content\/uploads\/2021\/02\/DSC_0372-300x199.jpg 300w, https:\/\/maxeville.fr\/wp-content\/uploads\/2021\/02\/DSC_0372-768x510.jpg 768w, https:\/\/maxeville.fr\/wp-content\/uploads\/2021\/02\/DSC_0372-1536x1020.jpg 1536w, https:\/\/maxeville.fr\/wp-content\/uploads\/2021\/02\/DSC_0372-2048x1360.jpg 2048w, https:\/\/maxeville.fr\/wp-content\/uploads\/2021\/02\/DSC_0372-973x646.jpg 973w, https:\/\/maxeville.fr\/wp-content\/uploads\/2021\/02\/DSC_0372-508x337.jpg 508w, https:\/\/maxeville.fr\/wp-content\/uploads\/2021\/02\/DSC_0372-250x166.jpg 250w, https:\/\/maxeville.fr\/wp-content\/uploads\/2021\/02\/DSC_0372-550x365.jpg 550w, https:\/\/maxeville.fr\/wp-content\/uploads\/2021\/02\/DSC_0372-800x531.jpg 800w, https:\/\/maxeville.fr\/wp-content\/uploads\/2021\/02\/DSC_0372-271x180.jpg 271w, https:\/\/maxeville.fr\/wp-content\/uploads\/2021\/02\/DSC_0372-452x300.jpg 452w, https:\/\/maxeville.fr\/wp-content\/uploads\/2021\/02\/DSC_0372-753x500.jpg 753w, https:\/\/maxeville.fr\/wp-content\/uploads\/2021\/02\/DSC_0372-24x16.jpg 24w, https:\/\/maxeville.fr\/wp-content\/uploads\/2021\/02\/DSC_0372-36x24.jpg 36w, https:\/\/maxeville.fr\/wp-content\/uploads\/2021\/02\/DSC_0372-48x32.jpg 48w\" sizes=\"(max-width: 1024px) 100vw, 1024px\" \/><\/figure><\/li><\/ul><figcaption class=\"blocks-gallery-caption\">Salle Bacchus <br>Source : <a href=\"http:\/\/memoiredemaxeville.fr\/\">M\u00e9moire de Max\u00e9ville<\/a><\/figcaption><\/figure>\n\n\n\n<p>Nous sommes ici dans la salle Bacchus, qui \u00e9tait le lieu de r\u00e9ception des invit\u00e9s des Vins de la Craffe. Cette salle est orn\u00e9e et agr\u00e9ment\u00e9e de nombreux sujets peints. Il s&#8217;agit essentiellement de personnages historiques ou mythologiques, qui ont \u00e9t\u00e9 plus ou moins d\u00e9tourn\u00e9s &#8211; avec humour et l\u00e9g\u00e8ret\u00e9 &#8211; afin de leur faire faire l&#8217;apologie du bon vin, et en particulier des Vins de la Craffe. Certains personnages ont cependant \u00e9t\u00e9 invent\u00e9s de toutes pi\u00e8ces, pour les besoins de la cause, tel Crafon, &#8220;mascotte&#8221; embl\u00e9matique des Vins de la Craffe. Ce dernier n&#8217;a pas seulement \u00e9t\u00e9 peint, mais dispose d&#8217;une statue \u00e0 son effigie. Un automate Craffon existe \u00e9galement.<\/p>\n\n\n\n<div class=\"wp-block-image\"><figure class=\"aligncenter size-large\"><img decoding=\"async\" loading=\"lazy\" width=\"768\" height=\"1024\" src=\"https:\/\/maxeville.fr\/wp-content\/uploads\/2021\/02\/Statue-de-Crafon-768x1024.jpg\" alt=\"\" class=\"wp-image-9737\" srcset=\"https:\/\/maxeville.fr\/wp-content\/uploads\/2021\/02\/Statue-de-Crafon-768x1024.jpg 768w, https:\/\/maxeville.fr\/wp-content\/uploads\/2021\/02\/Statue-de-Crafon-225x300.jpg 225w, https:\/\/maxeville.fr\/wp-content\/uploads\/2021\/02\/Statue-de-Crafon-973x1297.jpg 973w, https:\/\/maxeville.fr\/wp-content\/uploads\/2021\/02\/Statue-de-Crafon-508x677.jpg 508w, https:\/\/maxeville.fr\/wp-content\/uploads\/2021\/02\/Statue-de-Crafon-250x333.jpg 250w, https:\/\/maxeville.fr\/wp-content\/uploads\/2021\/02\/Statue-de-Crafon-550x733.jpg 550w, https:\/\/maxeville.fr\/wp-content\/uploads\/2021\/02\/Statue-de-Crafon-800x1066.jpg 800w, https:\/\/maxeville.fr\/wp-content\/uploads\/2021\/02\/Statue-de-Crafon-135x180.jpg 135w, https:\/\/maxeville.fr\/wp-content\/uploads\/2021\/02\/Statue-de-Crafon-375x500.jpg 375w, https:\/\/maxeville.fr\/wp-content\/uploads\/2021\/02\/Statue-de-Crafon-18x24.jpg 18w, https:\/\/maxeville.fr\/wp-content\/uploads\/2021\/02\/Statue-de-Crafon-27x36.jpg 27w, https:\/\/maxeville.fr\/wp-content\/uploads\/2021\/02\/Statue-de-Crafon-36x48.jpg 36w, https:\/\/maxeville.fr\/wp-content\/uploads\/2021\/02\/Statue-de-Crafon.jpg 1000w\" sizes=\"(max-width: 768px) 100vw, 768px\" \/><figcaption>La mascotte des Vins de la Craffe &#8221; Crafon &#8220;<br>Source : <a href=\"http:\/\/memoiredemaxeville.fr\/\">M\u00e9moire de Max\u00e9ville<\/a><\/figcaption><\/figure><\/div>\n\n\n\n<p>Victime de la concurrence, l&#8217;entreprise cesse toute activit\u00e9 sur le site de Max\u00e9ville vers 1997, et le site fut vendu entre 2002 et 2004 \u00e0 la ville de Max\u00e9ville.<\/p>\n<div style=\"padding-bottom:20px; padding-top:10px;\" class=\"hupso-share-buttons\"><!-- Hupso Share Buttons - https:\/\/www.hupso.com\/share\/ --><a class=\"hupso_toolbar\" href=\"https:\/\/www.hupso.com\/share\/\"><img src=\"https:\/\/static.hupso.com\/share\/buttons\/lang\/fr\/share-medium.png\" style=\"border:0px; padding-top: 5px; float:left;\" alt=\"Share Button\"\/><\/a><script type=\"text\/javascript\">var hupso_services_t=new Array();var hupso_background_t=\"#EAF4FF\";var hupso_border_t=\"#66CCFF\";var hupso_toolbar_size_t=\"medium\";var hupso_image_folder_url = \"\";var hupso_url_t=\"\";var hupso_title_t=\"Les%20Brasseries\";<\/script><script type=\"text\/javascript\" src=\"https:\/\/static.hupso.com\/share\/js\/share_toolbar.js\"><\/script><!-- Hupso Share Buttons --><\/div>","protected":false},"excerpt":{"rendered":"<p>Les Brasseries R\u00e9unies de Max\u00e9ville puis les Vins de la Craffe La premi\u00e8re brasserie de Max\u00e9ville voit le jour en 1854 et est cr\u00e9\u00e9 par les fr\u00e8res Betting,&#8230;<\/p>\n","protected":false},"author":1,"featured_media":9729,"parent":73,"menu_order":22,"comment_status":"closed","ping_status":"closed","template":"","meta":[],"_links":{"self":[{"href":"https:\/\/maxeville.fr\/index.php\/wp-json\/wp\/v2\/pages\/106"}],"collection":[{"href":"https:\/\/maxeville.fr\/index.php\/wp-json\/wp\/v2\/pages"}],"about":[{"href":"https:\/\/maxeville.fr\/index.php\/wp-json\/wp\/v2\/types\/page"}],"author":[{"embeddable":true,"href":"https:\/\/maxeville.fr\/index.php\/wp-json\/wp\/v2\/users\/1"}],"replies":[{"embeddable":true,"href":"https:\/\/maxeville.fr\/index.php\/wp-json\/wp\/v2\/comments?post=106"}],"version-history":[{"count":24,"href":"https:\/\/maxeville.fr\/index.php\/wp-json\/wp\/v2\/pages\/106\/revisions"}],"predecessor-version":[{"id":9741,"href":"https:\/\/maxeville.fr\/index.php\/wp-json\/wp\/v2\/pages\/106\/revisions\/9741"}],"up":[{"embeddable":true,"href":"https:\/\/maxeville.fr\/index.php\/wp-json\/wp\/v2\/pages\/73"}],"wp:featuredmedia":[{"embeddable":true,"href":"https:\/\/maxeville.fr\/index.php\/wp-json\/wp\/v2\/media\/9729"}],"wp:attachment":[{"href":"https:\/\/maxeville.fr\/index.php\/wp-json\/wp\/v2\/media?parent=106"}],"curies":[{"name":"wp","href":"https:\/\/api.w.org\/{rel}","templated":true}]}}