{"id":108,"date":"2016-04-01T11:10:35","date_gmt":"2016-04-01T13:10:35","guid":{"rendered":"http:\/\/www.maxeville.fr\/?page_id=108"},"modified":"2021-02-01T11:32:05","modified_gmt":"2021-02-01T10:32:05","slug":"vins-de-la-craffe","status":"publish","type":"page","link":"https:\/\/maxeville.fr\/index.php\/ma-ville\/vins-de-la-craffe\/","title":{"rendered":"Les vins de la Craffe"},"content":{"rendered":"<h5>De 1865 \u00e0 1997<\/h5>\n<p>Charles Chardot (1837-1920) ouvre en 1865 une \u00e9picerie au pied de la porte de la&nbsp; Craffe \u00e0 Nancy et se sp\u00e9cialise rapidement dans le commerce du vin en gros. Il assure la direction de l&#8217;entreprise second\u00e9 par son fils, en 1897, Jules Chardot. Ce dernier agrandit encore l&#8217;activit\u00e9 en construisant de nouveaux entrep\u00f4ts. Le commerce du vin est, \u00e0 cette \u00e9poque, national et international. En 1920, \u00e0 la mort de Charles Chardot, Pierre et Andr\u00e9 Chardot, les fils de Jules, rejoignent la direction et &nbsp;modernisent l&#8217;outil de travail : camion automobile, cha\u00eene d&#8217;embouteillage semi-automatique\u2026 Apr\u00e8s quelques difficult\u00e9s dues \u00e0 la seconde guerre mondiale, l&#8217;activit\u00e9 commerciale des Vins de la Craffe s&#8217;accro\u00eet de nouveau et manque de place. La fermeture des Brasseries qui, elles, n&#8217;ont pu se relever des pertes \u00e9conomiques li\u00e9es \u00e0 la guerre, est une opportunit\u00e9 pour les vins de la Craffe qui d\u00e9cident de s&#8217;y installer. L&#8217;acte est sign\u00e9 le 28 novembre 1949 et c&#8217;est en 1950 que le d\u00e9m\u00e9nagement a lieu.<\/p>\n\n\n<p>Les grandes caves vo\u00fbt\u00e9es offrent un lieu de stockage impressionnant : des dizaines de foudres, des cuves en b\u00e9ton carrel\u00e9es\u2026 L&#8217;emplacement est id\u00e9al car directement reli\u00e9 au chemin de fer, avec sa gare attenante, et sa liaison au canal (syst\u00e8me de pipeline qui va des cuves aux p\u00e9niches).       <\/p>\n\n\n\n<div class=\"wp-block-image\"><figure class=\"aligncenter size-large is-resized\"><img decoding=\"async\" loading=\"lazy\" src=\"https:\/\/maxeville.fr\/wp-content\/uploads\/2021\/02\/1970-Cha\u00abne-dembouteillage-1024x657.jpg\" alt=\"\" class=\"wp-image-9726\" width=\"580\" height=\"372\" srcset=\"https:\/\/maxeville.fr\/wp-content\/uploads\/2021\/02\/1970-Cha\u00abne-dembouteillage-1024x657.jpg 1024w, https:\/\/maxeville.fr\/wp-content\/uploads\/2021\/02\/1970-Cha\u00abne-dembouteillage-300x193.jpg 300w, https:\/\/maxeville.fr\/wp-content\/uploads\/2021\/02\/1970-Cha\u00abne-dembouteillage-768x493.jpg 768w, https:\/\/maxeville.fr\/wp-content\/uploads\/2021\/02\/1970-Cha\u00abne-dembouteillage-1536x986.jpg 1536w, https:\/\/maxeville.fr\/wp-content\/uploads\/2021\/02\/1970-Cha\u00abne-dembouteillage-973x625.jpg 973w, https:\/\/maxeville.fr\/wp-content\/uploads\/2021\/02\/1970-Cha\u00abne-dembouteillage-508x326.jpg 508w, https:\/\/maxeville.fr\/wp-content\/uploads\/2021\/02\/1970-Cha\u00abne-dembouteillage-250x160.jpg 250w, https:\/\/maxeville.fr\/wp-content\/uploads\/2021\/02\/1970-Cha\u00abne-dembouteillage-550x353.jpg 550w, https:\/\/maxeville.fr\/wp-content\/uploads\/2021\/02\/1970-Cha\u00abne-dembouteillage-800x514.jpg 800w, https:\/\/maxeville.fr\/wp-content\/uploads\/2021\/02\/1970-Cha\u00abne-dembouteillage-280x180.jpg 280w, https:\/\/maxeville.fr\/wp-content\/uploads\/2021\/02\/1970-Cha\u00abne-dembouteillage-467x300.jpg 467w, https:\/\/maxeville.fr\/wp-content\/uploads\/2021\/02\/1970-Cha\u00abne-dembouteillage-779x500.jpg 779w, https:\/\/maxeville.fr\/wp-content\/uploads\/2021\/02\/1970-Cha\u00abne-dembouteillage-24x15.jpg 24w, https:\/\/maxeville.fr\/wp-content\/uploads\/2021\/02\/1970-Cha\u00abne-dembouteillage-36x23.jpg 36w, https:\/\/maxeville.fr\/wp-content\/uploads\/2021\/02\/1970-Cha\u00abne-dembouteillage-48x31.jpg 48w, https:\/\/maxeville.fr\/wp-content\/uploads\/2021\/02\/1970-Cha\u00abne-dembouteillage.jpg 1600w\" sizes=\"(max-width: 580px) 100vw, 580px\" \/><figcaption>Cette photo prise en 1970 nous montre la cha\u00eene d&#8217;embouteillage des Vins de la Craffe, qui se trouvait \u00e0 l&#8217;emplacement des actuels &#8220;Ateliers B\u00e9ton&#8221; de l&#8217;espace E.P. Jacobs. (Photo Jean Allimann 25 Rue Gambetta Nancy 1957.)<br>Sources : <a href=\"http:\/\/memoiredemaxeville.fr\/\">M\u00e9moire de Max\u00e9ville<\/a><\/figcaption><\/figure><\/div>\n\n\n\n<h5 class=\"wp-block-heading\">La fin d&#8217;une \u00e9poque<\/h5>\n\n\n\n<p>Dans les ann\u00e9es 1990, la consommation de vin de table diminue consid\u00e9rablement (diff\u00e9rentes &nbsp;campagnes sont men\u00e9es par l&#8217;\u00c9tat pour r\u00e9duire la consommation d&#8217;alcool). La concurrence est rude et les petits commerces ferment au profit de la grande distribution. Ces diff\u00e9rents facteurs entra\u00eenent une baisse progressive de l&#8217;activit\u00e9 des Vins de la Craffe pour aboutir \u00e0 leur fermeture en 1997.<\/p>\n<div style=\"padding-bottom:20px; padding-top:10px;\" class=\"hupso-share-buttons\"><!-- Hupso Share Buttons - https:\/\/www.hupso.com\/share\/ --><a class=\"hupso_toolbar\" href=\"https:\/\/www.hupso.com\/share\/\"><img src=\"https:\/\/static.hupso.com\/share\/buttons\/lang\/fr\/share-medium.png\" style=\"border:0px; padding-top: 5px; float:left;\" alt=\"Share Button\"\/><\/a><script type=\"text\/javascript\">var hupso_services_t=new Array();var hupso_background_t=\"#EAF4FF\";var hupso_border_t=\"#66CCFF\";var hupso_toolbar_size_t=\"medium\";var hupso_image_folder_url = \"\";var hupso_url_t=\"\";var hupso_title_t=\"Les%20vins%20de%20la%20Craffe\";<\/script><script type=\"text\/javascript\" src=\"https:\/\/static.hupso.com\/share\/js\/share_toolbar.js\"><\/script><!-- Hupso Share Buttons --><\/div>","protected":false},"excerpt":{"rendered":"<p>De 1865 \u00e0 1997 Charles Chardot (1837-1920) ouvre en 1865 une \u00e9picerie au pied de la porte de la&nbsp; Craffe \u00e0 Nancy et se sp\u00e9cialise rapidement dans le&#8230;<\/p>\n","protected":false},"author":1,"featured_media":9725,"parent":73,"menu_order":24,"comment_status":"closed","ping_status":"closed","template":"","meta":[],"_links":{"self":[{"href":"https:\/\/maxeville.fr\/index.php\/wp-json\/wp\/v2\/pages\/108"}],"collection":[{"href":"https:\/\/maxeville.fr\/index.php\/wp-json\/wp\/v2\/pages"}],"about":[{"href":"https:\/\/maxeville.fr\/index.php\/wp-json\/wp\/v2\/types\/page"}],"author":[{"embeddable":true,"href":"https:\/\/maxeville.fr\/index.php\/wp-json\/wp\/v2\/users\/1"}],"replies":[{"embeddable":true,"href":"https:\/\/maxeville.fr\/index.php\/wp-json\/wp\/v2\/comments?post=108"}],"version-history":[{"count":13,"href":"https:\/\/maxeville.fr\/index.php\/wp-json\/wp\/v2\/pages\/108\/revisions"}],"predecessor-version":[{"id":9744,"href":"https:\/\/maxeville.fr\/index.php\/wp-json\/wp\/v2\/pages\/108\/revisions\/9744"}],"up":[{"embeddable":true,"href":"https:\/\/maxeville.fr\/index.php\/wp-json\/wp\/v2\/pages\/73"}],"wp:featuredmedia":[{"embeddable":true,"href":"https:\/\/maxeville.fr\/index.php\/wp-json\/wp\/v2\/media\/9725"}],"wp:attachment":[{"href":"https:\/\/maxeville.fr\/index.php\/wp-json\/wp\/v2\/media?parent=108"}],"curies":[{"name":"wp","href":"https:\/\/api.w.org\/{rel}","templated":true}]}}