{"id":1098,"date":"2016-09-16T11:09:27","date_gmt":"2016-09-16T09:09:27","guid":{"rendered":"http:\/\/www.maxeville.fr\/?page_id=1098"},"modified":"2023-07-17T15:56:58","modified_gmt":"2023-07-17T13:56:58","slug":"petite-enfance","status":"publish","type":"page","link":"https:\/\/maxeville.fr\/index.php\/ma-famille\/petite-enfance\/","title":{"rendered":"Petite enfance"},"content":{"rendered":"<h3><\/h3>\n<h5><strong>Vous recherchez un mode d\u2019accueil pour votre enfant \u00e0 Max\u00e9ville ?<\/strong><\/h5>\n<p>Renseignements aupr\u00e8s du Relais Petite Enfance LE NID<br \/>\n<strong>&gt;lors des permanences t\u00e9l\u00e9phoniques :<\/strong><br \/>\n<em>les lundis de 9h \u00e0 12h et les jeudis de 14h \u00e0 17h au 03 57 80 06 96<\/em><br \/>\n<strong>&gt;ou sur rendez-vous \u00e0 la Maison du Lien et de la Solidarit\u00e9<\/strong><br \/>\n<em>les lundis de 14h \u00e0 17h ou par mail \u00e0 <a href=\"mailto:rpe@mairie-maxeville.fr\">rpe@mairie-maxeville.fr<\/a><\/em><\/p>\n<hr>\n<p>Pour connaitre toutes les activit\u00e9s et services li\u00e9s \u00e0 la Petite Enfance et \u00e0 la Parentalit\u00e9, vous pouvez t\u00e9l\u00e9charger <a href=\"https:\/\/maxeville.fr\/wp-content\/uploads\/2022\/10\/Guide-Enfance-Maxeville-WEB.pdf\">le guide Petite Enfance Parentalit\u00e9.<\/a><\/p>\n<hr>\n<h5>Protection Maternelle Infantile<\/h5>\n<p>Le service de Protection Maternelle et Infantile (PMI) est un service d\u00e9partemental comprenant des infirmi\u00e8res pu\u00e9ricultrices, sages \u2013femmes, \u00e9ducatrice de jeunes enfants et m\u00e9decins.<\/p>\n<p>Ces professionnels de sant\u00e9 vous proposent gratuitement sur les sites de la Maison des Solidarit\u00e9s (MDS) du Plateau de Haye, des consultations p\u00e9diatriques de suivi de d\u00e9veloppement de l\u2019enfant, ainsi que des consultations et entretiens en p\u00e9rinatalit\u00e9.<\/p>\n<p><em>Pour plus d\u2019informations vous pouvez contacter :<\/em><\/p>\n<p><strong>Conseil D\u00e9partemental (Maison D\u00e9partemental des Solidarit\u00e9s)<\/strong><\/p>\n<p>1339 avenue Raymond Pinchard \u00e0 NANCY<br \/>\nT\u00e9l. 03 83 32 96 47<\/p>\n<p><strong>Centre M\u00e9dico Psychologique pour Enfants et Adolescents<\/strong><\/p>\n<p>6 rue de la Crusnes \u2013 Max\u00e9ville<br \/>\nT\u00e9l. 03 83 57 67 02<\/p>\n<p><strong>Maison m\u00e9dicale de Champ-le-B\u0153uf<\/strong><\/p>\n<p>19 rue de la Meuse<br \/>\nT\u00e9l. 03&nbsp; 83 96 10 89<\/p>\n<div style=\"padding-bottom:20px; padding-top:10px;\" class=\"hupso-share-buttons\"><!-- Hupso Share Buttons - https:\/\/www.hupso.com\/share\/ --><a class=\"hupso_toolbar\" href=\"https:\/\/www.hupso.com\/share\/\"><img src=\"https:\/\/static.hupso.com\/share\/buttons\/lang\/fr\/share-medium.png\" style=\"border:0px; padding-top: 5px; float:left;\" alt=\"Share Button\"\/><\/a><script type=\"text\/javascript\">var hupso_services_t=new Array();var hupso_background_t=\"#EAF4FF\";var hupso_border_t=\"#66CCFF\";var hupso_toolbar_size_t=\"medium\";var hupso_image_folder_url = \"\";var hupso_url_t=\"\";var hupso_title_t=\"Petite%20enfance\";<\/script><script type=\"text\/javascript\" src=\"https:\/\/static.hupso.com\/share\/js\/share_toolbar.js\"><\/script><!-- Hupso Share Buttons --><\/div>","protected":false},"excerpt":{"rendered":"<p>Vous recherchez un mode d\u2019accueil pour votre enfant \u00e0 Max\u00e9ville ? Renseignements aupr\u00e8s du Relais Petite Enfance LE NID &gt;lors des permanences t\u00e9l\u00e9phoniques : les lundis de 9h&#8230;<\/p>\n","protected":false},"author":1,"featured_media":14381,"parent":341,"menu_order":2,"comment_status":"closed","ping_status":"closed","template":"","meta":[],"_links":{"self":[{"href":"https:\/\/maxeville.fr\/index.php\/wp-json\/wp\/v2\/pages\/1098"}],"collection":[{"href":"https:\/\/maxeville.fr\/index.php\/wp-json\/wp\/v2\/pages"}],"about":[{"href":"https:\/\/maxeville.fr\/index.php\/wp-json\/wp\/v2\/types\/page"}],"author":[{"embeddable":true,"href":"https:\/\/maxeville.fr\/index.php\/wp-json\/wp\/v2\/users\/1"}],"replies":[{"embeddable":true,"href":"https:\/\/maxeville.fr\/index.php\/wp-json\/wp\/v2\/comments?post=1098"}],"version-history":[{"count":24,"href":"https:\/\/maxeville.fr\/index.php\/wp-json\/wp\/v2\/pages\/1098\/revisions"}],"predecessor-version":[{"id":14382,"href":"https:\/\/maxeville.fr\/index.php\/wp-json\/wp\/v2\/pages\/1098\/revisions\/14382"}],"up":[{"embeddable":true,"href":"https:\/\/maxeville.fr\/index.php\/wp-json\/wp\/v2\/pages\/341"}],"wp:featuredmedia":[{"embeddable":true,"href":"https:\/\/maxeville.fr\/index.php\/wp-json\/wp\/v2\/media\/14381"}],"wp:attachment":[{"href":"https:\/\/maxeville.fr\/index.php\/wp-json\/wp\/v2\/media?parent=1098"}],"curies":[{"name":"wp","href":"https:\/\/api.w.org\/{rel}","templated":true}]}}