{"id":112,"date":"2016-04-01T11:10:50","date_gmt":"2016-04-01T13:10:50","guid":{"rendered":"http:\/\/www.maxeville.fr\/?page_id=112"},"modified":"2023-02-06T10:38:53","modified_gmt":"2023-02-06T09:38:53","slug":"le-lavoir","status":"publish","type":"page","link":"https:\/\/maxeville.fr\/index.php\/ma-ville\/le-lavoir\/","title":{"rendered":"Le lavoir"},"content":{"rendered":"<h5>R\u00e9habilitation et mise en valeur du lavoir communal<\/h5>\n<p>Situ\u00e9 en face de la mairie, le lavoir de la rue du 15 septembre 1944 \u00e0 Max\u00e9ville est un petit ouvrage du \u00a0patrimoine communal qui a \u00e9volu\u00e9 au cours du temps.<\/p>\n<p>Le lavoir est actuellement utilis\u00e9 comme un pr\u00e9au public, directement li\u00e9 \u00e0 l\u2019espace de la rue. Outre le t\u00e9moignage historique qu\u2019il incarne, il sert d\u2019abri, de lieu de rassemblement, ou tout simplement de signal dans la ville. La fresque d\u2019Isabelle Pierron est le portrait de femmes Max\u00e9villoises, \u0153uvre issue d\u2019un travail de m\u00e9moire et d\u2019archives. Certains habitants reconnaissent ainsi leurs a\u00een\u00e9es. Pour l&#8217;arrosage des espaces verts du quartier centre de Max\u00e9ville, les agents de la ville utilisent l&#8217;eau exhaure, r\u00e9cup\u00e9r\u00e9e directement de ce lavoir.<\/p>\n<p><img decoding=\"async\" loading=\"lazy\" class=\"alignnone size-medium wp-image-13219\" src=\"https:\/\/maxeville.fr\/wp-content\/uploads\/2023\/02\/lavoir-maxeville-1-isabellePIERRO-225x300.jpg\" alt=\"\" width=\"225\" height=\"300\" srcset=\"https:\/\/maxeville.fr\/wp-content\/uploads\/2023\/02\/lavoir-maxeville-1-isabellePIERRO-225x300.jpg 225w, https:\/\/maxeville.fr\/wp-content\/uploads\/2023\/02\/lavoir-maxeville-1-isabellePIERRO-508x677.jpg 508w, https:\/\/maxeville.fr\/wp-content\/uploads\/2023\/02\/lavoir-maxeville-1-isabellePIERRO-250x333.jpg 250w, https:\/\/maxeville.fr\/wp-content\/uploads\/2023\/02\/lavoir-maxeville-1-isabellePIERRO-550x733.jpg 550w, https:\/\/maxeville.fr\/wp-content\/uploads\/2023\/02\/lavoir-maxeville-1-isabellePIERRO-135x180.jpg 135w, https:\/\/maxeville.fr\/wp-content\/uploads\/2023\/02\/lavoir-maxeville-1-isabellePIERRO-375x500.jpg 375w, https:\/\/maxeville.fr\/wp-content\/uploads\/2023\/02\/lavoir-maxeville-1-isabellePIERRO-18x24.jpg 18w, https:\/\/maxeville.fr\/wp-content\/uploads\/2023\/02\/lavoir-maxeville-1-isabellePIERRO-27x36.jpg 27w, https:\/\/maxeville.fr\/wp-content\/uploads\/2023\/02\/lavoir-maxeville-1-isabellePIERRO-36x48.jpg 36w, https:\/\/maxeville.fr\/wp-content\/uploads\/2023\/02\/lavoir-maxeville-1-isabellePIERRO.jpg 720w\" sizes=\"(max-width: 225px) 100vw, 225px\" \/> \u00a0<img decoding=\"async\" loading=\"lazy\" class=\"alignnone size-medium wp-image-13221\" src=\"https:\/\/maxeville.fr\/wp-content\/uploads\/2023\/02\/lavoir-maxeville-3-isabellePIERRO-253x300.jpg\" alt=\"\" width=\"253\" height=\"300\" srcset=\"https:\/\/maxeville.fr\/wp-content\/uploads\/2023\/02\/lavoir-maxeville-3-isabellePIERRO-253x300.jpg 253w, https:\/\/maxeville.fr\/wp-content\/uploads\/2023\/02\/lavoir-maxeville-3-isabellePIERRO-768x910.jpg 768w, https:\/\/maxeville.fr\/wp-content\/uploads\/2023\/02\/lavoir-maxeville-3-isabellePIERRO-508x602.jpg 508w, https:\/\/maxeville.fr\/wp-content\/uploads\/2023\/02\/lavoir-maxeville-3-isabellePIERRO-250x296.jpg 250w, https:\/\/maxeville.fr\/wp-content\/uploads\/2023\/02\/lavoir-maxeville-3-isabellePIERRO-550x652.jpg 550w, https:\/\/maxeville.fr\/wp-content\/uploads\/2023\/02\/lavoir-maxeville-3-isabellePIERRO-800x948.jpg 800w, https:\/\/maxeville.fr\/wp-content\/uploads\/2023\/02\/lavoir-maxeville-3-isabellePIERRO-152x180.jpg 152w, https:\/\/maxeville.fr\/wp-content\/uploads\/2023\/02\/lavoir-maxeville-3-isabellePIERRO-422x500.jpg 422w, https:\/\/maxeville.fr\/wp-content\/uploads\/2023\/02\/lavoir-maxeville-3-isabellePIERRO-20x24.jpg 20w, https:\/\/maxeville.fr\/wp-content\/uploads\/2023\/02\/lavoir-maxeville-3-isabellePIERRO-30x36.jpg 30w, https:\/\/maxeville.fr\/wp-content\/uploads\/2023\/02\/lavoir-maxeville-3-isabellePIERRO-41x48.jpg 41w, https:\/\/maxeville.fr\/wp-content\/uploads\/2023\/02\/lavoir-maxeville-3-isabellePIERRO.jpg 810w\" sizes=\"(max-width: 253px) 100vw, 253px\" \/> \u00a0<img decoding=\"async\" loading=\"lazy\" class=\"alignnone size-medium wp-image-13223\" src=\"https:\/\/maxeville.fr\/wp-content\/uploads\/2023\/02\/lavoir-maxeville-5-isabellePIERRO-238x300.jpg\" alt=\"\" width=\"238\" height=\"300\" srcset=\"https:\/\/maxeville.fr\/wp-content\/uploads\/2023\/02\/lavoir-maxeville-5-isabellePIERRO-238x300.jpg 238w, https:\/\/maxeville.fr\/wp-content\/uploads\/2023\/02\/lavoir-maxeville-5-isabellePIERRO-508x642.jpg 508w, https:\/\/maxeville.fr\/wp-content\/uploads\/2023\/02\/lavoir-maxeville-5-isabellePIERRO-250x316.jpg 250w, https:\/\/maxeville.fr\/wp-content\/uploads\/2023\/02\/lavoir-maxeville-5-isabellePIERRO-550x695.jpg 550w, https:\/\/maxeville.fr\/wp-content\/uploads\/2023\/02\/lavoir-maxeville-5-isabellePIERRO-143x180.jpg 143w, https:\/\/maxeville.fr\/wp-content\/uploads\/2023\/02\/lavoir-maxeville-5-isabellePIERRO-396x500.jpg 396w, https:\/\/maxeville.fr\/wp-content\/uploads\/2023\/02\/lavoir-maxeville-5-isabellePIERRO-19x24.jpg 19w, https:\/\/maxeville.fr\/wp-content\/uploads\/2023\/02\/lavoir-maxeville-5-isabellePIERRO-29x36.jpg 29w, https:\/\/maxeville.fr\/wp-content\/uploads\/2023\/02\/lavoir-maxeville-5-isabellePIERRO-38x48.jpg 38w, https:\/\/maxeville.fr\/wp-content\/uploads\/2023\/02\/lavoir-maxeville-5-isabellePIERRO.jpg 760w\" sizes=\"(max-width: 238px) 100vw, 238px\" \/><\/p>\n<p><strong>HISTOIRE<\/strong><\/p>\n<p><em>D\u2019apr\u00e8s l\u2019association \u00ab\u00a0M\u00e9moire de Max\u00e9ville\u00a0\u00bb ce lavoir date de 1851. Il a \u00e9t\u00e9 aliment\u00e9 en eau d\u2019exhaure de la mine de Boudonville,(mine dont l\u2019entr\u00e9e se situe \u00e0 c\u00f4t\u00e9 de l\u2019\u00c9glise Saint Martin) \u00a0\u00e0 partir du 28 d\u00e9cembre 1892. En F\u00e9vrier 1982 une p\u00e9tition contre sa fermeture envisag\u00e9e circule, et il sera finalement pr\u00e9serv\u00e9. <\/em><\/p>\n<p><em>A la fin de l\u2019ann\u00e9e 2021, de nombreux travaux ont \u00e9t\u00e9 entrepris par la municipalit\u00e9 dans le cadre de la revalorisation du patrimoine et du r\u00e9am\u00e9nagement du quartier Centre \u00ab\u00a0C\u0153ur de Village\u00a0\u00bb. Sa remise en eau, sa restauration des murs dot\u00e9s d\u00e9sormais d\u2019une fresque de l\u2019artiste Isabelle Pierron, la restauration des grilles d\u2019origines et enfin la mise en place d\u2019un \u00e9clairage, font de cet espace public un v\u00e9ritable lieu de m\u00e9moire.<\/em><\/p>\n<p><img decoding=\"async\" loading=\"lazy\" class=\"alignnone size-medium wp-image-13218\" src=\"https:\/\/maxeville.fr\/wp-content\/uploads\/2023\/02\/01-1920-3400-52-construction-du-perron-de-la-nouvelle-eglise-avant-1920.jpg\" alt=\"\" width=\"1\" height=\"1\" \/> <img decoding=\"async\" loading=\"lazy\" class=\"alignnone size-medium wp-image-13217\" src=\"https:\/\/maxeville.fr\/wp-content\/uploads\/2023\/02\/01-1910-3400-202-lavoir-avant-1910_-300x193.jpg\" alt=\"\" width=\"300\" height=\"193\" srcset=\"https:\/\/maxeville.fr\/wp-content\/uploads\/2023\/02\/01-1910-3400-202-lavoir-avant-1910_-300x193.jpg 300w, https:\/\/maxeville.fr\/wp-content\/uploads\/2023\/02\/01-1910-3400-202-lavoir-avant-1910_-1024x657.jpg 1024w, https:\/\/maxeville.fr\/wp-content\/uploads\/2023\/02\/01-1910-3400-202-lavoir-avant-1910_-768x493.jpg 768w, https:\/\/maxeville.fr\/wp-content\/uploads\/2023\/02\/01-1910-3400-202-lavoir-avant-1910_-1536x986.jpg 1536w, https:\/\/maxeville.fr\/wp-content\/uploads\/2023\/02\/01-1910-3400-202-lavoir-avant-1910_-2048x1315.jpg 2048w, https:\/\/maxeville.fr\/wp-content\/uploads\/2023\/02\/01-1910-3400-202-lavoir-avant-1910_-973x625.jpg 973w, https:\/\/maxeville.fr\/wp-content\/uploads\/2023\/02\/01-1910-3400-202-lavoir-avant-1910_-508x326.jpg 508w, https:\/\/maxeville.fr\/wp-content\/uploads\/2023\/02\/01-1910-3400-202-lavoir-avant-1910_-250x160.jpg 250w, https:\/\/maxeville.fr\/wp-content\/uploads\/2023\/02\/01-1910-3400-202-lavoir-avant-1910_-550x353.jpg 550w, https:\/\/maxeville.fr\/wp-content\/uploads\/2023\/02\/01-1910-3400-202-lavoir-avant-1910_-800x514.jpg 800w, https:\/\/maxeville.fr\/wp-content\/uploads\/2023\/02\/01-1910-3400-202-lavoir-avant-1910_-280x180.jpg 280w, https:\/\/maxeville.fr\/wp-content\/uploads\/2023\/02\/01-1910-3400-202-lavoir-avant-1910_-467x300.jpg 467w, https:\/\/maxeville.fr\/wp-content\/uploads\/2023\/02\/01-1910-3400-202-lavoir-avant-1910_-779x500.jpg 779w\" sizes=\"(max-width: 300px) 100vw, 300px\" \/> <img decoding=\"async\" loading=\"lazy\" class=\"alignnone size-medium wp-image-13216\" src=\"https:\/\/maxeville.fr\/wp-content\/uploads\/2023\/02\/01-1982-3170-01-Lavoir-Municipal.jpg\" alt=\"\" width=\"1\" height=\"1\" \/><\/p>\n<p>Pour toute question ou demande d\u2019information : <a href=\"mailto:participation@mairie-maxeville.fr\">participation@mairie-maxeville.fr<\/a><\/p>\n<h5><\/h5>\n<div style=\"padding-bottom:20px; padding-top:10px;\" class=\"hupso-share-buttons\"><!-- Hupso Share Buttons - https:\/\/www.hupso.com\/share\/ --><a class=\"hupso_toolbar\" href=\"https:\/\/www.hupso.com\/share\/\"><img src=\"https:\/\/static.hupso.com\/share\/buttons\/lang\/fr\/share-medium.png\" style=\"border:0px; padding-top: 5px; float:left;\" alt=\"Share Button\"\/><\/a><script type=\"text\/javascript\">var hupso_services_t=new Array();var hupso_background_t=\"#EAF4FF\";var hupso_border_t=\"#66CCFF\";var hupso_toolbar_size_t=\"medium\";var hupso_image_folder_url = \"\";var hupso_url_t=\"\";var hupso_title_t=\"Le%20lavoir\";<\/script><script type=\"text\/javascript\" src=\"https:\/\/static.hupso.com\/share\/js\/share_toolbar.js\"><\/script><!-- Hupso Share Buttons --><\/div>","protected":false},"excerpt":{"rendered":"<p>R\u00e9habilitation et mise en valeur du lavoir communal Situ\u00e9 en face de la mairie, le lavoir de la rue du 15 septembre 1944 \u00e0 Max\u00e9ville est un petit&#8230;<\/p>\n","protected":false},"author":1,"featured_media":13222,"parent":73,"menu_order":25,"comment_status":"closed","ping_status":"closed","template":"","meta":[],"_links":{"self":[{"href":"https:\/\/maxeville.fr\/index.php\/wp-json\/wp\/v2\/pages\/112"}],"collection":[{"href":"https:\/\/maxeville.fr\/index.php\/wp-json\/wp\/v2\/pages"}],"about":[{"href":"https:\/\/maxeville.fr\/index.php\/wp-json\/wp\/v2\/types\/page"}],"author":[{"embeddable":true,"href":"https:\/\/maxeville.fr\/index.php\/wp-json\/wp\/v2\/users\/1"}],"replies":[{"embeddable":true,"href":"https:\/\/maxeville.fr\/index.php\/wp-json\/wp\/v2\/comments?post=112"}],"version-history":[{"count":14,"href":"https:\/\/maxeville.fr\/index.php\/wp-json\/wp\/v2\/pages\/112\/revisions"}],"predecessor-version":[{"id":13226,"href":"https:\/\/maxeville.fr\/index.php\/wp-json\/wp\/v2\/pages\/112\/revisions\/13226"}],"up":[{"embeddable":true,"href":"https:\/\/maxeville.fr\/index.php\/wp-json\/wp\/v2\/pages\/73"}],"wp:featuredmedia":[{"embeddable":true,"href":"https:\/\/maxeville.fr\/index.php\/wp-json\/wp\/v2\/media\/13222"}],"wp:attachment":[{"href":"https:\/\/maxeville.fr\/index.php\/wp-json\/wp\/v2\/media?parent=112"}],"curies":[{"name":"wp","href":"https:\/\/api.w.org\/{rel}","templated":true}]}}