{"id":11289,"date":"2022-01-05T10:50:43","date_gmt":"2022-01-05T09:50:43","guid":{"rendered":"https:\/\/maxeville.fr\/?page_id=11289"},"modified":"2022-05-27T16:57:07","modified_gmt":"2022-05-27T14:57:07","slug":"decouvrir-les-sentiers-de-votre-ville","status":"publish","type":"page","link":"https:\/\/maxeville.fr\/index.php\/decouvrir-les-sentiers-de-votre-ville\/","title":{"rendered":"D\u00e9couvrir les Sentiers de votre Ville !"},"content":{"rendered":"\n<p>Les Sentiers de Max\u00e9ville<\/p>\n\n\n\n<p><em>Proche du centre de Nancy, il est difficile d\u2019imaginer que Max\u00e9ville, aujourd\u2019hui largement urbanis\u00e9e et si\u00e8ge d\u2019activit\u00e9s industrielles de pointe, \u00e9tait autrefois un village d\u2019ouvriers des carri\u00e8res et des mines, ainsi que de mara\u00eechers\u2026<\/em> <strong>Disponible \u00e0 diff\u00e9rents points de votre ville, une carte des sentiers de Max\u00e9ville vous fera d\u00e9couvrir votre territoire autrement<\/strong>, demandez-la !<\/p>\n\n\n\n<figure class=\"wp-block-image size-large\"><img decoding=\"async\" loading=\"lazy\" width=\"1024\" height=\"717\" src=\"https:\/\/maxeville.fr\/wp-content\/uploads\/2022\/02\/CARTE-SENTIERS-site-internet-1024x717.jpg\" alt=\"\" class=\"wp-image-11396\" srcset=\"https:\/\/maxeville.fr\/wp-content\/uploads\/2022\/02\/CARTE-SENTIERS-site-internet-1024x717.jpg 1024w, https:\/\/maxeville.fr\/wp-content\/uploads\/2022\/02\/CARTE-SENTIERS-site-internet-300x210.jpg 300w, https:\/\/maxeville.fr\/wp-content\/uploads\/2022\/02\/CARTE-SENTIERS-site-internet-768x538.jpg 768w, https:\/\/maxeville.fr\/wp-content\/uploads\/2022\/02\/CARTE-SENTIERS-site-internet-1536x1075.jpg 1536w, https:\/\/maxeville.fr\/wp-content\/uploads\/2022\/02\/CARTE-SENTIERS-site-internet-2048x1434.jpg 2048w, https:\/\/maxeville.fr\/wp-content\/uploads\/2022\/02\/CARTE-SENTIERS-site-internet-973x681.jpg 973w, https:\/\/maxeville.fr\/wp-content\/uploads\/2022\/02\/CARTE-SENTIERS-site-internet-508x356.jpg 508w, https:\/\/maxeville.fr\/wp-content\/uploads\/2022\/02\/CARTE-SENTIERS-site-internet-250x175.jpg 250w, https:\/\/maxeville.fr\/wp-content\/uploads\/2022\/02\/CARTE-SENTIERS-site-internet-550x385.jpg 550w, https:\/\/maxeville.fr\/wp-content\/uploads\/2022\/02\/CARTE-SENTIERS-site-internet-800x560.jpg 800w, https:\/\/maxeville.fr\/wp-content\/uploads\/2022\/02\/CARTE-SENTIERS-site-internet-257x180.jpg 257w, https:\/\/maxeville.fr\/wp-content\/uploads\/2022\/02\/CARTE-SENTIERS-site-internet-429x300.jpg 429w, https:\/\/maxeville.fr\/wp-content\/uploads\/2022\/02\/CARTE-SENTIERS-site-internet-714x500.jpg 714w, https:\/\/maxeville.fr\/wp-content\/uploads\/2022\/02\/CARTE-SENTIERS-site-internet-24x17.jpg 24w, https:\/\/maxeville.fr\/wp-content\/uploads\/2022\/02\/CARTE-SENTIERS-site-internet-36x25.jpg 36w, https:\/\/maxeville.fr\/wp-content\/uploads\/2022\/02\/CARTE-SENTIERS-site-internet-48x34.jpg 48w\" sizes=\"(max-width: 1024px) 100vw, 1024px\" \/><\/figure>\n\n\n\n<figure class=\"wp-block-image size-large\"><img decoding=\"async\" loading=\"lazy\" width=\"1024\" height=\"717\" src=\"https:\/\/maxeville.fr\/wp-content\/uploads\/2022\/02\/CARTE-SENTIERS-site-internet2-1024x717.jpg\" alt=\"\" class=\"wp-image-11397\" srcset=\"https:\/\/maxeville.fr\/wp-content\/uploads\/2022\/02\/CARTE-SENTIERS-site-internet2-1024x717.jpg 1024w, https:\/\/maxeville.fr\/wp-content\/uploads\/2022\/02\/CARTE-SENTIERS-site-internet2-300x210.jpg 300w, https:\/\/maxeville.fr\/wp-content\/uploads\/2022\/02\/CARTE-SENTIERS-site-internet2-768x538.jpg 768w, https:\/\/maxeville.fr\/wp-content\/uploads\/2022\/02\/CARTE-SENTIERS-site-internet2-1536x1075.jpg 1536w, https:\/\/maxeville.fr\/wp-content\/uploads\/2022\/02\/CARTE-SENTIERS-site-internet2-2048x1434.jpg 2048w, https:\/\/maxeville.fr\/wp-content\/uploads\/2022\/02\/CARTE-SENTIERS-site-internet2-973x681.jpg 973w, https:\/\/maxeville.fr\/wp-content\/uploads\/2022\/02\/CARTE-SENTIERS-site-internet2-508x356.jpg 508w, https:\/\/maxeville.fr\/wp-content\/uploads\/2022\/02\/CARTE-SENTIERS-site-internet2-250x175.jpg 250w, https:\/\/maxeville.fr\/wp-content\/uploads\/2022\/02\/CARTE-SENTIERS-site-internet2-550x385.jpg 550w, https:\/\/maxeville.fr\/wp-content\/uploads\/2022\/02\/CARTE-SENTIERS-site-internet2-800x560.jpg 800w, https:\/\/maxeville.fr\/wp-content\/uploads\/2022\/02\/CARTE-SENTIERS-site-internet2-257x180.jpg 257w, https:\/\/maxeville.fr\/wp-content\/uploads\/2022\/02\/CARTE-SENTIERS-site-internet2-429x300.jpg 429w, https:\/\/maxeville.fr\/wp-content\/uploads\/2022\/02\/CARTE-SENTIERS-site-internet2-714x500.jpg 714w, https:\/\/maxeville.fr\/wp-content\/uploads\/2022\/02\/CARTE-SENTIERS-site-internet2-24x17.jpg 24w, https:\/\/maxeville.fr\/wp-content\/uploads\/2022\/02\/CARTE-SENTIERS-site-internet2-36x25.jpg 36w, https:\/\/maxeville.fr\/wp-content\/uploads\/2022\/02\/CARTE-SENTIERS-site-internet2-48x34.jpg 48w\" sizes=\"(max-width: 1024px) 100vw, 1024px\" \/><\/figure>\n\n\n\n<p>Pour t\u00e9l\u00e9charger cette carte, <a rel=\"noreferrer noopener\" href=\"https:\/\/maxeville.fr\/wp-content\/uploads\/2022\/05\/CARTE-SENTIERS-BD-RVB.pdf\" data-type=\"URL\" target=\"_blank\">par ici !<\/a><\/p>\n<div style=\"padding-bottom:20px; padding-top:10px;\" class=\"hupso-share-buttons\"><!-- Hupso Share Buttons - https:\/\/www.hupso.com\/share\/ --><a class=\"hupso_toolbar\" href=\"https:\/\/www.hupso.com\/share\/\"><img src=\"https:\/\/static.hupso.com\/share\/buttons\/lang\/fr\/share-medium.png\" style=\"border:0px; padding-top: 5px; float:left;\" alt=\"Share Button\"\/><\/a><script type=\"text\/javascript\">var hupso_services_t=new Array();var hupso_background_t=\"#EAF4FF\";var hupso_border_t=\"#66CCFF\";var hupso_toolbar_size_t=\"medium\";var hupso_image_folder_url = \"\";var hupso_url_t=\"\";var hupso_title_t=\"D%C3%A9couvrir%20les%20Sentiers%20de%20votre%20Ville%20%21\";<\/script><script type=\"text\/javascript\" src=\"https:\/\/static.hupso.com\/share\/js\/share_toolbar.js\"><\/script><!-- Hupso Share Buttons --><\/div>","protected":false},"excerpt":{"rendered":"<p>Les Sentiers de Max\u00e9ville Proche du centre de Nancy, il est difficile d\u2019imaginer que Max\u00e9ville, aujourd\u2019hui largement urbanis\u00e9e et si\u00e8ge d\u2019activit\u00e9s industrielles de pointe, \u00e9tait autrefois un village&#8230;<\/p>\n","protected":false},"author":1,"featured_media":11545,"parent":0,"menu_order":0,"comment_status":"closed","ping_status":"closed","template":"","meta":[],"_links":{"self":[{"href":"https:\/\/maxeville.fr\/index.php\/wp-json\/wp\/v2\/pages\/11289"}],"collection":[{"href":"https:\/\/maxeville.fr\/index.php\/wp-json\/wp\/v2\/pages"}],"about":[{"href":"https:\/\/maxeville.fr\/index.php\/wp-json\/wp\/v2\/types\/page"}],"author":[{"embeddable":true,"href":"https:\/\/maxeville.fr\/index.php\/wp-json\/wp\/v2\/users\/1"}],"replies":[{"embeddable":true,"href":"https:\/\/maxeville.fr\/index.php\/wp-json\/wp\/v2\/comments?post=11289"}],"version-history":[{"count":5,"href":"https:\/\/maxeville.fr\/index.php\/wp-json\/wp\/v2\/pages\/11289\/revisions"}],"predecessor-version":[{"id":12056,"href":"https:\/\/maxeville.fr\/index.php\/wp-json\/wp\/v2\/pages\/11289\/revisions\/12056"}],"wp:featuredmedia":[{"embeddable":true,"href":"https:\/\/maxeville.fr\/index.php\/wp-json\/wp\/v2\/media\/11545"}],"wp:attachment":[{"href":"https:\/\/maxeville.fr\/index.php\/wp-json\/wp\/v2\/media?parent=11289"}],"curies":[{"name":"wp","href":"https:\/\/api.w.org\/{rel}","templated":true}]}}