{"id":1141,"date":"2016-11-07T16:50:19","date_gmt":"2016-11-07T15:50:19","guid":{"rendered":"http:\/\/www.maxeville.fr\/?page_id=1141"},"modified":"2019-08-29T11:31:08","modified_gmt":"2019-08-29T09:31:08","slug":"reussite-educative","status":"publish","type":"page","link":"https:\/\/maxeville.fr\/index.php\/ma-famille\/reussite-educative\/","title":{"rendered":"R\u00e9ussite \u00c9ducative"},"content":{"rendered":"<hr \/>\n<h5>La R\u00e9ussite \u00c9ducative\u2026 qu\u2019est-ce que c\u2019est ?<\/h5>\n<div class=\"post-content\">\n<p><span style=\"color: #808080;\">Financ\u00e9 par l\u2019\u00c9tat et par la ville, le Dispositif de la R\u00e9ussite Educative (DRE) est un dispositif de Pr\u00e9vention et d\u2019Accompagnement qui s\u2019adresse aux jeunes \u00e2g\u00e9s de 2 \u00e0 16 ans de tous les \u00e9tablissements scolaires de la ville, ainsi qu\u2019\u00e0 leur famille. Son objectif est de donner leur chance aux enfants ne b\u00e9n\u00e9ficiant pas d\u2019un environnement social, familial, ou culturel favorable \u00e0 leur \u00e9panouissement et \u00e0 leur r\u00e9ussite.<\/span><\/p>\n<\/div>\n<ul>\n<li><span style=\"color: #808080;\"><strong>Scolaire :<\/strong> pour l\u2019enfant en situation d\u2019\u00e9chec scolaire et afin d\u2019\u00e9viter que sa situation ne se d\u00e9grade, l\u2019objectif est de l\u2019amener peu \u00e0 peu \u00e0 retrouver sa place au sein de l\u2019\u00e9cole, \u00e0 restaurer son lien au savoir, \u00e0 d\u00e9velopper sa curiosit\u00e9 et son go\u00fbt pour l\u2019apprentissage.<\/span><\/li>\n<li><span style=\"color: #808080;\"><strong>Sant\u00e9 :<\/strong> le Dispositif de R\u00e9ussite Educative permet d\u2019informer les familles et de faire le lien avec les professionnels de sant\u00e9 lorsque cela s\u2019av\u00e8re n\u00e9cessaire.<\/span><\/li>\n<li><span style=\"color: #808080;\"><strong>Parentalit\u00e9 et accompagnement socio- \u00e9ducatif :<\/strong> actions culturelles, initiation aux m\u00e9dias, sorties p\u00e9dagogiques et de loisirs sont propos\u00e9es \u2013 jamais impos\u00e9es &#8211; et toujours en rapport avec les difficult\u00e9s individuelles des enfants.<\/span><\/li>\n<\/ul>\n<p><span style=\"color: #808080;\">Pour les Parents, c\u2019est un accompagnement pour une meilleure ma\u00eetrise de leur environnement, et donc de leur bien-\u00eatre et de celui de leurs enfants. Sorties et activit\u00e9s parents-enfants restaurent les liens familiaux et r\u00e9v\u00e8lent les talents de chacun au sein de la cellule familiale. Les Espaces Parents ou Caf\u00e9s des Parents, en lien avec l\u2019Education Nationale, permettent aux familles de se r\u00e9unir pour \u00e9changer de mani\u00e8re conviviale autour de sujets de leur choix et avec le soutien de professionnels. Dans ce cadre, la R\u00e9ussite \u00e9ducative trouve toute sa place comme outil de coh\u00e9sion sociale.<\/span><\/p>\n<h5><span style=\"color: #333333;\">Qu\u2019est-ce qu\u2019un parcours de R\u00e9ussite \u00c9ducative ?<\/span><\/h5>\n<p><span style=\"color: #808080;\">Le parcours de R\u00e9ussite \u00c9ducative\u00a0 est un accompagnement personnalis\u00e9 qui :<\/span><\/p>\n<ul>\n<li><span style=\"color: #808080;\">Prend en compte tous les temps de vie de l\u2019enfant ;<\/span><\/li>\n<li><span style=\"color: #808080;\">Permet de mettre en \u00e9vidence les potentiels de l\u2019enfant et de mobiliser toutes les\u00a0 ressources\u00a0 de son environnement ;<\/span><\/li>\n<li><span style=\"color: #808080;\">S\u2019appuie sur trois axes principaux : le Parcours scolaire, la Sant\u00e9, la Parentalit\u00e9.<\/span><\/li>\n<\/ul>\n<h5><span style=\"color: #333333;\">Mise\u00a0en place d\u2019un parcours de R\u00e9ussite \u00c9ducative<\/span><\/h5>\n<p><span style=\"color: #808080;\">Le Coordonnateur de la R\u00e9ussite \u00c9ducative, en\u00a0 lien avec les services de la Mairie et les nombreux partenaires locaux (Education Nationale, Conseil d\u00e9partemental, Associations sportives , culturelles et d\u2019Education populaire, Professionnels de la Sant\u00e9\u2026) \u00e9tablit\u00a0 en \u00e9quipe un diagnostic de la situation et propose aux familles un accompagnement personnalis\u00e9.<\/span><\/p>\n<div style=\"padding-bottom:20px; padding-top:10px;\" class=\"hupso-share-buttons\"><!-- Hupso Share Buttons - https:\/\/www.hupso.com\/share\/ --><a class=\"hupso_toolbar\" href=\"https:\/\/www.hupso.com\/share\/\"><img src=\"https:\/\/static.hupso.com\/share\/buttons\/lang\/fr\/share-medium.png\" style=\"border:0px; padding-top: 5px; float:left;\" alt=\"Share Button\"\/><\/a><script type=\"text\/javascript\">var hupso_services_t=new Array();var hupso_background_t=\"#EAF4FF\";var hupso_border_t=\"#66CCFF\";var hupso_toolbar_size_t=\"medium\";var hupso_image_folder_url = \"\";var hupso_url_t=\"\";var hupso_title_t=\"R%C3%A9ussite%20%C3%89ducative\";<\/script><script type=\"text\/javascript\" src=\"https:\/\/static.hupso.com\/share\/js\/share_toolbar.js\"><\/script><!-- Hupso Share Buttons --><\/div>","protected":false},"excerpt":{"rendered":"<p>La R\u00e9ussite \u00c9ducative\u2026 qu\u2019est-ce que c\u2019est ? Financ\u00e9 par l\u2019\u00c9tat et par la ville, le Dispositif de la R\u00e9ussite Educative (DRE) est un dispositif de Pr\u00e9vention et d\u2019Accompagnement&#8230;<\/p>\n","protected":false},"author":1,"featured_media":0,"parent":341,"menu_order":5,"comment_status":"closed","ping_status":"closed","template":"","meta":[],"_links":{"self":[{"href":"https:\/\/maxeville.fr\/index.php\/wp-json\/wp\/v2\/pages\/1141"}],"collection":[{"href":"https:\/\/maxeville.fr\/index.php\/wp-json\/wp\/v2\/pages"}],"about":[{"href":"https:\/\/maxeville.fr\/index.php\/wp-json\/wp\/v2\/types\/page"}],"author":[{"embeddable":true,"href":"https:\/\/maxeville.fr\/index.php\/wp-json\/wp\/v2\/users\/1"}],"replies":[{"embeddable":true,"href":"https:\/\/maxeville.fr\/index.php\/wp-json\/wp\/v2\/comments?post=1141"}],"version-history":[{"count":15,"href":"https:\/\/maxeville.fr\/index.php\/wp-json\/wp\/v2\/pages\/1141\/revisions"}],"predecessor-version":[{"id":1899,"href":"https:\/\/maxeville.fr\/index.php\/wp-json\/wp\/v2\/pages\/1141\/revisions\/1899"}],"up":[{"embeddable":true,"href":"https:\/\/maxeville.fr\/index.php\/wp-json\/wp\/v2\/pages\/341"}],"wp:attachment":[{"href":"https:\/\/maxeville.fr\/index.php\/wp-json\/wp\/v2\/media?parent=1141"}],"curies":[{"name":"wp","href":"https:\/\/api.w.org\/{rel}","templated":true}]}}