{"id":11589,"date":"2022-03-07T16:55:35","date_gmt":"2022-03-07T15:55:35","guid":{"rendered":"https:\/\/maxeville.fr\/?page_id=11589"},"modified":"2022-03-07T16:55:35","modified_gmt":"2022-03-07T15:55:35","slug":"elles-font-maxeville-2","status":"publish","type":"page","link":"https:\/\/maxeville.fr\/index.php\/elles-font-maxeville-2\/","title":{"rendered":"Elles font Max\u00e9ville\u2026 #2"},"content":{"rendered":"\n<h2 class=\"wp-block-heading\">Christiane Ragot &#8211; Aide \u00e0 domicile<\/h2>\n\n\n\n<p><em>Entretien men\u00e9 par Flora Vincent, le 24 f\u00e9vrier 2022 \u00e0 la \u00a0Maison du Lien de de la solidarit\u00e9, Max\u00e9ville.<\/em><\/p>\n\n\n\n<p><strong>1. Pouvez-vous d\u00e9crire votre travail\u00a0? (Ses atouts, difficult\u00e9s, repr\u00e9sentations dans la soci\u00e9t\u00e9 actuelle avec notamment les st\u00e9r\u00e9otypes et pr\u00e9jug\u00e9s ?)<\/strong><\/p>\n\n\n\n<p>Je travaille depuis 15 ans en tant qu\u2019aide \u00e0 domicile.<\/p>\n\n\n\n<p>\u00catre aide \u00e0 domicile d\u00e9j\u00e0, c\u2019est une pr\u00e9sence. Quand les personnes sont toutes seules, il y a d\u00e9j\u00e0 une pr\u00e9sence matin, midi et soir ou plusieurs fois dans la semaine. Si la personne est toute seule, au moins il y a quelqu\u2019un qui vient chez elle. Et puis elle nous raconte ses histoires de famille ou quoi que ce soit, on est des confidentes.<\/p>\n\n\n\n<p>Les atouts de ce m\u00e9tier sont le fait de donner le sourire aux gens qui ont besoin de nous dans la vie quotidienne que ce soient la toilette, le m\u00e9nage, le fait de manger, le repassage, les courses, l\u2019accompagnement.<\/p>\n\n\n\n<p>Les inconv\u00e9nients c\u2019est que parfois c\u2019est dur parce que la personne n\u2019est pas commode ou alors elle est beaucoup handicap\u00e9e et ne se laisse pas faire, on n\u2019est pas beaucoup pay\u00e9s. Et surtout le salaire car par rapport \u00e0 ce qu\u2019on a fait dans le mois, on n\u2019est pas beaucoup pay\u00e9s, ce serait bien qu\u2019on soit pay\u00e9s un peu plus.<\/p>\n\n\n\n<p>Les gens feraient plus ce m\u00e9tier si on \u00e9tait mieux pay\u00e9s, si c\u2019est pour se lever tous les matins et gagner une mis\u00e8re, les gens pr\u00e9f\u00e8rent rester au lit d\u2019autant plus avec les transports et l\u2019essence qui augmente.<\/p>\n\n\n\n<p>C\u2019est un m\u00e9tier plaisant, il faut aimer les personnes \u00e2g\u00e9es et le contact pour faire ce m\u00e9tier, c\u2019est s\u00fbr que c\u2019est dur de toute fa\u00e7on, parfois c\u2019est toute la journ\u00e9e, ou alors on a des horaires coup\u00e9s. On fait des longues journ\u00e9es, mais il y a des m\u00e9tiers plus durs quand m\u00eame, comme ceux qui travaillent dehors, nous on est au chaud d\u00e9j\u00e0. C\u2019est un m\u00e9tier plaisant de s\u2019occuper des personnes, et puis elles ont besoin de nous, c\u2019est ce qu\u2019il faut se dire.<\/p>\n\n\n\n<p>Ce qui est aussi difficile c\u2019est qu\u2019on est parfois confront\u00e9s aux d\u00e9c\u00e8s de certaines personnes, c\u2019est dur, on ne doit pas s\u2019attacher aux gens dans ce m\u00e9tier mais c\u2019est dur de ne pas s\u2019y attacher. Quand \u00e7a fait x temps que vous les voyez tous les jours et qu\u2019un jour c\u2019est la fin, \u00e7a fait mal, on doit vivre avec.<\/p>\n\n\n\n<p>J\u2019aime bien ce m\u00e9tier, je n\u2019ai pas l\u2019impression de travailler, on passe d\u2019une personne \u00e0 une autre, quand on a besoin de quelque chose on appelle pour nous diriger et d\u00e8s qu\u2019on a un probl\u00e8me, ils [les responsables travaillant \u00e0 la ville de Max\u00e9ville\/Corinne Genin en l\u2019occurrence] sont l\u00e0.<\/p>\n\n\n\n<p>J\u2019ai environ 7 \u00e0 8 interventions par jour, avec un emploi du temps qui change tr\u00e8s r\u00e9guli\u00e8rement. Pour nous, ce n\u2019est pas tellement une difficult\u00e9 mais pour les personnes qui attendent c\u2019est perturbant, elles se demandent pourquoi ce n\u2019est pas la personne pr\u00e9vue qui arrive alors on explique la situation, si par exemple la personne est malade, d\u2019autant plus que quand on est malade on ne veut pas contaminer les usagers alors on est oblig\u00e9s de s\u2019arr\u00eater.<\/p>\n\n\n\n<p>J\u2019esp\u00e8re continuer ce m\u00e9tier encore des ann\u00e9es si ma sant\u00e9 me le permet car c\u2019est quand m\u00eame un m\u00e9tier qui a des r\u00e9percussions sur la sant\u00e9&nbsp;: les genoux, le dos, les bras, on a mal partout, \u00e0 un moment, on ne peut plus se mettre \u00e0 quatre pattes pour faire les plinthes c\u2019est fini. On est l\u00e0 pour aider les personnes \u00e2g\u00e9es alors si nous on est \u00e2g\u00e9s et qu\u2019on vient aider quelqu\u2019un, c\u2019est compliqu\u00e9. Se mettre \u00e0 genoux, se mettre accroupi, le dos, l\u2019arthrose, on fait comme on peut.<\/p>\n\n\n\n<p>Ce serait bien d\u2019avoir plus d\u2019hommes dans ce m\u00e9tier, quand on a des hommes un peu costauds, c\u2019est bien car nous les femmes on n\u2019a pas la m\u00eame force. Et puis, avec un homme, \u00e7a peut passer mieux parfois avec certains usagers.<\/p>\n\n\n\n<p><strong>2. \u00a0Qu\u2019est-ce qui vous motive dans votre emploi\u00a0?<\/strong><\/p>\n\n\n\n<p>Ce qui motive dans mon emploi c\u2019est de voir les gens qui ont la banane parce qu\u2019ils sont contents de nous voir. Au moins on voit qu\u2019ils nous attendent, \u00e7a fait plaisir.<\/p>\n\n\n\n<p>Ce que j\u2019aime le plus c\u2019est le contact avec les personnes. J\u2019aime bien faire l\u2019entretien du logement aussi car les gens sont contents, ils sont reconnaissants de ce qu\u2019on fait, ils ont un grand sourire, nous remercient.<\/p>\n\n\n\n<p><strong>3. Comment votre m\u00e9tier a-t-il \u00e9volu\u00e9 par rapport au covid\u00a0? Comment percevez-vous votre m\u00e9tier dans 10 ans ou dans 20 ans ?<\/strong><\/p>\n\n\n\n<p>Pendant le confinement, on n\u2019a de toute fa\u00e7on pas arr\u00eat\u00e9 nous, on \u00e9tait oblig\u00e9s car les gens qui ont besoin d\u2019aide pour manger, on est oblig\u00e9s de les soutenir. Sinon, avec le covid, on est \u00e9videmment oblig\u00e9s de mettre les masques, les gants, enfin de se prot\u00e9ger plus. Alors pour les personnes qui ont des probl\u00e8mes d\u2019audition, avec les masques c\u2019est emb\u00eatant. Mais autrement, on fait attention et on garde plus nos distances donc il y en a qui ne comprennent pas car ils aiment bien les petits c\u00e2lins, ils ont besoin de contacts physiques donc c\u2019est dur.<\/p>\n\n\n\n<p>Les personnes \u00e2g\u00e9es \u00e9coutaient beaucoup la t\u00e9l\u00e9 donc j\u2019ai g\u00e9r\u00e9 les peurs comme d\u2019habitude avec des paroles, avec des gestes amicaux et puis on fait plus attention \u00e0 eux, on les \u00e9coute plus. Ils avaient beaucoup besoin de parler, d\u2019\u00e9couter, ils nous posaient des questions.<\/p>\n\n\n\n<p>Beaucoup de personnes ne sortaient pas avant le covid d\u00e9j\u00e0 donc ils n\u2019avaient pas plus besoin de nous que d\u2019habitude, ceux qui sortaient avaient besoin de nous pour faire des courses, tout \u00e7a mais les plus anciens ne sortaient pas donc pour eux \u00e7a n\u2019a pas trop chang\u00e9, et on allait tous les jours chez eux quand m\u00eame donc pour eux \u00e7a n\u2019a pas chang\u00e9.<\/p>\n\n\n\n<p>Par ailleurs, j\u2019esp\u00e8re qu\u2019on aura plus de reconnaissance par rapport \u00e0 tout ce qu\u2019on fait car parfois on en fait autant que les aides-soignantes.<\/p>\n\n\n\n<p>On \u00e9tait l\u00e0 comme les soignants pendant le confinement, on a travaill\u00e9 aussi mais on n\u2019a pas \u00e9t\u00e9 applaudis comme les aides-soignantes et tout \u00e7a, pourtant on \u00e9tait sur le champ aussi et puis avec la crainte aussi, la crainte d\u2019attraper ou de transmettre la maladie. On s\u2019occupait aussi \u00e9videmment des personnes malades [du COVID], heureusement on n\u2019en a pas eu trop sur Max\u00e9ville.<\/p>\n\n\n\n<p>Les personnes nous remerciaient d&#8217;\u00eatre l\u00e0 alors qu\u2019on ne pouvait plus sortir, ils avaient besoin de nous pour manger ou m\u00eame se lever, on \u00e9tait oblig\u00e9s d\u2019y aller et ils \u00e9taient tr\u00e8s reconnaissants.<\/p>\n<div style=\"padding-bottom:20px; padding-top:10px;\" class=\"hupso-share-buttons\"><!-- Hupso Share Buttons - https:\/\/www.hupso.com\/share\/ --><a class=\"hupso_toolbar\" href=\"https:\/\/www.hupso.com\/share\/\"><img src=\"https:\/\/static.hupso.com\/share\/buttons\/lang\/fr\/share-medium.png\" style=\"border:0px; padding-top: 5px; float:left;\" alt=\"Share Button\"\/><\/a><script type=\"text\/javascript\">var hupso_services_t=new Array();var hupso_background_t=\"#EAF4FF\";var hupso_border_t=\"#66CCFF\";var hupso_toolbar_size_t=\"medium\";var hupso_image_folder_url = \"\";var hupso_url_t=\"\";var hupso_title_t=\"Elles%20font%20Max%C3%A9ville%E2%80%A6%20%232\";<\/script><script type=\"text\/javascript\" src=\"https:\/\/static.hupso.com\/share\/js\/share_toolbar.js\"><\/script><!-- Hupso Share Buttons --><\/div>","protected":false},"excerpt":{"rendered":"<p>Christiane Ragot &#8211; Aide \u00e0 domicile Entretien men\u00e9 par Flora Vincent, le 24 f\u00e9vrier 2022 \u00e0 la \u00a0Maison du Lien de de la solidarit\u00e9, Max\u00e9ville. 1. Pouvez-vous d\u00e9crire&#8230;<\/p>\n","protected":false},"author":1,"featured_media":11583,"parent":0,"menu_order":0,"comment_status":"closed","ping_status":"closed","template":"","meta":[],"_links":{"self":[{"href":"https:\/\/maxeville.fr\/index.php\/wp-json\/wp\/v2\/pages\/11589"}],"collection":[{"href":"https:\/\/maxeville.fr\/index.php\/wp-json\/wp\/v2\/pages"}],"about":[{"href":"https:\/\/maxeville.fr\/index.php\/wp-json\/wp\/v2\/types\/page"}],"author":[{"embeddable":true,"href":"https:\/\/maxeville.fr\/index.php\/wp-json\/wp\/v2\/users\/1"}],"replies":[{"embeddable":true,"href":"https:\/\/maxeville.fr\/index.php\/wp-json\/wp\/v2\/comments?post=11589"}],"version-history":[{"count":1,"href":"https:\/\/maxeville.fr\/index.php\/wp-json\/wp\/v2\/pages\/11589\/revisions"}],"predecessor-version":[{"id":11590,"href":"https:\/\/maxeville.fr\/index.php\/wp-json\/wp\/v2\/pages\/11589\/revisions\/11590"}],"wp:featuredmedia":[{"embeddable":true,"href":"https:\/\/maxeville.fr\/index.php\/wp-json\/wp\/v2\/media\/11583"}],"wp:attachment":[{"href":"https:\/\/maxeville.fr\/index.php\/wp-json\/wp\/v2\/media?parent=11589"}],"curies":[{"name":"wp","href":"https:\/\/api.w.org\/{rel}","templated":true}]}}