{"id":11595,"date":"2022-03-07T17:03:46","date_gmt":"2022-03-07T16:03:46","guid":{"rendered":"https:\/\/maxeville.fr\/?page_id=11595"},"modified":"2022-03-07T17:03:46","modified_gmt":"2022-03-07T16:03:46","slug":"elles-font-maxeville-5","status":"publish","type":"page","link":"https:\/\/maxeville.fr\/index.php\/elles-font-maxeville-5\/","title":{"rendered":"Elles font Max\u00e9ville&#8230; #5"},"content":{"rendered":"\n<h2 class=\"wp-block-heading\">V\u00e9ronique Mangin &#8211; Agente communale aux espaces verts<\/h2>\n\n\n\n<p><em>Entretien men\u00e9 par Flora Vincent, le 22 f\u00e9vrier 2022 \u00e0 la \u00a0Maison du Lien de de la solidarit\u00e9, Max\u00e9ville.<\/em><\/p>\n\n\n\n<p><strong>1. Pouvez-vous d\u00e9crire votre travail\u00a0? (Ses atouts, difficult\u00e9s, repr\u00e9sentations dans la soci\u00e9t\u00e9 actuelle avec notamment les st\u00e9r\u00e9otypes et pr\u00e9jug\u00e9s ?)<\/strong><\/p>\n\n\n\n<p>C\u2019est un m\u00e9tier saisonnier, on travaille selon les saisons et la m\u00e9t\u00e9o. Toute la p\u00e9riode estivale, on pratique essentiellement de la tonte, de la taille, de l\u2019entretien de massifs. On fait du suivi de v\u00e9g\u00e9tation. L\u2019automne, il y a \u00e9norm\u00e9ment de ramassage de feuilles, du soufflage dans les all\u00e9es, dans les parcs on fait de l\u2019\u00e9lagage, on grimpe dans les arbres. Au-dessus des parcours pi\u00e9tons, s\u2019il y a des branches dangereuses, on les coupe pour que \u00e7a ne tombe pas sur quelqu\u2019un, on fait de la pr\u00e9vention. On intervient aussi en for\u00eat sur les sentiers forestiers, on entretient les sentiers forestiers. L\u2019hiver, on fait du salage quand il y a des plaques de neige gel\u00e9es sur les trottoirs. Il y a aussi beaucoup de travail sur le bois, sur les arbres. Puis j\u2019ai aussi la particularit\u00e9 de pr\u00e9voir le fleurissement de la saison prochaine, j\u2019ai un petit peu de travail dans les bureaux, des commandes. Donc d\u2019anticiper toute la flore, tout le c\u00f4t\u00e9 esth\u00e9tique, le c\u00f4t\u00e9 embellissement de la ville par la fleur, que ce soit de la fleur annuelle ou de la fleur bisannuelle, tous les d\u00e9cors qu\u2019on puisse introduire dans les massifs. Il faut des ann\u00e9es de pratique, de la connaissance mais \u00e0 partir du moment o\u00f9 on est all\u00e9s dans une \u00e9cole horticole, on a d\u00e9j\u00e0 abord\u00e9 ces sujets, \u00e7a devient tr\u00e8s facile apr\u00e8s, apr\u00e8s \u00e7a se transmet, on accueille des stagiaires, il faut les initier un peu au m\u00e9tier.<\/p>\n\n\n\n<p>On fait aussi des d\u00e9cors lors de manifestations, par exemple les v\u0153ux de monsieur le maire. Prochainement, il y a \u00ab&nbsp;jeux et familles en f\u00eate&nbsp;\u00bb donc la ludoth\u00e8que ouvre ses portes pour des grandes animations donc des fois ils ont besoin de d\u00e9cors, des d\u00e9cors v\u00e9g\u00e9tales, des tressages, des \u00e9l\u00e9ments de d\u00e9coration, on s\u2019attelle de plus en plus aux d\u00e9cors. On fait aussi des animations pour les personnes \u00e2g\u00e9es, des plants de tables, des d\u00e9cors floraux pour les f\u00eates. Quand les seniors font leurs repas, ils aiment bien mettre sur les tables des centres de tables donc souvent quelques jours avant, j\u2019emm\u00e8ne quelques seniors avec moi, pr\u00e9lever dans notre parc, dans le jardin de la ville des v\u00e9g\u00e9taux, apr\u00e8s on fait un atelier art floral car j\u2019\u00e9tais fleuriste avant donc \u00e7a me permet aussi de pratiquer de ce c\u00f4t\u00e9-l\u00e0, c\u2019est int\u00e9ressant, c\u2019est sympa, c\u2019est de l\u2019animation, c\u2019est du d\u00e9cor, les gens sont contents de pratiquer les centres de tables comme \u00e7a, c\u2019est convivial, on se regroupe, enfin quand c\u2019\u00e9tait plus possible surtout apr\u00e8s la crise sanitaire.<\/p>\n\n\n\n<p>La grosse saison de boulot c\u2019est le printemps o\u00f9 il y a beaucoup de plantations, o\u00f9 l\u2019on place toutes les fleurs. Et apr\u00e8s c\u2019est l\u2019arrosage qui prend \u00e9norm\u00e9ment de temps, le c\u0153ur de ville est en train de se refaire et donc on a \u00e9norm\u00e9ment de travail d\u2019entretien, d\u2019arrosage, \u00e9norm\u00e9ment de suivis de v\u00e9g\u00e9taux.<\/p>\n\n\n\n<p>Notre secteur c\u2019est Max\u00e9ville bas, Max\u00e9ville haut, Max\u00e9ville centre, apr\u00e8s c\u2019est pas mal d\u00e9coup\u00e9, enfin pas aux m\u00eames endroits, il faut beaucoup bouger mais c\u2019est bien, c\u2019est int\u00e9ressant, c\u2019est des milieux diff\u00e9rents. Apr\u00e8s on reste une petite \u00e9quipe par rapport \u00e0 la surface du terrain donc souvent on intervient en pompier, quand c\u2019est l\u2019heure et le moment de le faire. On ne peut pas trop anticiper notre travail. Apr\u00e8s c\u2019est comme \u00e7a, on est une petite \u00e9quipe, on le sait, on est cinq pour toute la ville m\u00eame s\u2019il y a des terrains qui sont sous-trait\u00e9s aussi, les terrains de foot, ce n\u2019est pas nous qui tondons, c\u2019est des entreprises, les berges du canal aussi. Apr\u00e8s ce sont des choix qu\u2019on a faits, on ne passe pas des heures et des heures sur la tondeuse et on passe \u00e0 autre chose aussi.<\/p>\n\n\n\n<p>Le travail d\u2019une femme aux espaces verts, \u00e7a fait 20 ans que j\u2019y travaille et dans les 10 premi\u00e8res ann\u00e9es ce n\u2019\u00e9tait pas tr\u00e8s commun, c\u2019\u00e9tait beaucoup des hommes qui travaillaient aux espaces verts. Maintenant le m\u00e9tier se f\u00e9minise au d\u00e9but il fallait faire sa place, montrer que l\u2019on est aussi capable que les hommes de r\u00e9parer une machine ou de faire une marche arri\u00e8re en remorque. Ce sont des m\u00e9tiers plus masculins, il faut une bonne condition physique, il faut \u00eatre sportif, il faut porter beaucoup, c\u2019est ultra physique. Au d\u00e9but on mettait en doute mes capacit\u00e9s, m\u00eame si j\u2019avais des qualifications, dans les premiers temps il a fallu que je montre ce que je savais faire, puis apr\u00e8s \u00e7a s\u2019est bien pass\u00e9 parce-que les gars \u00e9taient plut\u00f4t sympas, je suis tomb\u00e9e sur des personnes bien.<\/p>\n\n\n\n<p>C\u2019est un travail physique, on porte \u00e9norm\u00e9ment alors il faut \u00e0 tout prix \u00eatre en bonne forme physique pour pratiquer ce m\u00e9tier. Et puis il faut avoir la passion, on est tous les jours dehors, par tous les temps donc il faut \u00eatre motiv\u00e9, c\u2019est s\u00fbr que si on craint un peu le froid, on craint un peu les conditions m\u00e9t\u00e9o, alors c\u2019est pas la peine. Donc il faut vraiment aimer ce m\u00e9tier, aimer la nature et les espaces verts et puis travailler en collectivit\u00e9 aussi, il faut savoir travailler en \u00e9quipe, il faut savoir d\u00e9l\u00e9guer, faire confiance aux autres, \u00e7a aussi c\u2019est une qualit\u00e9 mais bon comme dans tout m\u00e9tier on rencontre cette situation. Avant tout, moi je pense que c\u2019est quand m\u00eame la bonne forme physique, comme c\u2019est un m\u00e9tier physique, on est en train de porter les souffleurs, on doit \u00eatre \u00e9quip\u00e9s en mat\u00e9riel, il faut vraiment, pourtant je ne suis pas costaud mais c\u2019est le mental qui me porte. Sinc\u00e8rement, c\u2019est vraiment \u00e7a, pour une femme qui veut travailler aux espaces verts, il faut avoir toujours la passion de la nature et avoir la forme physique qui va bien, si on est toutes les cinq minutes arr\u00eat\u00e9 parce qu\u2019on s\u2019est fait un petit bobo, enfin parce qu\u2019on s\u2019est \u00e9corch\u00e9, parce que machin, il faut pas trop en parler, enfin j\u2019ai pas des mains de fille quoi. On agit sur diff\u00e9rents espaces de fa\u00e7on diff\u00e9rente, on pratique la gestion diff\u00e9renci\u00e9e selon les espaces o\u00f9 on se trouve et autour de la mairie, c\u2019est des espaces un peu plus soign\u00e9s qu\u2019ailleurs parce que c\u2019est le centre-ville, c\u2019est un peu chic et puis plus on s\u2019\u00e9carte un peu du centre, plus la gestion est naturelle et il faut donc g\u00e9rer le v\u00e9g\u00e9tal et il faut respecter la v\u00e9g\u00e9tation.<\/p>\n\n\n\n<p>Je suis \u00ab&nbsp;homme de pied&nbsp;\u00bb aussi ce qui signifie que j\u2019ai suivi une formation afin de pouvoir secourir la personne qui grimpe en cas d\u2019accident, il faut avoir des capacit\u00e9s de grimpe et de secourisme ainsi que savoir manipuler pour descendre en s\u00e9curit\u00e9 car ce qui a le plus manqu\u00e9 lors de gros accidents est la pr\u00e9sence d\u2019une deuxi\u00e8me personne qui sait grimper. M\u00eame les pompiers qui viennent n\u2019ont pas tous la capacit\u00e9 de grimper d\u2019o\u00f9 la pr\u00e9sence d\u2019un \u00ab&nbsp;homme de pied&nbsp;\u00bb qui sache grimper et qui organise les branches lors de l\u2019\u00e9lagage et enl\u00e8ve les branches au sol pour ne pas g\u00eaner la corde et de g\u00eane pour la fluidit\u00e9 de son corps, pour passer le mat\u00e9riel, pour d\u00e9finir un p\u00e9rim\u00e8tre de s\u00e9curit\u00e9 et intervenir si un malaise survient par exemple. C\u2019est passionnant, tr\u00e8s physique, \u00e9puisant mais c\u2019est int\u00e9ressant et plein de technicit\u00e9.<\/p>\n\n\n\n<p><strong>2.\u00a0Qu\u2019est-ce qui vous motive dans votre emploi\u00a0?<\/strong><\/p>\n\n\n\n<p>Moi je suis quelqu\u2019un qui aime la nature, je suis issue de la campagne, je ne sais pas si c\u2019est vraiment \u00e0 cause de \u00e7a mais en tout cas j\u2019aime la nature, les animaux, il faut vraiment avoir&nbsp;la passion de la nature. Et il faut tenir le m\u00e9tier, parce qu\u2019il y a bien des gens qui ont fait des formations et qui au cours de leur vie changent parce que \u00e7a ne leur convient pas mais moi j\u2019ai des formations et en plus je suis rest\u00e9e dans le m\u00e9tier donc c\u2019\u00e9tait ma vraie passion, \u00e7a me convient, c\u2019est comme \u00e7a. Par contre, on me donne la possibilit\u00e9 d\u2019\u00e9voluer dans mon m\u00e9tier mais apr\u00e8s \u00e7a reste derri\u00e8re un bureau, organiser les \u00e9quipes, \u00e0 faire des commandes et \u00e7a je veux pas, c\u2019est plus mon m\u00e9tier, enfin, c\u2019est carr\u00e9ment un boulot de secr\u00e9taire, c\u2019est plus du secr\u00e9tariat, et \u00e7a j\u2019aime moins, \u00e7a m\u2019anime moins, \u00e7a me passionne moins, donc je pratique pas, enfin \u00e0 moins que je fasse des petites commandes, que ce soit, d\u2019ailleurs j\u2019ai re\u00e7u votre message \u00e9crit sur ma bo\u00eete mail&nbsp;mais je l\u2019ai lu aujourd\u2019hui, je passe pas du temps derri\u00e8re un ordinateur, quand on a une journ\u00e9e un peu raccourcie, quand on a fini un chantier, on se dit \u00ab&nbsp;ah tiens j\u2019ai le temps d\u2019aller voir ma messagerie&nbsp;\u00bb alors j\u2019y vais mais c\u2019est pas tout le temps, alors quand je peux r\u00e9pondre, je r\u00e9ponds mais l\u00e0 je l\u2019ai d\u00e9couvert tout \u00e0 l\u2019heure mais c\u2019est bien \u00e7a m\u2019a rem\u00e9mor\u00e9 votre nom et votre pr\u00e9nom. C\u2019est bien parce-que Jean-Charles [le responsable] est r\u00e9actif, j\u2019aime bien sa fa\u00e7on de travailler parce que c\u2019est efficace, et c\u2019est bien car il m\u2019en a parl\u00e9 tout de suite, j\u2019ai dit \u00ab&nbsp;bah oui pourquoi pas&nbsp;\u00bb, si \u00e7a peut aider des jeunes \u00e0 faire des projets, \u00e0 parler de la vie ou \u00e0 parler d\u2019un sujet int\u00e9ressant ou qui peut ouvrir \u00e0 une motivation, c\u2019est vrai que \u00e7a peut \u00eatre formateur pour certains, aider des gens \u00e0 s\u2019orienter. J\u2019aime bien mon m\u00e9tier, on grimpe aussi dans les arbres, avec Jean-Charles on est grimpeurs \u00e9lagueurs et je fais de l\u2019escalade aussi. Ah il faut \u00eatre sportif, \u00e7a c\u2019est vrai, il faut aimer crapahuter, aimer se d\u00e9fouler. Pour recruter des gentes f\u00e9minines au service d\u2019un espace vert d\u2019une collectivit\u00e9, je pense qu\u2019il faut avoir une capacit\u00e9 physique, c\u2019est vraiment un point \u00e0 relever pour que ce soit durable dans la fonction et si la motivation est derri\u00e8re, c\u2019est important. Aujourd\u2019hui, c\u2019est souvent ce qu\u2019on reproche aux jeunes, c\u2019est qu\u2019ils ne savent pas trop dans quelle formation s\u2019orienter, dans quel m\u00e9tier s\u2019orienter mais c\u2019est normal aussi, s\u2019ils ne s\u2019y connaissent pas trop, c\u2019est pas simple, c\u2019est pas simple hein mais c\u2019est souvent en milieu de vie professionnelle qu\u2019on sait pour quoi on est fait, qu\u2019on peut consid\u00e9rer qu\u2019on conna\u00eet un peu son \u00e9quilibre et ce qu\u2019on aime et c\u2019est la satisfaction, enfin si au bout d\u2019une journ\u00e9e on est contents d\u2019avoir travaill\u00e9 m\u00eame si c\u2019\u00e9tait physique ou en pleine nature et m\u00eame si on en chie, si on est contents, si c\u2019est \u00e7a qui vous rend heureux avec un bon \u00e9quilibre alors pourquoi chercher autre chose&nbsp;hein, c\u2019est ce que je me dis.<\/p>\n\n\n\n<p>\u00c7a fait 20 ans que je suis aux espaces verts, avant j\u2019\u00e9tais 10 ans fleuriste, \u00e0 la sortie du lyc\u00e9e, c\u2019\u00e9tait le m\u00e9tier qui embauchait le plus, le m\u00e9tier de la fleur coup\u00e9e car ce sont des m\u00e9tiers qui demandent au personnel de travailler le dimanche, les jours f\u00e9ri\u00e9s, et puis dans le commerce, avec des plages horaires longues, tout \u00e7a, donc souvent c\u2019est un m\u00e9tier qui est recherch\u00e9, dont on manque de personnel donc j\u2019ai travaill\u00e9 dans la fleur coup\u00e9e puis apr\u00e8s c\u2019est en ayant mes enfants que j\u2019ai chang\u00e9 d\u2019orientation parce-que mes parents n\u2019\u00e9taient pas trop sur place, mon conjoint pareil, lui il&nbsp; travaille dans la restauration donc pareil, des conditions de travail, des horaires pas faciles pour \u00e9lever ses enfants et surtout trouver des moyens de garde pour les enfants c\u2019est pas simple hein donc j\u2019ai d\u00e9cid\u00e9 de changer d\u2019orientation et \u00e7a rentrait dans mes fonctions quand m\u00eame parce que j\u2019ai pass\u00e9 un CAP fleuriste, un BEP productions florales, \u00e7a r\u00e9pondait \u00e0 la production et puis un m\u00e9tier de distribution de services, donc je r\u00e9pondais aux qualifications requises.<\/p>\n\n\n\n<p><strong>3. Comment votre m\u00e9tier a-t-il \u00e9volu\u00e9 par rapport au covid\u00a0? Comment percevez-vous votre m\u00e9tier dans 10 ans ou dans 20 ans ?<\/strong><\/p>\n\n\n\n<p>Dans les services communaux, maintenant on voit souvent des femmes au sein des services techniques alors qu\u2019avant j\u2019\u00e9tais la seule femme au service technique donc c\u2019\u00e9tait pas une population toujours facile mais \u00e7a va, j\u2019ai r\u00e9ussi \u00e0 \u00eatre cool et puis \u00e0 partir du moment o\u00f9 on est passionn\u00e9s par son m\u00e9tier c\u2019est le m\u00e9tier qui l\u2019emporte, apr\u00e8s les qu\u2019en-dira-t-on, les propos qui peuvent vous \u00eatre adress\u00e9 parfois malveillants, \u00e7a passe au-dessus, puis franchement je suis tomb\u00e9e sur des gens bienveillants, plut\u00f4t sympathiques, toujours \u00e0 l\u2019\u00e9coute donc \u00e7a s\u2019est vraiment bien pass\u00e9.<\/p>\n\n\n\n<p>Dans 10 ou 20 ans oui \u00e7a aura \u00e9volu\u00e9, c\u2019est un m\u00e9tier qui \u00e9volue de plus en plus et vers la mixit\u00e9 dans tous les sens du terme, oui \u00e7a change, \u00e7a \u00e9volue, aujourd\u2019hui tout \u00e9volue. Maintenant on aimerait qu\u2019il y ait un \u00e9lan \u00e9cologique qui soit encore plus grand mais \u00e7a vient, tout doucement, \u00e7a vient. Ah oui \u00e7a \u00e9volue, d\u2019ailleurs moi j\u2019ai appris des pratiques tr\u00e8s anciennes, on utilisait beaucoup des produits phytosanitaires et puis gr\u00e2ce aux formations qui nous sont propos\u00e9es par la collectivit\u00e9, cela nous permet de nous remettre un peu \u00e0 la page et d\u2019avoir des choses dont on peut avoir besoin pour plus r\u00e9pondre aux besoins actuels de la soci\u00e9t\u00e9. A Max\u00e9ville on nous propose des formations par le biais du CNFPT [Centre national de la fonction publique territoriale] donc on peut suivre des formations sur plein de domaines, il faut se former aux nouvelles techniques.<\/p>\n\n\n\n<p>On a \u00e9norm\u00e9ment supprim\u00e9 d\u2019animations \u00e0 cause du covid, l\u2019automne on organise souvent des bourses aux plantes, la ville met donc \u00e0 disposition par le biais d\u2019un march\u00e9 d\u2019\u00e9changes des plantes de la ville, des v\u00e9g\u00e9taux et notamment celle qui est le plus appr\u00e9ci\u00e9e c\u2019est la bourse aux plantes d\u2019automne parce que les bulbes qui ont permis de fleurir au printemps, souvent les tulipes, les jonquilles, les jacinthes, on les prend, on les reprend, on les d\u00e9terre et on les met \u00e0 la disposition de la population donc ils sont tr\u00e8s contents de pouvoir en b\u00e9n\u00e9ficier gratuitement par biais d\u2019\u00e9changes et donc l\u2019absence de ces rencontres, des all\u00e9es de jardins bien sympathiques, \u00e7a nous manque, ces rencontres avec la population, \u00e7a revient c\u2019est bien, on a eu en automne et l\u00e0 le 6 mars il y a \u00ab&nbsp;jeux et familles en f\u00eate&nbsp;\u00bb qui arrive, on va participer au d\u00e9cor donc c\u2019est bien, \u00e7a nous fait des actions un peu plus populaires, on peut se mettre un peu en avant, on est vus par les gens qui nous c\u00f4toient, \u00e7a permet de rencontrer d\u2019autres services aussi parce que sinon on est tout le temps dehors \u00e0 pousser une tondeuse, \u00e0 b\u00eacher les massifs et on voit personne donc le confinement, avec le covid c\u2019est s\u00fbr que les relations c\u2019est compliqu\u00e9. C\u2019est des personnes qui se sont propos\u00e9es pour le premier confinement car ils ne supportaient pas d\u2019\u00eatre tout le temps isol\u00e9s, ils voulaient sortir travailler et il y avait besoin d\u2019entretenir la ville, il y a vraiment eu deux personnes qui se sont propos\u00e9es \u00e0 r\u00e9pondre \u00e0 tous ces besoins, moi j\u2019\u00e9tais pas pr\u00e9sente, pr\u00e9sente sur une autre mission pour une personne qui en avait plus besoin.<\/p>\n\n\n\n<p>La valeur du m\u00e9tier c\u2019est l\u2019amour de la nature, de l\u2019environnement, embellir simplement, ce sont des valeurs de respect de l\u2019environnement, \u00e7a c\u2019est clair qu\u2019aujourd\u2019hui c\u2019est un point essentiel parce qu\u2019on a tellement abus\u00e9 et puis m\u00eame, m\u00eame nous qui sommes dans la nature, on utilise \u00e9norm\u00e9ment de machines qui polluent, tout ce qui est souffleur, tout ce qui est thermique, tondeuses thermiques et il y a encore plein de choses \u00e0 voir concernant la protection de l\u2019environnement dans notre m\u00e9tier, on a besoin de machines mais les machines ont besoin de carburant, qui pollue et nous qui nous en servons on est pollu\u00e9s, on peut embellir sans trop polluer avec des actions m\u00e9caniques mais qui dit m\u00e9canique dit la force des bras mais la force des bras, \u00e7a use apr\u00e8s les personnes mais \u00e0 ce moment-l\u00e0 il faut \u00eatre moins exigeant, ne pas vouloir tailler un gazon comme un green de golf, mais les herbes genre pissenlits, p\u00e2querettes, laisser la nature, parce qu\u2019autrefois on voulait absolument que la mairie ait un gazon comme un tapis, un green de golf, mais pour avoir ce type de gazon il faut arroser, mettre du d\u00e9sherbant pour ne pas que les herbes viennent pour que \u00e7a fasse un tapis tout bien r\u00e9gulier et donc il faut \u00eatre moins exigeant dans nos prestations, on peut embellir naturellement et puis respecter l\u2019environnement, \u00e7a c\u2019est s\u00fbr, moi je suis quelqu\u2019un de sensible \u00e0 \u00e7a, apr\u00e8s il faut \u00eatre motiv\u00e9, v\u00e9g\u00e9taliser tout autour de nous, planter, mettre des arbres et des plantes partout o\u00f9 on peut, \u00e9viter de mettre trop de b\u00e9ton parce-que sinon \u00e7a inonde, on voit bien ces espaces qui sont b\u00e9tonn\u00e9s et qui lors d\u2019un exc\u00e8s d\u2019eau, \u00e7a inonde tr\u00e8s vite, il faut respecter l\u2019environnement, la bonne culture du sol, il faut respecter la nature tout simplement, c\u2019est elle qui nous parle.<\/p>\n\n\n\n<p>Je pense qu\u2019on ne pr\u00eate pas encore assez attention \u00e0 notre m\u00e9tier, je pense qu\u2019on pourrait avoir encore plus de place , il faudrait qu\u2019on prenne plus de place encore, pour le bien-\u00eatre de tous, pas pour autre chose hein c\u2019est pour le bien-\u00eatre de tous parce quand on vit dans une ville avec \u00e9norm\u00e9ment d\u2019espaces verts c\u2019est quand m\u00eame plus agr\u00e9able, quand on a des espaces pi\u00e9tons, je suis pour une vague \u00e9cologique, pour un d\u00e9veloppement de la nature plus grand parce que les terrains tout doucement gagnent toujours plus sur les espaces naturels en construisant, en r\u00e9duisant de plus en plus les espaces naturels.<\/p>\n\n\n\n<p>Les habitants sont reconnaissants, on a beaucoup de retours, quand on fait des beaux massifs fleuris ils sont contents d\u2019avoir au pied de leur maison un quartier, un espace tout fleuri. C\u2019est quand m\u00eame un endroit quand il y a des espaces bien entretenus, les gens font attention, ils sont contents d\u2019avoir \u00e7a, bon en contrepartie on a \u00e9norm\u00e9ment de vandalisme aussi, il y a toujours des gens qui pi\u00e9tinent, des chiens qui grattent partout le travail. Apr\u00e8s il faut savoir se rendre compte qu\u2019il y a de la place pour tout le monde aussi. Les gens qui qui ne font pas de jardin, pas de lopin de terre ne se rendent souvent pas compte de la difficult\u00e9 pour maintenir une plante en vie, dans une ville o\u00f9 c\u2019est pi\u00e9tin\u00e9, o\u00f9 c\u2019est \u00e0 la merci de tout le monde. C\u2019est du travail mais parfois c\u2019est un peu un challenge de r\u00e9ussir un fleurissement ou un am\u00e9nagement, c\u2019est souvent vandalis\u00e9, souvent pas respect\u00e9 mais \u00e7a c\u2019est les sorties de soir\u00e9es, on retrouve des fois les canettes dans les massifs. Mais bon il faut garder bon moral car si on ne veut plus intervenir \u00e0 un endroit o\u00f9 on a d\u00e9j\u00e0 travaill\u00e9 la semaine pr\u00e9c\u00e9dente, il faudrait intervenir r\u00e9guli\u00e8rement sur des lieux qu\u2019on a d\u00e9j\u00e0 faits, il faut pas perdre espoir. Quand il y a \u00e9norm\u00e9ment de densit\u00e9 de population c\u2019est s\u00fbr que c\u2019est compliqu\u00e9 de garder des espaces sans d\u00e9tritus, un espace propre donc il faut entretenir donc la pr\u00e9sence de quelqu\u2019un, des agents, sinon c\u2019est abandonn\u00e9, c\u2019est pi\u00e9tin\u00e9, y\u2019a plus de fleur, y\u2019a plus de plante. Celui qui fait un peu attention peut le voir mais celui qui s\u2019occupe pas du tout de ce c\u00f4t\u00e9-l\u00e0 regarde pas, roule sur les plantes avec sa voiture. Pour travailler dans ce m\u00e9tier en \u00e9tant une femme, il faut avoir la passion du m\u00e9tier, il faut \u00eatre \u00e0 l\u2019\u00e9coute des autres pour travailler en \u00e9quipe, avoir un peu de son caract\u00e8re mais pas trop non plus. Il faut \u00eatre \u00e0 l\u2019\u00e9coute, donner des id\u00e9es aussi, il faut essayer qu\u2019il y ait des avis coll\u00e9giaux, partager ses id\u00e9es et essayer d\u2019intervenir sur les m\u00eames id\u00e9es pour que ce soit fait ensemble et que quand il y ait l\u2019absence de quelqu\u2019un, que cette personne puisse \u00eatre remplac\u00e9e facilement, que le travail puisse se faire sans m\u00eame que la personne soit l\u00e0, que si la personne n\u2019est pas l\u00e0 \u00e7a se passe de la m\u00eame fa\u00e7on. On doit travailler dans le m\u00eame sens dans une \u00e9quipe, avoir le m\u00eame sens du travail.<\/p>\n<div style=\"padding-bottom:20px; padding-top:10px;\" class=\"hupso-share-buttons\"><!-- Hupso Share Buttons - https:\/\/www.hupso.com\/share\/ --><a class=\"hupso_toolbar\" href=\"https:\/\/www.hupso.com\/share\/\"><img src=\"https:\/\/static.hupso.com\/share\/buttons\/lang\/fr\/share-medium.png\" style=\"border:0px; padding-top: 5px; float:left;\" alt=\"Share Button\"\/><\/a><script type=\"text\/javascript\">var hupso_services_t=new Array();var hupso_background_t=\"#EAF4FF\";var hupso_border_t=\"#66CCFF\";var hupso_toolbar_size_t=\"medium\";var hupso_image_folder_url = \"\";var hupso_url_t=\"\";var hupso_title_t=\"Elles%20font%20Max%C3%A9ville...%20%235\";<\/script><script type=\"text\/javascript\" src=\"https:\/\/static.hupso.com\/share\/js\/share_toolbar.js\"><\/script><!-- Hupso Share Buttons --><\/div>","protected":false},"excerpt":{"rendered":"<p>V\u00e9ronique Mangin &#8211; Agente communale aux espaces verts Entretien men\u00e9 par Flora Vincent, le 22 f\u00e9vrier 2022 \u00e0 la \u00a0Maison du Lien de de la solidarit\u00e9, Max\u00e9ville. 1&#8230;.<\/p>\n","protected":false},"author":1,"featured_media":11586,"parent":0,"menu_order":0,"comment_status":"closed","ping_status":"closed","template":"","meta":[],"_links":{"self":[{"href":"https:\/\/maxeville.fr\/index.php\/wp-json\/wp\/v2\/pages\/11595"}],"collection":[{"href":"https:\/\/maxeville.fr\/index.php\/wp-json\/wp\/v2\/pages"}],"about":[{"href":"https:\/\/maxeville.fr\/index.php\/wp-json\/wp\/v2\/types\/page"}],"author":[{"embeddable":true,"href":"https:\/\/maxeville.fr\/index.php\/wp-json\/wp\/v2\/users\/1"}],"replies":[{"embeddable":true,"href":"https:\/\/maxeville.fr\/index.php\/wp-json\/wp\/v2\/comments?post=11595"}],"version-history":[{"count":1,"href":"https:\/\/maxeville.fr\/index.php\/wp-json\/wp\/v2\/pages\/11595\/revisions"}],"predecessor-version":[{"id":11596,"href":"https:\/\/maxeville.fr\/index.php\/wp-json\/wp\/v2\/pages\/11595\/revisions\/11596"}],"wp:featuredmedia":[{"embeddable":true,"href":"https:\/\/maxeville.fr\/index.php\/wp-json\/wp\/v2\/media\/11586"}],"wp:attachment":[{"href":"https:\/\/maxeville.fr\/index.php\/wp-json\/wp\/v2\/media?parent=11595"}],"curies":[{"name":"wp","href":"https:\/\/api.w.org\/{rel}","templated":true}]}}