{"id":1168,"date":"2016-11-08T10:13:38","date_gmt":"2016-11-08T09:13:38","guid":{"rendered":"http:\/\/www.maxeville.fr\/?page_id=1168"},"modified":"2019-11-20T14:07:12","modified_gmt":"2019-11-20T13:07:12","slug":"actes-etat-civil","status":"publish","type":"page","link":"https:\/\/maxeville.fr\/index.php\/mon-quotidien\/actes-etat-civil\/","title":{"rendered":"Actes d&#8217;\u00e9tat civil"},"content":{"rendered":"<h5>D\u00e9livrance<\/h5>\n<ul>\n<li>N\u00e9(e) \u00e0 l&#8217;\u00e9tranger devenu Fran\u00e7ais, s&#8217;adresser au : Service central de l&#8217;\u00e9tat civil<br \/>\n11 rue de la Maison Blanche<br \/>\n44941 Nantes Cedex 9<\/li>\n<li>N\u00e9(e) en France, s&#8217;adresser \u00e0 la mairie du lieu de naissance ou de mariage. (pour le d\u00e9c\u00e8s, \u00e0 la mairie du lieu de d\u00e9c\u00e8s ou du dernier domicile du d\u00e9funt)<\/li>\n<\/ul>\n<h3>Type de demande<\/h3>\n<ul>\n<li>Au guichet : Accueil Mairie \u2013 14, rue du septembre 1944<\/li>\n<li>Par courrier\u00a0:\u00a0Service \u00c9tat Civil<br \/>\n14 rue du 15 septembre 1944<br \/>\n54320 MAXEVILLE<\/li>\n<li>Par mail\u00a0: <a href=\"mailto:etatcivil@mairie-maxeville.fr\">etatcivil@mairie-maxeville.fr<\/a><\/li>\n<\/ul>\n<h3>Pi\u00e8ces \u00e0 fournir<\/h3>\n<p>Livret de famille et pi\u00e8ce d\u2019identit\u00e9.<\/p>\n<h5>D\u00e9livrance de copies int\u00e9grales d\u2019acte de naissance et acte de mariage :<\/h5>\n<p>Les demandes ne peuvent concerner que les actes dress\u00e9s \u00e0 Max\u00e9ville, les actes d&#8217;\u00e9tat civil ne sont pas d\u00e9livr\u00e9s aux mineurs.<\/p>\n<h5>D\u00e9livrance acte de d\u00e9c\u00e8s et actes de plus de 75 ans\u00a0:<\/h5>\n<p>Les demandes ne sont pas soumises \u00e0 r\u00e9glementation et peuvent \u00eatre d\u00e9livr\u00e9s sans conditions particuli\u00e8res.<\/p>\n<h3>Rappels<\/h3>\n<p>Les copies int\u00e9grales d\u2019actes de naissance et actes mariage ne peuvent \u00eatre d\u00e9livr\u00e9s qu&#8217;au seul int\u00e9ress\u00e9, son conjoint mari\u00e9, ses ascendants et descendants directs.<\/p>\n<p>Dans tous les cas, ne pas omettre de pr\u00e9ciser la date de l\u2019\u00e9v\u00e9nement (naissance, mariage, d\u00e9c\u00e8s), les noms, pr\u00e9noms de l&#8217;int\u00e9ress\u00e9, les noms et pr\u00e9noms des parents et l&#8217;adresse pour le retour du courrier (enveloppe affranchie).<\/p>\n<h5>Puis-je demander un acte d\u2019\u00e9tat civil pour quelqu\u2019un ?<\/h5>\n<p>Oui, avec une procuration \u00e9crite du mandataire, mentionnant sa filiation, et l\u2019original de sa pi\u00e8ce d\u2019identit\u00e9.<\/p>\n<p><strong>Site officiel :<\/strong> <a href=\"http:\/\/www.service-public.fr\/\">service-public.fr<\/a><\/p>\n<div style=\"padding-bottom:20px; padding-top:10px;\" class=\"hupso-share-buttons\"><!-- Hupso Share Buttons - https:\/\/www.hupso.com\/share\/ --><a class=\"hupso_toolbar\" href=\"https:\/\/www.hupso.com\/share\/\"><img src=\"https:\/\/static.hupso.com\/share\/buttons\/lang\/fr\/share-medium.png\" style=\"border:0px; padding-top: 5px; float:left;\" alt=\"Share Button\"\/><\/a><script type=\"text\/javascript\">var hupso_services_t=new Array();var hupso_background_t=\"#EAF4FF\";var hupso_border_t=\"#66CCFF\";var hupso_toolbar_size_t=\"medium\";var hupso_image_folder_url = \"\";var hupso_url_t=\"\";var hupso_title_t=\"Actes%20d%27%C3%A9tat%20civil\";<\/script><script type=\"text\/javascript\" src=\"https:\/\/static.hupso.com\/share\/js\/share_toolbar.js\"><\/script><!-- Hupso Share Buttons --><\/div>","protected":false},"excerpt":{"rendered":"<p>D\u00e9livrance N\u00e9(e) \u00e0 l&#8217;\u00e9tranger devenu Fran\u00e7ais, s&#8217;adresser au : Service central de l&#8217;\u00e9tat civil 11 rue de la Maison Blanche 44941 Nantes Cedex 9 N\u00e9(e) en France, s&#8217;adresser&#8230;<\/p>\n","protected":false},"author":1,"featured_media":0,"parent":242,"menu_order":8,"comment_status":"closed","ping_status":"closed","template":"","meta":[],"_links":{"self":[{"href":"https:\/\/maxeville.fr\/index.php\/wp-json\/wp\/v2\/pages\/1168"}],"collection":[{"href":"https:\/\/maxeville.fr\/index.php\/wp-json\/wp\/v2\/pages"}],"about":[{"href":"https:\/\/maxeville.fr\/index.php\/wp-json\/wp\/v2\/types\/page"}],"author":[{"embeddable":true,"href":"https:\/\/maxeville.fr\/index.php\/wp-json\/wp\/v2\/users\/1"}],"replies":[{"embeddable":true,"href":"https:\/\/maxeville.fr\/index.php\/wp-json\/wp\/v2\/comments?post=1168"}],"version-history":[{"count":18,"href":"https:\/\/maxeville.fr\/index.php\/wp-json\/wp\/v2\/pages\/1168\/revisions"}],"predecessor-version":[{"id":7478,"href":"https:\/\/maxeville.fr\/index.php\/wp-json\/wp\/v2\/pages\/1168\/revisions\/7478"}],"up":[{"embeddable":true,"href":"https:\/\/maxeville.fr\/index.php\/wp-json\/wp\/v2\/pages\/242"}],"wp:attachment":[{"href":"https:\/\/maxeville.fr\/index.php\/wp-json\/wp\/v2\/media?parent=1168"}],"curies":[{"name":"wp","href":"https:\/\/api.w.org\/{rel}","templated":true}]}}