{"id":118,"date":"2016-04-01T11:11:20","date_gmt":"2016-04-01T13:11:20","guid":{"rendered":"http:\/\/www.maxeville.fr\/?page_id=118"},"modified":"2026-03-25T10:37:14","modified_gmt":"2026-03-25T09:37:14","slug":"elus-municipaux","status":"publish","type":"page","link":"https:\/\/maxeville.fr\/index.php\/ma-ville\/elus-municipaux\/","title":{"rendered":"\u00c9lus municipaux"},"content":{"rendered":"\n<figure class=\"wp-block-image size-large\"><img decoding=\"async\" src=\"blob:https:\/\/maxeville.fr\/52ba194b-fe4d-4976-bc59-7ef727ef7161\" alt=\"\"\/><\/figure>\n\n\n\n<p>Le conseil municipal repr\u00e9sente les habitants. Il a la charge de r\u00e9gler \u00ab par ses d\u00e9lib\u00e9rations les affaires de la commune \u00bb. Il \u00e9met des v\u0153ux sur tous les sujets d\u2019int\u00e9r\u00eat local : il vote le budget, approuve le compte administratif (budget ex\u00e9cut\u00e9), il est comp\u00e9tent pour cr\u00e9er et supprimer des services publics municipaux, pour d\u00e9cider des travaux, pour g\u00e9rer le patrimoine communal, ou encore pour accorder des aides favorisant le d\u00e9veloppement \u00e9conomique\u2026&nbsp;<\/p>\n\n\n\n<p><a href=\"https:\/\/maxeville.fr\/index.php\/les-bureaux-de-vote-a-maxeville\/\"><em><strong>Consulter les r\u00e9sultats des \u00e9lections municipales de mars 2026, par ici.<\/strong><\/em><\/a><\/p>\n\n\n\n<p><strong>Installation du nouveau conseil municipal (mandat 2026-2032), liste Max\u00e9ville, notre ville avec Christophe Choserot : <span style=\"color: #3366ff;\">samedi 21 mars 2026.<\/span><\/strong><\/p>\n\n\n\n<div class=\"csRow\">&nbsp;<\/div>\n\n\n\n<figure class=\"wp-block-image size-large\"><img decoding=\"async\" loading=\"lazy\" width=\"1024\" height=\"683\" src=\"https:\/\/maxeville.fr\/wp-content\/uploads\/2026\/03\/FIL4132-1024x683.jpg\" alt=\"\" class=\"wp-image-19301\" srcset=\"https:\/\/maxeville.fr\/wp-content\/uploads\/2026\/03\/FIL4132-1024x683.jpg 1024w, https:\/\/maxeville.fr\/wp-content\/uploads\/2026\/03\/FIL4132-300x200.jpg 300w, https:\/\/maxeville.fr\/wp-content\/uploads\/2026\/03\/FIL4132-768x512.jpg 768w, https:\/\/maxeville.fr\/wp-content\/uploads\/2026\/03\/FIL4132-1536x1024.jpg 1536w, https:\/\/maxeville.fr\/wp-content\/uploads\/2026\/03\/FIL4132-973x649.jpg 973w, https:\/\/maxeville.fr\/wp-content\/uploads\/2026\/03\/FIL4132-508x339.jpg 508w, https:\/\/maxeville.fr\/wp-content\/uploads\/2026\/03\/FIL4132-24x16.jpg 24w, https:\/\/maxeville.fr\/wp-content\/uploads\/2026\/03\/FIL4132-36x24.jpg 36w, https:\/\/maxeville.fr\/wp-content\/uploads\/2026\/03\/FIL4132-48x32.jpg 48w, https:\/\/maxeville.fr\/wp-content\/uploads\/2026\/03\/FIL4132.jpg 1620w\" sizes=\"(max-width: 1024px) 100vw, 1024px\" \/><\/figure>\n\n\n\n<figure class=\"wp-block-image size-large\"><img decoding=\"async\" loading=\"lazy\" width=\"1024\" height=\"1024\" src=\"https:\/\/maxeville.fr\/wp-content\/uploads\/2026\/03\/Presentation-elus-mars-2026-2-1-1024x1024.jpg\" alt=\"\" class=\"wp-image-19336\" srcset=\"https:\/\/maxeville.fr\/wp-content\/uploads\/2026\/03\/Presentation-elus-mars-2026-2-1-1024x1024.jpg 1024w, https:\/\/maxeville.fr\/wp-content\/uploads\/2026\/03\/Presentation-elus-mars-2026-2-1-300x300.jpg 300w, https:\/\/maxeville.fr\/wp-content\/uploads\/2026\/03\/Presentation-elus-mars-2026-2-1-150x150.jpg 150w, https:\/\/maxeville.fr\/wp-content\/uploads\/2026\/03\/Presentation-elus-mars-2026-2-1-768x768.jpg 768w, https:\/\/maxeville.fr\/wp-content\/uploads\/2026\/03\/Presentation-elus-mars-2026-2-1-1536x1536.jpg 1536w, https:\/\/maxeville.fr\/wp-content\/uploads\/2026\/03\/Presentation-elus-mars-2026-2-1-2048x2048.jpg 2048w, https:\/\/maxeville.fr\/wp-content\/uploads\/2026\/03\/Presentation-elus-mars-2026-2-1-88x88.jpg 88w, https:\/\/maxeville.fr\/wp-content\/uploads\/2026\/03\/Presentation-elus-mars-2026-2-1-973x973.jpg 973w, https:\/\/maxeville.fr\/wp-content\/uploads\/2026\/03\/Presentation-elus-mars-2026-2-1-508x508.jpg 508w, https:\/\/maxeville.fr\/wp-content\/uploads\/2026\/03\/Presentation-elus-mars-2026-2-1-24x24.jpg 24w, https:\/\/maxeville.fr\/wp-content\/uploads\/2026\/03\/Presentation-elus-mars-2026-2-1-36x36.jpg 36w, https:\/\/maxeville.fr\/wp-content\/uploads\/2026\/03\/Presentation-elus-mars-2026-2-1-48x48.jpg 48w\" sizes=\"(max-width: 1024px) 100vw, 1024px\" \/><\/figure>\n\n\n\n<figure class=\"wp-block-image size-large\"><img decoding=\"async\" loading=\"lazy\" width=\"1024\" height=\"1024\" src=\"https:\/\/maxeville.fr\/wp-content\/uploads\/2026\/03\/Presentation-elus-mars-2026-3-1024x1024.jpg\" alt=\"\" class=\"wp-image-19332\" srcset=\"https:\/\/maxeville.fr\/wp-content\/uploads\/2026\/03\/Presentation-elus-mars-2026-3-1024x1024.jpg 1024w, https:\/\/maxeville.fr\/wp-content\/uploads\/2026\/03\/Presentation-elus-mars-2026-3-300x300.jpg 300w, https:\/\/maxeville.fr\/wp-content\/uploads\/2026\/03\/Presentation-elus-mars-2026-3-150x150.jpg 150w, https:\/\/maxeville.fr\/wp-content\/uploads\/2026\/03\/Presentation-elus-mars-2026-3-768x768.jpg 768w, https:\/\/maxeville.fr\/wp-content\/uploads\/2026\/03\/Presentation-elus-mars-2026-3-1536x1536.jpg 1536w, https:\/\/maxeville.fr\/wp-content\/uploads\/2026\/03\/Presentation-elus-mars-2026-3-2048x2048.jpg 2048w, https:\/\/maxeville.fr\/wp-content\/uploads\/2026\/03\/Presentation-elus-mars-2026-3-88x88.jpg 88w, https:\/\/maxeville.fr\/wp-content\/uploads\/2026\/03\/Presentation-elus-mars-2026-3-973x973.jpg 973w, https:\/\/maxeville.fr\/wp-content\/uploads\/2026\/03\/Presentation-elus-mars-2026-3-508x508.jpg 508w, https:\/\/maxeville.fr\/wp-content\/uploads\/2026\/03\/Presentation-elus-mars-2026-3-24x24.jpg 24w, https:\/\/maxeville.fr\/wp-content\/uploads\/2026\/03\/Presentation-elus-mars-2026-3-36x36.jpg 36w, https:\/\/maxeville.fr\/wp-content\/uploads\/2026\/03\/Presentation-elus-mars-2026-3-48x48.jpg 48w\" sizes=\"(max-width: 1024px) 100vw, 1024px\" \/><\/figure>\n\n\n\n<figure class=\"wp-block-image size-large\"><img decoding=\"async\" loading=\"lazy\" width=\"1024\" height=\"1024\" src=\"https:\/\/maxeville.fr\/wp-content\/uploads\/2026\/03\/Presentation-elus-mars-2026-4-1024x1024.jpg\" alt=\"\" class=\"wp-image-19333\" srcset=\"https:\/\/maxeville.fr\/wp-content\/uploads\/2026\/03\/Presentation-elus-mars-2026-4-1024x1024.jpg 1024w, https:\/\/maxeville.fr\/wp-content\/uploads\/2026\/03\/Presentation-elus-mars-2026-4-300x300.jpg 300w, https:\/\/maxeville.fr\/wp-content\/uploads\/2026\/03\/Presentation-elus-mars-2026-4-150x150.jpg 150w, https:\/\/maxeville.fr\/wp-content\/uploads\/2026\/03\/Presentation-elus-mars-2026-4-768x768.jpg 768w, https:\/\/maxeville.fr\/wp-content\/uploads\/2026\/03\/Presentation-elus-mars-2026-4-1536x1536.jpg 1536w, https:\/\/maxeville.fr\/wp-content\/uploads\/2026\/03\/Presentation-elus-mars-2026-4-2048x2048.jpg 2048w, https:\/\/maxeville.fr\/wp-content\/uploads\/2026\/03\/Presentation-elus-mars-2026-4-88x88.jpg 88w, https:\/\/maxeville.fr\/wp-content\/uploads\/2026\/03\/Presentation-elus-mars-2026-4-973x973.jpg 973w, https:\/\/maxeville.fr\/wp-content\/uploads\/2026\/03\/Presentation-elus-mars-2026-4-508x508.jpg 508w, https:\/\/maxeville.fr\/wp-content\/uploads\/2026\/03\/Presentation-elus-mars-2026-4-24x24.jpg 24w, https:\/\/maxeville.fr\/wp-content\/uploads\/2026\/03\/Presentation-elus-mars-2026-4-36x36.jpg 36w, https:\/\/maxeville.fr\/wp-content\/uploads\/2026\/03\/Presentation-elus-mars-2026-4-48x48.jpg 48w\" sizes=\"(max-width: 1024px) 100vw, 1024px\" \/><\/figure>\n<div style=\"padding-bottom:20px; padding-top:10px;\" class=\"hupso-share-buttons\"><!-- Hupso Share Buttons - https:\/\/www.hupso.com\/share\/ --><a class=\"hupso_toolbar\" href=\"https:\/\/www.hupso.com\/share\/\"><img src=\"https:\/\/static.hupso.com\/share\/buttons\/lang\/fr\/share-medium.png\" style=\"border:0px; padding-top: 5px; float:left;\" alt=\"Share Button\"\/><\/a><script type=\"text\/javascript\">var hupso_services_t=new Array();var hupso_background_t=\"#EAF4FF\";var hupso_border_t=\"#66CCFF\";var hupso_toolbar_size_t=\"medium\";var hupso_image_folder_url = \"\";var hupso_url_t=\"\";var hupso_title_t=\"%C3%89lus%20municipaux\";<\/script><script type=\"text\/javascript\" src=\"https:\/\/static.hupso.com\/share\/js\/share_toolbar.js\"><\/script><!-- Hupso Share Buttons --><\/div>","protected":false},"excerpt":{"rendered":"<p>Le conseil municipal repr\u00e9sente les habitants. Il a la charge de r\u00e9gler \u00ab par ses d\u00e9lib\u00e9rations les affaires de la commune \u00bb. Il \u00e9met des v\u0153ux sur tous&#8230;<\/p>\n","protected":false},"author":1,"featured_media":8452,"parent":73,"menu_order":6,"comment_status":"closed","ping_status":"closed","template":"","meta":[],"_links":{"self":[{"href":"https:\/\/maxeville.fr\/index.php\/wp-json\/wp\/v2\/pages\/118"}],"collection":[{"href":"https:\/\/maxeville.fr\/index.php\/wp-json\/wp\/v2\/pages"}],"about":[{"href":"https:\/\/maxeville.fr\/index.php\/wp-json\/wp\/v2\/types\/page"}],"author":[{"embeddable":true,"href":"https:\/\/maxeville.fr\/index.php\/wp-json\/wp\/v2\/users\/1"}],"replies":[{"embeddable":true,"href":"https:\/\/maxeville.fr\/index.php\/wp-json\/wp\/v2\/comments?post=118"}],"version-history":[{"count":387,"href":"https:\/\/maxeville.fr\/index.php\/wp-json\/wp\/v2\/pages\/118\/revisions"}],"predecessor-version":[{"id":19338,"href":"https:\/\/maxeville.fr\/index.php\/wp-json\/wp\/v2\/pages\/118\/revisions\/19338"}],"up":[{"embeddable":true,"href":"https:\/\/maxeville.fr\/index.php\/wp-json\/wp\/v2\/pages\/73"}],"wp:featuredmedia":[{"embeddable":true,"href":"https:\/\/maxeville.fr\/index.php\/wp-json\/wp\/v2\/media\/8452"}],"wp:attachment":[{"href":"https:\/\/maxeville.fr\/index.php\/wp-json\/wp\/v2\/media?parent=118"}],"curies":[{"name":"wp","href":"https:\/\/api.w.org\/{rel}","templated":true}]}}