{"id":1193,"date":"2016-11-08T10:42:03","date_gmt":"2016-11-08T09:42:03","guid":{"rendered":"http:\/\/www.maxeville.fr\/?page_id=1193"},"modified":"2017-11-02T11:18:54","modified_gmt":"2017-11-02T10:18:54","slug":"attestation-accueil","status":"publish","type":"page","link":"https:\/\/maxeville.fr\/index.php\/mon-quotidien\/attestation-accueil\/","title":{"rendered":"Attestation d&#8217;accueil"},"content":{"rendered":"<p>Pour toute personne, fran\u00e7aise ou \u00e9trang\u00e8re, r\u00e9sidant sur la commune de Max\u00e9ville et d\u00e9sirant accueillir une personne de nationalit\u00e9 \u00e9trang\u00e8re (hors habitant de l\u2019Union Europ\u00e9enne de nationalit\u00e9 Europ\u00e9enne), pour laquelle un visa est n\u00e9cessaire, dans le cadre d\u2019un s\u00e9jour priv\u00e9 ou familial d\u2019une <u>dur\u00e9e maximum de 90 jours<\/u>, il revient au Maire de la Commune du lieu d\u2019h\u00e9bergement, \u00e0 l\u2019exclusion de toute autre autorit\u00e9, de valider et de d\u00e9livrer les attestations d\u2019accueil.<\/p>\n<h5>Conditions<\/h5>\n<p>Toute demande se fait sur place en mairie, l\u2019h\u00e9bergeant doit se pr\u00e9senter personnellement lors du d\u00e9p\u00f4t et du retrait de l\u2019attestation.<\/p>\n<p>Il doit remplir et signer un formulaire de demande Cerfa remis \u00e0 l\u2019accueil, auquel seront jointes les pi\u00e8ces justificatives ci-apr\u00e8s\u00a0:<\/p>\n<ul>\n<li>Carte d\u2019identit\u00e9 de l\u2019h\u00e9bergeant<\/li>\n<li>Les caract\u00e9ristiques du lieu d\u2019accueil de l\u2019\u00e9tranger<\/li>\n<li>Le document attestant de sa qualit\u00e9 de propri\u00e9taire, de locataire ou d\u2019occupant du logement dans lequel il se propose d\u2019h\u00e9berger le visiteur<\/li>\n<li>Justificatif de domicile de moins de 3 mois (facture d\u2019eau, d\u2019\u00e9lectricit\u00e9, de t\u00e9l\u00e9phone\u2026)<\/li>\n<li>L\u2019attestation d\u2019accueil ant\u00e9rieurement sign\u00e9e par l\u2019h\u00e9bergeant<\/li>\n<li>Documents permettant d\u2019appr\u00e9cier ses ressources \u00e0 subvenir aux frais de s\u00e9jour de l\u2019\u00e9tranger (3 derniers bulletins de salaires, pensions de retraite, prestations familiales, indemnit\u00e9s p\u00f4le emploi des 3 derniers mois)<\/li>\n<li>Les preuves que l\u2019h\u00e9berg\u00e9 \u00e0 d\u00e9j\u00e0 souscrit une assurance voyage poss\u00e9dant une couverture de 30\u00a0000 \u20ac minimum pour les frais m\u00e9dicaux<\/li>\n<\/ul>\n<p>Lors du d\u00e9p\u00f4t de la demande, il faudra pr\u00e9ciser si l\u2019h\u00e9bergeant souhaite, ou non, assurer l\u2019h\u00e9berg\u00e9.<\/p>\n<h3>Co\u00fbt :<\/h3>\n<p>30 \u20ac sous forme de timbres fiscaux. Cette taxe est due m\u00eame en cas de refus de la demande.<\/p>\n<h3>D\u00e9lai d\u2019obtention :<\/h3>\n<p>5 \u00e0 8 jours<\/p>\n<h3>Informations sur l\u2019h\u00e9berg\u00e9\u00a0:<\/h3>\n<ul>\n<li>L\u2019\u00c9tat-Civil (nom, pr\u00e9nom, date de naissance, lieu de naissance)<\/li>\n<li>La nationalit\u00e9<\/li>\n<li>Le num\u00e9ro du passeport ainsi que la date de d\u00e9livrance et de validit\u00e9<\/li>\n<li>L\u2019adresse \u00e0 l\u2019\u00e9tranger<\/li>\n<li>Les dates d\u2019arriv\u00e9e et de d\u00e9part pr\u00e9vues<\/li>\n<li>Le lien de parent\u00e9 entre l\u2019h\u00e9bergeant et l\u2019h\u00e9berg\u00e9<\/li>\n<\/ul>\n<div style=\"padding-bottom:20px; padding-top:10px;\" class=\"hupso-share-buttons\"><!-- Hupso Share Buttons - https:\/\/www.hupso.com\/share\/ --><a class=\"hupso_toolbar\" href=\"https:\/\/www.hupso.com\/share\/\"><img src=\"https:\/\/static.hupso.com\/share\/buttons\/lang\/fr\/share-medium.png\" style=\"border:0px; padding-top: 5px; float:left;\" alt=\"Share Button\"\/><\/a><script type=\"text\/javascript\">var hupso_services_t=new Array();var hupso_background_t=\"#EAF4FF\";var hupso_border_t=\"#66CCFF\";var hupso_toolbar_size_t=\"medium\";var hupso_image_folder_url = \"\";var hupso_url_t=\"\";var hupso_title_t=\"Attestation%20d%27accueil\";<\/script><script type=\"text\/javascript\" src=\"https:\/\/static.hupso.com\/share\/js\/share_toolbar.js\"><\/script><!-- Hupso Share Buttons --><\/div>","protected":false},"excerpt":{"rendered":"<p>Pour toute personne, fran\u00e7aise ou \u00e9trang\u00e8re, r\u00e9sidant sur la commune de Max\u00e9ville et d\u00e9sirant accueillir une personne de nationalit\u00e9 \u00e9trang\u00e8re (hors habitant de l\u2019Union Europ\u00e9enne de nationalit\u00e9 Europ\u00e9enne),&#8230;<\/p>\n","protected":false},"author":1,"featured_media":0,"parent":242,"menu_order":10,"comment_status":"closed","ping_status":"closed","template":"","meta":[],"_links":{"self":[{"href":"https:\/\/maxeville.fr\/index.php\/wp-json\/wp\/v2\/pages\/1193"}],"collection":[{"href":"https:\/\/maxeville.fr\/index.php\/wp-json\/wp\/v2\/pages"}],"about":[{"href":"https:\/\/maxeville.fr\/index.php\/wp-json\/wp\/v2\/types\/page"}],"author":[{"embeddable":true,"href":"https:\/\/maxeville.fr\/index.php\/wp-json\/wp\/v2\/users\/1"}],"replies":[{"embeddable":true,"href":"https:\/\/maxeville.fr\/index.php\/wp-json\/wp\/v2\/comments?post=1193"}],"version-history":[{"count":11,"href":"https:\/\/maxeville.fr\/index.php\/wp-json\/wp\/v2\/pages\/1193\/revisions"}],"predecessor-version":[{"id":2749,"href":"https:\/\/maxeville.fr\/index.php\/wp-json\/wp\/v2\/pages\/1193\/revisions\/2749"}],"up":[{"embeddable":true,"href":"https:\/\/maxeville.fr\/index.php\/wp-json\/wp\/v2\/pages\/242"}],"wp:attachment":[{"href":"https:\/\/maxeville.fr\/index.php\/wp-json\/wp\/v2\/media?parent=1193"}],"curies":[{"name":"wp","href":"https:\/\/api.w.org\/{rel}","templated":true}]}}