{"id":120,"date":"2016-04-01T11:11:34","date_gmt":"2016-04-01T13:11:34","guid":{"rendered":"http:\/\/www.maxeville.fr\/?page_id=120"},"modified":"2022-04-02T09:05:31","modified_gmt":"2022-04-02T07:05:31","slug":"conseil-municipal-enfants","status":"publish","type":"page","link":"https:\/\/maxeville.fr\/index.php\/ma-ville\/conseil-municipal-enfants\/","title":{"rendered":"Conseil municipal d&#8217;enfants"},"content":{"rendered":"<p>L\u2019installation du nouveau Conseil Municipal des Enfants de Max\u00e9ville s\u2019est d\u00e9roul\u00e9e samedi 5 mars 2022 \u00e0 l\u2019H\u00f4tel de ville.<\/p>\n<div class=\"csRow\">\n<div class=\"csColumnGap\" style=\"margin: 0px; padding: 0px; float: left; width: 1.56%;\"><img decoding=\"async\" src=\"https:\/\/maxeville.fr\/wp-content\/plugins\/advanced-wp-columns\/assets\/js\/plugins\/views\/img\/1x1-pixel.png\" alt=\"\" \/><\/div>\n<div class=\"csColumnGap\" style=\"margin: 0px; padding: 0px; float: left; width: 1.56%;\"><img decoding=\"async\" src=\"https:\/\/maxeville.fr\/wp-content\/plugins\/advanced-wp-columns\/assets\/js\/plugins\/views\/img\/1x1-pixel.png\" alt=\"\" \/><\/div>\n<\/div>\n\n\n<figure class=\"wp-block-gallery columns-1 is-cropped wp-block-gallery-1 is-layout-flex\"><ul class=\"blocks-gallery-grid\"><li class=\"blocks-gallery-item\"><figure><img decoding=\"async\" loading=\"lazy\" width=\"960\" height=\"640\" src=\"https:\/\/maxeville.fr\/wp-content\/uploads\/2022\/04\/274873238_2027419414085155_1077725193783102662_n.jpg\" alt=\"\" data-id=\"11790\" data-full-url=\"https:\/\/maxeville.fr\/wp-content\/uploads\/2022\/04\/274873238_2027419414085155_1077725193783102662_n.jpg\" data-link=\"https:\/\/maxeville.fr\/index.php\/ma-ville\/conseil-municipal-enfants\/274873238_2027419414085155_1077725193783102662_n\/\" class=\"wp-image-11790\" srcset=\"https:\/\/maxeville.fr\/wp-content\/uploads\/2022\/04\/274873238_2027419414085155_1077725193783102662_n.jpg 960w, https:\/\/maxeville.fr\/wp-content\/uploads\/2022\/04\/274873238_2027419414085155_1077725193783102662_n-300x200.jpg 300w, https:\/\/maxeville.fr\/wp-content\/uploads\/2022\/04\/274873238_2027419414085155_1077725193783102662_n-768x512.jpg 768w, https:\/\/maxeville.fr\/wp-content\/uploads\/2022\/04\/274873238_2027419414085155_1077725193783102662_n-508x339.jpg 508w, https:\/\/maxeville.fr\/wp-content\/uploads\/2022\/04\/274873238_2027419414085155_1077725193783102662_n-250x167.jpg 250w, https:\/\/maxeville.fr\/wp-content\/uploads\/2022\/04\/274873238_2027419414085155_1077725193783102662_n-550x367.jpg 550w, https:\/\/maxeville.fr\/wp-content\/uploads\/2022\/04\/274873238_2027419414085155_1077725193783102662_n-800x533.jpg 800w, https:\/\/maxeville.fr\/wp-content\/uploads\/2022\/04\/274873238_2027419414085155_1077725193783102662_n-270x180.jpg 270w, https:\/\/maxeville.fr\/wp-content\/uploads\/2022\/04\/274873238_2027419414085155_1077725193783102662_n-450x300.jpg 450w, https:\/\/maxeville.fr\/wp-content\/uploads\/2022\/04\/274873238_2027419414085155_1077725193783102662_n-750x500.jpg 750w, https:\/\/maxeville.fr\/wp-content\/uploads\/2022\/04\/274873238_2027419414085155_1077725193783102662_n-24x16.jpg 24w, https:\/\/maxeville.fr\/wp-content\/uploads\/2022\/04\/274873238_2027419414085155_1077725193783102662_n-36x24.jpg 36w, https:\/\/maxeville.fr\/wp-content\/uploads\/2022\/04\/274873238_2027419414085155_1077725193783102662_n-48x32.jpg 48w\" sizes=\"(max-width: 960px) 100vw, 960px\" \/><\/figure><\/li><\/ul><\/figure>\n<div style=\"padding-bottom:20px; padding-top:10px;\" class=\"hupso-share-buttons\"><!-- Hupso Share Buttons - https:\/\/www.hupso.com\/share\/ --><a class=\"hupso_toolbar\" href=\"https:\/\/www.hupso.com\/share\/\"><img src=\"https:\/\/static.hupso.com\/share\/buttons\/lang\/fr\/share-medium.png\" style=\"border:0px; padding-top: 5px; float:left;\" alt=\"Share Button\"\/><\/a><script type=\"text\/javascript\">var hupso_services_t=new Array();var hupso_background_t=\"#EAF4FF\";var hupso_border_t=\"#66CCFF\";var hupso_toolbar_size_t=\"medium\";var hupso_image_folder_url = \"\";var hupso_url_t=\"\";var hupso_title_t=\"Conseil%20municipal%20d%27enfants\";<\/script><script type=\"text\/javascript\" src=\"https:\/\/static.hupso.com\/share\/js\/share_toolbar.js\"><\/script><!-- Hupso Share Buttons --><\/div>","protected":false},"excerpt":{"rendered":"<p>L\u2019installation du nouveau Conseil Municipal des Enfants de Max\u00e9ville s\u2019est d\u00e9roul\u00e9e samedi 5 mars 2022 \u00e0 l\u2019H\u00f4tel de ville.<\/p>\n","protected":false},"author":1,"featured_media":11791,"parent":73,"menu_order":7,"comment_status":"closed","ping_status":"closed","template":"","meta":[],"_links":{"self":[{"href":"https:\/\/maxeville.fr\/index.php\/wp-json\/wp\/v2\/pages\/120"}],"collection":[{"href":"https:\/\/maxeville.fr\/index.php\/wp-json\/wp\/v2\/pages"}],"about":[{"href":"https:\/\/maxeville.fr\/index.php\/wp-json\/wp\/v2\/types\/page"}],"author":[{"embeddable":true,"href":"https:\/\/maxeville.fr\/index.php\/wp-json\/wp\/v2\/users\/1"}],"replies":[{"embeddable":true,"href":"https:\/\/maxeville.fr\/index.php\/wp-json\/wp\/v2\/comments?post=120"}],"version-history":[{"count":42,"href":"https:\/\/maxeville.fr\/index.php\/wp-json\/wp\/v2\/pages\/120\/revisions"}],"predecessor-version":[{"id":11792,"href":"https:\/\/maxeville.fr\/index.php\/wp-json\/wp\/v2\/pages\/120\/revisions\/11792"}],"up":[{"embeddable":true,"href":"https:\/\/maxeville.fr\/index.php\/wp-json\/wp\/v2\/pages\/73"}],"wp:featuredmedia":[{"embeddable":true,"href":"https:\/\/maxeville.fr\/index.php\/wp-json\/wp\/v2\/media\/11791"}],"wp:attachment":[{"href":"https:\/\/maxeville.fr\/index.php\/wp-json\/wp\/v2\/media?parent=120"}],"curies":[{"name":"wp","href":"https:\/\/api.w.org\/{rel}","templated":true}]}}