{"id":1224,"date":"2016-11-08T11:27:59","date_gmt":"2016-11-08T10:27:59","guid":{"rendered":"http:\/\/www.maxeville.fr\/?page_id=1224"},"modified":"2025-12-18T11:57:07","modified_gmt":"2025-12-18T10:57:07","slug":"aires-de-jeux","status":"publish","type":"page","link":"https:\/\/maxeville.fr\/index.php\/mon-quotidien\/aires-de-jeux\/","title":{"rendered":"Aires de jeux"},"content":{"rendered":"<p>La mairie dispose \u00e9galement de nombreuses aires de jeux, pour accueillir petits et grands, dans un moment de d\u00e9tente et de convivialit\u00e9 :<\/p>\n<h5>Meurthe-canal<\/h5>\n<ul>\n<li>A l\u2019angle des rues des Meutes et Eug\u00e8ne Vallin, les jeunes enfants disposent librement du toboggan et de jeux \u00e0 ressort.<\/li>\n<li>Plus loin, les adolescents peuvent pratiquer le roller sur une piste de street hockey.<\/li>\n<\/ul>\n<h5>Centre<\/h5>\n<ul>\n<li>Rue de la R\u00e9publique\u00a0: cette aire de jeux est mise \u00e0 disposition du public par l\u2019institution Jean-Baptiste Thi\u00e9ry. Les enfants peuvent y acc\u00e9der accompagn\u00e9s d\u2019un adulte de 15h \u00e0 20h du 1er juillet au 30 septembre.<\/li>\n<\/ul>\n<p>Le parc de la Mairie est accessible : de 7h \u00e0 22h du 1er avril au 1er novembre et de 7h \u00e0 20h du 2 novembre 31 mars.<\/p>\n<ul>\n<li>Rue de Lorraine, avec un second acc\u00e8s rue Gambetta. L\u2019aire de jeux Marcel Laage est ouverte : de 8h \u00e0 21h30 du 15 avril au 30 septembre et de 8h \u00e0 18h du 1er octobre au 14 avril.<\/li>\n<li>Rue Gambetta prolong\u00e9e. Pont de singe, toboggan, jeux \u00e0 ressort et balan\u00e7oires sont en acc\u00e8s libre au pied de l\u2019immeuble La Balance.<\/li>\n<li>Les enfants du\u00a0Haut des Vignes\u00a0ont au pied de leur immeuble un jeu \u00e0 ressort et une structure \u00e9quip\u00e9e de filet et d\u2019un toboggan.<\/li>\n<\/ul>\n<h5>Champ le B\u0153uf<\/h5>\n<ul>\n<li>Rue de la Seille, devant l\u2019\u00e9cole Jules Romains, deux aires de jeux sont \u00e9quip\u00e9es de jeux \u00e0 ressorts et de structures \u00e9quip\u00e9es notamment de toboggans.<\/li>\n<li>Rue de la la Blette\u00a0deux structures avec filet, toboggans, pont de singe, anneaux et des jeux \u00e0 ressorts sont \u00e0 la disposition des enfants.<\/li>\n<\/ul>\n<h5>Les Aulnes<\/h5>\n<ul>\n<li>Derri\u00e8re les entr\u00e9es 1 \u00e0 3 les adolescents peuvent utiliser un terrain multisports.<\/li>\n<li>L\u2019aire de jeux pour les plus petits se trouve au\u00a0pied de la tour Panoramique, devant l\u2019\u00e9cole Moselly.<\/li>\n<\/ul>\n<div style=\"padding-bottom:20px; padding-top:10px;\" class=\"hupso-share-buttons\"><!-- Hupso Share Buttons - https:\/\/www.hupso.com\/share\/ --><a class=\"hupso_toolbar\" href=\"https:\/\/www.hupso.com\/share\/\"><img src=\"https:\/\/static.hupso.com\/share\/buttons\/lang\/fr\/share-medium.png\" style=\"border:0px; padding-top: 5px; float:left;\" alt=\"Share Button\"\/><\/a><script type=\"text\/javascript\">var hupso_services_t=new Array();var hupso_background_t=\"#EAF4FF\";var hupso_border_t=\"#66CCFF\";var hupso_toolbar_size_t=\"medium\";var hupso_image_folder_url = \"\";var hupso_url_t=\"\";var hupso_title_t=\"Aires%20de%20jeux\";<\/script><script type=\"text\/javascript\" src=\"https:\/\/static.hupso.com\/share\/js\/share_toolbar.js\"><\/script><!-- Hupso Share Buttons --><\/div>","protected":false},"excerpt":{"rendered":"<p>La mairie dispose \u00e9galement de nombreuses aires de jeux, pour accueillir petits et grands, dans un moment de d\u00e9tente et de convivialit\u00e9 : Meurthe-canal A l\u2019angle des rues&#8230;<\/p>\n","protected":false},"author":1,"featured_media":0,"parent":242,"menu_order":25,"comment_status":"closed","ping_status":"closed","template":"","meta":[],"_links":{"self":[{"href":"https:\/\/maxeville.fr\/index.php\/wp-json\/wp\/v2\/pages\/1224"}],"collection":[{"href":"https:\/\/maxeville.fr\/index.php\/wp-json\/wp\/v2\/pages"}],"about":[{"href":"https:\/\/maxeville.fr\/index.php\/wp-json\/wp\/v2\/types\/page"}],"author":[{"embeddable":true,"href":"https:\/\/maxeville.fr\/index.php\/wp-json\/wp\/v2\/users\/1"}],"replies":[{"embeddable":true,"href":"https:\/\/maxeville.fr\/index.php\/wp-json\/wp\/v2\/comments?post=1224"}],"version-history":[{"count":9,"href":"https:\/\/maxeville.fr\/index.php\/wp-json\/wp\/v2\/pages\/1224\/revisions"}],"predecessor-version":[{"id":18872,"href":"https:\/\/maxeville.fr\/index.php\/wp-json\/wp\/v2\/pages\/1224\/revisions\/18872"}],"up":[{"embeddable":true,"href":"https:\/\/maxeville.fr\/index.php\/wp-json\/wp\/v2\/pages\/242"}],"wp:attachment":[{"href":"https:\/\/maxeville.fr\/index.php\/wp-json\/wp\/v2\/media?parent=1224"}],"curies":[{"name":"wp","href":"https:\/\/api.w.org\/{rel}","templated":true}]}}