{"id":1246,"date":"2016-11-22T10:54:38","date_gmt":"2016-11-22T09:54:38","guid":{"rendered":"http:\/\/www.maxeville.fr\/?page_id=1246"},"modified":"2017-11-02T11:28:59","modified_gmt":"2017-11-02T10:28:59","slug":"passeport","status":"publish","type":"page","link":"https:\/\/maxeville.fr\/index.php\/mon-quotidien\/passeport\/","title":{"rendered":"Passeport"},"content":{"rendered":"<hr \/>\n<p>Le passeport est valable 10 ans pour les\u00a0majeurs et 5 ans pour les mineurs.<\/p>\n<h5>Obtention du passeport<\/h5>\n<p>Formulaire Cerfa n\u00b012100*02 est disponible en t\u00e9l\u00e9chargement sur le site <a href=\"https:\/\/www.service-public.fr\/\" target=\"_blank\">www.service-public.fr<\/a><\/p>\n<p>La mairie de Max\u00e9ville n&#8217;\u00e9tant pas \u00e9quip\u00e9e pour d\u00e9livrer les passeport,<br \/>\nmerci de vous rapprocher des mairies ou annexes suivantes :<\/p>\n<ul>\n<li><strong>Nancy<\/strong>, 1 place Stanislas &#8211; 03 83 85 30 83<\/li>\n<li><strong>Plateau de Haye<\/strong>, rue Dominique Louis &#8211; 03 83 98 51 80<\/li>\n<li><strong>Haussonville<\/strong>, 40 bis rue Joseph Laurent &#8211; 03 83 28 68 12<\/li>\n<li><strong>Mon D\u00e9sert<\/strong>, 6 rue Mon D\u00e9sert &#8211; 03 83 91 28 40<\/li>\n<li><strong>Laxou<\/strong> 3 avenue Paul D\u00e9roul\u00e8de &#8211; 03 83 90 54 54 (sur rdv)<\/li>\n<li><strong>Frouard<\/strong>, 40 bis impasse de l&#8217;H\u00f4tel de Ville &#8211; 03 83 49 13 25\u00a0(sur rdv)<\/li>\n<\/ul>\n<h5>Pi\u00e8ces \u00e0 fournir\u00a0:<\/h5>\n<ul>\n<li>1 justificatif de domicile (- 3 mois) : quittance EDF, loyer, imp\u00f4ts,&#8230;<\/li>\n<li>1 timbre fiscal de 86 \u20ac pour une personne majeure<\/li>\n<li>1 timbre fiscal de 42\u00a0\u20ac pour une personne \u00e2g\u00e9e de 15 \u00e0 18 ans<\/li>\n<li>1 timbre fiscal de 17\u00a0\u20ac pour une personne \u00e2g\u00e9e de 0 \u00e0\u00a015 ans<\/li>\n<li>1 photo d&#8217;identit\u00e9 conforme aux normes (ne pas d\u00e9couper la planche)<\/li>\n<li>1 copie int\u00e9grale de l&#8217;acte de naissance avec filiation compl\u00e8te en original (- 3 mois) uniquement si le passeport est p\u00e9rim\u00e9 depuis plus de 2 ans<\/li>\n<li>Indiquer la date et le lieu de naissance des parents<\/li>\n<li><strong>Pour une femme mari\u00e9e, veuve, divorc\u00e9e ou un mineur : <\/strong>Livret de famille<\/li>\n<li><strong>En cas de\u00a0renouvellement :<\/strong>\u00a0le passeport p\u00e9rim\u00e9<\/li>\n<li><strong>Pour les personnes n\u00e9es \u00e0 l&#8217;\u00e9tranger :<\/strong>\u00a0Minist\u00e8re des Affaires \u00c9trang\u00e8res, Service Central de l&#8217;\u00c9tat Civil &#8211; BP 1056 &#8211; 44941 Nantes Cedex<\/li>\n<li><strong>En cas de divorce :<\/strong> photocopie compl\u00e8te du jugement de divorce d\u00e9finitif<\/li>\n<li><strong>En cas de perte ou vol : <\/strong>original de d\u00e9claration<\/li>\n<li><strong>En cas d&#8217;obtention de la Nationalit\u00e9 Fran\u00e7aise : <\/strong>Certificat d\u00e9livr\u00e9 par le Tribunal d&#8217;instance du lieu de r\u00e9sidence<\/li>\n<\/ul>\n<div style=\"padding-bottom:20px; padding-top:10px;\" class=\"hupso-share-buttons\"><!-- Hupso Share Buttons - https:\/\/www.hupso.com\/share\/ --><a class=\"hupso_toolbar\" href=\"https:\/\/www.hupso.com\/share\/\"><img src=\"https:\/\/static.hupso.com\/share\/buttons\/lang\/fr\/share-medium.png\" style=\"border:0px; padding-top: 5px; float:left;\" alt=\"Share Button\"\/><\/a><script type=\"text\/javascript\">var hupso_services_t=new Array();var hupso_background_t=\"#EAF4FF\";var hupso_border_t=\"#66CCFF\";var hupso_toolbar_size_t=\"medium\";var hupso_image_folder_url = \"\";var hupso_url_t=\"\";var hupso_title_t=\"Passeport\";<\/script><script type=\"text\/javascript\" src=\"https:\/\/static.hupso.com\/share\/js\/share_toolbar.js\"><\/script><!-- Hupso Share Buttons --><\/div>","protected":false},"excerpt":{"rendered":"<p>Le passeport est valable 10 ans pour les\u00a0majeurs et 5 ans pour les mineurs. Obtention du passeport Formulaire Cerfa n\u00b012100*02 est disponible en t\u00e9l\u00e9chargement sur le site www.service-public.fr&#8230;<\/p>\n","protected":false},"author":1,"featured_media":0,"parent":242,"menu_order":13,"comment_status":"closed","ping_status":"closed","template":"","meta":[],"_links":{"self":[{"href":"https:\/\/maxeville.fr\/index.php\/wp-json\/wp\/v2\/pages\/1246"}],"collection":[{"href":"https:\/\/maxeville.fr\/index.php\/wp-json\/wp\/v2\/pages"}],"about":[{"href":"https:\/\/maxeville.fr\/index.php\/wp-json\/wp\/v2\/types\/page"}],"author":[{"embeddable":true,"href":"https:\/\/maxeville.fr\/index.php\/wp-json\/wp\/v2\/users\/1"}],"replies":[{"embeddable":true,"href":"https:\/\/maxeville.fr\/index.php\/wp-json\/wp\/v2\/comments?post=1246"}],"version-history":[{"count":19,"href":"https:\/\/maxeville.fr\/index.php\/wp-json\/wp\/v2\/pages\/1246\/revisions"}],"predecessor-version":[{"id":2761,"href":"https:\/\/maxeville.fr\/index.php\/wp-json\/wp\/v2\/pages\/1246\/revisions\/2761"}],"up":[{"embeddable":true,"href":"https:\/\/maxeville.fr\/index.php\/wp-json\/wp\/v2\/pages\/242"}],"wp:attachment":[{"href":"https:\/\/maxeville.fr\/index.php\/wp-json\/wp\/v2\/media?parent=1246"}],"curies":[{"name":"wp","href":"https:\/\/api.w.org\/{rel}","templated":true}]}}