{"id":12684,"date":"2022-10-17T09:21:49","date_gmt":"2022-10-17T07:21:49","guid":{"rendered":"https:\/\/maxeville.fr\/?page_id=12684"},"modified":"2025-01-23T10:24:47","modified_gmt":"2025-01-23T09:24:47","slug":"les-services-petite-enfance-de-maxeville","status":"publish","type":"page","link":"https:\/\/maxeville.fr\/index.php\/les-services-petite-enfance-de-maxeville\/","title":{"rendered":"Les services Petite Enfance et Parentalit\u00e9 de Max\u00e9ville"},"content":{"rendered":"\n<p><em>Le service Petite-Enfance vous pr\u00e9sente son  guide \u00e0 destination des parents max\u00e9villois : vous y trouverez toutes les informations concernant les modes d\u2019accueil (collectifs ou individuels), le Relais Petite-Enfance, le Lieu d\u2019Accueil Enfant-Parent, le R\u00e9seau d\u2019\u00c9coute d\u2019Appui et d\u2019Accompagnement des Parents le service de Protection Maternelle et Infantile ainsi que les dispositifs existants pour l\u2019\u00e9veil des tout-petits.<\/em><\/p>\n\n\n\n<p class=\"has-large-font-size\"><em>Consulter le guide <a href=\"https:\/\/maxeville.fr\/wp-content\/uploads\/2025\/01\/Guide-Enfance-Maxeville_WEB-2025.pdf\" data-type=\"URL\" data-id=\"https:\/\/maxeville.fr\/wp-content\/uploads\/2025\/01\/Guide-Enfance-Maxeville_WEB-2025.pdf\" target=\"_blank\" rel=\"noreferrer noopener\">PETITE ENFANCE et PARENTALIT\u00c9<\/a> de Max\u00e9ville.<\/em><\/p>\n<div style=\"padding-bottom:20px; padding-top:10px;\" class=\"hupso-share-buttons\"><!-- Hupso Share Buttons - https:\/\/www.hupso.com\/share\/ --><a class=\"hupso_toolbar\" href=\"https:\/\/www.hupso.com\/share\/\"><img src=\"https:\/\/static.hupso.com\/share\/buttons\/lang\/fr\/share-medium.png\" style=\"border:0px; padding-top: 5px; float:left;\" alt=\"Share Button\"\/><\/a><script type=\"text\/javascript\">var hupso_services_t=new Array();var hupso_background_t=\"#EAF4FF\";var hupso_border_t=\"#66CCFF\";var hupso_toolbar_size_t=\"medium\";var hupso_image_folder_url = \"\";var hupso_url_t=\"\";var hupso_title_t=\"Les%20services%20Petite%20Enfance%20et%20Parentalit%C3%A9%20de%20Max%C3%A9ville\";<\/script><script type=\"text\/javascript\" src=\"https:\/\/static.hupso.com\/share\/js\/share_toolbar.js\"><\/script><!-- Hupso Share Buttons --><\/div>","protected":false},"excerpt":{"rendered":"<p>Le service Petite-Enfance vous pr\u00e9sente son guide \u00e0 destination des parents max\u00e9villois : vous y trouverez toutes les informations concernant les modes d\u2019accueil (collectifs ou individuels), le Relais&#8230;<\/p>\n","protected":false},"author":1,"featured_media":15484,"parent":0,"menu_order":0,"comment_status":"closed","ping_status":"closed","template":"","meta":[],"_links":{"self":[{"href":"https:\/\/maxeville.fr\/index.php\/wp-json\/wp\/v2\/pages\/12684"}],"collection":[{"href":"https:\/\/maxeville.fr\/index.php\/wp-json\/wp\/v2\/pages"}],"about":[{"href":"https:\/\/maxeville.fr\/index.php\/wp-json\/wp\/v2\/types\/page"}],"author":[{"embeddable":true,"href":"https:\/\/maxeville.fr\/index.php\/wp-json\/wp\/v2\/users\/1"}],"replies":[{"embeddable":true,"href":"https:\/\/maxeville.fr\/index.php\/wp-json\/wp\/v2\/comments?post=12684"}],"version-history":[{"count":10,"href":"https:\/\/maxeville.fr\/index.php\/wp-json\/wp\/v2\/pages\/12684\/revisions"}],"predecessor-version":[{"id":17400,"href":"https:\/\/maxeville.fr\/index.php\/wp-json\/wp\/v2\/pages\/12684\/revisions\/17400"}],"wp:featuredmedia":[{"embeddable":true,"href":"https:\/\/maxeville.fr\/index.php\/wp-json\/wp\/v2\/media\/15484"}],"wp:attachment":[{"href":"https:\/\/maxeville.fr\/index.php\/wp-json\/wp\/v2\/media?parent=12684"}],"curies":[{"name":"wp","href":"https:\/\/api.w.org\/{rel}","templated":true}]}}