{"id":13197,"date":"2023-02-03T14:51:09","date_gmt":"2023-02-03T13:51:09","guid":{"rendered":"https:\/\/maxeville.fr\/?page_id=13197"},"modified":"2025-11-03T14:50:24","modified_gmt":"2025-11-03T13:50:24","slug":"memoire-de-maxeville","status":"publish","type":"page","link":"https:\/\/maxeville.fr\/index.php\/memoire-de-maxeville\/","title":{"rendered":"M\u00e9moire de Max\u00e9ville"},"content":{"rendered":"\n<p class=\"has-small-font-size\">L&#8217;association M\u00e9moire de Max\u00e9ville sauvegarde la m\u00e9moire et le patrimoine de la commune par :<br>&#8211; la collecte de tout document (carte postale, photographie, plaque de verre, film amateur, etc.)<br>&#8211; la valorisation et le partage \u00e0 travers un blog : <a rel=\"noreferrer noopener\" href=\"http:\/\/www.memoiremaxeville.com\/?utm_source=hacktiv-dmm&amp;utm_medium=referral&amp;utm_campaign=organization-link\" data-type=\"URL\" data-id=\"http:\/\/www.memoiremaxeville.com\/?utm_source=hacktiv-dmm&amp;utm_medium=referral&amp;utm_campaign=organization-link\" target=\"_blank\">memoiredemaxeville.com<\/a><br>&#8211; la num\u00e9risation sur le site d&#8217;Image&#8217;Est : <br><a href=\"https:\/\/www.image-est.fr\/nos-archives-1283-0-0-0.html?ref=ad00f494a9121470811cb1b01c10b058#ayantdroit\" data-type=\"URL\" data-id=\"https:\/\/www.image-est.fr\/nos-archives-1283-0-0-0.html?ref=ad00f494a9121470811cb1b01c10b058#ayantdroit\" target=\"_blank\" rel=\"noreferrer noopener\">> fonds association M\u00e9moire de Max\u00e9ville<\/a><a href=\"https:\/\/www.image-est.fr\/nos-archives-1283-0-0-0.html?ref=ad00f494a9121470811cb1b01c10b058#ayantdroit\" data-type=\"URL\" data-id=\"https:\/\/www.image-est.fr\/nos-archives-1283-0-0-0.html?ref=ad00f494a9121470811cb1b01c10b058#ayantdroit\"><br><\/a><a href=\"https:\/\/www.image-est.fr\/nos-archives-1283-0-0-0.html?ref=7163cc57ee272d3b437dbf864f0257cc#ayantdroit\" data-type=\"URL\" data-id=\"https:\/\/www.image-est.fr\/nos-archives-1283-0-0-0.html?ref=7163cc57ee272d3b437dbf864f0257cc#ayantdroit\" target=\"_blank\" rel=\"noreferrer noopener\">> fonds Ville de Max\u00e9ville<\/a><\/p>\n\n\n\n<p class=\"has-small-font-size\"><br><br>L&#8217;association a pour ambition de transmettre son histoire \u00e0 la jeune g\u00e9n\u00e9ration :<br><strong><em><mark style=\"background-color:rgba(0, 0, 0, 0);color:#267eab\" class=\"has-inline-color\">&#8221; Bien comprendre son pass\u00e9 pour construire son avenir &#8220;<\/mark><\/em><\/strong><\/p>\n\n\n\n<p><strong>R\u00e9union chaque mardi de 10h \u00e0 12h \u00e0 la salle des Cailles Blanches<\/strong> <em>(rue Fruchard &#8211; Max\u00e9ville)<\/em><\/p>\n\n\n\n<p>Adresse du bureau : 5, rue du g\u00e9n\u00e9ral Leclerc &#8211; Max\u00e9ville<\/p>\n\n\n\n<p>Contact : memoiredemaxeville@gmail.com<\/p>\n\n\n\n<p>Cotisation &#8211; don libre : <a href=\"https:\/\/www.payasso.fr\/memoire-de-maxeville\/cotisation\" data-type=\"URL\" data-id=\"https:\/\/www.payasso.fr\/memoire-de-maxeville\/cotisation\" target=\"_blank\" rel=\"noreferrer noopener\">payasso\/m\u00e9moire-de-max\u00e9ville <\/a><\/p>\n\n\n\n<p><strong><br><\/strong><\/p>\n<div style=\"padding-bottom:20px; padding-top:10px;\" class=\"hupso-share-buttons\"><!-- Hupso Share Buttons - https:\/\/www.hupso.com\/share\/ --><a class=\"hupso_toolbar\" href=\"https:\/\/www.hupso.com\/share\/\"><img src=\"https:\/\/static.hupso.com\/share\/buttons\/lang\/fr\/share-medium.png\" style=\"border:0px; padding-top: 5px; float:left;\" alt=\"Share Button\"\/><\/a><script type=\"text\/javascript\">var hupso_services_t=new Array();var hupso_background_t=\"#EAF4FF\";var hupso_border_t=\"#66CCFF\";var hupso_toolbar_size_t=\"medium\";var hupso_image_folder_url = \"\";var hupso_url_t=\"\";var hupso_title_t=\"M%C3%A9moire%20de%20Max%C3%A9ville\";<\/script><script type=\"text\/javascript\" src=\"https:\/\/static.hupso.com\/share\/js\/share_toolbar.js\"><\/script><!-- Hupso Share Buttons --><\/div>","protected":false},"excerpt":{"rendered":"<p>L&#8217;association M\u00e9moire de Max\u00e9ville sauvegarde la m\u00e9moire et le patrimoine de la commune par :&#8211; la collecte de tout document (carte postale, photographie, plaque de verre, film amateur,&#8230;<\/p>\n","protected":false},"author":1,"featured_media":14457,"parent":0,"menu_order":0,"comment_status":"closed","ping_status":"closed","template":"","meta":[],"_links":{"self":[{"href":"https:\/\/maxeville.fr\/index.php\/wp-json\/wp\/v2\/pages\/13197"}],"collection":[{"href":"https:\/\/maxeville.fr\/index.php\/wp-json\/wp\/v2\/pages"}],"about":[{"href":"https:\/\/maxeville.fr\/index.php\/wp-json\/wp\/v2\/types\/page"}],"author":[{"embeddable":true,"href":"https:\/\/maxeville.fr\/index.php\/wp-json\/wp\/v2\/users\/1"}],"replies":[{"embeddable":true,"href":"https:\/\/maxeville.fr\/index.php\/wp-json\/wp\/v2\/comments?post=13197"}],"version-history":[{"count":29,"href":"https:\/\/maxeville.fr\/index.php\/wp-json\/wp\/v2\/pages\/13197\/revisions"}],"predecessor-version":[{"id":18734,"href":"https:\/\/maxeville.fr\/index.php\/wp-json\/wp\/v2\/pages\/13197\/revisions\/18734"}],"wp:featuredmedia":[{"embeddable":true,"href":"https:\/\/maxeville.fr\/index.php\/wp-json\/wp\/v2\/media\/14457"}],"wp:attachment":[{"href":"https:\/\/maxeville.fr\/index.php\/wp-json\/wp\/v2\/media?parent=13197"}],"curies":[{"name":"wp","href":"https:\/\/api.w.org\/{rel}","templated":true}]}}