{"id":14054,"date":"2023-06-27T16:05:06","date_gmt":"2023-06-27T14:05:06","guid":{"rendered":"https:\/\/maxeville.fr\/?page_id=14054"},"modified":"2025-11-03T14:49:25","modified_gmt":"2025-11-03T13:49:25","slug":"imageest","status":"publish","type":"page","link":"https:\/\/maxeville.fr\/index.php\/imageest\/","title":{"rendered":"Image&#8217;Est"},"content":{"rendered":"\n<p><em>Association des professionnels de l\u2019image du Grand Est, Image\u2019Est est le P\u00f4le R\u00e9gional d\u2019Education aux Images&nbsp;de Lorraine, elle assure un soutien \u00e0 la diffusion de la cr\u00e9ation r\u00e9gionale de documentaires et films courts et elle collecte, pr\u00e9serve et num\u00e9rise le patrimoine audiovisuel, cin\u00e9matographique et iconographique du Grand Est. A ce titre et fort de collections de pr\u00e8s de 15.000 films et de plus de 1,2 million de photographies, elle copilote avec l\u2019association Mira le projet de \u00ab&nbsp;Cin\u00e9math\u00e8que(s) du Grand Est&nbsp;\u00bb.<\/em><\/p>\n\n\n\n<p>Depuis peu et en lien avec l&#8217;association &#8220;<a rel=\"noreferrer noopener\" href=\"https:\/\/maxeville.fr\/index.php\/memoire-de-maxeville\/\" data-type=\"URL\" data-id=\"https:\/\/maxeville.fr\/index.php\/memoire-de-maxeville\/\" target=\"_blank\">M\u00e9moire de Max\u00e9ville<\/a>&#8220;, Image&#8217;Est collabore avec la ville pour (re)valoriser ses archives. Ainsi, ils accompagnent des particuliers et des associations dans la num\u00e9risation de leurs propres photos d&#8217;archive.<\/p>\n\n\n\n<p><a href=\"https:\/\/www.image-est.fr\/nos-archives-1283-0-0-0.html?ref=ad00f494a9121470811cb1b01c10b058#ayantdroit\" data-type=\"URL\" data-id=\"https:\/\/www.image-est.fr\/nos-archives-1283-0-0-0.html?ref=ad00f494a9121470811cb1b01c10b058#ayantdroit\" target=\"_blank\" rel=\"noreferrer noopener\">IMAGE&#8217;EST : fonds Association M\u00e9moire de Max\u00e9ville<\/a><\/p>\n\n\n\n<p><a href=\"https:\/\/www.image-est.fr\/nos-archives-1283-0-0-0.html?ref=7163cc57ee272d3b437dbf864f0257cc#ayantdroit\" data-type=\"URL\" data-id=\"https:\/\/www.image-est.fr\/nos-archives-1283-0-0-0.html?ref=7163cc57ee272d3b437dbf864f0257cc#ayantdroit\" target=\"_blank\" rel=\"noreferrer noopener\">IMAGE&#8217;EST : fonds Ville de Max\u00e9ville<\/a><\/p>\n\n\n\n<p><\/p>\n\n\n\n<p>Pour tout savoir sur Image&#8217;Est, n&#8217;h\u00e9sitez pas \u00e0 visiter leur site <a href=\"https:\/\/www.image-est.fr\/\" data-type=\"URL\" data-id=\"https:\/\/www.image-est.fr\/\" target=\"_blank\" rel=\"noreferrer noopener\">par ici.<\/a><\/p>\n\n\n\n<h3 class=\"wp-block-heading\">IMAGE\u2019EST \u00c0&nbsp;NANCY (P\u00d4LE PATRIMOINE)<\/h3>\n\n\n\n<p>9 rue Michel Ney 54000 NANCY<\/p>\n\n\n\n<p>&nbsp;06 95 43 55 73<\/p>\n\n\n\n<p><a href=\"http:\/\/blaise.aurora@image-est.fr\/\">blaise.aurora@image-est.fr<\/a><\/p>\n\n\n\n<p><\/p>\n\n\n\n<h3 class=\"wp-block-heading\">&nbsp;<\/h3>\n\n\n\n<h3 class=\"wp-block-heading\">IMAGE\u2019EST \u00c0 \u00c9PINAL (SI\u00c8GE SOCIAL)<\/h3>\n\n\n\n<p>2 rue de Nancy 88000&nbsp;EPINAL<\/p>\n\n\n\n<p>03 29 33 78 34<\/p>\n\n\n\n<p><a href=\"http:\/\/contact@image-est.fr\/\">contact@image-est.fr<\/a><\/p>\n<div style=\"padding-bottom:20px; padding-top:10px;\" class=\"hupso-share-buttons\"><!-- Hupso Share Buttons - https:\/\/www.hupso.com\/share\/ --><a class=\"hupso_toolbar\" href=\"https:\/\/www.hupso.com\/share\/\"><img src=\"https:\/\/static.hupso.com\/share\/buttons\/lang\/fr\/share-medium.png\" style=\"border:0px; padding-top: 5px; float:left;\" alt=\"Share Button\"\/><\/a><script type=\"text\/javascript\">var hupso_services_t=new Array();var hupso_background_t=\"#EAF4FF\";var hupso_border_t=\"#66CCFF\";var hupso_toolbar_size_t=\"medium\";var hupso_image_folder_url = \"\";var hupso_url_t=\"\";var hupso_title_t=\"Image%27Est\";<\/script><script type=\"text\/javascript\" src=\"https:\/\/static.hupso.com\/share\/js\/share_toolbar.js\"><\/script><!-- Hupso Share Buttons --><\/div>","protected":false},"excerpt":{"rendered":"<p>Association des professionnels de l\u2019image du Grand Est, Image\u2019Est est le P\u00f4le R\u00e9gional d\u2019Education aux Images&nbsp;de Lorraine, elle assure un soutien \u00e0 la diffusion de la cr\u00e9ation r\u00e9gionale&#8230;<\/p>\n","protected":false},"author":1,"featured_media":14055,"parent":0,"menu_order":0,"comment_status":"closed","ping_status":"closed","template":"","meta":[],"_links":{"self":[{"href":"https:\/\/maxeville.fr\/index.php\/wp-json\/wp\/v2\/pages\/14054"}],"collection":[{"href":"https:\/\/maxeville.fr\/index.php\/wp-json\/wp\/v2\/pages"}],"about":[{"href":"https:\/\/maxeville.fr\/index.php\/wp-json\/wp\/v2\/types\/page"}],"author":[{"embeddable":true,"href":"https:\/\/maxeville.fr\/index.php\/wp-json\/wp\/v2\/users\/1"}],"replies":[{"embeddable":true,"href":"https:\/\/maxeville.fr\/index.php\/wp-json\/wp\/v2\/comments?post=14054"}],"version-history":[{"count":16,"href":"https:\/\/maxeville.fr\/index.php\/wp-json\/wp\/v2\/pages\/14054\/revisions"}],"predecessor-version":[{"id":18733,"href":"https:\/\/maxeville.fr\/index.php\/wp-json\/wp\/v2\/pages\/14054\/revisions\/18733"}],"wp:featuredmedia":[{"embeddable":true,"href":"https:\/\/maxeville.fr\/index.php\/wp-json\/wp\/v2\/media\/14055"}],"wp:attachment":[{"href":"https:\/\/maxeville.fr\/index.php\/wp-json\/wp\/v2\/media?parent=14054"}],"curies":[{"name":"wp","href":"https:\/\/api.w.org\/{rel}","templated":true}]}}