{"id":14313,"date":"2023-07-10T13:38:05","date_gmt":"2023-07-10T11:38:05","guid":{"rendered":"https:\/\/maxeville.fr\/?page_id=14313"},"modified":"2026-03-25T08:56:40","modified_gmt":"2026-03-25T07:56:40","slug":"offres-demploi","status":"publish","type":"page","link":"https:\/\/maxeville.fr\/index.php\/offres-demploi\/","title":{"rendered":"Offres d&#8217;emploi"},"content":{"rendered":"\n<p><a rel=\"noreferrer noopener\" href=\"https:\/\/maxeville.fr\/wp-content\/uploads\/2026\/03\/Offre-agent-point-ecole.pdf\" data-type=\"URL\" data-id=\"https:\/\/maxeville.fr\/wp-content\/uploads\/2026\/03\/Offre-agent-point-ecole.pdf\" target=\"_blank\">&gt;Agent  de surveillance &#8211;<em> points \u00e9coles<\/em><\/a><\/p>\n\n\n\n<p><a rel=\"noreferrer noopener\" href=\"https:\/\/maxeville.fr\/wp-content\/uploads\/2026\/03\/Offre-agent-administratif-polyvalent.pdf\" data-type=\"URL\" data-id=\"https:\/\/maxeville.fr\/wp-content\/uploads\/2026\/03\/Offre-agent-administratif-polyvalent.pdf\" target=\"_blank\">&gt;Agent administratif polyvalent (CDD remplacement cong\u00e9 maternit\u00e9)<\/a><\/p>\n\n\n\n<p><a rel=\"noreferrer noopener\" href=\"https:\/\/maxeville.fr\/wp-content\/uploads\/2026\/02\/Offre-demploi-saisonniers.pdf\" data-type=\"URL\" data-id=\"https:\/\/maxeville.fr\/wp-content\/uploads\/2026\/02\/Offre-demploi-saisonniers.pdf\" target=\"_blank\">&gt;Emplois saisonniers <\/a>| Espaces verts et propret\u00e9 | <strong><em>4 CDD d\u2019un mois sur la p\u00e9riode de juillet et d\u2019ao\u00fbt<\/em><\/strong><\/p>\n\n\n\n<p><a rel=\"noreferrer noopener\" href=\"https:\/\/maxeville.fr\/wp-content\/uploads\/2026\/02\/Offre-demploi-apprentie.pdf\" data-type=\"URL\" data-id=\"https:\/\/maxeville.fr\/wp-content\/uploads\/2026\/02\/Offre-demploi-apprentie.pdf\" target=\"_blank\">>Apprenti &#8211; CAP accompagnant Petite Enfance |<\/a> <strong><em>3 postes<\/em><\/strong><\/p>\n\n\n\n<p><a href=\"https:\/\/maxeville.fr\/wp-content\/uploads\/2026\/03\/Maxeville-offre-electricien.pdf\" data-type=\"URL\" data-id=\"https:\/\/maxeville.fr\/wp-content\/uploads\/2026\/03\/Maxeville-offre-electricien.pdf\" target=\"_blank\" rel=\"noreferrer noopener\">>\u00c9lectricien<\/a><\/p>\n<div style=\"padding-bottom:20px; padding-top:10px;\" class=\"hupso-share-buttons\"><!-- Hupso Share Buttons - https:\/\/www.hupso.com\/share\/ --><a class=\"hupso_toolbar\" href=\"https:\/\/www.hupso.com\/share\/\"><img src=\"https:\/\/static.hupso.com\/share\/buttons\/lang\/fr\/share-medium.png\" style=\"border:0px; padding-top: 5px; float:left;\" alt=\"Share Button\"\/><\/a><script type=\"text\/javascript\">var hupso_services_t=new Array();var hupso_background_t=\"#EAF4FF\";var hupso_border_t=\"#66CCFF\";var hupso_toolbar_size_t=\"medium\";var hupso_image_folder_url = \"\";var hupso_url_t=\"\";var hupso_title_t=\"Offres%20d%27emploi\";<\/script><script type=\"text\/javascript\" src=\"https:\/\/static.hupso.com\/share\/js\/share_toolbar.js\"><\/script><!-- Hupso Share Buttons --><\/div>","protected":false},"excerpt":{"rendered":"<p>&gt;Agent de surveillance &#8211; points \u00e9coles &gt;Agent administratif polyvalent (CDD remplacement cong\u00e9 maternit\u00e9) &gt;Emplois saisonniers | Espaces verts et propret\u00e9 | 4 CDD d\u2019un mois sur la p\u00e9riode&#8230;<\/p>\n","protected":false},"author":1,"featured_media":14641,"parent":0,"menu_order":0,"comment_status":"closed","ping_status":"closed","template":"","meta":[],"_links":{"self":[{"href":"https:\/\/maxeville.fr\/index.php\/wp-json\/wp\/v2\/pages\/14313"}],"collection":[{"href":"https:\/\/maxeville.fr\/index.php\/wp-json\/wp\/v2\/pages"}],"about":[{"href":"https:\/\/maxeville.fr\/index.php\/wp-json\/wp\/v2\/types\/page"}],"author":[{"embeddable":true,"href":"https:\/\/maxeville.fr\/index.php\/wp-json\/wp\/v2\/users\/1"}],"replies":[{"embeddable":true,"href":"https:\/\/maxeville.fr\/index.php\/wp-json\/wp\/v2\/comments?post=14313"}],"version-history":[{"count":101,"href":"https:\/\/maxeville.fr\/index.php\/wp-json\/wp\/v2\/pages\/14313\/revisions"}],"predecessor-version":[{"id":19325,"href":"https:\/\/maxeville.fr\/index.php\/wp-json\/wp\/v2\/pages\/14313\/revisions\/19325"}],"wp:featuredmedia":[{"embeddable":true,"href":"https:\/\/maxeville.fr\/index.php\/wp-json\/wp\/v2\/media\/14641"}],"wp:attachment":[{"href":"https:\/\/maxeville.fr\/index.php\/wp-json\/wp\/v2\/media?parent=14313"}],"curies":[{"name":"wp","href":"https:\/\/api.w.org\/{rel}","templated":true}]}}