{"id":14369,"date":"2023-07-17T11:39:28","date_gmt":"2023-07-17T09:39:28","guid":{"rendered":"https:\/\/maxeville.fr\/?page_id=14369"},"modified":"2024-09-06T10:32:30","modified_gmt":"2024-09-06T08:32:30","slug":"reseau-decoute-dappui-et-daccompagnement-des-parents-reaap","status":"publish","type":"page","link":"https:\/\/maxeville.fr\/index.php\/reseau-decoute-dappui-et-daccompagnement-des-parents-reaap\/","title":{"rendered":"R\u00e9seau d\u2019\u00c9coute d\u2019Appui et d\u2019Accompagnement des Parents &#8211; REAAP"},"content":{"rendered":"\n<p><strong>Le R\u00e9seau d\u2019\u00c9coute, d\u2019Appui et d\u2019Accompagnement des Parents est un service gratuit financ\u00e9 en partie par la Caisse d\u2019Allocations Familiales (CAF).<\/strong><\/p>\n\n\n\n<p>C\u2019est un r\u00e9seau de partenaires qui r\u00e9unit parents-enfants, professionnels, b\u00e9n\u00e9voles et \u00e9lus du territoire d\u00e9sireux d\u2019accompagner les parents dans leur r\u00f4le \u00e9ducatif aupr\u00e8s de leurs enfants.<\/p>\n\n\n\n<p>Une \u00e0 deux fois par mois, il met en place des actions qui suscitent des occasions d\u2019\u00e9changes, de rencontres et de partages en famille&nbsp;: sorties, ateliers familles, conf\u00e9rences, d\u00e9bats, \u2026<\/p>\n\n\n\n<p>Il vise \u00e0 soutenir les parents dans leur vie familiale, en puisant dans leur savoir-faire, leurs comp\u00e9tences et leurs ressources.<\/p>\n\n\n\n<p><strong>Il est destin\u00e9 aux parents, futurs parents ainsi que leurs enfants \u00e2g\u00e9s de 0 \u00e0 18 ans des secteurs centre de Max\u00e9ville.<\/strong><\/p>\n\n\n\n<p>Il propose \u00e9galement une information compl\u00e8te aux futurs parents, lors de permanences petite enfance qui ont lieu 1 fois par mois, sur l\u2019ensemble des modes d\u2019accueil et l\u2019accompagnement \u00e0 la parentalit\u00e9. Lors de ces rendez-vous &#8211; \u00e0 partir de 6 mois de grossesse jusqu\u2019au un mois de naissance de l\u2019enfant &#8211; un sac \u00ab&nbsp;naissance&nbsp;\u00bb est remis \u00e0 la famille. Ce sac est enti\u00e8rement financ\u00e9 par la Ville.<\/p>\n\n\n\n<p><strong>Le REAAP s\u2019inscrit dans une d\u00e9marche de soutien \u00e0 la parentalit\u00e9 et veille au respect des principes fondamentaux de la charte nationale des REAAP.<\/strong><\/p>\n\n\n\n<p>Contact&nbsp;:<\/p>\n\n\n\n<p>Maison du Lien et de la Solidarit\u00e9 \u2013 REAAP &#8211; 1 rue de la R\u00e9publique 54320 MAXEVILLE<\/p>\n\n\n\n<p>03 57 80 06 96 <a href=\"mailto:service-petite-enfance@mairie-maxeville.fr\">service-petite-enfance@mairie-maxeville.fr<\/a><\/p>\n\n\n\n<p>Le programme du REAAP est disponible :<\/p>\n\n\n\n<ul>\n<li>en mairie et mairie annexe ;<ul><li>dans toutes les structures municipales ;<\/li><\/ul>\n<ul>\n<li>en ligne sur maxeville.fr<\/li>\n\n\n\n<li>sur demande, par email<\/li>\n<\/ul>\n<\/li>\n<\/ul>\n\n\n\n<p><\/p>\n\n\n\n<p><em>photo : kelly-sikkema<\/em><\/p>\n<div style=\"padding-bottom:20px; padding-top:10px;\" class=\"hupso-share-buttons\"><!-- Hupso Share Buttons - https:\/\/www.hupso.com\/share\/ --><a class=\"hupso_toolbar\" href=\"https:\/\/www.hupso.com\/share\/\"><img src=\"https:\/\/static.hupso.com\/share\/buttons\/lang\/fr\/share-medium.png\" style=\"border:0px; padding-top: 5px; float:left;\" alt=\"Share Button\"\/><\/a><script type=\"text\/javascript\">var hupso_services_t=new Array();var hupso_background_t=\"#EAF4FF\";var hupso_border_t=\"#66CCFF\";var hupso_toolbar_size_t=\"medium\";var hupso_image_folder_url = \"\";var hupso_url_t=\"\";var hupso_title_t=\"R%C3%A9seau%20d%E2%80%99%C3%89coute%20d%E2%80%99Appui%20et%20d%E2%80%99Accompagnement%20des%20Parents%20-%20REAAP\";<\/script><script type=\"text\/javascript\" src=\"https:\/\/static.hupso.com\/share\/js\/share_toolbar.js\"><\/script><!-- Hupso Share Buttons --><\/div>","protected":false},"excerpt":{"rendered":"<p>Le R\u00e9seau d\u2019\u00c9coute, d\u2019Appui et d\u2019Accompagnement des Parents est un service gratuit financ\u00e9 en partie par la Caisse d\u2019Allocations Familiales (CAF). C\u2019est un r\u00e9seau de partenaires qui r\u00e9unit&#8230;<\/p>\n","protected":false},"author":1,"featured_media":16575,"parent":0,"menu_order":0,"comment_status":"closed","ping_status":"closed","template":"","meta":[],"_links":{"self":[{"href":"https:\/\/maxeville.fr\/index.php\/wp-json\/wp\/v2\/pages\/14369"}],"collection":[{"href":"https:\/\/maxeville.fr\/index.php\/wp-json\/wp\/v2\/pages"}],"about":[{"href":"https:\/\/maxeville.fr\/index.php\/wp-json\/wp\/v2\/types\/page"}],"author":[{"embeddable":true,"href":"https:\/\/maxeville.fr\/index.php\/wp-json\/wp\/v2\/users\/1"}],"replies":[{"embeddable":true,"href":"https:\/\/maxeville.fr\/index.php\/wp-json\/wp\/v2\/comments?post=14369"}],"version-history":[{"count":3,"href":"https:\/\/maxeville.fr\/index.php\/wp-json\/wp\/v2\/pages\/14369\/revisions"}],"predecessor-version":[{"id":14401,"href":"https:\/\/maxeville.fr\/index.php\/wp-json\/wp\/v2\/pages\/14369\/revisions\/14401"}],"wp:featuredmedia":[{"embeddable":true,"href":"https:\/\/maxeville.fr\/index.php\/wp-json\/wp\/v2\/media\/16575"}],"wp:attachment":[{"href":"https:\/\/maxeville.fr\/index.php\/wp-json\/wp\/v2\/media?parent=14369"}],"curies":[{"name":"wp","href":"https:\/\/api.w.org\/{rel}","templated":true}]}}