{"id":14671,"date":"2023-09-19T13:46:55","date_gmt":"2023-09-19T11:46:55","guid":{"rendered":"https:\/\/maxeville.fr\/?page_id=14671"},"modified":"2024-11-18T14:42:13","modified_gmt":"2024-11-18T13:42:13","slug":"parrainage-civil","status":"publish","type":"page","link":"https:\/\/maxeville.fr\/index.php\/parrainage-civil\/","title":{"rendered":"Parrainage civil"},"content":{"rendered":"\n<p><mark style=\"background-color:rgba(0, 0, 0, 0)\" class=\"has-inline-color has-accent-color\"><strong>Le parrainage r\u00e9publicain<\/strong>\u00a0<\/mark><strong><u>:<\/u><\/strong><\/p>\n\n\n\n<p>Acte citoyen, le parrainage r\u00e9publicain est l&#8217;engagement moral des parrain(s) et marraine(s) d&#8217;accompagner l&#8217;enfant dans les diff\u00e9rentes \u00e9tapes de sa vie et de suppl\u00e9er les parents en cas de malheur familial. Il est \u00e9galement destin\u00e9 \u00e0 faire entrer l&#8217;enfant dans la communaut\u00e9 r\u00e9publicaine et \u00e0 le faire adh\u00e9rer de mani\u00e8re symbolique aux valeurs r\u00e9publicaines.<\/p>\n\n\n\n<p>L\u00e9galement, le parrainage r\u00e9publicain n&#8217;a aucune valeur juridique. L&#8217;engagement des parrain(s) et marraine(s) reste symbolique. Il s&#8217;agit n\u00e9anmoins d&#8217;un engagement moral fort, prononc\u00e9 devant le maire ou ses adjoints, officiers d&#8217;Etat Civil.<\/p>\n\n\n\n<p>Les municipalit\u00e9s ne sont pas tenues d&#8217;offrir ce service. De plus, ne s&#8217;agissant pas d&#8217;un acte d&#8217;\u00e9tat civil, les parrainages r\u00e9publicains ne sont pas inscrits sur les registres de la commune. Enfin, il n&#8217;y a pas de c\u00e9r\u00e9monial pr\u00e9\u00e9tabli.<\/p>\n\n\n\n<p>Pour un parrainage r\u00e9publicain, le dossier doit \u00eatre d\u00e9pos\u00e9 au service de l\u2019Etat Civil, et ce sur rendez-vous deux mois avant sa c\u00e9l\u00e9bration. A Max\u00e9ville, les parrainages r\u00e9publicains sont c\u00e9l\u00e9br\u00e9s le samedi matin en salle du Conseil Municipal.<\/p>\n\n\n\n<p><mark style=\"background-color:rgba(0, 0, 0, 0)\" class=\"has-inline-color has-accent-color\"><strong>Pi\u00e8ces \u00e0 fournir<\/strong> :<\/mark><\/p>\n\n\n\n<ul>\n<li class=\"has-small-font-size\">Un formulaire \u00e0 remplir \u00e0 retirer directement en mairie ou<a href=\"https:\/\/maxeville.fr\/wp-content\/uploads\/2024\/11\/PARRAINAGE.pdf\" data-type=\"URL\" data-id=\"https:\/\/maxeville.fr\/wp-content\/uploads\/2024\/11\/PARRAINAGE.pdf\" target=\"_blank\" rel=\"noreferrer noopener\"> \u00e0 t\u00e9l\u00e9charger ci-contre.<\/a><\/li>\n\n\n\n<li class=\"has-small-font-size\">Un courrier \u00e0 l\u2019attention de Monsieur le Maire,<\/li>\n\n\n\n<li class=\"has-small-font-size\">Acte de naissance de l&#8217;enfant,<\/li>\n\n\n\n<li class=\"has-small-font-size\">Livret de famille des parents,<\/li>\n\n\n\n<li class=\"has-small-font-size\">Photocopie recto-verso des pi\u00e8ces d&#8217;identit\u00e9 du parrain et de la <strong>marraine ( s\u2019<\/strong><strong>il n&#8217;existe aucune condition d&#8217;\u00e2ge pour \u00eatre parrain ou marraine, il est cependant souhaitable qu&#8217;au moins un des deux soit majeur)<\/strong><strong><\/strong><\/li>\n\n\n\n<li class=\"has-small-font-size\">Adresses et professions des parents et du parrain et de la marraine.<\/li>\n\n\n\n<li class=\"has-small-font-size\">Adresse et justificatif de domicile des parents<br><strong>En cas de s\u00e9paration des parents&nbsp;: accord du parent qui n\u2019est pas pr\u00e9sent&nbsp;: soit copie de la pi\u00e8ce d\u2019identit\u00e9, soit &nbsp;lettre manuscrite.<\/strong><\/li>\n<\/ul>\n\n\n\n<hr class=\"wp-block-separator has-alpha-channel-opacity\"\/>\n\n\n\n<p><strong><mark style=\"background-color:rgba(0, 0, 0, 0)\" class=\"has-inline-color has-accent-color\">Une question ? En savoir plus ? <\/mark><\/strong><\/p>\n\n\n\n<p>Le service <strong>Etat civil de la ville de Max\u00e9ville<\/strong> vous accueille du lundi au vendredi :<\/p>\n\n\n\n<p>de 8h30 \u00e0 12h et de 13h30 \u00e0 17h<\/p>\n\n\n\n<p>14 rue du 15 septembre 1944 &#8211; 54320 Max\u00e9ville<\/p>\n\n\n\n<p>03 83 32 30 00<\/p>\n<div style=\"padding-bottom:20px; padding-top:10px;\" class=\"hupso-share-buttons\"><!-- Hupso Share Buttons - https:\/\/www.hupso.com\/share\/ --><a class=\"hupso_toolbar\" href=\"https:\/\/www.hupso.com\/share\/\"><img src=\"https:\/\/static.hupso.com\/share\/buttons\/lang\/fr\/share-medium.png\" style=\"border:0px; padding-top: 5px; float:left;\" alt=\"Share Button\"\/><\/a><script type=\"text\/javascript\">var hupso_services_t=new Array();var hupso_background_t=\"#EAF4FF\";var hupso_border_t=\"#66CCFF\";var hupso_toolbar_size_t=\"medium\";var hupso_image_folder_url = \"\";var hupso_url_t=\"\";var hupso_title_t=\"Parrainage%20civil\";<\/script><script type=\"text\/javascript\" src=\"https:\/\/static.hupso.com\/share\/js\/share_toolbar.js\"><\/script><!-- Hupso Share Buttons --><\/div>","protected":false},"excerpt":{"rendered":"<p>Le parrainage r\u00e9publicain\u00a0: Acte citoyen, le parrainage r\u00e9publicain est l&#8217;engagement moral des parrain(s) et marraine(s) d&#8217;accompagner l&#8217;enfant dans les diff\u00e9rentes \u00e9tapes de sa vie et de suppl\u00e9er les&#8230;<\/p>\n","protected":false},"author":1,"featured_media":0,"parent":0,"menu_order":0,"comment_status":"closed","ping_status":"closed","template":"","meta":[],"_links":{"self":[{"href":"https:\/\/maxeville.fr\/index.php\/wp-json\/wp\/v2\/pages\/14671"}],"collection":[{"href":"https:\/\/maxeville.fr\/index.php\/wp-json\/wp\/v2\/pages"}],"about":[{"href":"https:\/\/maxeville.fr\/index.php\/wp-json\/wp\/v2\/types\/page"}],"author":[{"embeddable":true,"href":"https:\/\/maxeville.fr\/index.php\/wp-json\/wp\/v2\/users\/1"}],"replies":[{"embeddable":true,"href":"https:\/\/maxeville.fr\/index.php\/wp-json\/wp\/v2\/comments?post=14671"}],"version-history":[{"count":2,"href":"https:\/\/maxeville.fr\/index.php\/wp-json\/wp\/v2\/pages\/14671\/revisions"}],"predecessor-version":[{"id":17066,"href":"https:\/\/maxeville.fr\/index.php\/wp-json\/wp\/v2\/pages\/14671\/revisions\/17066"}],"wp:attachment":[{"href":"https:\/\/maxeville.fr\/index.php\/wp-json\/wp\/v2\/media?parent=14671"}],"curies":[{"name":"wp","href":"https:\/\/api.w.org\/{rel}","templated":true}]}}