{"id":14673,"date":"2023-09-19T13:47:39","date_gmt":"2023-09-19T11:47:39","guid":{"rendered":"https:\/\/maxeville.fr\/?page_id=14673"},"modified":"2025-05-15T11:45:18","modified_gmt":"2025-05-15T09:45:18","slug":"mariage-pacs","status":"publish","type":"page","link":"https:\/\/maxeville.fr\/index.php\/mariage-pacs\/","title":{"rendered":"Mariage et PACS"},"content":{"rendered":"\n<p><strong><mark style=\"background-color:#ffdc00\" class=\"has-inline-color\">MARIAGE<\/mark><\/strong><\/p>\n\n\n\n<p>Un mariage est c\u00e9l\u00e9br\u00e9 \u00e0 la mairie du domicile de l\u2019un des futurs \u00e9poux(ses) ou \u00e0 la mairie du domicile de l\u2019un de leurs parents.<\/p>\n\n\n\n<p><mark style=\"background-color:rgba(0, 0, 0, 0)\" class=\"has-inline-color has-accent-color\"><strong>Le dossier de mariage (\u00e0 compl\u00e9ter et avec la liste des pi\u00e8ces) est : <\/strong><\/mark><br>> \u00e0 retirer directement en mairie\u00a0: \u00e0 l\u2019accueil de l\u2019H\u00f4tel de Ville ou au CILM ;<br><a rel=\"noreferrer noopener\" href=\"https:\/\/maxeville.fr\/wp-content\/uploads\/2024\/11\/Dossier-de-mariage_nov2024.pdf\" data-type=\"URL\" data-id=\"https:\/\/maxeville.fr\/wp-content\/uploads\/2024\/11\/Dossier-de-mariage_nov2024.pdf\" target=\"_blank\">> \u00e0 t\u00e9l\u00e9charger par ici<\/a> ;<br><a href=\"https:\/\/maxeville.fr\/wp-content\/uploads\/2025\/05\/Charte-de-bonne-conduite-pour-les-celebrations-de-mariage-civil.pdf\" data-type=\"URL\" data-id=\"https:\/\/maxeville.fr\/wp-content\/uploads\/2025\/05\/Charte-de-bonne-conduite-pour-les-celebrations-de-mariage-civil.pdf\" target=\"_blank\" rel=\"noreferrer noopener\">> charte de bonne conduite pour les c\u00e9l\u00e9brations de mariage civil.<\/a><\/p>\n\n\n\n<p>Le dossier de mariage complet doit \u00eatre d\u00e9pos\u00e9 <strong>uniquement sur RDV<\/strong> en pr\u00e9sence des deux futurs \u00e9poux(ses) <strong>au moins deux mois<\/strong> avant la date de la c\u00e9l\u00e9bration.<\/p>\n\n\n\n<p><\/p>\n\n\n\n<p><strong><mark style=\"background-color:#ffdc00\" class=\"has-inline-color\">PACS<\/mark><\/strong><\/p>\n\n\n\n<p>Un pacte civil de solidarit\u00e9 (PACS) est un contrat conclu par deux personnes physiques majeures (de sexe diff\u00e9rent ou de m\u00eame sexe) pour organiser leur vie commune.<em> Institu\u00e9 par la Loi de 1999, le PACS est r\u00e9gi par les articles 515-1 et suivants du Code Civil.<\/em><\/p>\n\n\n\n<p><strong><mark style=\"background-color:rgba(0, 0, 0, 0)\" class=\"has-inline-color has-accent-color\">Enregistrement d\u2019un P<\/mark>ACS<\/strong><\/p>\n\n\n\n<p>Les couples domicili\u00e9s \u00e0 Max\u00e9ville ou y \u00e9lisant r\u00e9sidence commune peuvent depuis le 1er novembre 2017 se procurer les formulaires n\u00e9cessaires \u00e0 l\u2019enregistrement de leur Pacs. <\/p>\n\n\n\n<p>Le dossier de PACS doit \u00eatre d\u00e9pos\u00e9 en mairie muni des originaux et <strong>ce sur rendez-vous<\/strong>, en pr\u00e9sence des deux partenaires.<\/p>\n\n\n\n<p><br><a rel=\"noreferrer noopener\" href=\"https:\/\/maxeville.fr\/wp-content\/uploads\/2024\/09\/Notice-PACS-cerfa-52176-03.pdf.pdf\" target=\"_blank\">&gt; t\u00e9l\u00e9charger la notice de d\u00e9claration, modification et dissolution d\u2019un PACS<br><\/a><a rel=\"noreferrer noopener\" href=\"https:\/\/maxeville.fr\/wp-content\/uploads\/2024\/09\/Declaration-PACS-cerfa-15725-03.pdf\" target=\"_blank\">&gt; t\u00e9l\u00e9charger la d\u00e9claration conjointe PACS et attestations sur l\u2019honneur de non parent\u00e9, non alliance et r\u00e9sidence commune<br><\/a><a rel=\"noreferrer noopener\" href=\"https:\/\/maxeville.fr\/wp-content\/uploads\/2024\/09\/Convention-PACS-cerfa-15726-02.pdf\" target=\"_blank\">&gt; t\u00e9l\u00e9charger la convention type d\u2019un PACS<\/a><\/p>\n\n\n\n<p><\/p>\n\n\n\n<p><em>L\u2019enregistrement d\u2019un PACS peut \u00e9galement \u00eatre effectu\u00e9 devant un notaire.<\/em><\/p>\n\n\n\n<hr class=\"wp-block-separator has-alpha-channel-opacity\"\/>\n\n\n\n<p><strong><mark style=\"background-color:rgba(0, 0, 0, 0)\" class=\"has-inline-color has-accent-color\">Une question ? En savoir plus ?<\/mark> <mark style=\"background-color:rgba(0, 0, 0, 0)\" class=\"has-inline-color has-accent-color\">Pour la prise de rendez-vous :<\/mark><\/strong><\/p>\n\n\n\n<p>Le service&nbsp;<strong>Etat civil de la ville de Max\u00e9ville<\/strong>&nbsp;vous accueille du lundi au vendredi :<br>de 8h30 \u00e0 12h et de 13h30 \u00e0 17h<br>14 rue du 15 septembre 1944 \u2013 54320 Max\u00e9ville<br>03 83 32 30 00<\/p>\n<div style=\"padding-bottom:20px; padding-top:10px;\" class=\"hupso-share-buttons\"><!-- Hupso Share Buttons - https:\/\/www.hupso.com\/share\/ --><a class=\"hupso_toolbar\" href=\"https:\/\/www.hupso.com\/share\/\"><img src=\"https:\/\/static.hupso.com\/share\/buttons\/lang\/fr\/share-medium.png\" style=\"border:0px; padding-top: 5px; float:left;\" alt=\"Share Button\"\/><\/a><script type=\"text\/javascript\">var hupso_services_t=new Array();var hupso_background_t=\"#EAF4FF\";var hupso_border_t=\"#66CCFF\";var hupso_toolbar_size_t=\"medium\";var hupso_image_folder_url = \"\";var hupso_url_t=\"\";var hupso_title_t=\"Mariage%20et%20PACS\";<\/script><script type=\"text\/javascript\" src=\"https:\/\/static.hupso.com\/share\/js\/share_toolbar.js\"><\/script><!-- Hupso Share Buttons --><\/div>","protected":false},"excerpt":{"rendered":"<p>MARIAGE Un mariage est c\u00e9l\u00e9br\u00e9 \u00e0 la mairie du domicile de l\u2019un des futurs \u00e9poux(ses) ou \u00e0 la mairie du domicile de l\u2019un de leurs parents. Le dossier&#8230;<\/p>\n","protected":false},"author":1,"featured_media":16730,"parent":0,"menu_order":0,"comment_status":"closed","ping_status":"closed","template":"","meta":[],"_links":{"self":[{"href":"https:\/\/maxeville.fr\/index.php\/wp-json\/wp\/v2\/pages\/14673"}],"collection":[{"href":"https:\/\/maxeville.fr\/index.php\/wp-json\/wp\/v2\/pages"}],"about":[{"href":"https:\/\/maxeville.fr\/index.php\/wp-json\/wp\/v2\/types\/page"}],"author":[{"embeddable":true,"href":"https:\/\/maxeville.fr\/index.php\/wp-json\/wp\/v2\/users\/1"}],"replies":[{"embeddable":true,"href":"https:\/\/maxeville.fr\/index.php\/wp-json\/wp\/v2\/comments?post=14673"}],"version-history":[{"count":11,"href":"https:\/\/maxeville.fr\/index.php\/wp-json\/wp\/v2\/pages\/14673\/revisions"}],"predecessor-version":[{"id":17931,"href":"https:\/\/maxeville.fr\/index.php\/wp-json\/wp\/v2\/pages\/14673\/revisions\/17931"}],"wp:featuredmedia":[{"embeddable":true,"href":"https:\/\/maxeville.fr\/index.php\/wp-json\/wp\/v2\/media\/16730"}],"wp:attachment":[{"href":"https:\/\/maxeville.fr\/index.php\/wp-json\/wp\/v2\/media?parent=14673"}],"curies":[{"name":"wp","href":"https:\/\/api.w.org\/{rel}","templated":true}]}}