{"id":14677,"date":"2023-09-19T13:48:15","date_gmt":"2023-09-19T11:48:15","guid":{"rendered":"https:\/\/maxeville.fr\/?page_id=14677"},"modified":"2024-11-18T14:03:25","modified_gmt":"2024-11-18T13:03:25","slug":"attestation-de-vie-commune","status":"publish","type":"page","link":"https:\/\/maxeville.fr\/index.php\/attestation-de-vie-commune\/","title":{"rendered":"Attestation de vie commune ou certificat de concubinage\u00a0"},"content":{"rendered":"\n<p><em>Le concubinage est une union de fait, caract\u00e9ris\u00e9e par une vie commune pr\u00e9sentant un caract\u00e8re de stabilit\u00e9 et de continuit\u00e9, entre deux personnes, de sexe diff\u00e9rent ou de m\u00eame sexe, qui vivent en couple (article 515-8 du code civil). <\/em><\/p>\n\n\n\n<p>La preuve de la vie commune n&#8217;est pas r\u00e9glement\u00e9e. Elle peut \u00eatre apport\u00e9e par tous les moyens. Les certificats de vie commune (aussi appel\u00e9s certificats de concubinage ou de vie maritale) sont d\u00e9livr\u00e9s par les mairies, mais elles n\u2019en ont pas l\u2019obligatio<em>n.<\/em><\/p>\n\n\n\n<p><strong>La mairie de Max\u00e9ville <\/strong>est comp\u00e9tente pour r\u00e9diger le certificat de concubinage des <strong>Max\u00e9villois (es)<\/strong> qui remplissent les conditions \u00e9num\u00e9r\u00e9es ci-dessus <strong>depuis au moins 6 mois.<\/strong><\/p>\n\n\n\n<p>La demande doit \u00eatre d\u00e9pos\u00e9e personnellement \u00e0 l&#8217;H\u00f4tel de Ville par les deux concubins qui doivent \u00eatre accompagn\u00e9s de deux t\u00e9moins majeurs habitants Max\u00e9ville, non-apparent\u00e9s ni entre eux, ni avec les concubins. Ce sont les t\u00e9moins qui attestent sur l&#8217;honneur de la r\u00e9alit\u00e9 du concubinage.<\/p>\n\n\n\n<p>Ce document est d\u00e9livr\u00e9 gratuitement et imm\u00e9diatement, <strong>apr\u00e8s prise de rendez-vous aupr\u00e8s du service de l\u2019Etat Civil.<\/strong><\/p>\n\n\n\n<p><strong><mark style=\"background-color:rgba(0, 0, 0, 0)\" class=\"has-inline-color has-accent-color\">Documents originaux \u00e0 pr\u00e9senter par les quatre personnes pr\u00e9sentes <\/mark>:<\/strong><\/p>\n\n\n\n<ul>\n<li>pi\u00e8ce d&#8217;identit\u00e9,<\/li>\n\n\n\n<li>justificatif de domicile.<\/li>\n<\/ul>\n\n\n\n<p><strong><mark style=\"background-color:rgba(0, 0, 0, 0)\" class=\"has-inline-color has-accent-color\">Fin du concubinage<\/mark><\/strong><\/p>\n\n\n\n<p>Il n&#8217;y a pas de d\u00e9marche pour faire annuler le certificat de concubinage, car il ne s&#8217;agit que d&#8217;une attestation sur l&#8217;honneur sans valeur juridique. <\/p>\n\n\n\n<p>Pour en savoir plus : <a rel=\"noreferrer noopener\" href=\"https:\/\/www.service-public.fr\/particuliers\/vosdroits\/F1433\" data-type=\"URL\" data-id=\"https:\/\/www.service-public.fr\/particuliers\/vosdroits\/F1433\" target=\"_blank\">par ici.<\/a><\/p>\n\n\n\n<hr class=\"wp-block-separator has-alpha-channel-opacity\"\/>\n\n\n\n<p><strong><mark style=\"background-color:rgba(0, 0, 0, 0)\" class=\"has-inline-color has-accent-color\">Une question ? En savoir plus ?<\/mark><\/strong><\/p>\n\n\n\n<p>Le service&nbsp;<strong>Etat civil de la ville de Max\u00e9ville<\/strong>&nbsp;vous accueille du lundi au vendredi :<br>de 8h30 \u00e0 12h et de 13h30 \u00e0 17h<br>14 rue du 15 septembre 1944 \u2013 54320 Max\u00e9ville<br>03 83 32 30 00<\/p>\n<div style=\"padding-bottom:20px; padding-top:10px;\" class=\"hupso-share-buttons\"><!-- Hupso Share Buttons - https:\/\/www.hupso.com\/share\/ --><a class=\"hupso_toolbar\" href=\"https:\/\/www.hupso.com\/share\/\"><img src=\"https:\/\/static.hupso.com\/share\/buttons\/lang\/fr\/share-medium.png\" style=\"border:0px; padding-top: 5px; float:left;\" alt=\"Share Button\"\/><\/a><script type=\"text\/javascript\">var hupso_services_t=new Array();var hupso_background_t=\"#EAF4FF\";var hupso_border_t=\"#66CCFF\";var hupso_toolbar_size_t=\"medium\";var hupso_image_folder_url = \"\";var hupso_url_t=\"\";var hupso_title_t=\"Attestation%20de%20vie%20commune%20ou%20certificat%20de%20concubinage%C2%A0\";<\/script><script type=\"text\/javascript\" src=\"https:\/\/static.hupso.com\/share\/js\/share_toolbar.js\"><\/script><!-- Hupso Share Buttons --><\/div>","protected":false},"excerpt":{"rendered":"<p>Le concubinage est une union de fait, caract\u00e9ris\u00e9e par une vie commune pr\u00e9sentant un caract\u00e8re de stabilit\u00e9 et de continuit\u00e9, entre deux personnes, de sexe diff\u00e9rent ou de&#8230;<\/p>\n","protected":false},"author":1,"featured_media":0,"parent":0,"menu_order":0,"comment_status":"closed","ping_status":"closed","template":"","meta":[],"_links":{"self":[{"href":"https:\/\/maxeville.fr\/index.php\/wp-json\/wp\/v2\/pages\/14677"}],"collection":[{"href":"https:\/\/maxeville.fr\/index.php\/wp-json\/wp\/v2\/pages"}],"about":[{"href":"https:\/\/maxeville.fr\/index.php\/wp-json\/wp\/v2\/types\/page"}],"author":[{"embeddable":true,"href":"https:\/\/maxeville.fr\/index.php\/wp-json\/wp\/v2\/users\/1"}],"replies":[{"embeddable":true,"href":"https:\/\/maxeville.fr\/index.php\/wp-json\/wp\/v2\/comments?post=14677"}],"version-history":[{"count":7,"href":"https:\/\/maxeville.fr\/index.php\/wp-json\/wp\/v2\/pages\/14677\/revisions"}],"predecessor-version":[{"id":17054,"href":"https:\/\/maxeville.fr\/index.php\/wp-json\/wp\/v2\/pages\/14677\/revisions\/17054"}],"wp:attachment":[{"href":"https:\/\/maxeville.fr\/index.php\/wp-json\/wp\/v2\/media?parent=14677"}],"curies":[{"name":"wp","href":"https:\/\/api.w.org\/{rel}","templated":true}]}}