{"id":14685,"date":"2023-09-19T13:49:18","date_gmt":"2023-09-19T11:49:18","guid":{"rendered":"https:\/\/maxeville.fr\/?page_id=14685"},"modified":"2024-11-18T14:44:12","modified_gmt":"2024-11-18T13:44:12","slug":"livret-de-famille","status":"publish","type":"page","link":"https:\/\/maxeville.fr\/index.php\/livret-de-famille\/","title":{"rendered":"Livret de famille"},"content":{"rendered":"\n<p>Le livret de famille est un document officiel remis \u00e0 la naissance du 1<sup>er<\/sup> enfant ou lors du mariage. Il pr\u00e9sente des extraits d\u2019acte d\u2019Etat Civil des membres d\u2019une famille.<\/p>\n\n\n\n<p>Toute modification li\u00e9e \u00e0 l\u2019Etat Civil des personnes inscrites dans le livret de famille (mariage, adoption, naissance, divorce, d\u00e9c\u00e8s, \u2026) doit faire l\u2019objet d\u2019une mise \u00e0 jour.<\/p>\n\n\n\n<p>Un second livret de famille peut \u00eatre d\u00e9livr\u00e9&nbsp;en cas de s\u00e9paration, perte, vol, d\u00e9t\u00e9rioration ou destruction du premier livret.<\/p>\n\n\n\n<p>Le demandeur est le titulaire du livret qui doit s\u2019adresser \u00e0 la mairie de son lieu de domicile et compl\u00e9ter un formulaire de demande de second livret de famille.<\/p>\n\n\n\n<p>Pi\u00e8ces \u00e0 fournir&nbsp;:<\/p>\n\n\n\n<ul>\n<li>Une pi\u00e8ce d\u2019identit\u00e9,<\/li>\n\n\n\n<li>Un justificatif de domicile de moins de 3 mois.<\/li>\n<\/ul>\n\n\n\n<p>En cas de d\u00e9c\u00e8s du ou des titulaires du livret, les enfants ne peuvent pas obtenir la d\u00e9livrance d\u2019un second livret de famille.<\/p>\n\n\n\n<hr class=\"wp-block-separator has-alpha-channel-opacity\"\/>\n\n\n\n<p><strong><mark style=\"background-color:rgba(0, 0, 0, 0)\" class=\"has-inline-color has-accent-color\">Une question ? En savoir plus ? <\/mark><\/strong><\/p>\n\n\n\n<p>Le service <strong>Etat civil de la ville de Max\u00e9ville<\/strong> vous accueille du lundi au vendredi :<\/p>\n\n\n\n<p>de 8h30 \u00e0 12h et de 13h30 \u00e0 17h<\/p>\n\n\n\n<p>14 rue du 15 septembre 1944 &#8211; 54320 Max\u00e9ville<\/p>\n\n\n\n<p>03 83 32 30 00<\/p>\n<div style=\"padding-bottom:20px; padding-top:10px;\" class=\"hupso-share-buttons\"><!-- Hupso Share Buttons - https:\/\/www.hupso.com\/share\/ --><a class=\"hupso_toolbar\" href=\"https:\/\/www.hupso.com\/share\/\"><img src=\"https:\/\/static.hupso.com\/share\/buttons\/lang\/fr\/share-medium.png\" style=\"border:0px; padding-top: 5px; float:left;\" alt=\"Share Button\"\/><\/a><script type=\"text\/javascript\">var hupso_services_t=new Array();var hupso_background_t=\"#EAF4FF\";var hupso_border_t=\"#66CCFF\";var hupso_toolbar_size_t=\"medium\";var hupso_image_folder_url = \"\";var hupso_url_t=\"\";var hupso_title_t=\"Livret%20de%20famille\";<\/script><script type=\"text\/javascript\" src=\"https:\/\/static.hupso.com\/share\/js\/share_toolbar.js\"><\/script><!-- Hupso Share Buttons --><\/div>","protected":false},"excerpt":{"rendered":"<p>Le livret de famille est un document officiel remis \u00e0 la naissance du 1er enfant ou lors du mariage. Il pr\u00e9sente des extraits d\u2019acte d\u2019Etat Civil des membres&#8230;<\/p>\n","protected":false},"author":1,"featured_media":0,"parent":0,"menu_order":0,"comment_status":"closed","ping_status":"closed","template":"","meta":[],"_links":{"self":[{"href":"https:\/\/maxeville.fr\/index.php\/wp-json\/wp\/v2\/pages\/14685"}],"collection":[{"href":"https:\/\/maxeville.fr\/index.php\/wp-json\/wp\/v2\/pages"}],"about":[{"href":"https:\/\/maxeville.fr\/index.php\/wp-json\/wp\/v2\/types\/page"}],"author":[{"embeddable":true,"href":"https:\/\/maxeville.fr\/index.php\/wp-json\/wp\/v2\/users\/1"}],"replies":[{"embeddable":true,"href":"https:\/\/maxeville.fr\/index.php\/wp-json\/wp\/v2\/comments?post=14685"}],"version-history":[{"count":2,"href":"https:\/\/maxeville.fr\/index.php\/wp-json\/wp\/v2\/pages\/14685\/revisions"}],"predecessor-version":[{"id":17068,"href":"https:\/\/maxeville.fr\/index.php\/wp-json\/wp\/v2\/pages\/14685\/revisions\/17068"}],"wp:attachment":[{"href":"https:\/\/maxeville.fr\/index.php\/wp-json\/wp\/v2\/media?parent=14685"}],"curies":[{"name":"wp","href":"https:\/\/api.w.org\/{rel}","templated":true}]}}