{"id":14687,"date":"2023-09-19T13:49:36","date_gmt":"2023-09-19T11:49:36","guid":{"rendered":"https:\/\/maxeville.fr\/?page_id=14687"},"modified":"2024-11-18T14:50:20","modified_gmt":"2024-11-18T13:50:20","slug":"attestation-daccueil","status":"publish","type":"page","link":"https:\/\/maxeville.fr\/index.php\/attestation-daccueil\/","title":{"rendered":"Attestation d\u2019accueil"},"content":{"rendered":"\n<p>La d\u00e9livrance d\u2019une attestation d\u2019accueil est de la comp\u00e9tence du Maire de la commune de r\u00e9sidence de l\u2019h\u00e9bergeant. Elle concerne toute personne fran\u00e7aise ou \u00e9trang\u00e8re r\u00e9sidant sur la commune de Max\u00e9ville qui souhaite accueillir une personne de nationalit\u00e9 \u00e9trang\u00e8re (autre que de nationalit\u00e9 europ\u00e9enne) pour laquelle un visa est n\u00e9cessaire dans le cadre d\u2019un s\u00e9jour priv\u00e9 ou familial d\u2019une <strong>dur\u00e9e maximum de 90 jours<\/strong>.<\/p>\n\n\n\n<p>La demande sera r\u00e9dig\u00e9e sur place en mairie. L\u2019h\u00e9bergeant doit se pr\u00e9senter personnellement lors du d\u00e9p\u00f4t et du retrait de l\u2019attestation.<\/p>\n\n\n\n<p><strong><mark style=\"background-color:rgba(0, 0, 0, 0)\" class=\"has-inline-color has-accent-color\">L\u2019h\u00e9bergeant doit remplir et signer un formulaire de demande de Cerfa remis \u00e0 l\u2019accueil de l\u2019H\u00f4tel de Ville et du CILM auquel seront jointes les pi\u00e8ces justificatives originales suivantes&nbsp;:<\/mark><\/strong><\/p>\n\n\n\n<ul>\n<li class=\"has-small-font-size\">Un timbre fiscal d\u2019un montant de 30 \u20ac,<\/li>\n\n\n\n<li class=\"has-small-font-size\">Le dernier avis d\u2019imposition,<\/li>\n\n\n\n<li class=\"has-small-font-size\">Une pi\u00e8ce d\u2019identit\u00e9 de l\u2019h\u00e9bergeant,<\/li>\n\n\n\n<li class=\"has-small-font-size\">Un justificatif de domicile de moins de 3 mois,<\/li>\n\n\n\n<li class=\"has-small-font-size\">Un document attestant de sa qualit\u00e9 de propri\u00e9taire, de locataire ou d\u2019occupant du logement dans lequel il propose d\u2019h\u00e9berger le visiteur,<\/li>\n\n\n\n<li class=\"has-small-font-size\">Les documents permettant d\u2019appr\u00e9cier ses ressources \u00e0 subvenir aux frais de s\u00e9jour de l\u2019\u00e9tranger (3 derniers bulletins de salaire, pensions de retraite, prestations familiales, indemnit\u00e9s p\u00f4le emploi).<\/li>\n<\/ul>\n\n\n\n<p>Lors du d\u00e9p\u00f4t de la demande, il faudra pr\u00e9ciser si l\u2019h\u00e9bergeant souhaite ou non assurer l\u2019h\u00e9berg\u00e9. <strong>Si oui, il faudra fournir le justificatif.<\/strong><\/p>\n\n\n\n<p><strong><mark style=\"background-color:rgba(0, 0, 0, 0)\" class=\"has-inline-color has-accent-color\">Informations sur l\u2019h\u00e9berg\u00e9&nbsp;:<\/mark><\/strong><\/p>\n\n\n\n<ul>\n<li>L\u2019Etat Civil&nbsp;: nom, pr\u00e9nom, date et lieu de naissance,<\/li>\n\n\n\n<li>La nationalit\u00e9,<\/li>\n\n\n\n<li>Le num\u00e9ro de passeport (date de d\u00e9livrance et de validit\u00e9),<\/li>\n\n\n\n<li>L\u2019adresse \u00e0 l\u2019\u00e9tranger,<\/li>\n\n\n\n<li>Les dates d\u2019arriv\u00e9e et de d\u00e9part pr\u00e9vues,<\/li>\n\n\n\n<li>Le lien de parent\u00e9 entre l\u2019h\u00e9bergeant et l\u2019h\u00e9berg\u00e9.<\/li>\n<\/ul>\n\n\n\n<p><\/p>\n\n\n\n<hr class=\"wp-block-separator has-alpha-channel-opacity\"\/>\n\n\n\n<p><strong><mark style=\"background-color:rgba(0, 0, 0, 0)\" class=\"has-inline-color has-accent-color\">Une question ? En savoir plus ? <\/mark><\/strong><\/p>\n\n\n\n<p>Le service <strong>Etat civil de la ville de Max\u00e9ville<\/strong> vous accueille du lundi au vendredi :<\/p>\n\n\n\n<p>de 8h30 \u00e0 12h et de 13h30 \u00e0 17h<\/p>\n\n\n\n<p>14 rue du 15 septembre 1944 &#8211; 54320 Max\u00e9ville<\/p>\n\n\n\n<p>03 83 32 30 00<\/p>\n<div style=\"padding-bottom:20px; padding-top:10px;\" class=\"hupso-share-buttons\"><!-- Hupso Share Buttons - https:\/\/www.hupso.com\/share\/ --><a class=\"hupso_toolbar\" href=\"https:\/\/www.hupso.com\/share\/\"><img src=\"https:\/\/static.hupso.com\/share\/buttons\/lang\/fr\/share-medium.png\" style=\"border:0px; padding-top: 5px; float:left;\" alt=\"Share Button\"\/><\/a><script type=\"text\/javascript\">var hupso_services_t=new Array();var hupso_background_t=\"#EAF4FF\";var hupso_border_t=\"#66CCFF\";var hupso_toolbar_size_t=\"medium\";var hupso_image_folder_url = \"\";var hupso_url_t=\"\";var hupso_title_t=\"Attestation%20d%E2%80%99accueil\";<\/script><script type=\"text\/javascript\" src=\"https:\/\/static.hupso.com\/share\/js\/share_toolbar.js\"><\/script><!-- Hupso Share Buttons --><\/div>","protected":false},"excerpt":{"rendered":"<p>La d\u00e9livrance d\u2019une attestation d\u2019accueil est de la comp\u00e9tence du Maire de la commune de r\u00e9sidence de l\u2019h\u00e9bergeant. Elle concerne toute personne fran\u00e7aise ou \u00e9trang\u00e8re r\u00e9sidant sur la&#8230;<\/p>\n","protected":false},"author":1,"featured_media":0,"parent":0,"menu_order":0,"comment_status":"closed","ping_status":"closed","template":"","meta":[],"_links":{"self":[{"href":"https:\/\/maxeville.fr\/index.php\/wp-json\/wp\/v2\/pages\/14687"}],"collection":[{"href":"https:\/\/maxeville.fr\/index.php\/wp-json\/wp\/v2\/pages"}],"about":[{"href":"https:\/\/maxeville.fr\/index.php\/wp-json\/wp\/v2\/types\/page"}],"author":[{"embeddable":true,"href":"https:\/\/maxeville.fr\/index.php\/wp-json\/wp\/v2\/users\/1"}],"replies":[{"embeddable":true,"href":"https:\/\/maxeville.fr\/index.php\/wp-json\/wp\/v2\/comments?post=14687"}],"version-history":[{"count":5,"href":"https:\/\/maxeville.fr\/index.php\/wp-json\/wp\/v2\/pages\/14687\/revisions"}],"predecessor-version":[{"id":17075,"href":"https:\/\/maxeville.fr\/index.php\/wp-json\/wp\/v2\/pages\/14687\/revisions\/17075"}],"wp:attachment":[{"href":"https:\/\/maxeville.fr\/index.php\/wp-json\/wp\/v2\/media?parent=14687"}],"curies":[{"name":"wp","href":"https:\/\/api.w.org\/{rel}","templated":true}]}}