{"id":14689,"date":"2023-09-19T13:49:54","date_gmt":"2023-09-19T11:49:54","guid":{"rendered":"https:\/\/maxeville.fr\/?page_id=14689"},"modified":"2024-11-18T14:05:46","modified_gmt":"2024-11-18T13:05:46","slug":"legalisation-de-signature","status":"publish","type":"page","link":"https:\/\/maxeville.fr\/index.php\/legalisation-de-signature\/","title":{"rendered":"L\u00e9galisation de signature"},"content":{"rendered":"\n<p><strong><mark style=\"background-color:rgba(0, 0, 0, 0)\" class=\"has-inline-color has-accent-color\">Qu\u2019est-ce qu\u2019une l\u00e9galisation de signature ?<\/mark><\/strong><\/p>\n\n\n\n<p>C\u2019est l\u2019authentification d\u2019une signature sur un acte sous seing priv\u00e9 par une signature officielle (contreseing). A titre d\u2019exemple, une attestation sur l\u2019honneur r\u00e9dig\u00e9e par un particulier est un acte sous seing priv\u00e9.&nbsp; Le document dont la signature sera l\u00e9galis\u00e9e ne doit pas avoir de connotation morale, politique ou religieuse ; il ne doit pas porter atteinte \u00e0 un tiers ou faire l\u2019objet d\u2019une reconnaissance de dette.<\/p>\n\n\n\n<p>Il doit \u00eatre r\u00e9dig\u00e9 en fran\u00e7ais, ou s\u2019il s\u2019agit d\u2019un document \u00e9tranger, avoir \u00e9t\u00e9 traduit en fran\u00e7ais par un traducteur asserment\u00e9.<\/p>\n\n\n\n<p><strong><mark style=\"background-color:rgba(0, 0, 0, 0)\" class=\"has-inline-color has-accent-color\">Comment obtenir une l\u00e9galisation de signature ?<\/mark><\/strong><\/p>\n\n\n\n<p>Vous devez vous adresser \u00e0 la mairie de votre domicile et pr\u00e9senter la pi\u00e8ce \u00e0 l\u00e9galiser non sign\u00e9e, accompagn\u00e9e d\u2019une carte d\u2019identit\u00e9 ou d\u2019un passeport sur laquelle figure votre signature.<\/p>\n\n\n\n<p>La l\u00e9galisation de votre signature sera faite imm\u00e9diatement en votre pr\u00e9sence, une fois que vous l\u2019aurez appos\u00e9e sur le document et qu\u2019elle aura \u00e9t\u00e9 compar\u00e9e \u00e0 celle de votre pi\u00e8ce d\u2019identit\u00e9.<\/p>\n\n\n\n<p><strong>Cette d\u00e9marche est enti\u00e8rement gratuite.<\/strong><\/p>\n\n\n\n<hr class=\"wp-block-separator has-alpha-channel-opacity\"\/>\n\n\n\n<p> <p><strong><mark style=\"background-color:rgba(0, 0, 0, 0)\" class=\"has-inline-color has-accent-color\">Une question ? En savoir plus ?<\/mark><\/strong><\/p>   <p>Le service\u00a0<strong>Etat civil de la ville de Max\u00e9ville<\/strong>\u00a0vous accueille du lundi au vendredi :<br>de 8h30 \u00e0 12h et de 13h30 \u00e0 17h<br>14 rue du 15 septembre 1944 \u2013 54320 Max\u00e9ville<br>03 83 32 30 00<\/p> <\/p>\n<div style=\"padding-bottom:20px; padding-top:10px;\" class=\"hupso-share-buttons\"><!-- Hupso Share Buttons - https:\/\/www.hupso.com\/share\/ --><a class=\"hupso_toolbar\" href=\"https:\/\/www.hupso.com\/share\/\"><img src=\"https:\/\/static.hupso.com\/share\/buttons\/lang\/fr\/share-medium.png\" style=\"border:0px; padding-top: 5px; float:left;\" alt=\"Share Button\"\/><\/a><script type=\"text\/javascript\">var hupso_services_t=new Array();var hupso_background_t=\"#EAF4FF\";var hupso_border_t=\"#66CCFF\";var hupso_toolbar_size_t=\"medium\";var hupso_image_folder_url = \"\";var hupso_url_t=\"\";var hupso_title_t=\"L%C3%A9galisation%20de%20signature\";<\/script><script type=\"text\/javascript\" src=\"https:\/\/static.hupso.com\/share\/js\/share_toolbar.js\"><\/script><!-- Hupso Share Buttons --><\/div>","protected":false},"excerpt":{"rendered":"<p>Qu\u2019est-ce qu\u2019une l\u00e9galisation de signature ? C\u2019est l\u2019authentification d\u2019une signature sur un acte sous seing priv\u00e9 par une signature officielle (contreseing). A titre d\u2019exemple, une attestation sur l\u2019honneur&#8230;<\/p>\n","protected":false},"author":1,"featured_media":0,"parent":0,"menu_order":0,"comment_status":"closed","ping_status":"closed","template":"","meta":[],"_links":{"self":[{"href":"https:\/\/maxeville.fr\/index.php\/wp-json\/wp\/v2\/pages\/14689"}],"collection":[{"href":"https:\/\/maxeville.fr\/index.php\/wp-json\/wp\/v2\/pages"}],"about":[{"href":"https:\/\/maxeville.fr\/index.php\/wp-json\/wp\/v2\/types\/page"}],"author":[{"embeddable":true,"href":"https:\/\/maxeville.fr\/index.php\/wp-json\/wp\/v2\/users\/1"}],"replies":[{"embeddable":true,"href":"https:\/\/maxeville.fr\/index.php\/wp-json\/wp\/v2\/comments?post=14689"}],"version-history":[{"count":3,"href":"https:\/\/maxeville.fr\/index.php\/wp-json\/wp\/v2\/pages\/14689\/revisions"}],"predecessor-version":[{"id":17056,"href":"https:\/\/maxeville.fr\/index.php\/wp-json\/wp\/v2\/pages\/14689\/revisions\/17056"}],"wp:attachment":[{"href":"https:\/\/maxeville.fr\/index.php\/wp-json\/wp\/v2\/media?parent=14689"}],"curies":[{"name":"wp","href":"https:\/\/api.w.org\/{rel}","templated":true}]}}