{"id":14691,"date":"2023-09-19T13:50:09","date_gmt":"2023-09-19T11:50:09","guid":{"rendered":"https:\/\/maxeville.fr\/?page_id=14691"},"modified":"2024-09-26T16:01:19","modified_gmt":"2024-09-26T14:01:19","slug":"actes-de-letat-civil","status":"publish","type":"page","link":"https:\/\/maxeville.fr\/index.php\/actes-de-letat-civil\/","title":{"rendered":"La d\u00e9livrance des copies et extraits des actes de l\u2019\u00e9tat civil\u00a0:"},"content":{"rendered":"\n<p><strong><mark style=\"background-color:rgba(0, 0, 0, 0)\" class=\"has-inline-color has-accent-color\">Pour les actes de naissance, de reconnaissance et de mariage de moins de 75 ans&nbsp;: <\/mark><\/strong><\/p>\n\n\n\n<p><em>(ou de moins de 25 ans \u00e0 compter du jour du d\u00e9c\u00e8s de l\u2019int\u00e9ress\u00e9 ou du dernier \u00e9poux survivant si ce d\u00e9lai est plus bref)<\/em> <\/p>\n\n\n\n<p>Les copies et extraits sont d\u00e9livr\u00e9s exclusivement aux int\u00e9ress\u00e9s ou \u00e0 leurs ayants droit sur pr\u00e9sentation de leur pi\u00e8ce d\u2019identit\u00e9 ou le livret de famille, et comportent le cachet de la Commune \u00ab d\u00e9livr\u00e9 conforme au registre \u00bb, la date ainsi que la signature de l\u2019officier de l\u2019\u00e9tat civil.<\/p>\n\n\n\n<p><\/p>\n\n\n\n<p><strong><mark>Pour faire une demande d&#8217;acte de naissance en ligne, c&#8217;est <a rel=\"noreferrer noopener\" href=\"https:\/\/www.service-public.fr\/particuliers\/vosdroits\/R1406\" target=\"_blank\">par ici.<\/a><\/mark><\/strong><\/p>\n\n\n\n<hr class=\"wp-block-separator has-alpha-channel-opacity\"\/>\n\n\n\n<p><strong><mark style=\"background-color:rgba(0, 0, 0, 0)\" class=\"has-inline-color has-accent-color\">Pour les actes de naissance, de reconnaissance et de mariage de plus de 75 ans <\/mark><\/strong><\/p>\n\n\n\n<p><em>(ou de plus de 25 ans \u00e0 compter du jour du d\u00e9c\u00e8s de l\u2019int\u00e9ress\u00e9 ou du dernier \u00e9poux survivant si ce d\u00e9lai est plus bref)<\/em><\/p>\n\n\n\n<p>Les copies et extraits sont d\u00e9livr\u00e9s au titre :<\/p>\n\n\n\n<ul>\n<li>des actes de l\u2019\u00e9tat civil (c\u2019est-\u00e0-dire avec un cachet, une date et une signature et donc utilisables pour les d\u00e9marches administratives) exclusivement aux int\u00e9ress\u00e9s ou leurs ayants droit sur pr\u00e9sentation de leur pi\u00e8ce d\u2019identit\u00e9 ou le livret de famille;<\/li>\n\n\n\n<li>de documents d\u2019archives (et dans ce cas, sans aucune mention, ni cachet mais par simple copie) \u00e0 toute personne ;<\/li>\n<\/ul>\n\n\n\n<p><\/p>\n\n\n\n<p><\/p>\n\n\n\n<p><\/p>\n\n\n\n<hr class=\"wp-block-separator has-alpha-channel-opacity\"\/>\n\n\n\n<p><mark style=\"background-color:rgba(0, 0, 0, 0)\" class=\"has-inline-color has-accent-color\"><strong>Pour les actes de d\u00e9c\u00e8s <\/strong>: <\/mark><\/p>\n\n\n\n<p>Les copies peuvent \u00eatre d\u00e9livr\u00e9es int\u00e9gralement \u00e0 toute personne d\u00e8s que les actes sont \u00e9tablis <em>(il n\u2019y a en principe pas d\u2019extraits d\u2019acte de d\u00e9c\u00e8s)<\/em>, et comportent le cachet de la Commune \u00ab d\u00e9livr\u00e9 conforme au registre \u00bb, la date ainsi que la signature de l\u2019officier de l\u2019\u00e9tat civil.<\/p>\n\n\n\n<hr class=\"wp-block-separator has-alpha-channel-opacity\"\/>\n\n\n\n<hr class=\"wp-block-separator has-alpha-channel-opacity\"\/>\n\n\n\n<p><strong><mark style=\"background-color:rgba(0, 0, 0, 0)\" class=\"has-inline-color has-accent-color\">Une question ? En savoir plus ? <\/mark><\/strong><\/p>\n\n\n\n<p>Le service <strong>Etat civil de la ville de Max\u00e9ville<\/strong> vous accueille du lundi au vendredi :<\/p>\n\n\n\n<p>de 8h30 \u00e0 12h et de 13h30 \u00e0 17h<\/p>\n\n\n\n<p>14 rue du 15 septembre 1944 &#8211; 54320 Max\u00e9ville<\/p>\n\n\n\n<p>03 83 32 30 00<\/p>\n<div style=\"padding-bottom:20px; padding-top:10px;\" class=\"hupso-share-buttons\"><!-- Hupso Share Buttons - https:\/\/www.hupso.com\/share\/ --><a class=\"hupso_toolbar\" href=\"https:\/\/www.hupso.com\/share\/\"><img src=\"https:\/\/static.hupso.com\/share\/buttons\/lang\/fr\/share-medium.png\" style=\"border:0px; padding-top: 5px; float:left;\" alt=\"Share Button\"\/><\/a><script type=\"text\/javascript\">var hupso_services_t=new Array();var hupso_background_t=\"#EAF4FF\";var hupso_border_t=\"#66CCFF\";var hupso_toolbar_size_t=\"medium\";var hupso_image_folder_url = \"\";var hupso_url_t=\"\";var hupso_title_t=\"La%20d%C3%A9livrance%20des%20copies%20et%20extraits%20des%20actes%20de%20l%E2%80%99%C3%A9tat%20civil%C2%A0%3A\";<\/script><script type=\"text\/javascript\" src=\"https:\/\/static.hupso.com\/share\/js\/share_toolbar.js\"><\/script><!-- Hupso Share Buttons --><\/div>","protected":false},"excerpt":{"rendered":"<p>Pour les actes de naissance, de reconnaissance et de mariage de moins de 75 ans&nbsp;: (ou de moins de 25 ans \u00e0 compter du jour du d\u00e9c\u00e8s de&#8230;<\/p>\n","protected":false},"author":1,"featured_media":16714,"parent":0,"menu_order":0,"comment_status":"closed","ping_status":"closed","template":"","meta":[],"_links":{"self":[{"href":"https:\/\/maxeville.fr\/index.php\/wp-json\/wp\/v2\/pages\/14691"}],"collection":[{"href":"https:\/\/maxeville.fr\/index.php\/wp-json\/wp\/v2\/pages"}],"about":[{"href":"https:\/\/maxeville.fr\/index.php\/wp-json\/wp\/v2\/types\/page"}],"author":[{"embeddable":true,"href":"https:\/\/maxeville.fr\/index.php\/wp-json\/wp\/v2\/users\/1"}],"replies":[{"embeddable":true,"href":"https:\/\/maxeville.fr\/index.php\/wp-json\/wp\/v2\/comments?post=14691"}],"version-history":[{"count":8,"href":"https:\/\/maxeville.fr\/index.php\/wp-json\/wp\/v2\/pages\/14691\/revisions"}],"predecessor-version":[{"id":16717,"href":"https:\/\/maxeville.fr\/index.php\/wp-json\/wp\/v2\/pages\/14691\/revisions\/16717"}],"wp:featuredmedia":[{"embeddable":true,"href":"https:\/\/maxeville.fr\/index.php\/wp-json\/wp\/v2\/media\/16714"}],"wp:attachment":[{"href":"https:\/\/maxeville.fr\/index.php\/wp-json\/wp\/v2\/media?parent=14691"}],"curies":[{"name":"wp","href":"https:\/\/api.w.org\/{rel}","templated":true}]}}