{"id":14693,"date":"2023-09-19T13:50:23","date_gmt":"2023-09-19T11:50:23","guid":{"rendered":"https:\/\/maxeville.fr\/?page_id=14693"},"modified":"2024-09-26T16:20:46","modified_gmt":"2024-09-26T14:20:46","slug":"carte-nationale-didentite-et-passeport","status":"publish","type":"page","link":"https:\/\/maxeville.fr\/index.php\/carte-nationale-didentite-et-passeport\/","title":{"rendered":"Carte Nationale d\u2019Identit\u00e9 et passeport"},"content":{"rendered":"\n<p>La Ville de Max\u00e9ville ne dispose pas de dispositif de recueil n\u00e9cessaire pour r\u00e9aliser les Cartes Nationale d&#8217;Identit\u00e9 (CNI).<\/p>\n\n\n\n<p>Vous pouvez consulter la liste des communes \u00e9quip\u00e9es pour le d\u00e9p\u00f4t des demandes (CNI et\/ou passeport), <a rel=\"noreferrer noopener\" href=\"https:\/\/passeport.ants.gouv.fr\/services\/geolocaliser-une-mairie-habilitee\" data-type=\"URL\" data-id=\"https:\/\/passeport.ants.gouv.fr\/services\/geolocaliser-une-mairie-habilitee\" target=\"_blank\">PAR ICI.<\/a><\/p>\n\n\n\n<hr class=\"wp-block-separator has-alpha-channel-opacity\"\/>\n\n\n\n<hr class=\"wp-block-separator has-alpha-channel-opacity\"\/>\n\n\n\n<p><strong><mark style=\"background-color:rgba(0, 0, 0, 0)\" class=\"has-inline-color has-accent-color\">Une question ? En savoir plus ?<\/mark><\/strong><\/p>\n\n\n\n<p>Le service&nbsp;<strong>Etat civil de la ville de Max\u00e9ville<\/strong>&nbsp;vous accueille du lundi au vendredi :<br>de 8h30 \u00e0 12h et de 13h30 \u00e0 17h<br>14 rue du 15 septembre 1944 \u2013 54320 Max\u00e9ville<br>03 83 32 30 00<\/p>\n\n\n\n<p><mark style=\"background-color:rgba(0, 0, 0, 0)\" class=\"has-inline-color has-accent-color\"> <\/mark><\/p>\n<div style=\"padding-bottom:20px; padding-top:10px;\" class=\"hupso-share-buttons\"><!-- Hupso Share Buttons - https:\/\/www.hupso.com\/share\/ --><a class=\"hupso_toolbar\" href=\"https:\/\/www.hupso.com\/share\/\"><img src=\"https:\/\/static.hupso.com\/share\/buttons\/lang\/fr\/share-medium.png\" style=\"border:0px; padding-top: 5px; float:left;\" alt=\"Share Button\"\/><\/a><script type=\"text\/javascript\">var hupso_services_t=new Array();var hupso_background_t=\"#EAF4FF\";var hupso_border_t=\"#66CCFF\";var hupso_toolbar_size_t=\"medium\";var hupso_image_folder_url = \"\";var hupso_url_t=\"\";var hupso_title_t=\"Carte%20Nationale%20d%E2%80%99Identit%C3%A9%20et%20passeport\";<\/script><script type=\"text\/javascript\" src=\"https:\/\/static.hupso.com\/share\/js\/share_toolbar.js\"><\/script><!-- Hupso Share Buttons --><\/div>","protected":false},"excerpt":{"rendered":"<p>La Ville de Max\u00e9ville ne dispose pas de dispositif de recueil n\u00e9cessaire pour r\u00e9aliser les Cartes Nationale d&#8217;Identit\u00e9 (CNI). Vous pouvez consulter la liste des communes \u00e9quip\u00e9es pour&#8230;<\/p>\n","protected":false},"author":1,"featured_media":16723,"parent":0,"menu_order":0,"comment_status":"closed","ping_status":"closed","template":"","meta":[],"_links":{"self":[{"href":"https:\/\/maxeville.fr\/index.php\/wp-json\/wp\/v2\/pages\/14693"}],"collection":[{"href":"https:\/\/maxeville.fr\/index.php\/wp-json\/wp\/v2\/pages"}],"about":[{"href":"https:\/\/maxeville.fr\/index.php\/wp-json\/wp\/v2\/types\/page"}],"author":[{"embeddable":true,"href":"https:\/\/maxeville.fr\/index.php\/wp-json\/wp\/v2\/users\/1"}],"replies":[{"embeddable":true,"href":"https:\/\/maxeville.fr\/index.php\/wp-json\/wp\/v2\/comments?post=14693"}],"version-history":[{"count":7,"href":"https:\/\/maxeville.fr\/index.php\/wp-json\/wp\/v2\/pages\/14693\/revisions"}],"predecessor-version":[{"id":16722,"href":"https:\/\/maxeville.fr\/index.php\/wp-json\/wp\/v2\/pages\/14693\/revisions\/16722"}],"wp:featuredmedia":[{"embeddable":true,"href":"https:\/\/maxeville.fr\/index.php\/wp-json\/wp\/v2\/media\/16723"}],"wp:attachment":[{"href":"https:\/\/maxeville.fr\/index.php\/wp-json\/wp\/v2\/media?parent=14693"}],"curies":[{"name":"wp","href":"https:\/\/api.w.org\/{rel}","templated":true}]}}