{"id":14695,"date":"2023-09-19T13:50:41","date_gmt":"2023-09-19T11:50:41","guid":{"rendered":"https:\/\/maxeville.fr\/?page_id=14695"},"modified":"2024-11-18T14:08:29","modified_gmt":"2024-11-18T13:08:29","slug":"copie-certifiee-conforme-dun-document-administratif","status":"publish","type":"page","link":"https:\/\/maxeville.fr\/index.php\/copie-certifiee-conforme-dun-document-administratif\/","title":{"rendered":"Copie certifi\u00e9e conforme d\u2019un document administratif"},"content":{"rendered":"\n<p>Depuis le 1er octobre 2001, les services administratifs, les mairies et les entreprises ne peuvent plus, dans leurs demandes, exiger la production d\u2019une copie certifi\u00e9e conforme \u00e0 l\u2019original d\u2019un document administratif.<\/p>\n\n\n\n<p>La production d\u2019une photocopie simple du document original, d\u00e8s lors qu\u2019il est lisible, doit \u00eatre accept\u00e9.<\/p>\n\n\n\n<p><strong><mark style=\"background-color:rgba(0, 0, 0, 0)\" class=\"has-inline-color has-accent-color\">Dans quel cas peut-on vous demander une copie conforme <\/mark>?<\/strong><\/p>\n\n\n\n<ul>\n<li>Lorsque vous avez des documents administratifs destin\u00e9s \u00e0 des administrations \u00e9trang\u00e8res.<\/li>\n\n\n\n<li>Lorsque vous avez des documents \u00e9tablis par des administrations \u00e9trang\u00e8res destin\u00e9s \u00e0 une administration fran\u00e7aise. Ce document devra avoir fait l\u2019objet d\u2019une traduction par un traducteur asserment\u00e9.<\/li>\n<\/ul>\n\n\n\n<ul>\n<li>Lorsque vous avez des documents destin\u00e9s \u00e0 une proc\u00e9dure d\u2019adoption.<\/li>\n<\/ul>\n\n\n\n<p>Dans tous les cas, le document doit \u00e9maner d\u2019une autorit\u00e9 officielle<\/p>\n\n\n\n<p><strong><mark style=\"background-color:rgba(0, 0, 0, 0)\" class=\"has-inline-color has-accent-color\">Comment obtenir une certification conforme d\u2019un tel document <\/mark>?<\/strong><\/p>\n\n\n\n<p>Vous devez vous adresser \u00e0 la mairie et pr\u00e9senter le document original et la photocopie de ce document \u00e0 certifier.<\/p>\n\n\n\n<p>La certification sera faite imm\u00e9diatement.<\/p>\n\n\n\n<p>Cette d\u00e9marche est enti\u00e8rement gratuite.<\/p>\n\n\n\n<p><strong><mark style=\"background-color:rgba(0, 0, 0, 0)\" class=\"has-inline-color has-accent-color\">Dispositions particuli\u00e8res concernant certains documents&nbsp;<\/mark>:<\/strong><\/p>\n\n\n\n<ul>\n<li>Un acte d\u2019\u00e9tat civil ne peut \u00eatre certifi\u00e9 que par le Maire de la commune o\u00f9 a \u00e9t\u00e9 dress\u00e9 l\u2019acte.<\/li>\n\n\n\n<li>Le Maire n\u2019est pas comp\u00e9tent pour certifier les actes d\u00e9livrer par les notaires, les greffiers, les tribunaux.<\/li>\n\n\n\n<li>Un livret de famille ne peut pas \u00eatre certifi\u00e9 conforme.<\/li>\n<\/ul>\n\n\n\n<p><strong><mark style=\"background-color:rgba(0, 0, 0, 0)\" class=\"has-inline-color has-accent-color\">Que faire si la Mairie ne peut certifier conforme un document <\/mark>?<\/strong><\/p>\n\n\n\n<p>Vous pouvez certifier conforme un document en inscrivant sur la copie \u00ab Je certifie ce document conforme \u00e0 l\u2019original que je d\u00e9tiens \u00bb et en apposant la date et votre signature.<\/p>\n\n\n\n<hr class=\"wp-block-separator has-alpha-channel-opacity\"\/>\n\n\n\n<p> <p><strong><mark style=\"background-color:rgba(0, 0, 0, 0)\" class=\"has-inline-color has-accent-color\">Une question ? En savoir plus ?<\/mark><\/strong><\/p>   <p>Le service\u00a0<strong>Etat civil de la ville de Max\u00e9ville<\/strong>\u00a0vous accueille du lundi au vendredi :<br>de 8h30 \u00e0 12h et de 13h30 \u00e0 17h<br>14 rue du 15 septembre 1944 \u2013 54320 Max\u00e9ville<br>03 83 32 30 00<\/p> <\/p>\n<div style=\"padding-bottom:20px; padding-top:10px;\" class=\"hupso-share-buttons\"><!-- Hupso Share Buttons - https:\/\/www.hupso.com\/share\/ --><a class=\"hupso_toolbar\" href=\"https:\/\/www.hupso.com\/share\/\"><img src=\"https:\/\/static.hupso.com\/share\/buttons\/lang\/fr\/share-medium.png\" style=\"border:0px; padding-top: 5px; float:left;\" alt=\"Share Button\"\/><\/a><script type=\"text\/javascript\">var hupso_services_t=new Array();var hupso_background_t=\"#EAF4FF\";var hupso_border_t=\"#66CCFF\";var hupso_toolbar_size_t=\"medium\";var hupso_image_folder_url = \"\";var hupso_url_t=\"\";var hupso_title_t=\"Copie%20certifi%C3%A9e%20conforme%20d%E2%80%99un%20document%20administratif\";<\/script><script type=\"text\/javascript\" src=\"https:\/\/static.hupso.com\/share\/js\/share_toolbar.js\"><\/script><!-- Hupso Share Buttons --><\/div>","protected":false},"excerpt":{"rendered":"<p>Depuis le 1er octobre 2001, les services administratifs, les mairies et les entreprises ne peuvent plus, dans leurs demandes, exiger la production d\u2019une copie certifi\u00e9e conforme \u00e0 l\u2019original&#8230;<\/p>\n","protected":false},"author":1,"featured_media":0,"parent":0,"menu_order":0,"comment_status":"closed","ping_status":"closed","template":"","meta":[],"_links":{"self":[{"href":"https:\/\/maxeville.fr\/index.php\/wp-json\/wp\/v2\/pages\/14695"}],"collection":[{"href":"https:\/\/maxeville.fr\/index.php\/wp-json\/wp\/v2\/pages"}],"about":[{"href":"https:\/\/maxeville.fr\/index.php\/wp-json\/wp\/v2\/types\/page"}],"author":[{"embeddable":true,"href":"https:\/\/maxeville.fr\/index.php\/wp-json\/wp\/v2\/users\/1"}],"replies":[{"embeddable":true,"href":"https:\/\/maxeville.fr\/index.php\/wp-json\/wp\/v2\/comments?post=14695"}],"version-history":[{"count":3,"href":"https:\/\/maxeville.fr\/index.php\/wp-json\/wp\/v2\/pages\/14695\/revisions"}],"predecessor-version":[{"id":17059,"href":"https:\/\/maxeville.fr\/index.php\/wp-json\/wp\/v2\/pages\/14695\/revisions\/17059"}],"wp:attachment":[{"href":"https:\/\/maxeville.fr\/index.php\/wp-json\/wp\/v2\/media?parent=14695"}],"curies":[{"name":"wp","href":"https:\/\/api.w.org\/{rel}","templated":true}]}}