{"id":14983,"date":"2023-11-20T11:37:09","date_gmt":"2023-11-20T10:37:09","guid":{"rendered":"https:\/\/maxeville.fr\/?page_id=14983"},"modified":"2023-11-20T11:37:10","modified_gmt":"2023-11-20T10:37:10","slug":"epiceries-solidaires-a-maxeville","status":"publish","type":"page","link":"https:\/\/maxeville.fr\/index.php\/epiceries-solidaires-a-maxeville\/","title":{"rendered":"Epiceries solidaires \u00e0 Max\u00e9ville"},"content":{"rendered":"\n<p>Pour couvrir l&#8217;ensemble du territoire, il existe deux \u00e9piceries solidaires.<\/p>\n\n\n\n<!--more-->\n\n\n\n<p><\/p>\n\n\n\n<p>EPICERIE SOLIDAIRE DU CENTRE<br>Rue Marcel Simon 54320 MAXEVILLE &#8211; \u00a003 83 32 30 00<\/p>\n\n\n\n<p>EPICERIE SOLIDAIRE CHAMP-LE-BOEUF<br>23 rue de la Meuse &#8211; Laxou &#8211; \u00a0\u00a007 84 12 49 22<\/p>\n\n\n\n<hr class=\"wp-block-separator has-alpha-channel-opacity\"\/>\n\n\n\n<p>>Remise de colis alimentaires <br>>Ateliers cuisine et atelier lien social<\/p>\n\n\n\n<h4 class=\"wp-block-heading\">Public accueilli : <em>administr\u00e9s sous r\u00e9serve \u00e9tude d&#8217;un travailleur social<\/em><\/h4>\n\n\n\n<h4 class=\"wp-block-heading\">Autres services propos\u00e9s<\/h4>\n\n\n\n<ul>\n<li>Aide alimentaire d&#8217;urgence (sous 24h)<\/li>\n\n\n\n<li>Produits de pu\u00e9riculture<\/li>\n\n\n\n<li>Animations ou accompagnements collectifs<\/li>\n<\/ul>\n\n\n\n<h4 class=\"wp-block-heading\">Participation financi\u00e8re demand\u00e9e<\/h4>\n\n\n\n<ul>\n<li>Participation forfaitaire fixe<\/li>\n<\/ul>\n\n\n\n<p>&#8211; Participation financi\u00e8re &#8220;acc\u00e8s \u00e9picerie&#8221; pour 4 semaines :<br>1 personne : 8.90\u20ac<br>2 personnes : 13.30\u20ac<br>3 personnes : 17.80\u20ac<br>4 personnes et plus : 22.20\u20ac<br><br>&#8211; Gratuit\u00e9 pour les colis gratuits et colis d&#8217;urgence<\/p>\n\n\n\n<h4 class=\"wp-block-heading\">Habilitations et labels<\/h4>\n\n\n\n<ul>\n<li>Habilitation nationale aide alimentaire<\/li>\n<\/ul>\n\n\n\n<p><\/p>\n\n\n\n<p><strong>Modalit\u00e9s particuli\u00e8res d&#8217;acc\u00e8s sur ces horaires d&#8217;ouverture<\/strong><\/p>\n\n\n\n<p>Sur rendez-vous<\/p>\n\n\n\n<h4 class=\"wp-block-heading\">Jours et horaires distribution alimentaire<\/h4>\n\n\n\n<p>&#8211; Jour de remise &#8220;acc\u00e8s \u00e9picerie&#8221; : mardi ou jeudi apr\u00e8s-midi<br>&#8211; Jour de remise des colis gratuits&nbsp; : vendredi matin<br>&#8211; Colis d&#8217;urgence remis selon les besoins<\/p>\n\n\n\n<h4 class=\"wp-block-heading\">Fermetures Annuelles (\u00e9t\u00e9 \/hiver)<\/h4>\n\n\n\n<p>Et\u00e9 : 3 semaines de fermeture en ao\u00fbt<br>Hiver : 1 semaine de fermeture en d\u00e9cembre<\/p>\n\n\n\n<h4 class=\"wp-block-heading\">Conditions d&#8217;acc\u00e8s et pi\u00e8ces justificatives \u00e0 fournir<\/h4>\n\n\n\n<p><strong>Analyse social d&#8217;un travailleur social du CCAS ou de la MDS obligatoire :<\/strong><br>Reste \u00e0 vivre&nbsp; inf\u00e9rieur ou \u00e9gal \u00e0 7\u20ac par jour et par personne<br>Justificatifs de ressources et de d\u00e9penses du foyer<\/p>\n\n\n\n<h4 class=\"wp-block-heading\">D\u00e9lais de traitement de la demande<\/h4>\n\n\n\n<p>Les dossiers sont \u00e9tudi\u00e9s par la commission permanente du CCAS tous les mercredis soirs<\/p>\n\n\n\n<h4 class=\"wp-block-heading\">Dur\u00e9e de l&#8217;acc\u00e8s \/ de l&#8217;accompagnement<\/h4>\n\n\n\n<p>Dur\u00e9e de l&#8217;aide en fonction des besoins :<br>&#8211; Colis d&#8217;urgence limit\u00e9s \u00e0 2 par an<br>&#8211; Colis gratuits limit\u00e9s \u00e0 8 par an<br>&#8211; Acc\u00e8s \u00e9picerie de 1, 2 ou 3 mois, renouvelable jusqu&#8217;\u00e0 12 mois (carence 1 mois au bout d&#8217;un 1 an)<\/p>\n<div style=\"padding-bottom:20px; padding-top:10px;\" class=\"hupso-share-buttons\"><!-- Hupso Share Buttons - https:\/\/www.hupso.com\/share\/ --><a class=\"hupso_toolbar\" href=\"https:\/\/www.hupso.com\/share\/\"><img src=\"https:\/\/static.hupso.com\/share\/buttons\/lang\/fr\/share-medium.png\" style=\"border:0px; padding-top: 5px; float:left;\" alt=\"Share Button\"\/><\/a><script type=\"text\/javascript\">var hupso_services_t=new Array();var hupso_background_t=\"#EAF4FF\";var hupso_border_t=\"#66CCFF\";var hupso_toolbar_size_t=\"medium\";var hupso_image_folder_url = \"\";var hupso_url_t=\"\";var hupso_title_t=\"Epiceries%20solidaires%20%C3%A0%20Max%C3%A9ville\";<\/script><script type=\"text\/javascript\" src=\"https:\/\/static.hupso.com\/share\/js\/share_toolbar.js\"><\/script><!-- Hupso Share Buttons --><\/div>","protected":false},"excerpt":{"rendered":"<p>Pour couvrir l&#8217;ensemble du territoire, il existe deux \u00e9piceries solidaires.<\/p>\n","protected":false},"author":1,"featured_media":14984,"parent":0,"menu_order":0,"comment_status":"closed","ping_status":"closed","template":"","meta":[],"_links":{"self":[{"href":"https:\/\/maxeville.fr\/index.php\/wp-json\/wp\/v2\/pages\/14983"}],"collection":[{"href":"https:\/\/maxeville.fr\/index.php\/wp-json\/wp\/v2\/pages"}],"about":[{"href":"https:\/\/maxeville.fr\/index.php\/wp-json\/wp\/v2\/types\/page"}],"author":[{"embeddable":true,"href":"https:\/\/maxeville.fr\/index.php\/wp-json\/wp\/v2\/users\/1"}],"replies":[{"embeddable":true,"href":"https:\/\/maxeville.fr\/index.php\/wp-json\/wp\/v2\/comments?post=14983"}],"version-history":[{"count":1,"href":"https:\/\/maxeville.fr\/index.php\/wp-json\/wp\/v2\/pages\/14983\/revisions"}],"predecessor-version":[{"id":14985,"href":"https:\/\/maxeville.fr\/index.php\/wp-json\/wp\/v2\/pages\/14983\/revisions\/14985"}],"wp:featuredmedia":[{"embeddable":true,"href":"https:\/\/maxeville.fr\/index.php\/wp-json\/wp\/v2\/media\/14984"}],"wp:attachment":[{"href":"https:\/\/maxeville.fr\/index.php\/wp-json\/wp\/v2\/media?parent=14983"}],"curies":[{"name":"wp","href":"https:\/\/api.w.org\/{rel}","templated":true}]}}