{"id":14990,"date":"2023-11-20T14:56:43","date_gmt":"2023-11-20T13:56:43","guid":{"rendered":"https:\/\/maxeville.fr\/?page_id=14990"},"modified":"2023-11-20T14:56:43","modified_gmt":"2023-11-20T13:56:43","slug":"defibrillateur-externe-automatique-a-maxeville","status":"publish","type":"page","link":"https:\/\/maxeville.fr\/index.php\/defibrillateur-externe-automatique-a-maxeville\/","title":{"rendered":"D\u00e9fibrillateur externe automatique \u00e0 Max\u00e9ville"},"content":{"rendered":"\n<p><em>Max\u00e9ville est \u00e9quip\u00e9e de d\u00e9fibrillateurs externes automatiques. <\/em><\/p>\n\n\n\n<figure class=\"wp-block-image size-large\"><img decoding=\"async\" loading=\"lazy\" width=\"724\" height=\"1024\" src=\"https:\/\/maxeville.fr\/wp-content\/uploads\/2023\/11\/DEFIB-724x1024.jpg\" alt=\"\" class=\"wp-image-14992\" srcset=\"https:\/\/maxeville.fr\/wp-content\/uploads\/2023\/11\/DEFIB-724x1024.jpg 724w, https:\/\/maxeville.fr\/wp-content\/uploads\/2023\/11\/DEFIB-212x300.jpg 212w, https:\/\/maxeville.fr\/wp-content\/uploads\/2023\/11\/DEFIB-768x1086.jpg 768w, https:\/\/maxeville.fr\/wp-content\/uploads\/2023\/11\/DEFIB-1086x1536.jpg 1086w, https:\/\/maxeville.fr\/wp-content\/uploads\/2023\/11\/DEFIB-973x1376.jpg 973w, https:\/\/maxeville.fr\/wp-content\/uploads\/2023\/11\/DEFIB-508x718.jpg 508w, https:\/\/maxeville.fr\/wp-content\/uploads\/2023\/11\/DEFIB-17x24.jpg 17w, https:\/\/maxeville.fr\/wp-content\/uploads\/2023\/11\/DEFIB-25x36.jpg 25w, https:\/\/maxeville.fr\/wp-content\/uploads\/2023\/11\/DEFIB-34x48.jpg 34w, https:\/\/maxeville.fr\/wp-content\/uploads\/2023\/11\/DEFIB.jpg 1191w\" sizes=\"(max-width: 724px) 100vw, 724px\" \/><\/figure>\n<div style=\"padding-bottom:20px; padding-top:10px;\" class=\"hupso-share-buttons\"><!-- Hupso Share Buttons - https:\/\/www.hupso.com\/share\/ --><a class=\"hupso_toolbar\" href=\"https:\/\/www.hupso.com\/share\/\"><img src=\"https:\/\/static.hupso.com\/share\/buttons\/lang\/fr\/share-medium.png\" style=\"border:0px; padding-top: 5px; float:left;\" alt=\"Share Button\"\/><\/a><script type=\"text\/javascript\">var hupso_services_t=new Array();var hupso_background_t=\"#EAF4FF\";var hupso_border_t=\"#66CCFF\";var hupso_toolbar_size_t=\"medium\";var hupso_image_folder_url = \"\";var hupso_url_t=\"\";var hupso_title_t=\"D%C3%A9fibrillateur%20externe%20automatique%20%C3%A0%20Max%C3%A9ville\";<\/script><script type=\"text\/javascript\" src=\"https:\/\/static.hupso.com\/share\/js\/share_toolbar.js\"><\/script><!-- Hupso Share Buttons --><\/div>","protected":false},"excerpt":{"rendered":"<p>Max\u00e9ville est \u00e9quip\u00e9e de d\u00e9fibrillateurs externes automatiques.<\/p>\n","protected":false},"author":1,"featured_media":0,"parent":0,"menu_order":0,"comment_status":"closed","ping_status":"closed","template":"","meta":[],"_links":{"self":[{"href":"https:\/\/maxeville.fr\/index.php\/wp-json\/wp\/v2\/pages\/14990"}],"collection":[{"href":"https:\/\/maxeville.fr\/index.php\/wp-json\/wp\/v2\/pages"}],"about":[{"href":"https:\/\/maxeville.fr\/index.php\/wp-json\/wp\/v2\/types\/page"}],"author":[{"embeddable":true,"href":"https:\/\/maxeville.fr\/index.php\/wp-json\/wp\/v2\/users\/1"}],"replies":[{"embeddable":true,"href":"https:\/\/maxeville.fr\/index.php\/wp-json\/wp\/v2\/comments?post=14990"}],"version-history":[{"count":1,"href":"https:\/\/maxeville.fr\/index.php\/wp-json\/wp\/v2\/pages\/14990\/revisions"}],"predecessor-version":[{"id":14993,"href":"https:\/\/maxeville.fr\/index.php\/wp-json\/wp\/v2\/pages\/14990\/revisions\/14993"}],"wp:attachment":[{"href":"https:\/\/maxeville.fr\/index.php\/wp-json\/wp\/v2\/media?parent=14990"}],"curies":[{"name":"wp","href":"https:\/\/api.w.org\/{rel}","templated":true}]}}