{"id":1536,"date":"2017-10-25T16:37:04","date_gmt":"2017-10-25T14:37:04","guid":{"rendered":"http:\/\/www.maxeville.fr\/?page_id=1536"},"modified":"2023-07-10T13:16:09","modified_gmt":"2023-07-10T11:16:09","slug":"zones-activites","status":"publish","type":"page","link":"https:\/\/maxeville.fr\/index.php\/ma-ville\/zones-activites\/","title":{"rendered":"Zones d&#8217;activit\u00e9s"},"content":{"rendered":"<p>Rassembler, informer, agir en toute coh\u00e9rence en faveur du d\u00e9veloppement \u00e9conomique par un partenariat constructif entre les entreprises et leur territoire d\u2019implantation, sont les ma\u00eetres mots de la collaboration existante avec les deux associations pr\u00e9sentes sur les deux zones ATP de Max\u00e9ville. Leurs objectifs communs : faire valoir leur vision de l\u2019\u00e9conomique locale, de repr\u00e9senter les entreprises aupr\u00e8s des pouvoirs publics, de promouvoir le territoire et favoriser les \u00e9changes inter entreprises.<\/p>\n<h5>Nancy Porte Nord<\/h5>\n<p>L\u2019association pr\u00e9sid\u00e9e par M. Saber BOUZAZA\u00a0 regroupe pr\u00e8s de 170 entreprises pr\u00e9sentes sur le secteur Lafayette, Prouv\u00e9 et Fruchard.<\/p>\n<h5>Saint Jacques Activit\u00e9s<\/h5>\n<p>L\u2019association Saint-Jacques Activit\u00e9s pr\u00e9sid\u00e9e par Mme Sylvia Collin regroupe des entreprises pr\u00e9sentes sur les secteurs de Saint Jacques I et II, de l\u2019Ecoparc, du Z\u00e9nith et du Plateau de Haye.<\/p>\n<p><a href=\"http:\/\/saint-jacques-activites.fr\" target=\"_blank\" rel=\"noopener noreferrer\">Association Saint-Jacques Activit\u00e9s<\/a><\/p>\n<div style=\"padding-bottom:20px; padding-top:10px;\" class=\"hupso-share-buttons\"><!-- Hupso Share Buttons - https:\/\/www.hupso.com\/share\/ --><a class=\"hupso_toolbar\" href=\"https:\/\/www.hupso.com\/share\/\"><img src=\"https:\/\/static.hupso.com\/share\/buttons\/lang\/fr\/share-medium.png\" style=\"border:0px; padding-top: 5px; float:left;\" alt=\"Share Button\"\/><\/a><script type=\"text\/javascript\">var hupso_services_t=new Array();var hupso_background_t=\"#EAF4FF\";var hupso_border_t=\"#66CCFF\";var hupso_toolbar_size_t=\"medium\";var hupso_image_folder_url = \"\";var hupso_url_t=\"\";var hupso_title_t=\"Zones%20d%27activit%C3%A9s\";<\/script><script type=\"text\/javascript\" src=\"https:\/\/static.hupso.com\/share\/js\/share_toolbar.js\"><\/script><!-- Hupso Share Buttons --><\/div>","protected":false},"excerpt":{"rendered":"<p>Rassembler, informer, agir en toute coh\u00e9rence en faveur du d\u00e9veloppement \u00e9conomique par un partenariat constructif entre les entreprises et leur territoire d\u2019implantation, sont les ma\u00eetres mots de la&#8230;<\/p>\n","protected":false},"author":3,"featured_media":0,"parent":73,"menu_order":34,"comment_status":"closed","ping_status":"closed","template":"","meta":[],"_links":{"self":[{"href":"https:\/\/maxeville.fr\/index.php\/wp-json\/wp\/v2\/pages\/1536"}],"collection":[{"href":"https:\/\/maxeville.fr\/index.php\/wp-json\/wp\/v2\/pages"}],"about":[{"href":"https:\/\/maxeville.fr\/index.php\/wp-json\/wp\/v2\/types\/page"}],"author":[{"embeddable":true,"href":"https:\/\/maxeville.fr\/index.php\/wp-json\/wp\/v2\/users\/3"}],"replies":[{"embeddable":true,"href":"https:\/\/maxeville.fr\/index.php\/wp-json\/wp\/v2\/comments?post=1536"}],"version-history":[{"count":9,"href":"https:\/\/maxeville.fr\/index.php\/wp-json\/wp\/v2\/pages\/1536\/revisions"}],"predecessor-version":[{"id":14310,"href":"https:\/\/maxeville.fr\/index.php\/wp-json\/wp\/v2\/pages\/1536\/revisions\/14310"}],"up":[{"embeddable":true,"href":"https:\/\/maxeville.fr\/index.php\/wp-json\/wp\/v2\/pages\/73"}],"wp:attachment":[{"href":"https:\/\/maxeville.fr\/index.php\/wp-json\/wp\/v2\/media?parent=1536"}],"curies":[{"name":"wp","href":"https:\/\/api.w.org\/{rel}","templated":true}]}}