{"id":1543,"date":"2017-10-25T15:43:49","date_gmt":"2017-10-25T13:43:49","guid":{"rendered":"http:\/\/www.maxeville.fr\/?page_id=1543"},"modified":"2026-03-10T11:29:27","modified_gmt":"2026-03-10T10:29:27","slug":"salle-les-carrieres","status":"publish","type":"page","link":"https:\/\/maxeville.fr\/index.php\/mon-quotidien\/salle-les-carrieres\/","title":{"rendered":"Salle Les Carri\u00e8res"},"content":{"rendered":"<p><strong><span style=\"color: #ff0000;\"><span style=\"color: #000000;\">R\u00c9SERVATION DE SALLE ET RENSEIGNEMENTS<br \/><\/span><span style=\"color: #000000;\">Les mardis et jeudis de 8h30 \u00e0 12h et les mercredis de 13h30 \u00e0 17h<br \/>au 03.83.37.98.79 &#8211; <\/span><span style=\"color: #000000;\">ou par mail \u00e0 :\u00a0 locationsalles@mairie-maxeville.fr<\/span><br \/><span style=\"color: #000000;\">Accueil physique uniquement sur rendez-vous au 8 rue du 15 Septembre 1944<\/span><\/span><\/strong><\/p>\n<hr \/>\n<h5>Salle des f\u00eates de Max\u00e9ville &#8211; rue du Z\u00e9nith<\/h5>\n<p>Situ\u00e9e \u00e0 proximit\u00e9 du Z\u00e9nith, la salle Les Carri\u00e8res est une salle des f\u00eates de 200 places assises et 320 places debout, disponible pour l\u2019organisation de vos \u00e9v\u00e8nements associatifs ou familiaux.<\/p>\n<p><strong>Les \u00e9quipements :<\/strong><\/p>\n<ul>\n<li>une cuisine \u00e9quip\u00e9e en accueil traiteur<\/li>\n<li>une sc\u00e8ne<\/li>\n<li>une sonorisation.<\/li>\n<\/ul>\n<p>Il est possible \u00e9galement de louer la vaisselle en plus du forfait de location de base.<\/p>\n<table width=\"638\">\n<tbody>\n<tr>\n<td width=\"90\">\u00a0<\/td>\n<td colspan=\"4\" width=\"548\"><strong>Week-end (vendredi 14h00 &#8211; lundi 8h00)<\/strong><\/td>\n<\/tr>\n<tr>\n<td rowspan=\"13\" width=\"90\"><strong>Salle Les carri\u00e8res <\/strong><\/td>\n<td width=\"129\">particuliers et entreprises max\u00e9villoises, agents municipaux<\/td>\n<td width=\"166\">&#8211;\u00a0\u00a0\u00a0\u00a0\u00a0\u00a0 r\u00e9ception\n<p>\u00a0<\/p>\n<p>&#8211;\u00a0\u00a0\u00a0\u00a0\u00a0\u00a0 repas<\/p>\n<\/td>\n<td width=\"123\">\u00a0<\/td>\n<td width=\"130\">412 \u20ac(sans vaisselle)\n<p>\u00a0<\/p>\n<p>619 \u20ac(avec vaisselle)<\/p>\n<\/td>\n<\/tr>\n<tr>\n<td rowspan=\"2\" width=\"129\">associations max\u00e9villoises<\/td>\n<td width=\"166\">&#8211;\u00a0\u00a0\u00a0\u00a0\u00a0\u00a0 manifestation ouverte au public<\/td>\n<td width=\"123\">gratuit une fois par an<\/td>\n<td width=\"130\">gratuit une fois par an<\/td>\n<\/tr>\n<tr>\n<td width=\"166\">&#8211;\u00a0\u00a0\u00a0\u00a0\u00a0\u00a0 r\u00e9ception-\u00a0\u00a0\u00a0\u00a0\u00a0\u00a0 repas<\/td>\n<td width=\"123\">\u00a0<\/td>\n<td width=\"130\">124 \u20ac une fois par an. Les fois suivantes tarifs particuliers max\u00e9villois.<\/td>\n<\/tr>\n<tr>\n<td width=\"129\">particuliers, entreprises et associations non max\u00e9villoises<\/td>\n<td width=\"166\">&#8211;\u00a0 \u00a0 \u00a0 \u00a0r\u00e9ception-\u00a0\u00a0\u00a0\u00a0\u00a0\u00a0 repas<\/td>\n<td width=\"123\">\u00a0<\/td>\n<td width=\"130\">1000 \u20ac(sans vaisselle)\n<p>\u00a0<\/p>\n<p>1 412 \u20ac<\/p>\n<p>(avec vaisselle)<\/p>\n<\/td>\n<\/tr>\n<tr>\n<td colspan=\"4\" width=\"548\"><strong>Soir\u00e9e ou journ\u00e9e en semaine (du lundi au jeudi)<\/strong><\/td>\n<\/tr>\n<tr>\n<td width=\"129\">particuliers et entreprises max\u00e9villoises,<br \/>agents municipaux<\/td>\n<td width=\"166\">&#8211;\u00a0\u00a0\u00a0\u00a0\u00a0\u00a0 r\u00e9ception-\u00a0\u00a0\u00a0\u00a0\u00a0\u00a0 repas<\/td>\n<td width=\"123\">\u00a0<\/td>\n<td width=\"130\">258 \u20ac(sans vaisselle)\n<p>\u00a0<\/p>\n<p>464 \u20ac<\/p>\n<p>(avec vaisselle)<\/p>\n<\/td>\n<\/tr>\n<tr>\n<td rowspan=\"2\" width=\"129\">associations max\u00e9villoises<\/td>\n<td width=\"166\">&#8211;\u00a0\u00a0\u00a0\u00a0\u00a0\u00a0 manifestation ouverte au public<\/td>\n<td width=\"123\">\u00a0<\/td>\n<td width=\"130\">gratuit une fois par an<\/td>\n<\/tr>\n<tr>\n<td width=\"166\">&#8211;\u00a0 \u00a0 \u00a0 \u00a0r\u00e9ception-\u00a0\u00a0\u00a0\u00a0\u00a0\u00a0 repas<\/td>\n<td width=\"123\">\u00a0<\/td>\n<td width=\"130\">124 \u20ac une fois par an. Les fois suivantes tarifs particuliers max\u00e9villois.<\/td>\n<\/tr>\n<tr>\n<td width=\"129\">particuliers, entreprises et associations non max\u00e9villoises<\/td>\n<td width=\"166\">&#8211;\u00a0 \u00a0 \u00a0 \u00a0r\u00e9ception-\u00a0\u00a0\u00a0\u00a0\u00a0\u00a0 repas<\/td>\n<td width=\"123\">\u00a0<\/td>\n<td width=\"130\">626 \u20ac(sans vaisselle)\n<p>\u00a0<\/p>\n<p>832 \u20ac<\/p>\n<p>(avec vaisselle)<\/p>\n<\/td>\n<\/tr>\n<tr>\n<td colspan=\"4\" width=\"548\"><strong>Journ\u00e9es du samedi ou dimanche (\u00e0 titre exceptionnel)<\/strong><\/td>\n<\/tr>\n<tr>\n<td width=\"129\">particuliers et entreprises max\u00e9villoises,<br \/>agents municipaux<\/td>\n<td rowspan=\"2\" width=\"166\">&#8211;\u00a0 \u00a0 \u00a0 \u00a0r\u00e9ception-\u00a0\u00a0\u00a0\u00a0\u00a0\u00a0 repas<\/td>\n<td width=\"123\">\u00a0<\/td>\n<td width=\"130\">258 \u20ac(sans vaisselle)\n<p>\u00a0<\/p>\n<p>340 \u20ac<\/p>\n<p>(avec vaisselle)<\/p>\n<\/td>\n<\/tr>\n<tr>\n<td width=\"129\">particuliers et entreprises non max\u00e9villoises<\/td>\n<td width=\"123\">\u00a0<\/td>\n<td width=\"130\">626 \u20ac\n<p>\u00a0<\/p>\n<p>(sans vaisselle)<\/p>\n<p>832 \u20ac<\/p>\n<p>(avec vaisselle)<\/p>\n<\/td>\n<\/tr>\n<tr>\n<td colspan=\"4\" width=\"548\">&#8211;\u00a0 \u00a0 \u00a0 \u00a0<\/td>\n<\/tr>\n<\/tbody>\n<\/table>\n\n\n<p><strong><mark style=\"background-color:#fcff80\" class=\"has-inline-color\">Location SONO<\/mark><\/strong><\/p>\n\n\n\n<p>Particuliers et entreprises max\u00e9villoises : <strong>100\u20ac<\/strong><\/p>\n\n\n\n<p>Associations max\u00e9villoises : <strong>gratuit<\/strong><\/p>\n\n\n\n<p>Particuliers, entreprises et association non-max\u00e9villoises : <strong>150\u20ac<\/strong><\/p>\n\n\n\n<p><strong><mark style=\"background-color:#f6ff99\" class=\"has-inline-color\">Location VIDEOPROJECTEUR<\/mark><\/strong><\/p>\n\n\n\n<p>Particuliers et entreprises max\u00e9villoises : <strong>100\u20ac<\/strong><\/p>\n\n\n\n<p>Associations max\u00e9villoises : <strong>gratuit<\/strong><\/p>\n\n\n\n<p>Particuliers, entreprises et association non-max\u00e9villoises : <strong>150\u20ac<\/strong><\/p>\n\n\n\n<p><strong><mark style=\"background-color:#f3f68a\" class=\"has-inline-color\">Cautions<\/mark><\/strong><\/p>\n\n\n\n<p>-caution pour la salle : 1000 \u20ac-\u00a0\u00a0\u00a0\u00a0\u00a0\u00a0 caution pour la sono : 500 \u20ac<\/p>\n\n\n\n<p>&#8211;&nbsp;&nbsp;&nbsp;&nbsp;&nbsp;&nbsp; caution suppl\u00e9mentaire pour la saint Sylvestre&nbsp;: 500 \u20ac<\/p>\n\n\n\n<p>&#8211;&nbsp;&nbsp;&nbsp;&nbsp;&nbsp;&nbsp; perte du badge d\u2019acc\u00e8s&nbsp;: 50 \u20ac<\/p>\n\n\n\n<p>&#8211;&nbsp;&nbsp;&nbsp;&nbsp;&nbsp;&nbsp; perte des cl\u00e9s portail ext\u00e9rieur et porte d\u2019entr\u00e9e&nbsp;: 150 \u20ac<\/p>\n\n\n\n<p>&#8211;&nbsp;&nbsp;&nbsp;&nbsp;&nbsp;&nbsp; frais de nettoyage \/ remise en \u00e9tat (si la salle n\u2019est pas rendue en \u00e9tat de propret\u00e9) : 32 \u20ac \/ heure<\/p>\n\n\n\n<p>&#8211;&nbsp;&nbsp;&nbsp;&nbsp;&nbsp;&nbsp; bris ou perte de vaisselle, d\u00e9t\u00e9rioration de mat\u00e9riel&nbsp;: liste \u00e0 consulter au P\u00f4le Sport Culture et Loisirs<\/p>\n<div style=\"padding-bottom:20px; padding-top:10px;\" class=\"hupso-share-buttons\"><!-- Hupso Share Buttons - https:\/\/www.hupso.com\/share\/ --><a class=\"hupso_toolbar\" href=\"https:\/\/www.hupso.com\/share\/\"><img src=\"https:\/\/static.hupso.com\/share\/buttons\/lang\/fr\/share-medium.png\" style=\"border:0px; padding-top: 5px; float:left;\" alt=\"Share Button\"\/><\/a><script type=\"text\/javascript\">var hupso_services_t=new Array();var hupso_background_t=\"#EAF4FF\";var hupso_border_t=\"#66CCFF\";var hupso_toolbar_size_t=\"medium\";var hupso_image_folder_url = \"\";var hupso_url_t=\"\";var hupso_title_t=\"Salle%20Les%20Carri%C3%A8res\";<\/script><script type=\"text\/javascript\" src=\"https:\/\/static.hupso.com\/share\/js\/share_toolbar.js\"><\/script><!-- Hupso Share Buttons --><\/div>","protected":false},"excerpt":{"rendered":"<p>R\u00c9SERVATION DE SALLE ET RENSEIGNEMENTSLes mardis et jeudis de 8h30 \u00e0 12h et les mercredis de 13h30 \u00e0 17hau 03.83.37.98.79 &#8211; ou par mail \u00e0 :\u00a0 locationsalles@mairie-maxeville.frAccueil physique&#8230;<\/p>\n","protected":false},"author":3,"featured_media":0,"parent":242,"menu_order":22,"comment_status":"closed","ping_status":"closed","template":"","meta":[],"_links":{"self":[{"href":"https:\/\/maxeville.fr\/index.php\/wp-json\/wp\/v2\/pages\/1543"}],"collection":[{"href":"https:\/\/maxeville.fr\/index.php\/wp-json\/wp\/v2\/pages"}],"about":[{"href":"https:\/\/maxeville.fr\/index.php\/wp-json\/wp\/v2\/types\/page"}],"author":[{"embeddable":true,"href":"https:\/\/maxeville.fr\/index.php\/wp-json\/wp\/v2\/users\/3"}],"replies":[{"embeddable":true,"href":"https:\/\/maxeville.fr\/index.php\/wp-json\/wp\/v2\/comments?post=1543"}],"version-history":[{"count":22,"href":"https:\/\/maxeville.fr\/index.php\/wp-json\/wp\/v2\/pages\/1543\/revisions"}],"predecessor-version":[{"id":19182,"href":"https:\/\/maxeville.fr\/index.php\/wp-json\/wp\/v2\/pages\/1543\/revisions\/19182"}],"up":[{"embeddable":true,"href":"https:\/\/maxeville.fr\/index.php\/wp-json\/wp\/v2\/pages\/242"}],"wp:attachment":[{"href":"https:\/\/maxeville.fr\/index.php\/wp-json\/wp\/v2\/media?parent=1543"}],"curies":[{"name":"wp","href":"https:\/\/api.w.org\/{rel}","templated":true}]}}