{"id":1546,"date":"2017-10-25T15:45:30","date_gmt":"2017-10-25T13:45:30","guid":{"rendered":"http:\/\/www.maxeville.fr\/?page_id=1546"},"modified":"2025-09-26T12:24:45","modified_gmt":"2025-09-26T10:24:45","slug":"salle-les-cailles-blanches","status":"publish","type":"page","link":"https:\/\/maxeville.fr\/index.php\/mon-quotidien\/salle-les-cailles-blanches\/","title":{"rendered":"Salle Les Cailles Blanches"},"content":{"rendered":"<p><strong><span style=\"color: #000000;\">R\u00c9SERVATION DE SALLE ET RENSEIGNEMENTS<br \/>\n<\/span><span style=\"color: #000000;\">Les mardis et jeudis de 8h30 \u00e0 12h et les mercredis de 13h30 \u00e0 17h<br \/>\nau 03.83.37.98.79 &#8211; <\/span><span style=\"color: #000000;\">ou par mail \u00e0 :\u00a0 locationsalles@mairie-maxeville.fr<\/span><\/strong><br \/>\n<strong><span style=\"color: #000000;\">Accueil physique uniquement sur rendez-vous au 8 rue du 15 Septembre 1944<\/span><\/strong><\/p>\n<hr \/>\n<p><strong>Salle Les Cailles Blanches<\/strong> &#8211; 2 rue A. Fruchard &#8211; <em>40 places assises ou 70 places debouts<\/em><\/p>\n<p><strong>Les \u00e9quipements\u00a0:<\/strong><\/p>\n<ul>\n<li>petite cuisine m\u00e9nag\u00e8re avec un r\u00e9frig\u00e9rateur, un cong\u00e9lateur, une cuisini\u00e8re et un four<\/li>\n<li>tables et chaises<br \/>\n<table>\n<tbody>\n<tr>\n<td rowspan=\"9\" width=\"92\"><strong>Salle Les Cailles Blanches<\/strong><\/td>\n<td colspan=\"4\" width=\"546\"><strong>Samedi, dimanche et jour f\u00e9ri\u00e9<\/strong><\/td>\n<\/tr>\n<tr>\n<td width=\"114\">particuliers max\u00e9villois<\/td>\n<td rowspan=\"4\" width=\"170\">&#8211;\u00a0\u00a0\u00a0\u00a0\u00a0\u00a0 r\u00e9ceptions<\/p>\n<p>&#8211;\u00a0\u00a0\u00a0\u00a0\u00a0\u00a0 repas<\/p>\n<p>&#8211;\u00a0\u00a0\u00a0\u00a0\u00a0\u00a0 vins d\u2019honneur<\/td>\n<td width=\"132\"><\/td>\n<td width=\"130\">104 \u20ac<\/p>\n<p>(mai-septembre)<\/p>\n<p>155 \u20ac<\/p>\n<p>(octobre-avril)<\/td>\n<\/tr>\n<tr>\n<td width=\"114\">associations max\u00e9villoises<\/td>\n<td width=\"132\"><\/td>\n<td width=\"130\">Gratuit\u00e9 une fois par\u00a0 an.<\/p>\n<p>Au-del\u00e0, tarif \u00ab particuliers max\u00e9villois \u00bb<\/td>\n<\/tr>\n<tr>\n<td width=\"114\">particuliers et associations non max\u00e9villoises<\/td>\n<td width=\"132\"><\/td>\n<td width=\"130\">258 \u20ac<\/p>\n<p>(mai-septembre)<\/p>\n<p>309 \u20ac<\/p>\n<p>(octobre-avril)<\/td>\n<\/tr>\n<tr>\n<td width=\"114\">employ\u00e9s et conseillers municipaux<\/td>\n<td width=\"132\"><\/td>\n<td width=\"130\">Gratuit\u00e9 (une fois par an)<\/td>\n<\/tr>\n<tr>\n<td colspan=\"4\" width=\"546\"><strong>Semaine et soir<\/strong><\/td>\n<\/tr>\n<tr>\n<td width=\"114\">particuliers max\u00e9villois<\/td>\n<td rowspan=\"3\" width=\"170\">&#8211;\u00a0\u00a0\u00a0\u00a0\u00a0\u00a0 vins d\u2019honneur<\/p>\n<p>&#8211;\u00a0\u00a0\u00a0\u00a0\u00a0\u00a0 go\u00fbter<\/p>\n<p>&#8211;\u00a0\u00a0\u00a0\u00a0\u00a0\u00a0 r\u00e9union<\/p>\n<p>&#8211;\u00a0\u00a0\u00a0\u00a0\u00a0\u00a0 repas non autoris\u00e9s<\/td>\n<td width=\"132\"><\/td>\n<td width=\"130\">52 \u20ac<\/td>\n<\/tr>\n<tr>\n<td width=\"114\">associations max\u00e9villoises<\/td>\n<td width=\"132\"><\/td>\n<td width=\"130\">gratuit<\/td>\n<\/tr>\n<tr>\n<td width=\"114\">particuliers et associations non max\u00e9villoises<\/td>\n<td width=\"132\"><\/td>\n<td width=\"130\">104 \u20ac<\/td>\n<\/tr>\n<tr>\n<td width=\"92\"><\/td>\n<td colspan=\"4\" width=\"546\">&#8211;\u00a0\u00a0\u00a0\u00a0\u00a0\u00a0 caution\u00a0: 300 \u20ac<\/p>\n<p>&#8211;\u00a0\u00a0\u00a0\u00a0\u00a0\u00a0 frais de nettoyage \/ remise en \u00e9tat (si la salle n\u2019est pas rendue en \u00e9tat de propret\u00e9) : 32 \u20ac \/ heure<\/td>\n<\/tr>\n<\/tbody>\n<\/table>\n<\/li>\n<\/ul>\n<div style=\"padding-bottom:20px; padding-top:10px;\" class=\"hupso-share-buttons\"><!-- Hupso Share Buttons - https:\/\/www.hupso.com\/share\/ --><a class=\"hupso_toolbar\" href=\"https:\/\/www.hupso.com\/share\/\"><img src=\"https:\/\/static.hupso.com\/share\/buttons\/lang\/fr\/share-medium.png\" style=\"border:0px; padding-top: 5px; float:left;\" alt=\"Share Button\"\/><\/a><script type=\"text\/javascript\">var hupso_services_t=new Array();var hupso_background_t=\"#EAF4FF\";var hupso_border_t=\"#66CCFF\";var hupso_toolbar_size_t=\"medium\";var hupso_image_folder_url = \"\";var hupso_url_t=\"\";var hupso_title_t=\"Salle%20Les%20Cailles%20Blanches\";<\/script><script type=\"text\/javascript\" src=\"https:\/\/static.hupso.com\/share\/js\/share_toolbar.js\"><\/script><!-- Hupso Share Buttons --><\/div>","protected":false},"excerpt":{"rendered":"<p>R\u00c9SERVATION DE SALLE ET RENSEIGNEMENTS Les mardis et jeudis de 8h30 \u00e0 12h et les mercredis de 13h30 \u00e0 17h au 03.83.37.98.79 &#8211; ou par mail \u00e0 :\u00a0&#8230;<\/p>\n","protected":false},"author":3,"featured_media":0,"parent":242,"menu_order":23,"comment_status":"closed","ping_status":"closed","template":"","meta":[],"_links":{"self":[{"href":"https:\/\/maxeville.fr\/index.php\/wp-json\/wp\/v2\/pages\/1546"}],"collection":[{"href":"https:\/\/maxeville.fr\/index.php\/wp-json\/wp\/v2\/pages"}],"about":[{"href":"https:\/\/maxeville.fr\/index.php\/wp-json\/wp\/v2\/types\/page"}],"author":[{"embeddable":true,"href":"https:\/\/maxeville.fr\/index.php\/wp-json\/wp\/v2\/users\/3"}],"replies":[{"embeddable":true,"href":"https:\/\/maxeville.fr\/index.php\/wp-json\/wp\/v2\/comments?post=1546"}],"version-history":[{"count":15,"href":"https:\/\/maxeville.fr\/index.php\/wp-json\/wp\/v2\/pages\/1546\/revisions"}],"predecessor-version":[{"id":18585,"href":"https:\/\/maxeville.fr\/index.php\/wp-json\/wp\/v2\/pages\/1546\/revisions\/18585"}],"up":[{"embeddable":true,"href":"https:\/\/maxeville.fr\/index.php\/wp-json\/wp\/v2\/pages\/242"}],"wp:attachment":[{"href":"https:\/\/maxeville.fr\/index.php\/wp-json\/wp\/v2\/media?parent=1546"}],"curies":[{"name":"wp","href":"https:\/\/api.w.org\/{rel}","templated":true}]}}