{"id":1563,"date":"2017-10-25T16:46:37","date_gmt":"2017-10-25T14:46:37","guid":{"rendered":"http:\/\/www.maxeville.fr\/?page_id=1563"},"modified":"2022-11-10T14:17:29","modified_gmt":"2022-11-10T13:17:29","slug":"maxeville-articom","status":"publish","type":"page","link":"https:\/\/maxeville.fr\/index.php\/ma-ville\/maxeville-articom\/","title":{"rendered":"Max\u00e9ville ARTICOM"},"content":{"rendered":"<p>L\u2019association des artisans et commer\u00e7ants de Max\u00e9ville<\/p>\n<p><img decoding=\"async\" loading=\"lazy\" class=\"alignnone size-medium wp-image-12828\" src=\"https:\/\/maxeville.fr\/wp-content\/uploads\/2022\/11\/242237590_105864218515252_3512362123403693273_n-300x300.jpg\" alt=\"\" width=\"300\" height=\"300\" srcset=\"https:\/\/maxeville.fr\/wp-content\/uploads\/2022\/11\/242237590_105864218515252_3512362123403693273_n-300x300.jpg 300w, https:\/\/maxeville.fr\/wp-content\/uploads\/2022\/11\/242237590_105864218515252_3512362123403693273_n-1024x1024.jpg 1024w, https:\/\/maxeville.fr\/wp-content\/uploads\/2022\/11\/242237590_105864218515252_3512362123403693273_n-150x150.jpg 150w, https:\/\/maxeville.fr\/wp-content\/uploads\/2022\/11\/242237590_105864218515252_3512362123403693273_n-768x768.jpg 768w, https:\/\/maxeville.fr\/wp-content\/uploads\/2022\/11\/242237590_105864218515252_3512362123403693273_n-88x88.jpg 88w, https:\/\/maxeville.fr\/wp-content\/uploads\/2022\/11\/242237590_105864218515252_3512362123403693273_n-973x973.jpg 973w, https:\/\/maxeville.fr\/wp-content\/uploads\/2022\/11\/242237590_105864218515252_3512362123403693273_n-508x508.jpg 508w, https:\/\/maxeville.fr\/wp-content\/uploads\/2022\/11\/242237590_105864218515252_3512362123403693273_n-48x48.jpg 48w, https:\/\/maxeville.fr\/wp-content\/uploads\/2022\/11\/242237590_105864218515252_3512362123403693273_n-250x250.jpg 250w, https:\/\/maxeville.fr\/wp-content\/uploads\/2022\/11\/242237590_105864218515252_3512362123403693273_n-550x550.jpg 550w, https:\/\/maxeville.fr\/wp-content\/uploads\/2022\/11\/242237590_105864218515252_3512362123403693273_n-800x800.jpg 800w, https:\/\/maxeville.fr\/wp-content\/uploads\/2022\/11\/242237590_105864218515252_3512362123403693273_n-180x180.jpg 180w, https:\/\/maxeville.fr\/wp-content\/uploads\/2022\/11\/242237590_105864218515252_3512362123403693273_n-500x500.jpg 500w, https:\/\/maxeville.fr\/wp-content\/uploads\/2022\/11\/242237590_105864218515252_3512362123403693273_n-24x24.jpg 24w, https:\/\/maxeville.fr\/wp-content\/uploads\/2022\/11\/242237590_105864218515252_3512362123403693273_n-36x36.jpg 36w, https:\/\/maxeville.fr\/wp-content\/uploads\/2022\/11\/242237590_105864218515252_3512362123403693273_n.jpg 1350w\" sizes=\"(max-width: 300px) 100vw, 300px\" \/><\/p>\n<blockquote><p>En 2022\u00a0 de 6 \u00e0 38 adh\u00e9rents en moins d&#8217;un an !<\/p><\/blockquote>\n<p><strong>Cr\u00e9\u00e9e en 2016 avec le soutien de la ville de Max\u00e9ville, Articom a 4 objectifs :<\/strong><\/p>\n<p>F\u00c9D\u00c9RER l\u2019ensemble des entreprises autour d\u2019\u00e9v\u00e9nements.<br \/>\nPARTAGER les savoir-faire autour de tables rondes.<br \/>\nD\u00c9VELOPPER le business de chacun avec des actions cibl\u00e9es.<br \/>\nSOUTENIR les jeunes cr\u00e9ateurs d\u2019entreprises en les accompagnant dans leurs d\u00e9marches.<\/p>\n<p><img decoding=\"async\" loading=\"lazy\" class=\"alignnone  wp-image-12831\" src=\"https:\/\/maxeville.fr\/wp-content\/uploads\/2022\/11\/equipe-300x293.jpg\" alt=\"\" width=\"494\" height=\"482\" srcset=\"https:\/\/maxeville.fr\/wp-content\/uploads\/2022\/11\/equipe-300x293.jpg 300w, https:\/\/maxeville.fr\/wp-content\/uploads\/2022\/11\/equipe-508x497.jpg 508w, https:\/\/maxeville.fr\/wp-content\/uploads\/2022\/11\/equipe-48x48.jpg 48w, https:\/\/maxeville.fr\/wp-content\/uploads\/2022\/11\/equipe-250x244.jpg 250w, https:\/\/maxeville.fr\/wp-content\/uploads\/2022\/11\/equipe-550x538.jpg 550w, https:\/\/maxeville.fr\/wp-content\/uploads\/2022\/11\/equipe-184x180.jpg 184w, https:\/\/maxeville.fr\/wp-content\/uploads\/2022\/11\/equipe-307x300.jpg 307w, https:\/\/maxeville.fr\/wp-content\/uploads\/2022\/11\/equipe-512x500.jpg 512w, https:\/\/maxeville.fr\/wp-content\/uploads\/2022\/11\/equipe-24x24.jpg 24w, https:\/\/maxeville.fr\/wp-content\/uploads\/2022\/11\/equipe-36x36.jpg 36w, https:\/\/maxeville.fr\/wp-content\/uploads\/2022\/11\/equipe.jpg 756w\" sizes=\"(max-width: 494px) 100vw, 494px\" \/><\/p>\n<p><strong>&gt; maxevillearticom@gmail.com <\/strong><br \/>\n<strong>&gt; 06 50 04 00 31<br \/>\n&gt; <a href=\"https:\/\/www.facebook.com\/profile.php?id=100072750223563\">Facebook Maxeville Articom\u00a0<\/a><\/strong><\/p>\n<div style=\"padding-bottom:20px; padding-top:10px;\" class=\"hupso-share-buttons\"><!-- Hupso Share Buttons - https:\/\/www.hupso.com\/share\/ --><a class=\"hupso_toolbar\" href=\"https:\/\/www.hupso.com\/share\/\"><img src=\"https:\/\/static.hupso.com\/share\/buttons\/lang\/fr\/share-medium.png\" style=\"border:0px; padding-top: 5px; float:left;\" alt=\"Share Button\"\/><\/a><script type=\"text\/javascript\">var hupso_services_t=new Array();var hupso_background_t=\"#EAF4FF\";var hupso_border_t=\"#66CCFF\";var hupso_toolbar_size_t=\"medium\";var hupso_image_folder_url = \"\";var hupso_url_t=\"\";var hupso_title_t=\"Max%C3%A9ville%20ARTICOM\";<\/script><script type=\"text\/javascript\" src=\"https:\/\/static.hupso.com\/share\/js\/share_toolbar.js\"><\/script><!-- Hupso Share Buttons --><\/div>","protected":false},"excerpt":{"rendered":"<p>L\u2019association des artisans et commer\u00e7ants de Max\u00e9ville En 2022\u00a0 de 6 \u00e0 38 adh\u00e9rents en moins d&#8217;un an ! Cr\u00e9\u00e9e en 2016 avec le soutien de la ville&#8230;<\/p>\n","protected":false},"author":3,"featured_media":0,"parent":73,"menu_order":36,"comment_status":"closed","ping_status":"closed","template":"","meta":[],"_links":{"self":[{"href":"https:\/\/maxeville.fr\/index.php\/wp-json\/wp\/v2\/pages\/1563"}],"collection":[{"href":"https:\/\/maxeville.fr\/index.php\/wp-json\/wp\/v2\/pages"}],"about":[{"href":"https:\/\/maxeville.fr\/index.php\/wp-json\/wp\/v2\/types\/page"}],"author":[{"embeddable":true,"href":"https:\/\/maxeville.fr\/index.php\/wp-json\/wp\/v2\/users\/3"}],"replies":[{"embeddable":true,"href":"https:\/\/maxeville.fr\/index.php\/wp-json\/wp\/v2\/comments?post=1563"}],"version-history":[{"count":7,"href":"https:\/\/maxeville.fr\/index.php\/wp-json\/wp\/v2\/pages\/1563\/revisions"}],"predecessor-version":[{"id":12833,"href":"https:\/\/maxeville.fr\/index.php\/wp-json\/wp\/v2\/pages\/1563\/revisions\/12833"}],"up":[{"embeddable":true,"href":"https:\/\/maxeville.fr\/index.php\/wp-json\/wp\/v2\/pages\/73"}],"wp:attachment":[{"href":"https:\/\/maxeville.fr\/index.php\/wp-json\/wp\/v2\/media?parent=1563"}],"curies":[{"name":"wp","href":"https:\/\/api.w.org\/{rel}","templated":true}]}}