{"id":1605,"date":"2017-10-26T11:05:15","date_gmt":"2017-10-26T09:05:15","guid":{"rendered":"http:\/\/www.maxeville.fr\/?page_id=1605"},"modified":"2020-06-11T12:02:15","modified_gmt":"2020-06-11T10:02:15","slug":"restauration-ambulante","status":"publish","type":"page","link":"https:\/\/maxeville.fr\/index.php\/ma-ville\/restauration-ambulante\/","title":{"rendered":"Restauration ambulante"},"content":{"rendered":"<p>Pour toute demande de restauration ambulante, merci d&#8217;adresser votre demande par courrier \u00e0 l&#8217;attention de Monsieur Christophe Choserot, maire de Max\u00e9ville et de rassembler les pi\u00e8ces suivantes :<\/p>\n<ul>\n<li>L\u2019immatriculation au Registre du Commerce ou au Registre des M\u00e9tiers<\/li>\n<li>La carte permettant l\u2019exercice d\u2019une activit\u00e9 ambulante<\/li>\n<li>La carte grise du v\u00e9hicule<\/li>\n<\/ul>\n\n\n<p><strong>Contact: deveco@mairie-maxeville.fr<\/strong><\/p>\n<div style=\"padding-bottom:20px; padding-top:10px;\" class=\"hupso-share-buttons\"><!-- Hupso Share Buttons - https:\/\/www.hupso.com\/share\/ --><a class=\"hupso_toolbar\" href=\"https:\/\/www.hupso.com\/share\/\"><img src=\"https:\/\/static.hupso.com\/share\/buttons\/lang\/fr\/share-medium.png\" style=\"border:0px; padding-top: 5px; float:left;\" alt=\"Share Button\"\/><\/a><script type=\"text\/javascript\">var hupso_services_t=new Array();var hupso_background_t=\"#EAF4FF\";var hupso_border_t=\"#66CCFF\";var hupso_toolbar_size_t=\"medium\";var hupso_image_folder_url = \"\";var hupso_url_t=\"\";var hupso_title_t=\"Restauration%20ambulante\";<\/script><script type=\"text\/javascript\" src=\"https:\/\/static.hupso.com\/share\/js\/share_toolbar.js\"><\/script><!-- Hupso Share Buttons --><\/div>","protected":false},"excerpt":{"rendered":"<p>Pour toute demande de restauration ambulante, merci d&#8217;adresser votre demande par courrier \u00e0 l&#8217;attention de Monsieur Christophe Choserot, maire de Max\u00e9ville et de rassembler les pi\u00e8ces suivantes :&#8230;<\/p>\n","protected":false},"author":1,"featured_media":0,"parent":73,"menu_order":37,"comment_status":"closed","ping_status":"closed","template":"","meta":[],"_links":{"self":[{"href":"https:\/\/maxeville.fr\/index.php\/wp-json\/wp\/v2\/pages\/1605"}],"collection":[{"href":"https:\/\/maxeville.fr\/index.php\/wp-json\/wp\/v2\/pages"}],"about":[{"href":"https:\/\/maxeville.fr\/index.php\/wp-json\/wp\/v2\/types\/page"}],"author":[{"embeddable":true,"href":"https:\/\/maxeville.fr\/index.php\/wp-json\/wp\/v2\/users\/1"}],"replies":[{"embeddable":true,"href":"https:\/\/maxeville.fr\/index.php\/wp-json\/wp\/v2\/comments?post=1605"}],"version-history":[{"count":7,"href":"https:\/\/maxeville.fr\/index.php\/wp-json\/wp\/v2\/pages\/1605\/revisions"}],"predecessor-version":[{"id":8454,"href":"https:\/\/maxeville.fr\/index.php\/wp-json\/wp\/v2\/pages\/1605\/revisions\/8454"}],"up":[{"embeddable":true,"href":"https:\/\/maxeville.fr\/index.php\/wp-json\/wp\/v2\/pages\/73"}],"wp:attachment":[{"href":"https:\/\/maxeville.fr\/index.php\/wp-json\/wp\/v2\/media?parent=1605"}],"curies":[{"name":"wp","href":"https:\/\/api.w.org\/{rel}","templated":true}]}}