{"id":1610,"date":"2017-10-26T11:07:40","date_gmt":"2017-10-26T09:07:40","guid":{"rendered":"http:\/\/www.maxeville.fr\/?page_id=1610"},"modified":"2026-02-04T14:03:32","modified_gmt":"2026-02-04T13:03:32","slug":"rapport-budget-primitif","status":"publish","type":"page","link":"https:\/\/maxeville.fr\/index.php\/ma-ville\/rapport-budget-primitif\/","title":{"rendered":"Rapport Budget Primitif"},"content":{"rendered":"<h5>Ann\u00e9e 2026<\/h5>\n<p><a href=\"https:\/\/maxeville.fr\/wp-content\/uploads\/2026\/02\/Budget-primitif-2026-web.pdf\">Rapport de pr\u00e9sentation Budget Primitif 2026<\/a><\/p>\n<h5>Ann\u00e9e 2025<\/h5>\n<p><a href=\"https:\/\/maxeville.fr\/wp-content\/uploads\/2025\/02\/Maxeville-Budget-Primitif-2025.pdf\">Rapport de pr\u00e9sentation Budget Primitif 2025<\/a><\/p>\n<h5>Ann\u00e9e 2024<\/h5>\n<p><a href=\"https:\/\/maxeville.fr\/wp-content\/uploads\/2024\/04\/BP_2024_web.pdf\">Rapport de pr\u00e9sentation Budget Primitif 2024<\/a><\/p>\n<h5>Ann\u00e9e 2023<\/h5>\n<p><a href=\"https:\/\/maxeville.fr\/wp-content\/uploads\/2023\/02\/BP-20236WEB.pdf\">Rapport de pr\u00e9sentation Budget Primitif 2023<\/a><\/p>\n<h5>Ann\u00e9e 2022<\/h5>\n<p><a href=\"https:\/\/maxeville.fr\/wp-content\/uploads\/2022\/02\/BP-2022-planches-RVB.pdf\" target=\"_blank\" rel=\"noopener\">Rapport de pr\u00e9sentation Budget Primitif 2022<\/a><\/p>\n<h5>Ann\u00e9e 2021<\/h5>\n<p><a href=\"https:\/\/maxeville.fr\/wp-content\/uploads\/2021\/11\/BP-2021-ok-1.pdf\" target=\"_blank\" rel=\"noopener\">Rapport de pr\u00e9sentation Budget Primitif 2021<\/a><\/p>\n<h5>Ann\u00e9e 2020<\/h5>\n<p><a href=\"https:\/\/maxeville.fr\/wp-content\/uploads\/2020\/05\/BP-2020-doublepages.pdf\">Rapport de pr\u00e9sentation Budget Primitif 2020<\/a><\/p>\n<h5>Ann\u00e9e 2019<\/h5>\n<p><a href=\"https:\/\/maxeville.fr\/wp-content\/uploads\/2019\/04\/BP-2019-web.pdf\" target=\"_blank\" rel=\"noopener noreferrer\">Rapport de pr\u00e9sentation Budget Primitif 2019<\/a><\/p>\n<h5>Ann\u00e9e 2018<\/h5>\n<p><a href=\"https:\/\/maxeville.fr\/wp-content\/uploads\/2018\/04\/rapport_de_presentation_BP_2018.pdf\" target=\"_blank\" rel=\"noopener noreferrer\">Rapport de pr\u00e9sentation Budget Primitif 2018<\/a><\/p>\n<h5>Ann\u00e9e 2017<\/h5>\n<p><a href=\"http:\/\/www.maxeville.fr\/wp-content\/uploads\/2017\/10\/Rapport-de-pr\u00e9sentation-Budget-Primitif-2017-1.pdf\" target=\"_blank\" rel=\"noopener noreferrer\">Rapport de pr\u00e9sentation Budget Primitif 2017<\/a><\/p>\n<h5>Ann\u00e9e 2016<\/h5>\n<p><a href=\"http:\/\/www.maxeville.fr\/wp-content\/uploads\/2017\/10\/Rapport-de-pr\u00e9sentation-Budget-Primitif-2016.pdf\" target=\"_blank\" rel=\"noopener noreferrer\">Rapport de pr\u00e9sentation Budget Primitif 2016<\/a><\/p>\n<h5>Ann\u00e9e 2015<\/h5>\n<p><a href=\"http:\/\/www.maxeville.fr\/wp-content\/uploads\/2017\/10\/Rapport-de-pr\u00e9sentation-Budget-Primitif-2015.pdf\" target=\"_blank\" rel=\"noopener noreferrer\">Rapport de pr\u00e9sentation Budget Primitif 2015<\/a><\/p>\n<div style=\"padding-bottom:20px; padding-top:10px;\" class=\"hupso-share-buttons\"><!-- Hupso Share Buttons - https:\/\/www.hupso.com\/share\/ --><a class=\"hupso_toolbar\" href=\"https:\/\/www.hupso.com\/share\/\"><img src=\"https:\/\/static.hupso.com\/share\/buttons\/lang\/fr\/share-medium.png\" style=\"border:0px; padding-top: 5px; float:left;\" alt=\"Share Button\"\/><\/a><script type=\"text\/javascript\">var hupso_services_t=new Array();var hupso_background_t=\"#EAF4FF\";var hupso_border_t=\"#66CCFF\";var hupso_toolbar_size_t=\"medium\";var hupso_image_folder_url = \"\";var hupso_url_t=\"\";var hupso_title_t=\"Rapport%20Budget%20Primitif\";<\/script><script type=\"text\/javascript\" src=\"https:\/\/static.hupso.com\/share\/js\/share_toolbar.js\"><\/script><!-- Hupso Share Buttons --><\/div>","protected":false},"excerpt":{"rendered":"<p>Ann\u00e9e 2026 Rapport de pr\u00e9sentation Budget Primitif 2026 Ann\u00e9e 2025 Rapport de pr\u00e9sentation Budget Primitif 2025 Ann\u00e9e 2024 Rapport de pr\u00e9sentation Budget Primitif 2024 Ann\u00e9e 2023 Rapport de&#8230;<\/p>\n","protected":false},"author":1,"featured_media":0,"parent":73,"menu_order":38,"comment_status":"closed","ping_status":"closed","template":"","meta":[],"_links":{"self":[{"href":"https:\/\/maxeville.fr\/index.php\/wp-json\/wp\/v2\/pages\/1610"}],"collection":[{"href":"https:\/\/maxeville.fr\/index.php\/wp-json\/wp\/v2\/pages"}],"about":[{"href":"https:\/\/maxeville.fr\/index.php\/wp-json\/wp\/v2\/types\/page"}],"author":[{"embeddable":true,"href":"https:\/\/maxeville.fr\/index.php\/wp-json\/wp\/v2\/users\/1"}],"replies":[{"embeddable":true,"href":"https:\/\/maxeville.fr\/index.php\/wp-json\/wp\/v2\/comments?post=1610"}],"version-history":[{"count":19,"href":"https:\/\/maxeville.fr\/index.php\/wp-json\/wp\/v2\/pages\/1610\/revisions"}],"predecessor-version":[{"id":19061,"href":"https:\/\/maxeville.fr\/index.php\/wp-json\/wp\/v2\/pages\/1610\/revisions\/19061"}],"up":[{"embeddable":true,"href":"https:\/\/maxeville.fr\/index.php\/wp-json\/wp\/v2\/pages\/73"}],"wp:attachment":[{"href":"https:\/\/maxeville.fr\/index.php\/wp-json\/wp\/v2\/media?parent=1610"}],"curies":[{"name":"wp","href":"https:\/\/api.w.org\/{rel}","templated":true}]}}