{"id":16134,"date":"2024-05-29T09:42:14","date_gmt":"2024-05-29T07:42:14","guid":{"rendered":"https:\/\/maxeville.fr\/?page_id=16134"},"modified":"2025-07-09T09:34:16","modified_gmt":"2025-07-09T07:34:16","slug":"service-peri-et-extra-scolaires-a-maxeville","status":"publish","type":"page","link":"https:\/\/maxeville.fr\/index.php\/service-peri-et-extra-scolaires-a-maxeville\/","title":{"rendered":"Service p\u00e9ri et extra scolaires \u00e0 Max\u00e9ville"},"content":{"rendered":"\n<p>Le p\u00e9riscolaire du matin, la restauration scolaire et l\u2019accueil p\u00e9riscolaire du soir constituent un <strong>service public facultatif propos\u00e9 aux familles dont les enfants sont inscrits dans les \u00e9coles publiques de Max\u00e9ville.<\/strong><\/p>\n\n\n\n<p><br>La municipalit\u00e9 de Max\u00e9ville consid\u00e8re les accueils p\u00e9riscolaires comme participant pleinement \u00e0 l\u2019\u00e9panouissement et au bien-\u00eatre de chaque enfant de la ville par des moments de d\u00e9tente et de d\u00e9couverte.<strong> L\u2019objectif est de promouvoir un environnement \u00e9ducatif bienveillant et serein, garantissant leur s\u00e9curit\u00e9 et r\u00e9unissant les conditions propices \u00e0 la rencontre, l\u2019ouverture, la curiosit\u00e9, la confiance et la coop\u00e9ration.<\/strong><\/p>\n\n\n\n<p><strong>Nous vous informons que les inscriptions aux services p\u00e9riscolaires de la Ville de Max\u00e9ville sont ouvertes et accessibles sur le portail Famille \u00e0 compter de ce mercredi 28 mai 2025 pour l&#8217;ann\u00e9e scolaire 2025-2026.<\/strong><\/p>\n\n\n\n<p>Afin de vous guider dans vos d\u00e9marches, nous vous prions de bien vouloir trouver ci-dessous un tutoriel expliquant les \u00e9tapes \u00e0 suivre pour proc\u00e9der \u00e0 l&#8217;inscription et \u00e0 la r\u00e9servation de nos services :<br>&gt; <a rel=\"noreferrer noopener\" href=\"https:\/\/maxeville.fr\/wp-content\/uploads\/2025\/06\/Tutoriel-Portail-Famille.pdf\" data-type=\"URL\" data-id=\"https:\/\/maxeville.fr\/wp-content\/uploads\/2025\/06\/Tutoriel-Portail-Famille.pdf\" target=\"_blank\">Tutoriel de connexion au portail famille<\/a><br>&gt; <a rel=\"noreferrer noopener\" href=\"https:\/\/maxeville.fr\/wp-content\/uploads\/2025\/06\/procedure-inscription-service-PERI-ET-EXTRA.pdf\" data-type=\"URL\" data-id=\"https:\/\/maxeville.fr\/wp-content\/uploads\/2025\/06\/procedure-inscription-service-PERI-ET-EXTRA.pdf\" target=\"_blank\">Tutoriel d&#8217;inscription aux services p\u00e9riscolaires<\/a><\/p>\n\n\n\n<p><strong><mark style=\"background-color:#ffea01\" class=\"has-inline-color\">1\u00e8re \u00e9tape :<\/mark><\/strong> Effectuer la &#8220;mise \u00e0 jour des informations foyer 2025-2026&#8221; qui se trouve dans &#8220;D\u00e9marche disponible&#8221;.  Apr\u00e8s validation de nos services, vous aurez acc\u00e8s \u00e0 &#8220;J&#8217;inscris aux activit\u00e9s 2025-2026&#8221;.<\/p>\n\n\n\n<p><strong><mark style=\"background-color:#ffea01\" class=\"has-inline-color\">2\u00e8me \u00e9tape<\/mark><\/strong> : effectuer les inscriptions en fonction de vos besoins sur l&#8217;ann\u00e9e scolaire compl\u00e8te 2025-2026. Nos services valideront alors vos choix et vous donneront acc\u00e8s aux r\u00e9servations via le planning, vous n&#8217;aurez plus qu&#8217;\u00e0 enregistrer vos r\u00e9servations.<\/p>\n\n\n\n<p><mark style=\"background-color:rgba(0, 0, 0, 0);color:#f1741d\" class=\"has-inline-color\"><strong>Quelques pr\u00e9cisions utiles pour faciliter vos d\u00e9marches :<\/strong><br><\/mark>&#8211; Afin d&#8217;effectuer une r\u00e9servation \u00e0 l&#8217;ann\u00e9e, vous devez passer en semaine &#8220;type&#8221; (voir Tutoriel).<br>&#8211; Si la sant\u00e9 de votre enfant n\u00e9cessite un Plan d&#8217;Accueil Individualis\u00e9 (PAI), merci de bien vouloir nous le fournir avant la rentr\u00e9e prochaine. Sans ce document d\u00fbment compl\u00e9t\u00e9, l&#8217;inscription de votre enfant ne pourra \u00eatre prise en compte par les services de restauration et d&#8217;accueil du soir.<br>&#8211; La r\u00e9servation des services doit \u00eatre r\u00e9alis\u00e9e uniquement pour les services propres aux \u00e9coles de vos enfants, veillez \u00e0 ne pas s\u00e9lectionner ceux des autres \u00e9coles.<\/p>\n\n\n\n<p><strong><mark style=\"background-color:rgba(0, 0, 0, 0);color:#f1741d\" class=\"has-inline-color\">Un point d&#8217;information important relatif aux APREM&nbsp;:<br><\/mark><\/strong>&#8211; L&#8217;objectif de ces activit\u00e9s est de rechercher une continuit\u00e9, une progression au fil des s\u00e9ances. Sans assiduit\u00e9, le sens de ces animations est perdu.<br>&#8211; Le projet p\u00e9dagogique men\u00e9 lors des APREM n\u2019a pas vocation \u00e0 \u00eatre une garderie.<br>&#8211; Pour cette ann\u00e9e scolaire 2024-2025 qui s\u2019ach\u00e8ve, le service p\u00e9riscolaire re\u00e7oit quotidiennement des demandes d&#8217;annulations ponctuelles pour ces activit\u00e9s.<br>&#8211; Ces absences inopin\u00e9es et r\u00e9currentes engendrent des dysfonctionnements dans l&#8217;organisation et le d\u00e9roulement des activit\u00e9s aux d\u00e9triments des animateurs mobilis\u00e9s et des enfants pr\u00e9sents.<br>&#8211; C&#8217;est pourquoi, les demandes d&#8217;annulation ou d&#8217;absence \u00e0 ce service se doivent de rester occasionnelles et justifi\u00e9es (raison m\u00e9dicale).<br>&#8211; D&#8217;autant qu&#8217;il reste toujours possible de ne r\u00e9server que le lundi, que le mardi ou que le jeudi.<br>&#8211; En cons\u00e9quence de quoi, nous vous informons nous r\u00e9server la possibilit\u00e9 de suspendre l&#8217;inscription d&#8217;un enfant dont la dispense pour raison autre que m\u00e9dicale, ou l&#8217;absence, sont r\u00e9guli\u00e8rement constat\u00e9es (cf r\u00e8glement de fonctionnement).<\/p>\n\n\n\n<p><\/p>\n\n\n\n<p><br><\/p>\n\n\n\n<hr class=\"wp-block-separator has-alpha-channel-opacity\"\/>\n\n\n\n<p>Les inscriptions se font exclusivement sur le <a rel=\"noreferrer noopener\" href=\"https:\/\/portalssl.agoraplus.fr\/maxeville\/pck_home.home_view#\/\" target=\"_blank\">portail famille.<\/a><\/p>\n\n\n\n<p><\/p>\n\n\n\n<p><a href=\"https:\/\/maxeville.fr\/wp-content\/uploads\/2025\/01\/Reglement-de-Fonctionnement-2025.pdf\" data-type=\"URL\" data-id=\"https:\/\/maxeville.fr\/wp-content\/uploads\/2025\/01\/Reglement-de-Fonctionnement-2025.pdf\" target=\"_blank\" rel=\"noreferrer noopener\">&gt; R\u00e8glement 2024-2025<\/a><\/p>\n\n\n\n<p><a rel=\"noreferrer noopener\" href=\"https:\/\/maxeville.fr\/wp-content\/uploads\/2024\/05\/Charte-du-comportement-2024.pdf\" data-type=\"URL\" data-id=\"https:\/\/maxeville.fr\/wp-content\/uploads\/2024\/05\/Charte-du-comportement-2024.pdf\" target=\"_blank\">A.P.R.E.M : charte du comportement 2024-25 | ville de Max\u00e9ville<\/a><\/p>\n\n\n\n<p><a href=\"https:\/\/maxeville.fr\/index.php\/ma-famille\/nap\/\" data-type=\"URL\" data-id=\"https:\/\/maxeville.fr\/index.php\/ma-famille\/nap\/\">D\u00e9couvrir les A.P.R.E.M, par ici.<\/a><br><\/p>\n\n\n\n<figure class=\"wp-block-embed is-type-video is-provider-youtube wp-block-embed-youtube wp-embed-aspect-16-9 wp-has-aspect-ratio\"><div class=\"wp-block-embed__wrapper\">\n<iframe loading=\"lazy\" title=\"Fonctionnement p\u00e9riscolaire 2024-2025 - Ville de Max\u00e9ville\" width=\"620\" height=\"349\" src=\"https:\/\/www.youtube.com\/embed\/eUfV7zZaDHI?feature=oembed\" frameborder=\"0\" allow=\"accelerometer; autoplay; clipboard-write; encrypted-media; gyroscope; picture-in-picture; web-share\" referrerpolicy=\"strict-origin-when-cross-origin\" allowfullscreen><\/iframe>\n<\/div><\/figure>\n\n\n\n<hr class=\"wp-block-separator has-alpha-channel-opacity\"\/>\n\n\n\n<figure class=\"wp-block-image size-large is-resized\"><img decoding=\"async\" loading=\"lazy\" src=\"https:\/\/maxeville.fr\/wp-content\/uploads\/2024\/05\/TeamAdos-Logo-1024x395.png\" alt=\"\" class=\"wp-image-16146\" width=\"156\" height=\"60\" srcset=\"https:\/\/maxeville.fr\/wp-content\/uploads\/2024\/05\/TeamAdos-Logo-1024x395.png 1024w, https:\/\/maxeville.fr\/wp-content\/uploads\/2024\/05\/TeamAdos-Logo-300x116.png 300w, https:\/\/maxeville.fr\/wp-content\/uploads\/2024\/05\/TeamAdos-Logo-768x296.png 768w, https:\/\/maxeville.fr\/wp-content\/uploads\/2024\/05\/TeamAdos-Logo-1536x593.png 1536w, https:\/\/maxeville.fr\/wp-content\/uploads\/2024\/05\/TeamAdos-Logo-2048x790.png 2048w, https:\/\/maxeville.fr\/wp-content\/uploads\/2024\/05\/TeamAdos-Logo-973x376.png 973w, https:\/\/maxeville.fr\/wp-content\/uploads\/2024\/05\/TeamAdos-Logo-508x196.png 508w, https:\/\/maxeville.fr\/wp-content\/uploads\/2024\/05\/TeamAdos-Logo-24x9.png 24w, https:\/\/maxeville.fr\/wp-content\/uploads\/2024\/05\/TeamAdos-Logo-36x14.png 36w, https:\/\/maxeville.fr\/wp-content\/uploads\/2024\/05\/TeamAdos-Logo-48x19.png 48w\" sizes=\"(max-width: 156px) 100vw, 156px\" \/><\/figure>\n\n\n\n<p><a href=\"https:\/\/maxeville.fr\/wp-content\/uploads\/2024\/05\/Reglement-de-fonctionnement-TEAM-ADOS.pdf\" data-type=\"URL\" data-id=\"https:\/\/maxeville.fr\/wp-content\/uploads\/2024\/05\/Reglement-de-fonctionnement-TEAM-ADOS.pdf\" target=\"_blank\" rel=\"noreferrer noopener\">&gt;R\u00e8glement de fonctionnement 2024-25<\/a><\/p>\n\n\n\n<p><strong>Plus de renseignements :<\/strong> Service p\u00e9ri et extra scolaire \u2013 03 83 32 30 00 \u2013 <strong><em>periscolaire@mairie-maxeville.fr<\/em><\/strong><\/p>\n\n\n\n<p><\/p>\n<div style=\"padding-bottom:20px; padding-top:10px;\" class=\"hupso-share-buttons\"><!-- Hupso Share Buttons - https:\/\/www.hupso.com\/share\/ --><a class=\"hupso_toolbar\" href=\"https:\/\/www.hupso.com\/share\/\"><img src=\"https:\/\/static.hupso.com\/share\/buttons\/lang\/fr\/share-medium.png\" style=\"border:0px; padding-top: 5px; float:left;\" alt=\"Share Button\"\/><\/a><script type=\"text\/javascript\">var hupso_services_t=new Array();var hupso_background_t=\"#EAF4FF\";var hupso_border_t=\"#66CCFF\";var hupso_toolbar_size_t=\"medium\";var hupso_image_folder_url = \"\";var hupso_url_t=\"\";var hupso_title_t=\"Service%20p%C3%A9ri%20et%20extra%20scolaires%20%C3%A0%20Max%C3%A9ville\";<\/script><script type=\"text\/javascript\" src=\"https:\/\/static.hupso.com\/share\/js\/share_toolbar.js\"><\/script><!-- Hupso Share Buttons --><\/div>","protected":false},"excerpt":{"rendered":"<p>Le p\u00e9riscolaire du matin, la restauration scolaire et l\u2019accueil p\u00e9riscolaire du soir constituent un service public facultatif propos\u00e9 aux familles dont les enfants sont inscrits dans les \u00e9coles&#8230;<\/p>\n","protected":false},"author":1,"featured_media":10335,"parent":0,"menu_order":0,"comment_status":"closed","ping_status":"closed","template":"","meta":[],"_links":{"self":[{"href":"https:\/\/maxeville.fr\/index.php\/wp-json\/wp\/v2\/pages\/16134"}],"collection":[{"href":"https:\/\/maxeville.fr\/index.php\/wp-json\/wp\/v2\/pages"}],"about":[{"href":"https:\/\/maxeville.fr\/index.php\/wp-json\/wp\/v2\/types\/page"}],"author":[{"embeddable":true,"href":"https:\/\/maxeville.fr\/index.php\/wp-json\/wp\/v2\/users\/1"}],"replies":[{"embeddable":true,"href":"https:\/\/maxeville.fr\/index.php\/wp-json\/wp\/v2\/comments?post=16134"}],"version-history":[{"count":11,"href":"https:\/\/maxeville.fr\/index.php\/wp-json\/wp\/v2\/pages\/16134\/revisions"}],"predecessor-version":[{"id":18200,"href":"https:\/\/maxeville.fr\/index.php\/wp-json\/wp\/v2\/pages\/16134\/revisions\/18200"}],"wp:featuredmedia":[{"embeddable":true,"href":"https:\/\/maxeville.fr\/index.php\/wp-json\/wp\/v2\/media\/10335"}],"wp:attachment":[{"href":"https:\/\/maxeville.fr\/index.php\/wp-json\/wp\/v2\/media?parent=16134"}],"curies":[{"name":"wp","href":"https:\/\/api.w.org\/{rel}","templated":true}]}}