{"id":1619,"date":"2017-10-26T11:08:48","date_gmt":"2017-10-26T09:08:48","guid":{"rendered":"http:\/\/www.maxeville.fr\/?page_id=1619"},"modified":"2025-12-11T10:51:33","modified_gmt":"2025-12-11T09:51:33","slug":"subventions","status":"publish","type":"page","link":"https:\/\/maxeville.fr\/index.php\/ma-ville\/subventions\/","title":{"rendered":"Subventions"},"content":{"rendered":"<p>Pour demander, par voie postale ou \u00e9lectronique, une subvention de projets sp\u00e9cifiques ou du fonctionnement global de l&#8217;association aupr\u00e8s d&#8217;une collectivit\u00e9 territoriale, d&#8217;un \u00e9tablissement public administratif ou industriel et commercial, d&#8217;un organisme de s\u00e9curit\u00e9 sociale ou d&#8217;un autre organisme charg\u00e9 de la gestion d&#8217;un service public administratif, il conviendra de remplir un formulaire <a href=\"https:\/\/maxeville.fr\/wp-content\/uploads\/2017\/11\/cerfa_12156-05.pdf\" target=\"_blank\" rel=\"noopener noreferrer\">Cerfa n\u00b0 12156*05<\/a>.<\/p>\n<p>Un compte rendu financier doit \u00eatre d\u00e9pos\u00e9 aupr\u00e8s de l&#8217;autorit\u00e9 administrative qui a vers\u00e9 la subvention dans les six mois suivant la fin de l&#8217;exercice pour lequel elle a \u00e9t\u00e9 attribu\u00e9e.<\/p>\n<h3><span style=\"color: #ff0000;\">ANNEE 2026<span style=\"color: #000000;\"> | D<\/span><\/span>ossiers de subventions pour les associations :<\/h3>\n<p>Les informations personnelles que vous communiquez par renseignement de ces formulaires ci dessous sont strictement confidentielles et transmises au personnel de la ville de Max\u00e9ville en charge du traitement de votre demande. Pour en savoir plus sur le traitement des donn\u00e9es personnelles, <a href=\"https:\/\/maxeville.fr\/index.php\/contact\/\">c&#8217;est ici.<\/a><\/p>\n<ul>\n<li><a href=\"https:\/\/maxeville.fr\/wp-content\/uploads\/2025\/10\/Dossier-subvention-2026-Solidarite.pdf\" target=\"_blank\" rel=\"noopener\">Associations &#8220;Solidarit\u00e9&#8221;<\/a><br \/>\n<strong>\u00e0 retourner avant <u>le 12 d\u00e9cembre 2025<\/u><br \/>\n<\/strong><\/li>\n<li><a href=\"https:\/\/maxeville.fr\/wp-content\/uploads\/2025\/12\/Dossier-subvention-sport-culture-loisirs-2026.pdf\">Associations Sport, Culture, Loisirs<\/a><br \/>\n<a href=\"https:\/\/maxeville.fr\/wp-content\/uploads\/2025\/12\/Formulaire_signature_CER.pdf\">Contrat r\u00e9publicain<\/a><br \/>\n<strong>\u00e0 retourner avant\u00a0<u>le 16 janvier 2026<\/u><\/strong><\/li>\n<\/ul>\n<div style=\"padding-bottom:20px; padding-top:10px;\" class=\"hupso-share-buttons\"><!-- Hupso Share Buttons - https:\/\/www.hupso.com\/share\/ --><a class=\"hupso_toolbar\" href=\"https:\/\/www.hupso.com\/share\/\"><img src=\"https:\/\/static.hupso.com\/share\/buttons\/lang\/fr\/share-medium.png\" style=\"border:0px; padding-top: 5px; float:left;\" alt=\"Share Button\"\/><\/a><script type=\"text\/javascript\">var hupso_services_t=new Array();var hupso_background_t=\"#EAF4FF\";var hupso_border_t=\"#66CCFF\";var hupso_toolbar_size_t=\"medium\";var hupso_image_folder_url = \"\";var hupso_url_t=\"\";var hupso_title_t=\"Subventions\";<\/script><script type=\"text\/javascript\" src=\"https:\/\/static.hupso.com\/share\/js\/share_toolbar.js\"><\/script><!-- Hupso Share Buttons --><\/div>","protected":false},"excerpt":{"rendered":"<p>Pour demander, par voie postale ou \u00e9lectronique, une subvention de projets sp\u00e9cifiques ou du fonctionnement global de l&#8217;association aupr\u00e8s d&#8217;une collectivit\u00e9 territoriale, d&#8217;un \u00e9tablissement public administratif ou industriel&#8230;<\/p>\n","protected":false},"author":1,"featured_media":0,"parent":73,"menu_order":42,"comment_status":"closed","ping_status":"closed","template":"","meta":[],"_links":{"self":[{"href":"https:\/\/maxeville.fr\/index.php\/wp-json\/wp\/v2\/pages\/1619"}],"collection":[{"href":"https:\/\/maxeville.fr\/index.php\/wp-json\/wp\/v2\/pages"}],"about":[{"href":"https:\/\/maxeville.fr\/index.php\/wp-json\/wp\/v2\/types\/page"}],"author":[{"embeddable":true,"href":"https:\/\/maxeville.fr\/index.php\/wp-json\/wp\/v2\/users\/1"}],"replies":[{"embeddable":true,"href":"https:\/\/maxeville.fr\/index.php\/wp-json\/wp\/v2\/comments?post=1619"}],"version-history":[{"count":31,"href":"https:\/\/maxeville.fr\/index.php\/wp-json\/wp\/v2\/pages\/1619\/revisions"}],"predecessor-version":[{"id":18837,"href":"https:\/\/maxeville.fr\/index.php\/wp-json\/wp\/v2\/pages\/1619\/revisions\/18837"}],"up":[{"embeddable":true,"href":"https:\/\/maxeville.fr\/index.php\/wp-json\/wp\/v2\/pages\/73"}],"wp:attachment":[{"href":"https:\/\/maxeville.fr\/index.php\/wp-json\/wp\/v2\/media?parent=1619"}],"curies":[{"name":"wp","href":"https:\/\/api.w.org\/{rel}","templated":true}]}}