{"id":1649,"date":"2017-10-26T11:46:25","date_gmt":"2017-10-26T09:46:25","guid":{"rendered":"http:\/\/www.maxeville.fr\/?page_id=1649"},"modified":"2017-11-02T14:01:37","modified_gmt":"2017-11-02T13:01:37","slug":"pacs","status":"publish","type":"page","link":"https:\/\/maxeville.fr\/index.php\/mon-quotidien\/pacs\/","title":{"rendered":"PACS"},"content":{"rendered":"<p>Le pacte civil de solidarit\u00e9 (PACS) est un contrat conclu par deux personnes physiques majeures, de sexe diff\u00e9rent ou de m\u00eame sexe, pour organiser leur vie commune.<\/p>\n<h5>Qui peut conclure un PACS ?<\/h5>\n<p>Les personnes souhaitant conclurent un PACS :<br \/>\n\u2022 doivent \u00eatre majeurs (le partenaire \u00e9tranger doit avoir l\u2019\u00e2ge de la majorit\u00e9 fix\u00e9 par son pays),<br \/>\n\u2022 doivent \u00eatre juridiquement capables (un majeur sous tutelle ou curatelle peut se pacser sous conditions),<br \/>\n\u2022 ne doivent pas \u00eatre d\u00e9j\u00e0 mari\u00e9s ou pacs\u00e9s,<br \/>\n\u2022 ne doivent pas avoir entre eux de liens familiaux directs.<\/p>\n<h5>O\u00f9 faire la d\u00e9marche ?<\/h5>\n<p>Pour faire enregistrer leur d\u00e9claration conjointe de Pacs, les partenaires qui ont leur r\u00e9sidence commune en France doivent s&#8217;adresser :<br \/>\n\u2022 soit \u00e0 l&#8217;officier d&#8217;\u00e9tat civil (en mairie) de la commune dans laquelle ils fixent leur r\u00e9sidence commune,<br \/>\n\u2022 soit \u00e0 un notaire.<br \/>\nLes partenaires qui ont leur r\u00e9sidence commune \u00e0 l&#8217;\u00e9tranger doivent s&#8217;adresser au consulat de France comp\u00e9tent.<\/p>\n<h3>Pi\u00e8ces \u00e0 fournir :<\/h3>\n<p>Pour un fran\u00e7ais :<br \/>\n\u2022 Convention de Pacs (cerfa n\u00b015726*02)* et d\u00e9claration conjointe de conclusion d&#8217;un Pacs (cerfa n\u00b015725*02)*,<br \/>\n\u2022 Acte de naissance (copie int\u00e9grale ou extrait avec filiation) de moins de 3 mois pour le partenaire fran\u00e7ais ou de moins de 6 mois pour le partenaire \u00e9tranger n\u00e9 \u00e0 l&#8217;\u00e9tranger,<br \/>\n\u2022 Pi\u00e8ce d&#8217;identit\u00e9 en cours de validit\u00e9 (carte d&#8217;identit\u00e9, passeport&#8230;) d\u00e9livr\u00e9e par une administration publique (original +1 photocopie),<\/p>\n<p><strong>Pour un \u00e9tranger :<\/strong><\/p>\n<p>\u2022 Convention de Pacs (cerfa n\u00b015726*02)* et d\u00e9claration conjointe de conclusion d&#8217;un Pacs (cerfa n\u00b015725*02)*,<br \/>\n\u2022 Acte de naissance (copie int\u00e9grale ou extrait avec filiation) de moins de 3 mois pour le partenaire fran\u00e7ais ou de moins de 6 mois pour le partenaire \u00e9tranger n\u00e9 \u00e0 l&#8217;\u00e9tranger, accompagn\u00e9 de sa traduction par un traducteur asserment\u00e9 ou une autorit\u00e9 consulaire. Selon le pays, l&#8217;acte doit \u00eatre rev\u00eatu de l\u2019apostille ou l\u00e9galis\u00e9 ou en est dispens\u00e9 (s&#8217;informer aupr\u00e8s de l&#8217;ambassade ou du consulat du pays \u00e9metteur de l&#8217;acte).<br \/>\n\u2022 Pi\u00e8ce d&#8217;identit\u00e9 (carte d&#8217;identit\u00e9, passeport&#8230;) d\u00e9livr\u00e9e par une administration publique (original +1 photocopie),<br \/>\n\u2022 Certificat de coutume \u00e9tabli par les autorit\u00e9s comp\u00e9tentes ou la repr\u00e9sentation diplomatique du pays \u00e9tranger, ce certificat indique la l\u00e9gislation en vigueur de l&#8217;\u00c9tat et les pi\u00e8ces d&#8217;\u00e9tat civil \u00e9trang\u00e8res prouvant que le partenaire est majeur, c\u00e9libataire et juridiquement capable,<br \/>\n\u2022 Si vous \u00eates n\u00e9 \u00e0 l&#8217;\u00e9tranger, un certificat de non-Pacs de moins de 3 mois, il peut \u00eatre demand\u00e9 au moyen du t\u00e9l\u00e9 service (cerfa n\u00b012819*04) accompagn\u00e9 d&#8217;une photocopie d&#8217;une pi\u00e8ce d&#8217;identit\u00e9 valide,<br \/>\n\u2022 Si vous vivez en France depuis plus d&#8217;un an, une attestation de non-inscription au r\u00e9pertoire civil pour v\u00e9rifier l&#8217;absence de tutelle ou curatelle. Elle doit \u00eatre demand\u00e9e par courrier, par t\u00e9l\u00e9copie (en cas d\u2019urgence) ou par courriel au Service central d&#8217;\u00e9tat civil &#8211; r\u00e9pertoire civil (en pr\u00e9cisant ses nom, pr\u00e9noms, date et le lieu de naissance et l&#8217;adresse \u00e0 laquelle l&#8217;attestation doit \u00eatre envoy\u00e9e). Des documents compl\u00e9mentaires peuvent \u00eatre demand\u00e9s lorsque la demande est incompl\u00e8te ou peu lisible.<br \/>\nAttention : les PACS pourrait ne pas \u00eatre reconnu par les autorit\u00e9s \u00e9trang\u00e8res.<br \/>\n<strong><br \/>\nFormulaires\u00a0\u00e0 t\u00e9l\u00e9charger :<\/strong><\/p>\n<ul>\n<li>Convention de Pacs : <a href=\"http:\/\/www.maxeville.fr\/wp-content\/uploads\/2017\/11\/cerfa_15726-02.pdf\" target=\"_blank\">cerfa n\u00b015726*02<\/a><\/li>\n<li>D\u00e9claration conjointe de Pacs : <a href=\"http:\/\/www.maxeville.fr\/wp-content\/uploads\/2017\/11\/cerfa_15725-02.pdf\" target=\"_blank\">cerfa n\u00b015725*02<\/a><\/li>\n<li>Notice explicative : <a href=\"http:\/\/www.maxeville.fr\/wp-content\/uploads\/2017\/11\/notice_5202901.pdf\" target=\"_blank\">cerfa n\u00b052029#01<\/a><\/li>\n<\/ul>\n<p>Le d\u00e9p\u00f4t du dossier se fait sur rendez-vous en appelant au 03 83 32 30 00.<\/p>\n<div style=\"padding-bottom:20px; padding-top:10px;\" class=\"hupso-share-buttons\"><!-- Hupso Share Buttons - https:\/\/www.hupso.com\/share\/ --><a class=\"hupso_toolbar\" href=\"https:\/\/www.hupso.com\/share\/\"><img src=\"https:\/\/static.hupso.com\/share\/buttons\/lang\/fr\/share-medium.png\" style=\"border:0px; padding-top: 5px; float:left;\" alt=\"Share Button\"\/><\/a><script type=\"text\/javascript\">var hupso_services_t=new Array();var hupso_background_t=\"#EAF4FF\";var hupso_border_t=\"#66CCFF\";var hupso_toolbar_size_t=\"medium\";var hupso_image_folder_url = \"\";var hupso_url_t=\"\";var hupso_title_t=\"PACS\";<\/script><script type=\"text\/javascript\" src=\"https:\/\/static.hupso.com\/share\/js\/share_toolbar.js\"><\/script><!-- Hupso Share Buttons --><\/div>","protected":false},"excerpt":{"rendered":"<p>Le pacte civil de solidarit\u00e9 (PACS) est un contrat conclu par deux personnes physiques majeures, de sexe diff\u00e9rent ou de m\u00eame sexe, pour organiser leur vie commune. Qui&#8230;<\/p>\n","protected":false},"author":1,"featured_media":0,"parent":242,"menu_order":16,"comment_status":"closed","ping_status":"closed","template":"","meta":[],"_links":{"self":[{"href":"https:\/\/maxeville.fr\/index.php\/wp-json\/wp\/v2\/pages\/1649"}],"collection":[{"href":"https:\/\/maxeville.fr\/index.php\/wp-json\/wp\/v2\/pages"}],"about":[{"href":"https:\/\/maxeville.fr\/index.php\/wp-json\/wp\/v2\/types\/page"}],"author":[{"embeddable":true,"href":"https:\/\/maxeville.fr\/index.php\/wp-json\/wp\/v2\/users\/1"}],"replies":[{"embeddable":true,"href":"https:\/\/maxeville.fr\/index.php\/wp-json\/wp\/v2\/comments?post=1649"}],"version-history":[{"count":7,"href":"https:\/\/maxeville.fr\/index.php\/wp-json\/wp\/v2\/pages\/1649\/revisions"}],"predecessor-version":[{"id":2894,"href":"https:\/\/maxeville.fr\/index.php\/wp-json\/wp\/v2\/pages\/1649\/revisions\/2894"}],"up":[{"embeddable":true,"href":"https:\/\/maxeville.fr\/index.php\/wp-json\/wp\/v2\/pages\/242"}],"wp:attachment":[{"href":"https:\/\/maxeville.fr\/index.php\/wp-json\/wp\/v2\/media?parent=1649"}],"curies":[{"name":"wp","href":"https:\/\/api.w.org\/{rel}","templated":true}]}}