{"id":16809,"date":"2024-10-07T09:23:30","date_gmt":"2024-10-07T07:23:30","guid":{"rendered":"https:\/\/maxeville.fr\/?page_id=16809"},"modified":"2024-10-07T09:23:30","modified_gmt":"2024-10-07T07:23:30","slug":"sophro-relaxation-seniors","status":"publish","type":"page","link":"https:\/\/maxeville.fr\/index.php\/sophro-relaxation-seniors\/","title":{"rendered":"Sophro-relaxation &#8211; s\u00e9niors"},"content":{"rendered":"\n<h3 class=\"wp-block-heading\"><\/h3>\n\n\n\n<p><em><strong>S\u00e9ances dispens\u00e9es par une sophro-relaxologue certifi\u00e9e. Destin\u00e9es aux Max\u00e9villois de 60 ans et plus, les s\u00e9ances seront dispens\u00e9es d\u00e8s septembre.<\/strong><\/em><\/p>\n\n\n\n<ul>\n<li><em>chaque Jeudi de 10h \u00e0 11h30<\/em> au Complexe Marie Marvingt,<br>Le tarif propos\u00e9 :<br>119 \u20ac les 34 s\u00e9ances (de septembre \u00e0 Juin)<br>ou forfait de 7 s\u00e9ances \u00e0 24.50 \u20ac<\/li>\n<\/ul>\n\n\n\n<p>Les inscriptions se font aupr\u00e8s de Corinne G\u00e9nin, coordinatrice du Point Accueil Seniors au 03 83 32 69 67.<\/p>\n<div style=\"padding-bottom:20px; padding-top:10px;\" class=\"hupso-share-buttons\"><!-- Hupso Share Buttons - https:\/\/www.hupso.com\/share\/ --><a class=\"hupso_toolbar\" href=\"https:\/\/www.hupso.com\/share\/\"><img src=\"https:\/\/static.hupso.com\/share\/buttons\/lang\/fr\/share-medium.png\" style=\"border:0px; padding-top: 5px; float:left;\" alt=\"Share Button\"\/><\/a><script type=\"text\/javascript\">var hupso_services_t=new Array();var hupso_background_t=\"#EAF4FF\";var hupso_border_t=\"#66CCFF\";var hupso_toolbar_size_t=\"medium\";var hupso_image_folder_url = \"\";var hupso_url_t=\"\";var hupso_title_t=\"Sophro-relaxation%20-%20s%C3%A9niors\";<\/script><script type=\"text\/javascript\" src=\"https:\/\/static.hupso.com\/share\/js\/share_toolbar.js\"><\/script><!-- Hupso Share Buttons --><\/div>","protected":false},"excerpt":{"rendered":"<p>S\u00e9ances dispens\u00e9es par une sophro-relaxologue certifi\u00e9e. Destin\u00e9es aux Max\u00e9villois de 60 ans et plus, les s\u00e9ances seront dispens\u00e9es d\u00e8s septembre. Les inscriptions se font aupr\u00e8s de Corinne G\u00e9nin,&#8230;<\/p>\n","protected":false},"author":1,"featured_media":16812,"parent":0,"menu_order":0,"comment_status":"closed","ping_status":"closed","template":"","meta":[],"_links":{"self":[{"href":"https:\/\/maxeville.fr\/index.php\/wp-json\/wp\/v2\/pages\/16809"}],"collection":[{"href":"https:\/\/maxeville.fr\/index.php\/wp-json\/wp\/v2\/pages"}],"about":[{"href":"https:\/\/maxeville.fr\/index.php\/wp-json\/wp\/v2\/types\/page"}],"author":[{"embeddable":true,"href":"https:\/\/maxeville.fr\/index.php\/wp-json\/wp\/v2\/users\/1"}],"replies":[{"embeddable":true,"href":"https:\/\/maxeville.fr\/index.php\/wp-json\/wp\/v2\/comments?post=16809"}],"version-history":[{"count":1,"href":"https:\/\/maxeville.fr\/index.php\/wp-json\/wp\/v2\/pages\/16809\/revisions"}],"predecessor-version":[{"id":16813,"href":"https:\/\/maxeville.fr\/index.php\/wp-json\/wp\/v2\/pages\/16809\/revisions\/16813"}],"wp:featuredmedia":[{"embeddable":true,"href":"https:\/\/maxeville.fr\/index.php\/wp-json\/wp\/v2\/media\/16812"}],"wp:attachment":[{"href":"https:\/\/maxeville.fr\/index.php\/wp-json\/wp\/v2\/media?parent=16809"}],"curies":[{"name":"wp","href":"https:\/\/api.w.org\/{rel}","templated":true}]}}