{"id":16828,"date":"2024-10-09T16:08:25","date_gmt":"2024-10-09T14:08:25","guid":{"rendered":"https:\/\/maxeville.fr\/?page_id=16828"},"modified":"2024-10-09T16:24:54","modified_gmt":"2024-10-09T14:24:54","slug":"sante-publique-deratisation","status":"publish","type":"page","link":"https:\/\/maxeville.fr\/index.php\/sante-publique-deratisation\/","title":{"rendered":"Sant\u00e9 publique : d\u00e9ratisation"},"content":{"rendered":"\n<p>Pour rappel, la ville de Max\u00e9ville organise chaque ann\u00e9e des campagnes de d\u00e9ratisation sur toute la ville <em>(programm\u00e9es ind\u00e9pendamment des demandes des habitants)<\/em>, en coordination avec les bailleurs sociaux pour plus d&#8217;efficacit\u00e9.<\/p>\n\n\n\n<p><\/p>\n\n\n\n<p>En parall\u00e8le, des doses de raticide sont disponibles pour les habitants, toute l&#8217;ann\u00e9e, aux accueils de la Mairie, de la Mairie annexe au C.I.L.M et du Centre Technique Municipal. <\/p>\n\n\n\n<p><\/p>\n\n\n\n<p><strong><em>\u00e0 savoir : <\/em><\/strong> les rats se reproduisent tr\u00e8s facilement. <mark style=\"background-color:rgba(0, 0, 0, 0)\" class=\"has-inline-color has-accent-color\">Tout le monde doit \u00e9viter de laisser des d\u00e9tritus par terre et surtout de nourrir les animaux errants. <\/mark><\/p>\n\n\n\n<p><strong><em>Merci pour votre coop\u00e9ration.<\/em><\/strong><\/p>\n<div style=\"padding-bottom:20px; padding-top:10px;\" class=\"hupso-share-buttons\"><!-- Hupso Share Buttons - https:\/\/www.hupso.com\/share\/ --><a class=\"hupso_toolbar\" href=\"https:\/\/www.hupso.com\/share\/\"><img src=\"https:\/\/static.hupso.com\/share\/buttons\/lang\/fr\/share-medium.png\" style=\"border:0px; padding-top: 5px; float:left;\" alt=\"Share Button\"\/><\/a><script type=\"text\/javascript\">var hupso_services_t=new Array();var hupso_background_t=\"#EAF4FF\";var hupso_border_t=\"#66CCFF\";var hupso_toolbar_size_t=\"medium\";var hupso_image_folder_url = \"\";var hupso_url_t=\"\";var hupso_title_t=\"Sant%C3%A9%20publique%20%3A%20d%C3%A9ratisation\";<\/script><script type=\"text\/javascript\" src=\"https:\/\/static.hupso.com\/share\/js\/share_toolbar.js\"><\/script><!-- Hupso Share Buttons --><\/div>","protected":false},"excerpt":{"rendered":"<p>Pour rappel, la ville de Max\u00e9ville organise chaque ann\u00e9e des campagnes de d\u00e9ratisation sur toute la ville (programm\u00e9es ind\u00e9pendamment des demandes des habitants), en coordination avec les bailleurs&#8230;<\/p>\n","protected":false},"author":1,"featured_media":16829,"parent":0,"menu_order":0,"comment_status":"closed","ping_status":"closed","template":"","meta":[],"_links":{"self":[{"href":"https:\/\/maxeville.fr\/index.php\/wp-json\/wp\/v2\/pages\/16828"}],"collection":[{"href":"https:\/\/maxeville.fr\/index.php\/wp-json\/wp\/v2\/pages"}],"about":[{"href":"https:\/\/maxeville.fr\/index.php\/wp-json\/wp\/v2\/types\/page"}],"author":[{"embeddable":true,"href":"https:\/\/maxeville.fr\/index.php\/wp-json\/wp\/v2\/users\/1"}],"replies":[{"embeddable":true,"href":"https:\/\/maxeville.fr\/index.php\/wp-json\/wp\/v2\/comments?post=16828"}],"version-history":[{"count":3,"href":"https:\/\/maxeville.fr\/index.php\/wp-json\/wp\/v2\/pages\/16828\/revisions"}],"predecessor-version":[{"id":16833,"href":"https:\/\/maxeville.fr\/index.php\/wp-json\/wp\/v2\/pages\/16828\/revisions\/16833"}],"wp:featuredmedia":[{"embeddable":true,"href":"https:\/\/maxeville.fr\/index.php\/wp-json\/wp\/v2\/media\/16829"}],"wp:attachment":[{"href":"https:\/\/maxeville.fr\/index.php\/wp-json\/wp\/v2\/media?parent=16828"}],"curies":[{"name":"wp","href":"https:\/\/api.w.org\/{rel}","templated":true}]}}