{"id":16836,"date":"2024-10-10T11:59:07","date_gmt":"2024-10-10T09:59:07","guid":{"rendered":"https:\/\/maxeville.fr\/?page_id=16836"},"modified":"2024-10-10T12:02:24","modified_gmt":"2024-10-10T10:02:24","slug":"reseau-des-seniors-onpa-nancy","status":"publish","type":"page","link":"https:\/\/maxeville.fr\/index.php\/reseau-des-seniors-onpa-nancy\/","title":{"rendered":"R\u00e9seau des s\u00e9niors ONPA Nancy"},"content":{"rendered":"\n<p><em>L&#8217;Office Nanc\u00e9ien des Personnes Ag\u00e9es (ONPA) est un r\u00e9seau d\u00e9di\u00e9 aux s\u00e9niors<\/em>.<\/p>\n\n\n\n<p><strong>ONPA<\/strong> : <a href=\"https:\/\/onpa.net\/\" data-type=\"URL\" data-id=\"https:\/\/onpa.net\/\" target=\"_blank\" rel=\"noreferrer noopener\">par ici !<\/a><\/p>\n\n\n\n<p>Office Nanc\u00e9ien des Personnes Ag\u00e9es | 105 rue Saint-Georges | 54000 Nancy<\/p>\n\n\n\n<h4 class=\"wp-block-heading\">03 83 32 05 40<\/h4>\n\n\n\n<p><a href=\"https:\/\/onpa.net\/wp-content\/uploads\/2024\/07\/Catalogue-final-2024-2025.pdf\" data-type=\"URL\" data-id=\"https:\/\/onpa.net\/wp-content\/uploads\/2024\/07\/Catalogue-final-2024-2025.pdf\" target=\"_blank\" rel=\"noreferrer noopener\">Consulter leur guide 2024-2025, par ici.<\/a><\/p>\n<div style=\"padding-bottom:20px; padding-top:10px;\" class=\"hupso-share-buttons\"><!-- Hupso Share Buttons - https:\/\/www.hupso.com\/share\/ --><a class=\"hupso_toolbar\" href=\"https:\/\/www.hupso.com\/share\/\"><img src=\"https:\/\/static.hupso.com\/share\/buttons\/lang\/fr\/share-medium.png\" style=\"border:0px; padding-top: 5px; float:left;\" alt=\"Share Button\"\/><\/a><script type=\"text\/javascript\">var hupso_services_t=new Array();var hupso_background_t=\"#EAF4FF\";var hupso_border_t=\"#66CCFF\";var hupso_toolbar_size_t=\"medium\";var hupso_image_folder_url = \"\";var hupso_url_t=\"\";var hupso_title_t=\"R%C3%A9seau%20des%20s%C3%A9niors%20ONPA%20Nancy\";<\/script><script type=\"text\/javascript\" src=\"https:\/\/static.hupso.com\/share\/js\/share_toolbar.js\"><\/script><!-- Hupso Share Buttons --><\/div>","protected":false},"excerpt":{"rendered":"<p>L&#8217;Office Nanc\u00e9ien des Personnes Ag\u00e9es (ONPA) est un r\u00e9seau d\u00e9di\u00e9 aux s\u00e9niors. ONPA : par ici ! Office Nanc\u00e9ien des Personnes Ag\u00e9es | 105 rue Saint-Georges | 54000&#8230;<\/p>\n","protected":false},"author":1,"featured_media":16840,"parent":0,"menu_order":0,"comment_status":"closed","ping_status":"closed","template":"","meta":[],"_links":{"self":[{"href":"https:\/\/maxeville.fr\/index.php\/wp-json\/wp\/v2\/pages\/16836"}],"collection":[{"href":"https:\/\/maxeville.fr\/index.php\/wp-json\/wp\/v2\/pages"}],"about":[{"href":"https:\/\/maxeville.fr\/index.php\/wp-json\/wp\/v2\/types\/page"}],"author":[{"embeddable":true,"href":"https:\/\/maxeville.fr\/index.php\/wp-json\/wp\/v2\/users\/1"}],"replies":[{"embeddable":true,"href":"https:\/\/maxeville.fr\/index.php\/wp-json\/wp\/v2\/comments?post=16836"}],"version-history":[{"count":2,"href":"https:\/\/maxeville.fr\/index.php\/wp-json\/wp\/v2\/pages\/16836\/revisions"}],"predecessor-version":[{"id":16842,"href":"https:\/\/maxeville.fr\/index.php\/wp-json\/wp\/v2\/pages\/16836\/revisions\/16842"}],"wp:featuredmedia":[{"embeddable":true,"href":"https:\/\/maxeville.fr\/index.php\/wp-json\/wp\/v2\/media\/16840"}],"wp:attachment":[{"href":"https:\/\/maxeville.fr\/index.php\/wp-json\/wp\/v2\/media?parent=16836"}],"curies":[{"name":"wp","href":"https:\/\/api.w.org\/{rel}","templated":true}]}}