{"id":1697,"date":"2017-10-26T12:58:35","date_gmt":"2017-10-26T10:58:35","guid":{"rendered":"http:\/\/www.maxeville.fr\/?page_id=1697"},"modified":"2025-09-26T12:25:06","modified_gmt":"2025-09-26T10:25:06","slug":"autres-salles-a-louer","status":"publish","type":"page","link":"https:\/\/maxeville.fr\/index.php\/mon-quotidien\/autres-salles-a-louer\/","title":{"rendered":"Autres salles \u00e0 louer"},"content":{"rendered":"<p>\u00a0<\/p>\n<p><strong><span style=\"color: #000000;\">R\u00c9SERVATION DE SALLE ET RENSEIGNEMENTS<br \/><\/span><span style=\"color: #000000;\">Les mardis et jeudis de 8h30 \u00e0 12h et les mercredis de 13h30 \u00e0 17h<br \/>au 03.83.37.98.79 &#8211; <\/span><span style=\"color: #000000;\">ou par mail \u00e0 :\u00a0 locationsalles@mairie-maxeville.fr<\/span><\/strong><br \/><strong><span style=\"color: #000000;\">Accueil physique uniquement sur rendez-vous au 8 rue du 15 Septembre 1944<\/span><\/strong><\/p>\n<hr \/>\n<p>Dans chaque quartier, des salles sont disponibles en journ\u00e9es \u00e9galement pour l\u2019organisation de r\u00e9unions associatives (complexe sportif Marie Marvingt, salle de La Justice, salle Imouzer).<\/p>\n<table style=\"height: 2180px;\" width=\"586\">\n<tbody>\n<tr>\n<td width=\"102\"><strong>Salles<\/strong><\/td>\n<td width=\"126\"><strong>Utilisateurs<\/strong><\/td>\n<td width=\"173\">\u00a0<\/td>\n<td width=\"117\">\u00a0<\/td>\n<td width=\"101\"><strong>Tarifs au 1<sup>er<\/sup> ao\u00fbt 2017<\/strong><\/td>\n<\/tr>\n<tr>\n<td rowspan=\"3\" width=\"102\"><strong>Salle de la Justice<\/strong>\n<p>\u00a0<\/p>\n<p>16 rue<br \/>de la<br \/>Justice<\/p>\n<p>30 p.<\/p>\n<\/td>\n<td width=\"126\">particuliers max\u00e9villois<\/td>\n<td width=\"173\">&#8211; vins d\u2019honneur\n<p>\u00a0<\/p>\n<p>&#8211; go\u00fbter<\/p>\n<\/td>\n<td width=\"117\">\u00a0<\/td>\n<td width=\"101\">32 \u20ac<\/td>\n<\/tr>\n<tr>\n<td width=\"126\">associations max\u00e9villoises<\/td>\n<td width=\"173\">&#8211; animations r\u00e9guli\u00e8res\n<p>\u00a0<\/p>\n<p>&#8211; r\u00e9unions<\/p>\n<p>&#8211; assembl\u00e9es g\u00e9n\u00e9rales<\/p>\n<\/td>\n<td width=\"117\">\u00a0<\/td>\n<td width=\"101\">gratuit<\/td>\n<\/tr>\n<tr>\n<td width=\"126\">particuliers habitants la r\u00e9sidence<\/td>\n<td width=\"173\">&#8211; vins d\u2019honneur\n<p>\u00a0<\/p>\n<p>&#8211; go\u00fbter<\/p>\n<\/td>\n<td width=\"117\">\u00a0<\/td>\n<td width=\"101\">gratuit<\/td>\n<\/tr>\n<tr>\n<td colspan=\"5\" width=\"619\">\u00a0<\/td>\n<\/tr>\n<tr>\n<td rowspan=\"2\" width=\"102\"><strong>Salle de r\u00e9union<\/strong>\n<p>\u00a0<\/p>\n<p>complexe sportif<br \/>Marie Marvingt<br \/>11 rue Solvay<\/p>\n<p>30 p.<\/p>\n<\/td>\n<td width=\"126\">associations max\u00e9villoises<\/td>\n<td width=\"173\">&#8211; r\u00e9unions\n<p>\u00a0<\/p>\n<p>&#8211; assembl\u00e9es g\u00e9n\u00e9rales<\/p>\n<\/td>\n<td width=\"117\">\u00a0<\/td>\n<td width=\"101\">gratuit<\/td>\n<\/tr>\n<tr>\n<td width=\"126\">associations non max\u00e9villoises<\/td>\n<td width=\"173\">&#8211; r\u00e9unions\n<p>\u00a0<\/p>\n<p>&#8211; assembl\u00e9es g\u00e9n\u00e9rales<\/p>\n<\/td>\n<td width=\"117\">\u00a0<\/td>\n<td width=\"101\">104 \u20ac \/ jour<\/td>\n<\/tr>\n<tr>\n<td colspan=\"5\" width=\"619\">\u00a0<\/td>\n<\/tr>\n<tr>\n<td rowspan=\"3\" width=\"102\"><strong>Salle Imouzer<\/strong>\n<p>\u00a0<\/p>\n<p>complexe sportif<br \/>L\u00e9o Lagrange<br \/>rue de l\u2019Orne<\/p>\n<p>20 p.<\/p>\n<\/td>\n<td width=\"126\">associations max\u00e9villoises<\/td>\n<td width=\"173\">&#8211; r\u00e9unions\n<p>\u00a0<\/p>\n<p>&#8211; assembl\u00e9es g\u00e9n\u00e9rales<\/p>\n<\/td>\n<td width=\"117\">\u00a0<\/td>\n<td width=\"101\">gratuit<\/td>\n<\/tr>\n<tr>\n<td width=\"126\">associations non max\u00e9villoises<\/td>\n<td width=\"173\">&#8211; r\u00e9unions\n<p>\u00a0<\/p>\n<p>&#8211; assembl\u00e9es g\u00e9n\u00e9rales<\/p>\n<\/td>\n<td width=\"117\">\u00a0<\/td>\n<td width=\"101\">104 \u20ac \/ jour<\/td>\n<\/tr>\n<tr>\n<td width=\"126\">particuliers max\u00e9villois<\/td>\n<td width=\"173\">&#8211; vins d\u2019honneur\n<p>\u00a0<\/p>\n<p>&#8211; go\u00fbter<\/p>\n<\/td>\n<td width=\"117\">\u00a0<\/td>\n<td width=\"101\">32 \u20ac<\/td>\n<\/tr>\n<tr>\n<td colspan=\"5\" width=\"619\">\u00a0<\/td>\n<\/tr>\n<tr>\n<td width=\"102\"><strong>Club House<\/strong>\n<p>\u00a0<\/p>\n<p>Stade Darnys<br \/>rue Henry Brun<\/p>\n<p>20 p.<\/p>\n<\/td>\n<td width=\"126\">associations max\u00e9villoises<\/td>\n<td width=\"173\">&#8211; r\u00e9unions\n<p>\u00a0<\/p>\n<p>&#8211; assembl\u00e9es g\u00e9n\u00e9rales<\/p>\n<\/td>\n<td width=\"117\">\u00a0<\/td>\n<td width=\"101\">gratuit<\/td>\n<\/tr>\n<\/tbody>\n<\/table>\n<table style=\"height: 2140px;\" width=\"587\">\n<tbody>\n<tr>\n<td width=\"102\">\u00a0<\/td>\n<td width=\"126\">\u00a0<\/td>\n<td width=\"173\">\u00a0<\/td>\n<td width=\"117\">\u00a0<\/td>\n<td width=\"101\">\u00a0<\/td>\n<\/tr>\n<tr>\n<td rowspan=\"3\" width=\"102\"><strong>Cadi\u00e8res<\/strong>\n<p>\u00a0<\/p>\n<p>Lotissement des Cadi\u00e8res<\/p>\n<p>20 p.<\/p>\n<\/td>\n<td width=\"126\">particuliers max\u00e9villois<\/td>\n<td width=\"173\">&#8211; vins d\u2019honneur\n<p>\u00a0<\/p>\n<p>&#8211; go\u00fbter<\/p>\n<\/td>\n<td width=\"117\">\u00a0<\/td>\n<td width=\"101\">32 \u20ac<\/td>\n<\/tr>\n<tr>\n<td width=\"126\">associations max\u00e9villoises<\/td>\n<td width=\"173\">&#8211; animations r\u00e9guli\u00e8res\n<p>\u00a0<\/p>\n<p>&#8211; r\u00e9unions<\/p>\n<p>&#8211; assembl\u00e9es g\u00e9n\u00e9rales<\/p>\n<\/td>\n<td width=\"117\">\u00a0<\/td>\n<td width=\"101\">gratuit<\/td>\n<\/tr>\n<tr>\n<td width=\"126\">particuliers habitants la r\u00e9sidence<\/td>\n<td width=\"173\">&#8211; vins d\u2019honneur\n<p>\u00a0<\/p>\n<p>&#8211; go\u00fbter<\/p>\n<\/td>\n<td width=\"117\">\u00a0<\/td>\n<td width=\"101\">gratuit<\/td>\n<\/tr>\n<tr>\n<td colspan=\"5\" width=\"619\">\u00a0<\/td>\n<\/tr>\n<tr>\n<td rowspan=\"2\" width=\"102\">\u00a0<\/td>\n<td width=\"126\">\u00a0<\/td>\n<td width=\"173\">\u00a0<\/td>\n<td width=\"117\">\u00a0<\/td>\n<td width=\"101\">\u00a0<\/td>\n<\/tr>\n<tr>\n<td width=\"126\">\u00a0<\/td>\n<td width=\"173\">\u00a0<\/td>\n<td width=\"117\">\u00a0<\/td>\n<td width=\"101\">\u00a0<\/td>\n<\/tr>\n<tr>\n<td colspan=\"5\" width=\"619\">\u00a0<\/td>\n<\/tr>\n<tr>\n<td rowspan=\"3\" width=\"102\">\u00a0<\/td>\n<td width=\"126\">\u00a0<\/td>\n<td width=\"173\">\u00a0<\/td>\n<td width=\"117\">\u00a0<\/td>\n<td width=\"101\">\u00a0<\/td>\n<\/tr>\n<tr>\n<td width=\"126\">\u00a0<\/td>\n<td width=\"173\">\u00a0<\/td>\n<td width=\"117\">\u00a0<\/td>\n<td width=\"101\">\u00a0<\/td>\n<\/tr>\n<tr>\n<td width=\"126\">\u00a0<\/td>\n<td width=\"173\">\u00a0<\/td>\n<td width=\"117\">\u00a0<\/td>\n<td width=\"101\">\u00a0<\/td>\n<\/tr>\n<tr>\n<td colspan=\"5\" width=\"619\">\u00a0<\/td>\n<\/tr>\n<tr>\n<td width=\"102\">\u00a0<\/td>\n<td width=\"126\">\u00a0<\/td>\n<td width=\"173\">\u00a0<\/td>\n<td width=\"117\">\u00a0<\/td>\n<td width=\"101\">\u00a0<\/td>\n<\/tr>\n<\/tbody>\n<\/table>\n\n\n<div class=\"wp-block-group is-layout-flow\"><div class=\"wp-block-group__inner-container\"><\/div><\/div>\n<div style=\"padding-bottom:20px; padding-top:10px;\" class=\"hupso-share-buttons\"><!-- Hupso Share Buttons - https:\/\/www.hupso.com\/share\/ --><a class=\"hupso_toolbar\" href=\"https:\/\/www.hupso.com\/share\/\"><img src=\"https:\/\/static.hupso.com\/share\/buttons\/lang\/fr\/share-medium.png\" style=\"border:0px; padding-top: 5px; float:left;\" alt=\"Share Button\"\/><\/a><script type=\"text\/javascript\">var hupso_services_t=new Array();var hupso_background_t=\"#EAF4FF\";var hupso_border_t=\"#66CCFF\";var hupso_toolbar_size_t=\"medium\";var hupso_image_folder_url = \"\";var hupso_url_t=\"\";var hupso_title_t=\"Autres%20salles%20%C3%A0%20louer\";<\/script><script type=\"text\/javascript\" src=\"https:\/\/static.hupso.com\/share\/js\/share_toolbar.js\"><\/script><!-- Hupso Share Buttons --><\/div>","protected":false},"excerpt":{"rendered":"<p>\u00a0 R\u00c9SERVATION DE SALLE ET RENSEIGNEMENTSLes mardis et jeudis de 8h30 \u00e0 12h et les mercredis de 13h30 \u00e0 17hau 03.83.37.98.79 &#8211; ou par mail \u00e0 :\u00a0 locationsalles@mairie-maxeville.frAccueil&#8230;<\/p>\n","protected":false},"author":1,"featured_media":0,"parent":242,"menu_order":24,"comment_status":"closed","ping_status":"closed","template":"","meta":[],"_links":{"self":[{"href":"https:\/\/maxeville.fr\/index.php\/wp-json\/wp\/v2\/pages\/1697"}],"collection":[{"href":"https:\/\/maxeville.fr\/index.php\/wp-json\/wp\/v2\/pages"}],"about":[{"href":"https:\/\/maxeville.fr\/index.php\/wp-json\/wp\/v2\/types\/page"}],"author":[{"embeddable":true,"href":"https:\/\/maxeville.fr\/index.php\/wp-json\/wp\/v2\/users\/1"}],"replies":[{"embeddable":true,"href":"https:\/\/maxeville.fr\/index.php\/wp-json\/wp\/v2\/comments?post=1697"}],"version-history":[{"count":20,"href":"https:\/\/maxeville.fr\/index.php\/wp-json\/wp\/v2\/pages\/1697\/revisions"}],"predecessor-version":[{"id":18587,"href":"https:\/\/maxeville.fr\/index.php\/wp-json\/wp\/v2\/pages\/1697\/revisions\/18587"}],"up":[{"embeddable":true,"href":"https:\/\/maxeville.fr\/index.php\/wp-json\/wp\/v2\/pages\/242"}],"wp:attachment":[{"href":"https:\/\/maxeville.fr\/index.php\/wp-json\/wp\/v2\/media?parent=1697"}],"curies":[{"name":"wp","href":"https:\/\/api.w.org\/{rel}","templated":true}]}}