{"id":1699,"date":"2017-10-26T12:59:48","date_gmt":"2017-10-26T10:59:48","guid":{"rendered":"http:\/\/www.maxeville.fr\/?page_id=1699"},"modified":"2017-11-10T14:15:27","modified_gmt":"2017-11-10T13:15:27","slug":"jardins-familiaux","status":"publish","type":"page","link":"https:\/\/maxeville.fr\/index.php\/mon-quotidien\/jardins-familiaux\/","title":{"rendered":"Jardins familiaux"},"content":{"rendered":"<p>Vous \u00eates Max\u00e9villois, vous souhaitez cultiver un petit lopin de terre pour produire l\u00e9gumes et\u00a0petits fruits de saison ?!<\/p>\n<p>Il vous suffit d\u2019adresser un courrier \u00e0 la Mairie de Max\u00e9ville sollicitant votre inscription.<\/p>\n<p>Si des parcelles sont disponibles, vous serez mis en relation avec l\u2019association Les Jardins de Max\u00e9ville qui g\u00e8re les 10 000 m2 de jardins de la Ville et qui vous proposera ainsi une parcelle \u00e0 cultiver.<\/p>\n<p>Les parcelles sont d\u2019une superficie moyenne de 150 m2, \u00e9quip\u00e9es d\u2019un abris et d\u2019une cuve de r\u00e9cup\u00e9ration des eaux de pluie. Elles sont lou\u00e9es \u00e0 0.30 \u20ac le m2.<\/p>\n<p>L\u2019association pourra, si vous le souhaitez, vous conseiller et vous aider \u00e0 d\u00e9marrer\u2026.<\/p>\n<p>&nbsp;<\/p>\n<div style=\"padding-bottom:20px; padding-top:10px;\" class=\"hupso-share-buttons\"><!-- Hupso Share Buttons - https:\/\/www.hupso.com\/share\/ --><a class=\"hupso_toolbar\" href=\"https:\/\/www.hupso.com\/share\/\"><img src=\"https:\/\/static.hupso.com\/share\/buttons\/lang\/fr\/share-medium.png\" style=\"border:0px; padding-top: 5px; float:left;\" alt=\"Share Button\"\/><\/a><script type=\"text\/javascript\">var hupso_services_t=new Array();var hupso_background_t=\"#EAF4FF\";var hupso_border_t=\"#66CCFF\";var hupso_toolbar_size_t=\"medium\";var hupso_image_folder_url = \"\";var hupso_url_t=\"\";var hupso_title_t=\"Jardins%20familiaux\";<\/script><script type=\"text\/javascript\" src=\"https:\/\/static.hupso.com\/share\/js\/share_toolbar.js\"><\/script><!-- Hupso Share Buttons --><\/div>","protected":false},"excerpt":{"rendered":"<p>Vous \u00eates Max\u00e9villois, vous souhaitez cultiver un petit lopin de terre pour produire l\u00e9gumes et\u00a0petits fruits de saison ?! Il vous suffit d\u2019adresser un courrier \u00e0 la Mairie&#8230;<\/p>\n","protected":false},"author":1,"featured_media":0,"parent":242,"menu_order":26,"comment_status":"closed","ping_status":"closed","template":"","meta":[],"_links":{"self":[{"href":"https:\/\/maxeville.fr\/index.php\/wp-json\/wp\/v2\/pages\/1699"}],"collection":[{"href":"https:\/\/maxeville.fr\/index.php\/wp-json\/wp\/v2\/pages"}],"about":[{"href":"https:\/\/maxeville.fr\/index.php\/wp-json\/wp\/v2\/types\/page"}],"author":[{"embeddable":true,"href":"https:\/\/maxeville.fr\/index.php\/wp-json\/wp\/v2\/users\/1"}],"replies":[{"embeddable":true,"href":"https:\/\/maxeville.fr\/index.php\/wp-json\/wp\/v2\/comments?post=1699"}],"version-history":[{"count":4,"href":"https:\/\/maxeville.fr\/index.php\/wp-json\/wp\/v2\/pages\/1699\/revisions"}],"predecessor-version":[{"id":3158,"href":"https:\/\/maxeville.fr\/index.php\/wp-json\/wp\/v2\/pages\/1699\/revisions\/3158"}],"up":[{"embeddable":true,"href":"https:\/\/maxeville.fr\/index.php\/wp-json\/wp\/v2\/pages\/242"}],"wp:attachment":[{"href":"https:\/\/maxeville.fr\/index.php\/wp-json\/wp\/v2\/media?parent=1699"}],"curies":[{"name":"wp","href":"https:\/\/api.w.org\/{rel}","templated":true}]}}