{"id":1708,"date":"2024-04-10T09:31:32","date_gmt":"2024-04-10T07:31:32","guid":{"rendered":"http:\/\/www.maxeville.fr\/?page_id=1708"},"modified":"2026-03-13T14:31:41","modified_gmt":"2026-03-13T13:31:41","slug":"bourses-aux-plantes","status":"publish","type":"page","link":"https:\/\/maxeville.fr\/index.php\/mon-quotidien\/bourses-aux-plantes\/","title":{"rendered":"Bourse aux plantes"},"content":{"rendered":"<p>Un rendez-vous biannuel, au printemps et \u00e0&nbsp; l&#8217;automne, pour \u00e9changer plantes, boutures et conseils en jardinage.<\/p>\n<p><img decoding=\"async\" loading=\"lazy\" class=\"alignnone size-medium wp-image-19232\" src=\"https:\/\/maxeville.fr\/wp-content\/uploads\/2026\/03\/BAP2026-printemps-212x300.jpg\" alt=\"\" width=\"212\" height=\"300\" srcset=\"https:\/\/maxeville.fr\/wp-content\/uploads\/2026\/03\/BAP2026-printemps-212x300.jpg 212w, https:\/\/maxeville.fr\/wp-content\/uploads\/2026\/03\/BAP2026-printemps-724x1024.jpg 724w, https:\/\/maxeville.fr\/wp-content\/uploads\/2026\/03\/BAP2026-printemps-768x1087.jpg 768w, https:\/\/maxeville.fr\/wp-content\/uploads\/2026\/03\/BAP2026-printemps-1086x1536.jpg 1086w, https:\/\/maxeville.fr\/wp-content\/uploads\/2026\/03\/BAP2026-printemps-973x1377.jpg 973w, https:\/\/maxeville.fr\/wp-content\/uploads\/2026\/03\/BAP2026-printemps-508x719.jpg 508w, https:\/\/maxeville.fr\/wp-content\/uploads\/2026\/03\/BAP2026-printemps-17x24.jpg 17w, https:\/\/maxeville.fr\/wp-content\/uploads\/2026\/03\/BAP2026-printemps-25x36.jpg 25w, https:\/\/maxeville.fr\/wp-content\/uploads\/2026\/03\/BAP2026-printemps-34x48.jpg 34w, https:\/\/maxeville.fr\/wp-content\/uploads\/2026\/03\/BAP2026-printemps.jpg 1200w\" sizes=\"(max-width: 212px) 100vw, 212px\" \/><strong>Rendez-vous dimanche 12 avril de 14h \u00e0 17h&nbsp; | quartier centre &#8211; parc de la Mairie<\/strong><\/p>\n<div style=\"padding-bottom:20px; padding-top:10px;\" class=\"hupso-share-buttons\"><!-- Hupso Share Buttons - https:\/\/www.hupso.com\/share\/ --><a class=\"hupso_toolbar\" href=\"https:\/\/www.hupso.com\/share\/\"><img src=\"https:\/\/static.hupso.com\/share\/buttons\/lang\/fr\/share-medium.png\" style=\"border:0px; padding-top: 5px; float:left;\" alt=\"Share Button\"\/><\/a><script type=\"text\/javascript\">var hupso_services_t=new Array();var hupso_background_t=\"#EAF4FF\";var hupso_border_t=\"#66CCFF\";var hupso_toolbar_size_t=\"medium\";var hupso_image_folder_url = \"\";var hupso_url_t=\"\";var hupso_title_t=\"Bourse%20aux%20plantes\";<\/script><script type=\"text\/javascript\" src=\"https:\/\/static.hupso.com\/share\/js\/share_toolbar.js\"><\/script><!-- Hupso Share Buttons --><\/div>","protected":false},"excerpt":{"rendered":"<p>Un rendez-vous biannuel, au printemps et \u00e0&nbsp; l&#8217;automne, pour \u00e9changer plantes, boutures et conseils en jardinage. Rendez-vous dimanche 12 avril de 14h \u00e0 17h&nbsp; | quartier centre &#8211;&#8230;<\/p>\n","protected":false},"author":1,"featured_media":0,"parent":242,"menu_order":32,"comment_status":"closed","ping_status":"closed","template":"","meta":[],"_links":{"self":[{"href":"https:\/\/maxeville.fr\/index.php\/wp-json\/wp\/v2\/pages\/1708"}],"collection":[{"href":"https:\/\/maxeville.fr\/index.php\/wp-json\/wp\/v2\/pages"}],"about":[{"href":"https:\/\/maxeville.fr\/index.php\/wp-json\/wp\/v2\/types\/page"}],"author":[{"embeddable":true,"href":"https:\/\/maxeville.fr\/index.php\/wp-json\/wp\/v2\/users\/1"}],"replies":[{"embeddable":true,"href":"https:\/\/maxeville.fr\/index.php\/wp-json\/wp\/v2\/comments?post=1708"}],"version-history":[{"count":30,"href":"https:\/\/maxeville.fr\/index.php\/wp-json\/wp\/v2\/pages\/1708\/revisions"}],"predecessor-version":[{"id":19237,"href":"https:\/\/maxeville.fr\/index.php\/wp-json\/wp\/v2\/pages\/1708\/revisions\/19237"}],"up":[{"embeddable":true,"href":"https:\/\/maxeville.fr\/index.php\/wp-json\/wp\/v2\/pages\/242"}],"wp:attachment":[{"href":"https:\/\/maxeville.fr\/index.php\/wp-json\/wp\/v2\/media?parent=1708"}],"curies":[{"name":"wp","href":"https:\/\/api.w.org\/{rel}","templated":true}]}}